{"id":5625,"date":"2025-08-14T18:00:02","date_gmt":"2025-08-14T10:00:02","guid":{"rendered":"https:\/\/theperfumebottles.com\/?post_type=product&#038;p=5625"},"modified":"2025-08-25T17:58:23","modified_gmt":"2025-08-25T09:58:23","slug":"wholesale-flat-square-amber-bottles-with-dropper","status":"publish","type":"product","link":"https:\/\/theperfumebottles.com\/es\/product\/wholesale-flat-square-amber-bottles-with-dropper\/","title":{"rendered":"Frascos cuadrados planos \u00e1mbar de 30 ml al por mayor con gotero"},"content":{"rendered":"<p><span class=\"diff-highlight\">Son<\/span> <span class=\"diff-highlight\">t\u00fa<\/span> <span class=\"diff-highlight\">mirando<\/span> para un estilo elegante y <span class=\"diff-highlight\">funcional<\/span> forma de almacenar sus aceites esenciales o <span class=\"diff-highlight\">suero<\/span>Nuestras botellas \u00e1mbar con gotero son perfectas. <span class=\"diff-highlight\">para<\/span> <span class=\"diff-highlight\">t\u00fa<\/span><span class=\"diff-highlight\">!<\/span> <span class=\"diff-highlight\">Hecho<\/span> de vidrio de calidad, <span class=\"diff-highlight\">nuestro<\/span> <span class=\"diff-highlight\">\u00e1mbar<\/span> <span class=\"diff-highlight\">botellas<\/span> <span class=\"diff-highlight\">prevenir<\/span> <span class=\"diff-highlight\">el<\/span> <span class=\"diff-highlight\">fuga<\/span> <span class=\"diff-highlight\">de<\/span> <span class=\"diff-highlight\">da\u00f1ino<\/span> <span class=\"diff-highlight\">UV<\/span> <span class=\"diff-highlight\">rayos<\/span><span class=\"diff-highlight\">.<\/span> <span class=\"diff-highlight\">Adem\u00e1s<\/span>, <span class=\"diff-highlight\">con<\/span> <span class=\"diff-highlight\">el<\/span> <span class=\"diff-highlight\">cuentagotas<\/span><span class=\"diff-highlight\">,<\/span> <span class=\"diff-highlight\">t\u00fa<\/span> <span class=\"diff-highlight\">poder<\/span> <span class=\"diff-highlight\">dispensar<\/span> el <span class=\"diff-highlight\">perfecto<\/span> cantidad cada vez.<\/p>\n<h2>Especificaciones clave<\/h2>\n<table style=\"border-collapse: collapse;margin-left: auto;margin-right: auto;width: 80%\" border=\"0\" width=\"537\" cellspacing=\"0\" cellpadding=\"0\">\n<tbody>\n<tr style=\"height: 13.50pt\">\n<td style=\"height: 13.50pt;width: 111.00pt\" width=\"148\" height=\"18\">Caracter\u00edstica<\/td>\n<td style=\"width: 291.75pt\" width=\"389\">Detalles<\/td>\n<\/tr>\n<tr style=\"height: 13.50pt\">\n<td style=\"height: 13.50pt\" height=\"18\">Tallas disponibles<\/td>\n<td>30 ml<\/td>\n<\/tr>\n<tr style=\"height: 13.50pt\">\n<td style=\"height: 13.50pt\" height=\"18\">Material<\/td>\n<td>Vidrio de alta calidad<\/td>\n<\/tr>\n<tr style=\"height: 13.50pt\">\n<td style=\"height: 13.50pt\" height=\"18\">Color<\/td>\n<td>Est\u00e1ndar transparente, \u00e1mbar, rosa (opciones de colores personalizados disponibles)<\/td>\n<\/tr>\n<tr style=\"height: 13.50pt\">\n<td style=\"height: 13.50pt\" height=\"18\">Finalizar<\/td>\n<td>Transparente o escarchado (a petici\u00f3n)<\/td>\n<\/tr>\n<tr style=\"height: 13.50pt\">\n<td style=\"height: 13.50pt\" height=\"18\">Caso de uso<\/td>\n<td>Tinturas, aceites esenciales, sueros.<\/td>\n<\/tr>\n<\/tbody>\n<\/table>\n<h2>Victoria en el mundo real: de una marca desordenada a una clara<\/h2>\n<p>Una marca natural cambi\u00f3 sus botellas de vidrio transparente por frascos \u00e1mbar con gotero de 30 ml para sus tinturas herbales. El vidrio \u00e1mbar solucion\u00f3 los problemas de exposici\u00f3n a la luz, manteniendo la f\u00f3rmula fresca por m\u00e1s tiempo. Adem\u00e1s, los clientes encontraron los frascos \u00e1mbar con gotero m\u00e1s confiables, con el anillo dorado que les da un tacto premium y los lados planos que facilitan el agarre y el etiquetado.<\/p>\n<h2>Consejos inteligentes para personalizar tu pedido<\/h2>\n<p>\u00bfQuieres que tu marca destaque? Prueba estas ideas:<\/p>\n<ul>\n<li>Utilice el acabado esmerilado en vidrio \u00e1mbar para lograr una apariencia m\u00e1s suave y org\u00e1nica, ideal para una belleza limpia o l\u00edneas ecol\u00f3gicas.<\/li>\n<li>Cambia el anillo dorado por uno negro mate o plata cepillada para combinar con el estilo de tu marca.<\/li>\n<li>Paquete de varias botellas \u00e1mbar con gotero en una caja de marca. Ideal para socios mayoristas o para sets de regalo.<\/li>\n<\/ul>\n<p>Desde startups mayoristas hasta grandes distribuidores, estas botellas de vidrio \u00e1mbar se adaptan a sus necesidades. Son compatibles con peque\u00f1as pruebas y grandes pedidos al por mayor, sin sacrificar la alta calidad.<\/p>","protected":false},"excerpt":{"rendered":"<p>Botellas \u00e1mbar con gotero para aceites esenciales, sueros y cosm\u00e9ticos. Vidrio resistente y personalizable, ideal para pedidos al por mayor.<\/p>","protected":false},"featured_media":5641,"comment_status":"closed","ping_status":"closed","template":"","meta":{"_acf_changed":false,"site-sidebar-layout":"default","site-content-layout":"","ast-site-content-layout":"default","site-content-style":"default","site-sidebar-style":"default","ast-global-header-display":"","ast-banner-title-visibility":"","ast-main-header-display":"","ast-hfb-above-header-display":"","ast-hfb-below-header-display":"","ast-hfb-mobile-header-display":"","site-post-title":"","ast-breadcrumbs-content":"","ast-featured-img":"","footer-sml-layout":"","ast-disable-related-posts":"","theme-transparent-header-meta":"default","adv-header-id-meta":"","stick-header-meta":"","header-above-stick-meta":"","header-main-stick-meta":"","header-below-stick-meta":"","astra-migrate-meta-layouts":"set","ast-page-background-enabled":"default","ast-page-background-meta":{"desktop":{"background-color":"var(--ast-global-color-5)","background-image":"","background-repeat":"repeat","background-position":"center center","background-size":"auto","background-attachment":"scroll","background-type":"","background-media":"","overlay-type":"","overlay-color":"","overlay-opacity":"","overlay-gradient":""},"tablet":{"background-color":"","background-image":"","background-repeat":"repeat","background-position":"center center","background-size":"auto","background-attachment":"scroll","background-type":"","background-media":"","overlay-type":"","overlay-color":"","overlay-opacity":"","overlay-gradient":""},"mobile":{"background-color":"","background-image":"","background-repeat":"repeat","background-position":"center center","background-size":"auto","background-attachment":"scroll","background-type":"","background-media":"","overlay-type":"","overlay-color":"","overlay-opacity":"","overlay-gradient":""}},"ast-content-background-meta":{"desktop":{"background-color":"var(--ast-global-color-4)","background-image":"","background-repeat":"repeat","background-position":"center center","background-size":"auto","background-attachment":"scroll","background-type":"","background-media":"","overlay-type":"","overlay-color":"","overlay-opacity":"","overlay-gradient":""},"tablet":{"background-color":"var(--ast-global-color-4)","background-image":"","background-repeat":"repeat","background-position":"center center","background-size":"auto","background-attachment":"scroll","background-type":"","background-media":"","overlay-type":"","overlay-color":"","overlay-opacity":"","overlay-gradient":""},"mobile":{"background-color":"var(--ast-global-color-4)","background-image":"","background-repeat":"repeat","background-position":"center center","background-size":"auto","background-attachment":"scroll","background-type":"","background-media":"","overlay-type":"","overlay-color":"","overlay-opacity":"","overlay-gradient":""}}},"product_brand":[],"product_cat":[62,72,57,59],"product_tag":[190,204],"class_list":{"0":"post-5625","1":"product","2":"type-product","3":"status-publish","4":"has-post-thumbnail","6":"product_cat-cosmetic-containers","7":"product_cat-cosmetic-packaging","8":"product_cat-essential-oil-bottles","9":"product_cat-glass-dropper-bottles","10":"product_tag-cosmetic-pots-with-lids","11":"product_tag-frosted-cosmetic-jars","12":"desktop-align-left","13":"tablet-align-left","14":"mobile-align-left","16":"first","17":"instock","18":"shipping-taxable","19":"product-type-simple"},"acf":[],"jetpack_sharing_enabled":true,"_links":{"self":[{"href":"https:\/\/theperfumebottles.com\/es\/wp-json\/wp\/v2\/product\/5625","targetHints":{"allow":["GET"]}}],"collection":[{"href":"https:\/\/theperfumebottles.com\/es\/wp-json\/wp\/v2\/product"}],"about":[{"href":"https:\/\/theperfumebottles.com\/es\/wp-json\/wp\/v2\/types\/product"}],"replies":[{"embeddable":true,"href":"https:\/\/theperfumebottles.com\/es\/wp-json\/wp\/v2\/comments?post=5625"}],"wp:featuredmedia":[{"embeddable":true,"href":"https:\/\/theperfumebottles.com\/es\/wp-json\/wp\/v2\/media\/5641"}],"wp:attachment":[{"href":"https:\/\/theperfumebottles.com\/es\/wp-json\/wp\/v2\/media?parent=5625"}],"wp:term":[{"taxonomy":"product_brand","embeddable":true,"href":"https:\/\/theperfumebottles.com\/es\/wp-json\/wp\/v2\/product_brand?post=5625"},{"taxonomy":"product_cat","embeddable":true,"href":"https:\/\/theperfumebottles.com\/es\/wp-json\/wp\/v2\/product_cat?post=5625"},{"taxonomy":"product_tag","embeddable":true,"href":"https:\/\/theperfumebottles.com\/es\/wp-json\/wp\/v2\/product_tag?post=5625"}],"curies":[{"name":"wp","href":"https:\/\/api.w.org\/{rel}","templated":true}]}}