{"id":6177,"date":"2025-09-08T14:09:26","date_gmt":"2025-09-08T06:09:26","guid":{"rendered":"https:\/\/theperfumebottles.com\/?post_type=product&#038;p=6177"},"modified":"2025-09-08T14:09:29","modified_gmt":"2025-09-08T06:09:29","slug":"vintage-scent-bottle-10ml-antique-small-perfume-bottles","status":"publish","type":"product","link":"https:\/\/theperfumebottles.com\/es\/product\/vintage-scent-bottle-10ml-antique-small-perfume-bottles\/","title":{"rendered":"Frasco de perfume vintage de 10 ml: frascos de perfume antiguos peque\u00f1os"},"content":{"rendered":"<p>Este frasco de fragancia vintage es m\u00e1s que un simple envase: es una pieza que marca la diferencia. Con su silueta inspirada en la manzana, su marco dorado y su grabado floral, el dise\u00f1o une el arte del perfume cl\u00e1sico con el moderno. El frasco de perfume de vidrio contiene una atm\u00f3sfera de bulbo de escarcha dorado, envuelto en una trenza brillante y un tap\u00f3n transparente que completa su dise\u00f1o. Con 10 ml, es perfecto para una colecci\u00f3n, un perfume de lujo o para una l\u00ednea de fragancias de viaje.<\/p>\n<figure id=\"attachment_6178\" aria-describedby=\"caption-attachment-6178\" style=\"width: 500px\" class=\"wp-caption aligncenter\"><img fetchpriority=\"high\" decoding=\"async\" class=\"wp-image-6178\" src=\"https:\/\/theperfumebottles.com\/wp-content\/uploads\/2025\/09\/antique-small-perfume-bottles-1.webp\" alt=\"peque\u00f1os frascos de perfume antiguos\" width=\"500\" height=\"500\" srcset=\"https:\/\/theperfumebottles.com\/wp-content\/uploads\/2025\/09\/antique-small-perfume-bottles-1.webp 1000w, https:\/\/theperfumebottles.com\/wp-content\/uploads\/2025\/09\/antique-small-perfume-bottles-1-300x300.webp 300w, https:\/\/theperfumebottles.com\/wp-content\/uploads\/2025\/09\/antique-small-perfume-bottles-1-150x150.webp 150w, https:\/\/theperfumebottles.com\/wp-content\/uploads\/2025\/09\/antique-small-perfume-bottles-1-768x768.webp 768w, https:\/\/theperfumebottles.com\/wp-content\/uploads\/2025\/09\/antique-small-perfume-bottles-1-12x12.webp 12w, https:\/\/theperfumebottles.com\/wp-content\/uploads\/2025\/09\/antique-small-perfume-bottles-1-600x600.webp 600w, https:\/\/theperfumebottles.com\/wp-content\/uploads\/2025\/09\/antique-small-perfume-bottles-1-100x100.webp 100w\" sizes=\"(max-width: 500px) 100vw, 500px\" \/><figcaption id=\"caption-attachment-6178\" class=\"wp-caption-text\">peque\u00f1os frascos de perfume antiguos<\/figcaption><\/figure>\n<p>Si tiene una marca o es un cliente comercial, no solo necesita botellas de vidrio, sino tambi\u00e9n un empaque que cuente su historia. Como fabricante profesional, le ayudamos a crear botellas personalizadas, elegir colores \u00fanicos y dise\u00f1ar tapones o atomizadores que se adapten a su concepto de fragancia. Ya sea que necesite una muestra individual para probar o un pedido al por mayor, disponemos de opciones flexibles con env\u00edos confiables a todo el mundo.<\/p>\n<h2>Presupuesto<\/h2>\n<table style=\"border-collapse: collapse; width: 361.52pt;\" border=\"0\" width=\"482\" cellspacing=\"0\" cellpadding=\"0\">\n<tbody>\n<tr style=\"height: 13.50pt;\">\n<td style=\"height: 13.50pt; width: 89.25pt;\" width=\"119\" height=\"18\">Capacidad<\/td>\n<td style=\"width: 272.25pt;\" width=\"363\">10 ml<\/td>\n<\/tr>\n<tr style=\"height: 13.50pt;\">\n<td style=\"height: 13.50pt;\" height=\"18\">Forma<\/td>\n<td>Irregular inspirado en Apple<\/td>\n<\/tr>\n<tr style=\"height: 13.50pt;\">\n<td style=\"height: 13.50pt;\" height=\"18\">Estilo<\/td>\n<td>Vintage \/ Antig\u00fcedad<\/td>\n<\/tr>\n<tr style=\"height: 13.50pt;\">\n<td style=\"height: 13.50pt;\" height=\"18\">Material<\/td>\n<td>Cristal + aluminio galvanizado<\/td>\n<\/tr>\n<tr style=\"height: 13.50pt;\">\n<td style=\"height: 13.50pt;\" height=\"18\">Finalizar<\/td>\n<td>Tratamiento de superficie personalizable<\/td>\n<\/tr>\n<tr style=\"height: 13.50pt;\">\n<td style=\"height: 13.50pt;\" height=\"18\">Cuello de botella<\/td>\n<td>Tornillo<\/td>\n<\/tr>\n<tr style=\"height: 13.50pt;\">\n<td style=\"height: 13.50pt;\" height=\"18\">Tapa<\/td>\n<td>Atomizador de pera dorada + bomba<\/td>\n<\/tr>\n<tr style=\"height: 13.50pt;\">\n<td style=\"height: 13.50pt;\" height=\"18\">Tama\u00f1o<\/td>\n<td>40 mm \u00d7 71 mm \/ 40 mm \u00d7 83 mm<\/td>\n<\/tr>\n<tr style=\"height: 13.50pt;\">\n<td style=\"height: 13.50pt;\" height=\"18\">Color<\/td>\n<td>Oro (opciones personalizadas disponibles)<\/td>\n<\/tr>\n<tr style=\"height: 13.50pt;\">\n<td style=\"height: 13.50pt;\" height=\"18\">Embalaje<\/td>\n<td>Embalaje de botella de perfume personalizado disponible<\/td>\n<\/tr>\n<\/tbody>\n<\/table>\n<h2>Caso de \u00e9xito<\/h2>\n<p>Una empresa europea de fragancias buscaba frascos innovadores con un aspecto \u00fanico, como el de su artesano. Eligieron nuestros peque\u00f1os frascos de perfume antiguos con bulbos prensados \u200b\u200bde color rojo oscuro y tap\u00f3n dorado mate. El elegante dise\u00f1o convirti\u00f3 su colecci\u00f3n de lanzamiento en un tema de conversaci\u00f3n entre las boutiques. Durante el primer trimestre, cerraron cuentas con varias tiendas de alta gama nacionales e internacionales, y sus pedidos al por mayor se duplicaron r\u00e1pidamente.<\/p>\n<h2>Consejos de adaptaci\u00f3n<\/h2>\n<p>Al crear una fragancia, el envase del perfume debe reflejar su personalidad. Si su fragancia es ligera y floral, elija un color pastel con un tap\u00f3n transparente. Para notas amaderadas y atrevidas, opte por bulbos profundos y un acabado met\u00e1lico. No dude en pedir una muestra primero; la prueba le ayudar\u00e1 a encontrar la opci\u00f3n ideal antes de comprometerse con la producci\u00f3n en masa. Con opciones de personalizaci\u00f3n flexibles, tiene todo lo necesario para dise\u00f1ar un envase que se sienta lujoso y personal.<\/p>","protected":false},"excerpt":{"rendered":"<p>Explora frascos de perfume antiguos peque\u00f1os de 10 ml. Elegantes frascos vintage con atomizador, empaque personalizado y pedidos al por mayor y al por mayor.<\/p>","protected":false},"featured_media":6182,"comment_status":"closed","ping_status":"closed","template":"","meta":{"_acf_changed":false,"site-sidebar-layout":"default","site-content-layout":"","ast-site-content-layout":"default","site-content-style":"default","site-sidebar-style":"default","ast-global-header-display":"","ast-banner-title-visibility":"","ast-main-header-display":"","ast-hfb-above-header-display":"","ast-hfb-below-header-display":"","ast-hfb-mobile-header-display":"","site-post-title":"","ast-breadcrumbs-content":"","ast-featured-img":"","footer-sml-layout":"","ast-disable-related-posts":"","theme-transparent-header-meta":"default","adv-header-id-meta":"","stick-header-meta":"","header-above-stick-meta":"","header-main-stick-meta":"","header-below-stick-meta":"","astra-migrate-meta-layouts":"set","ast-page-background-enabled":"default","ast-page-background-meta":{"desktop":{"background-color":"var(--ast-global-color-5)","background-image":"","background-repeat":"repeat","background-position":"center center","background-size":"auto","background-attachment":"scroll","background-type":"","background-media":"","overlay-type":"","overlay-color":"","overlay-opacity":"","overlay-gradient":""},"tablet":{"background-color":"","background-image":"","background-repeat":"repeat","background-position":"center center","background-size":"auto","background-attachment":"scroll","background-type":"","background-media":"","overlay-type":"","overlay-color":"","overlay-opacity":"","overlay-gradient":""},"mobile":{"background-color":"","background-image":"","background-repeat":"repeat","background-position":"center center","background-size":"auto","background-attachment":"scroll","background-type":"","background-media":"","overlay-type":"","overlay-color":"","overlay-opacity":"","overlay-gradient":""}},"ast-content-background-meta":{"desktop":{"background-color":"var(--ast-global-color-4)","background-image":"","background-repeat":"repeat","background-position":"center center","background-size":"auto","background-attachment":"scroll","background-type":"","background-media":"","overlay-type":"","overlay-color":"","overlay-opacity":"","overlay-gradient":""},"tablet":{"background-color":"var(--ast-global-color-4)","background-image":"","background-repeat":"repeat","background-position":"center center","background-size":"auto","background-attachment":"scroll","background-type":"","background-media":"","overlay-type":"","overlay-color":"","overlay-opacity":"","overlay-gradient":""},"mobile":{"background-color":"var(--ast-global-color-4)","background-image":"","background-repeat":"repeat","background-position":"center center","background-size":"auto","background-attachment":"scroll","background-type":"","background-media":"","overlay-type":"","overlay-color":"","overlay-opacity":"","overlay-gradient":""}}},"product_brand":[],"product_cat":[72,41,73],"product_tag":[],"class_list":{"0":"post-6177","1":"product","2":"type-product","3":"status-publish","4":"has-post-thumbnail","6":"product_cat-cosmetic-packaging","7":"product_cat-perfume-bottles","8":"product_cat-vintage-perfume-bottles","9":"desktop-align-left","10":"tablet-align-left","11":"mobile-align-left","13":"first","14":"instock","15":"shipping-taxable","16":"product-type-simple"},"acf":[],"jetpack_sharing_enabled":true,"_links":{"self":[{"href":"https:\/\/theperfumebottles.com\/es\/wp-json\/wp\/v2\/product\/6177","targetHints":{"allow":["GET"]}}],"collection":[{"href":"https:\/\/theperfumebottles.com\/es\/wp-json\/wp\/v2\/product"}],"about":[{"href":"https:\/\/theperfumebottles.com\/es\/wp-json\/wp\/v2\/types\/product"}],"replies":[{"embeddable":true,"href":"https:\/\/theperfumebottles.com\/es\/wp-json\/wp\/v2\/comments?post=6177"}],"wp:featuredmedia":[{"embeddable":true,"href":"https:\/\/theperfumebottles.com\/es\/wp-json\/wp\/v2\/media\/6182"}],"wp:attachment":[{"href":"https:\/\/theperfumebottles.com\/es\/wp-json\/wp\/v2\/media?parent=6177"}],"wp:term":[{"taxonomy":"product_brand","embeddable":true,"href":"https:\/\/theperfumebottles.com\/es\/wp-json\/wp\/v2\/product_brand?post=6177"},{"taxonomy":"product_cat","embeddable":true,"href":"https:\/\/theperfumebottles.com\/es\/wp-json\/wp\/v2\/product_cat?post=6177"},{"taxonomy":"product_tag","embeddable":true,"href":"https:\/\/theperfumebottles.com\/es\/wp-json\/wp\/v2\/product_tag?post=6177"}],"curies":[{"name":"wp","href":"https:\/\/api.w.org\/{rel}","templated":true}]}}