{"id":6224,"date":"2025-09-09T15:18:04","date_gmt":"2025-09-09T07:18:04","guid":{"rendered":"https:\/\/theperfumebottles.com\/?post_type=product&#038;p=6224"},"modified":"2025-09-12T18:31:49","modified_gmt":"2025-09-12T10:31:49","slug":"bulk-white-pink-gradient-cosmetic-container-set-with-gold-trim","status":"publish","type":"product","link":"https:\/\/theperfumebottles.com\/es\/product\/bulk-white-pink-gradient-cosmetic-container-set-with-gold-trim\/","title":{"rendered":"Juego de contenedores para cosm\u00e9ticos en degradado blanco y rosa con detalles dorados"},"content":{"rendered":"<p>Nuestros sets de envases vac\u00edos para cosm\u00e9ticos est\u00e1n dise\u00f1ados para ofrecer elegancia y funcionalidad. Este exquisito set de envases para cosm\u00e9ticos presenta un elegante efecto ombr\u00e9 de blanco a rosa en cada frasco, acentuado por delicadas l\u00edneas doradas que evocan una sensaci\u00f3n de lujo. Este set de envases de vidrio incluye frascos de crema y botellas dosificadoras de diferentes tama\u00f1os.<\/p>\n<h2>Especificaciones clave<\/h2>\n<table style=\"border-collapse: collapse;margin-left: auto;margin-right: auto;width: 504.02pt\" border=\"0\" width=\"672\" cellspacing=\"0\" cellpadding=\"0\">\n<tbody>\n<tr style=\"height: 13.50pt\">\n<td class=\"et3\" style=\"height: 13.50pt;width: 121.50pt\" width=\"162\" height=\"18\"><strong>Capacidad (ml)<\/strong><\/td>\n<td class=\"et3\" style=\"width: 76.50pt\" width=\"102\"><strong>30<\/strong><\/td>\n<td class=\"et3\" style=\"width: 76.50pt\" width=\"102\"><strong>50<\/strong><\/td>\n<td class=\"et3\" style=\"width: 76.50pt\" width=\"102\"><strong>45<\/strong><\/td>\n<td class=\"et3\" style=\"width: 76.50pt\" width=\"102\"><strong>105<\/strong><\/td>\n<td class=\"et3\" style=\"width: 76.50pt\" width=\"102\"><strong>125<\/strong><\/td>\n<\/tr>\n<tr style=\"height: 13.50pt\">\n<td class=\"et2\" style=\"height: 13.50pt\" height=\"18\">Di\u00e1metro del cuello (mm)<\/td>\n<td class=\"et2\">51<\/td>\n<td class=\"et2\">51<\/td>\n<td class=\"et2\">20<\/td>\n<td class=\"et2\">20<\/td>\n<td class=\"et2\">20<\/td>\n<\/tr>\n<tr style=\"height: 13.50pt\">\n<td class=\"et2\" style=\"height: 13.50pt\" height=\"18\">Di\u00e1metro (mm)<\/td>\n<td class=\"et2\">63<\/td>\n<td class=\"et2\">63<\/td>\n<td class=\"et2\">45\u00d735<\/td>\n<td class=\"et2\">55\u00d742<\/td>\n<td class=\"et2\">57\u00d742<\/td>\n<\/tr>\n<tr style=\"height: 13.50pt\">\n<td class=\"et2\" style=\"height: 13.50pt\" height=\"18\">Altura de la botella (mm)<\/td>\n<td class=\"et2\">34<\/td>\n<td class=\"et2\">44<\/td>\n<td class=\"et2\">92<\/td>\n<td class=\"et2\">131<\/td>\n<td class=\"et2\">142<\/td>\n<\/tr>\n<tr style=\"height: 13.50pt\">\n<td class=\"et2\" style=\"height: 13.50pt\" height=\"18\">Altura total (mm)<\/td>\n<td class=\"et2\">50<\/td>\n<td class=\"et2\">60<\/td>\n<td class=\"et2\">127<\/td>\n<td class=\"et2\">167<\/td>\n<td class=\"et2\">177<\/td>\n<\/tr>\n<tr style=\"height: 13.50pt\">\n<td class=\"et2\" style=\"height: 13.50pt\" height=\"18\">Material<\/td>\n<td class=\"et2\" colspan=\"5\">cristal<\/td>\n<\/tr>\n<tr style=\"height: 13.50pt\">\n<td class=\"et2\" style=\"height: 13.50pt\" height=\"18\">Opciones personalizadas<\/td>\n<td class=\"et2\" colspan=\"5\">Tratamiento de superficie, color, tama\u00f1o, forma, cubierta, accesorios.<\/td>\n<\/tr>\n<tr style=\"height: 13.50pt\">\n<td class=\"et2\" style=\"height: 13.50pt\" height=\"18\">Ideal para<\/td>\n<td class=\"et2\" colspan=\"5\">Sets de cuidado de la piel, sueros, humectantes, limpiadores.<\/td>\n<\/tr>\n<\/tbody>\n<\/table>\n<h2>C\u00f3mo una marca duplic\u00f3 su posicionamiento en tiendas minoristas<\/h2>\n<p>Una startup de belleza lanzaba una rutina de tres productos: s\u00e9rum limpiador y crema hidratante. Necesitaban un envase cosm\u00e9tico de alta gama, pero asequible. Eligieron este envase de vidrio por su dise\u00f1o limpio y su personalizaci\u00f3n. En lugar de usar diferentes botellas, mantuvieron el mismo dise\u00f1o de 125 ml para los tres productos. Solo cambiaron el color del tap\u00f3n y la etiqueta. \u00bfEl resultado? Una imagen unificada que transmit\u00eda lujo. Los compradores de una tienda de belleza regional lo notaron de inmediato. &#034;Parece algo que ver\u00edas en un spa de lujo&#034;, coment\u00f3 uno. Consiguieron un piloto de 12 tiendas. Seis meses despu\u00e9s, expandieron a 48.<\/p>\n<h2>Personaliza el set de envases de cosm\u00e9ticos (no la etiqueta)<\/h2>\n<ul>\n<li>Agregue un revestimiento suave al tacto: brinda una sensaci\u00f3n aterciopelada que dice &#034;premium&#034; en el momento en que alguien lo toma.<\/li>\n<li>Utilice un tinte protector contra los rayos UV: el vidrio \u00e1mbar o azul mantiene los sueros sensibles a la luz estables durante m\u00e1s tiempo.<\/li>\n<li>Pruebe con un hombro curvo: suaviza el aspecto y mejora el flujo de l\u00edquido cuando se inserta.<\/li>\n<li>Opte por un acabado mate: oculta las huellas dactilares y aporta un aire moderno y minimalista.<\/li>\n<li>L\u00e1ser- Completa su logotipo- deja una marca sutil y permanente que da una sensaci\u00f3n de exclusividad.<\/li>\n<\/ul>\n<p>No son solo peque\u00f1os retoques. Transforman un envase de vidrio est\u00e1ndar para cosm\u00e9ticos en una pieza distintiva de tu marca.<\/p>","protected":false},"excerpt":{"rendered":"<p>Hermosos sets de envases para cosm\u00e9ticos con vidrio degradado y detalles dorados. Set de envases para cosm\u00e9ticos al por mayor que combina funcionalidad, lujo y estilo.<\/p>","protected":false},"featured_media":6226,"comment_status":"closed","ping_status":"closed","template":"","meta":{"_acf_changed":false,"site-sidebar-layout":"default","site-content-layout":"","ast-site-content-layout":"default","site-content-style":"default","site-sidebar-style":"default","ast-global-header-display":"","ast-banner-title-visibility":"","ast-main-header-display":"","ast-hfb-above-header-display":"","ast-hfb-below-header-display":"","ast-hfb-mobile-header-display":"","site-post-title":"","ast-breadcrumbs-content":"","ast-featured-img":"","footer-sml-layout":"","ast-disable-related-posts":"","theme-transparent-header-meta":"default","adv-header-id-meta":"","stick-header-meta":"","header-above-stick-meta":"","header-main-stick-meta":"","header-below-stick-meta":"","astra-migrate-meta-layouts":"set","ast-page-background-enabled":"default","ast-page-background-meta":{"desktop":{"background-color":"var(--ast-global-color-5)","background-image":"","background-repeat":"repeat","background-position":"center center","background-size":"auto","background-attachment":"scroll","background-type":"","background-media":"","overlay-type":"","overlay-color":"","overlay-opacity":"","overlay-gradient":""},"tablet":{"background-color":"","background-image":"","background-repeat":"repeat","background-position":"center center","background-size":"auto","background-attachment":"scroll","background-type":"","background-media":"","overlay-type":"","overlay-color":"","overlay-opacity":"","overlay-gradient":""},"mobile":{"background-color":"","background-image":"","background-repeat":"repeat","background-position":"center center","background-size":"auto","background-attachment":"scroll","background-type":"","background-media":"","overlay-type":"","overlay-color":"","overlay-opacity":"","overlay-gradient":""}},"ast-content-background-meta":{"desktop":{"background-color":"var(--ast-global-color-4)","background-image":"","background-repeat":"repeat","background-position":"center center","background-size":"auto","background-attachment":"scroll","background-type":"","background-media":"","overlay-type":"","overlay-color":"","overlay-opacity":"","overlay-gradient":""},"tablet":{"background-color":"var(--ast-global-color-4)","background-image":"","background-repeat":"repeat","background-position":"center center","background-size":"auto","background-attachment":"scroll","background-type":"","background-media":"","overlay-type":"","overlay-color":"","overlay-opacity":"","overlay-gradient":""},"mobile":{"background-color":"var(--ast-global-color-4)","background-image":"","background-repeat":"repeat","background-position":"center center","background-size":"auto","background-attachment":"scroll","background-type":"","background-media":"","overlay-type":"","overlay-color":"","overlay-opacity":"","overlay-gradient":""}}},"product_brand":[],"product_cat":[72,236,62],"product_tag":[226,220],"class_list":{"0":"post-6224","1":"product","2":"type-product","3":"status-publish","4":"has-post-thumbnail","6":"product_cat-cosmetic-packaging","7":"product_cat-cosmetic-container-set","8":"product_cat-cosmetic-containers","9":"product_tag-clear-glass-roller-bottles","10":"product_tag-glass-roll-on-bottles","11":"desktop-align-left","12":"tablet-align-left","13":"mobile-align-left","15":"first","16":"instock","17":"shipping-taxable","18":"product-type-simple"},"acf":[],"jetpack_sharing_enabled":true,"_links":{"self":[{"href":"https:\/\/theperfumebottles.com\/es\/wp-json\/wp\/v2\/product\/6224","targetHints":{"allow":["GET"]}}],"collection":[{"href":"https:\/\/theperfumebottles.com\/es\/wp-json\/wp\/v2\/product"}],"about":[{"href":"https:\/\/theperfumebottles.com\/es\/wp-json\/wp\/v2\/types\/product"}],"replies":[{"embeddable":true,"href":"https:\/\/theperfumebottles.com\/es\/wp-json\/wp\/v2\/comments?post=6224"}],"wp:featuredmedia":[{"embeddable":true,"href":"https:\/\/theperfumebottles.com\/es\/wp-json\/wp\/v2\/media\/6226"}],"wp:attachment":[{"href":"https:\/\/theperfumebottles.com\/es\/wp-json\/wp\/v2\/media?parent=6224"}],"wp:term":[{"taxonomy":"product_brand","embeddable":true,"href":"https:\/\/theperfumebottles.com\/es\/wp-json\/wp\/v2\/product_brand?post=6224"},{"taxonomy":"product_cat","embeddable":true,"href":"https:\/\/theperfumebottles.com\/es\/wp-json\/wp\/v2\/product_cat?post=6224"},{"taxonomy":"product_tag","embeddable":true,"href":"https:\/\/theperfumebottles.com\/es\/wp-json\/wp\/v2\/product_tag?post=6224"}],"curies":[{"name":"wp","href":"https:\/\/api.w.org\/{rel}","templated":true}]}}