{"id":6374,"date":"2025-09-15T18:04:21","date_gmt":"2025-09-15T10:04:21","guid":{"rendered":"https:\/\/theperfumebottles.com\/?post_type=product&#038;p=6374"},"modified":"2026-03-26T14:54:19","modified_gmt":"2026-03-26T06:54:19","slug":"cosmetic-glass-containers-with-gold-trim-design-bulk","status":"publish","type":"product","link":"https:\/\/theperfumebottles.com\/es\/product\/cosmetic-glass-containers-with-gold-trim-design-bulk\/","title":{"rendered":"Envases de vidrio para cosm\u00e9ticos de 30 ml a 130 ml con detalles dorados (venta al por mayor)"},"content":{"rendered":"<p>Cada producto de este juego de envases de vidrio para cosm\u00e9ticos presenta una llamativa base triangular: robusta, estable y que atrae todas las miradas. Los frascos de un blanco impoluto contrastan con los detalles dorados en la tapa y el centro, aportando a cada frasco un toque de distinci\u00f3n. El juego incluye tarros para cremas y frascos con dosificador en varios tama\u00f1os.<\/p>\n<h2>Especificaciones clave<\/h2>\n<table style=\"border-collapse: collapse; margin-left: auto; margin-right: auto; width: 504.02pt;\" border=\"0\" width=\"672\" cellspacing=\"0\" cellpadding=\"0\">\n<tbody>\n<tr style=\"height: 13.50pt;\">\n<td class=\"et3\" style=\"height: 13.5pt; width: 121.5pt; text-align: center;\" width=\"162\" height=\"18\"><strong>Capacidad (ml)<\/strong><\/td>\n<td class=\"et3\" style=\"width: 76.5pt; text-align: center;\" width=\"102\"><strong>30<\/strong><\/td>\n<td class=\"et3\" style=\"width: 76.5pt; text-align: center;\" width=\"102\"><strong>45<\/strong><\/td>\n<td class=\"et3\" style=\"width: 76.5pt; text-align: center;\" width=\"102\"><strong>50<\/strong><\/td>\n<td class=\"et3\" style=\"width: 76.5pt; text-align: center;\" width=\"102\"><strong>110<\/strong><\/td>\n<td class=\"et3\" style=\"width: 76.5pt; text-align: center;\" width=\"102\"><strong>130<\/strong><\/td>\n<\/tr>\n<tr style=\"height: 13.50pt;\">\n<td class=\"et2\" style=\"height: 13.5pt; text-align: center;\" height=\"18\">Di\u00e1metro del cuello (mm)<\/td>\n<td class=\"et2\" style=\"text-align: center;\">46<\/td>\n<td class=\"et2\" style=\"text-align: center;\">46<\/td>\n<td class=\"et2\" style=\"text-align: center;\">17<\/td>\n<td class=\"et2\" style=\"text-align: center;\">20<\/td>\n<td class=\"et2\" style=\"text-align: center;\">20<\/td>\n<\/tr>\n<tr style=\"height: 13.50pt;\">\n<td class=\"et2\" style=\"height: 13.5pt; text-align: center;\" height=\"18\">Di\u00e1metro (mm)<\/td>\n<td class=\"et2\" style=\"text-align: center;\">56<\/td>\n<td class=\"et2\" style=\"text-align: center;\">64<\/td>\n<td class=\"et2\" style=\"text-align: center;\">38<\/td>\n<td class=\"et2\" style=\"text-align: center;\">46<\/td>\n<td class=\"et2\" style=\"text-align: center;\">48<\/td>\n<\/tr>\n<tr style=\"height: 13.50pt;\">\n<td class=\"et2\" style=\"height: 13.5pt; text-align: center;\" height=\"18\">Altura de la botella (mm)<\/td>\n<td class=\"et2\" style=\"text-align: center;\">42<\/td>\n<td class=\"et2\" style=\"text-align: center;\">46<\/td>\n<td class=\"et2\" style=\"text-align: center;\">106<\/td>\n<td class=\"et2\" style=\"text-align: center;\">142<\/td>\n<td class=\"et2\" style=\"text-align: center;\">162<\/td>\n<\/tr>\n<tr style=\"height: 13.50pt;\">\n<td class=\"et2\" style=\"height: 13.5pt; text-align: center;\" height=\"18\">Altura total (mm)<\/td>\n<td class=\"et2\" style=\"text-align: center;\">50<\/td>\n<td class=\"et2\" style=\"text-align: center;\">60<\/td>\n<td class=\"et2\" style=\"text-align: center;\">140<\/td>\n<td class=\"et2\" style=\"text-align: center;\">182<\/td>\n<td class=\"et2\" style=\"text-align: center;\">200<\/td>\n<\/tr>\n<tr style=\"height: 13.50pt;\">\n<td class=\"et2\" style=\"height: 13.5pt; text-align: center;\" height=\"18\">Material<\/td>\n<td class=\"et2\" style=\"text-align: center;\" colspan=\"5\">Cristal<\/td>\n<\/tr>\n<tr style=\"height: 13.50pt;\">\n<td class=\"et2\" style=\"height: 13.50pt;\" height=\"18\">Opciones personalizadas<\/td>\n<td class=\"et2\" style=\"text-align: center;\" colspan=\"5\">Tratamiento de superficie, color, tama\u00f1o, forma, logotipo, accesorios<\/td>\n<\/tr>\n<tr style=\"height: 13.50pt;\">\n<td class=\"et2\" style=\"height: 13.5pt; text-align: center;\" height=\"18\">Ideal para<\/td>\n<td class=\"et2\" style=\"text-align: center;\" colspan=\"5\">Kit de cuidado facial: limpiador, agua de esencia, loci\u00f3n\/crema de esencia.<\/td>\n<\/tr>\n<\/tbody>\n<\/table>\n<h2>Caso de \u00e9xito<\/h2>\n<p>Una de las marcas de cuidado de la piel m\u00e1s exclusivas de Corea del Sur se decant\u00f3 por nuestro set de frascos de vidrio blanco y lo personaliz\u00f3 al m\u00e1ximo seg\u00fan su est\u00e9tica minimalista: un frasco blanco mate con un anillo grabado en oro champ\u00e1n mediante galvanoplastia que crea un contraste sofisticado. Incorpora un dosificador de bomba dise\u00f1ado a medida para regular la cantidad de loci\u00f3n y s\u00e9rum dispensados. Adem\u00e1s, estampamos el logotipo de la marca en las celdas mediante estampado en caliente para garantizar su durabilidad y un acabado elegante y sofisticado.<\/p>\n<p>Con la introducci\u00f3n del nuevo dise\u00f1o del empaque, las ventas aumentaron un 28 % en dos meses. El cliente qued\u00f3 muy satisfecho con la calidad del empaque y la respuesta del mercado, lo que se tradujo en un aumento de pedidos y la extensi\u00f3n de este tipo de empaque a otras l\u00edneas de cuidado de la piel.<\/p>\n<h2>Consejos de personalizaci\u00f3n<\/h2>\n<p>\u00bfQuieres personalizar este envase de vidrio para cosm\u00e9ticos?<\/p>\n<ul>\n<li>Ajuste el acabado del cuello: haga coincidir la l\u00ednea de limado existente seleccionando un tama\u00f1o de rosca espec\u00edfico.<\/li>\n<li>Cambie el color del cristal: c\u00e1mbielo por uno con mayor protecci\u00f3n UV o por uno azul cobalto.<\/li>\n<li>L\u00e1ser: a\u00f1ade una sutil sofisticaci\u00f3n de marca directamente en el cristal con el logotipo.<\/li>\n<li>Optimice el dise\u00f1o del borde del frasco: elija un borde liso o rugoso para mejorar la integridad del sellado durante el env\u00edo a granel.<\/li>\n<\/ul>\n<p>No se trata solo de Twics, sino de una mejora estrat\u00e9gica que convierte un envase est\u00e1ndar en la parte distintiva de tu marca.<\/p>","protected":false},"excerpt":{"rendered":"<p>Envases de vidrio blanco para cosm\u00e9ticos con detalles dorados. Juegos de frascos de vidrio al por mayor, ideales para cremas, s\u00e9rums y envases de cosm\u00e9ticos de lujo. Env\u00edo r\u00e1pido.<\/p>","protected":false},"featured_media":6380,"comment_status":"closed","ping_status":"closed","template":"","meta":{"_acf_changed":false,"site-sidebar-layout":"default","site-content-layout":"","ast-site-content-layout":"default","site-content-style":"default","site-sidebar-style":"default","ast-global-header-display":"","ast-banner-title-visibility":"","ast-main-header-display":"","ast-hfb-above-header-display":"","ast-hfb-below-header-display":"","ast-hfb-mobile-header-display":"","site-post-title":"","ast-breadcrumbs-content":"","ast-featured-img":"","footer-sml-layout":"","ast-disable-related-posts":"","theme-transparent-header-meta":"default","adv-header-id-meta":"","stick-header-meta":"","header-above-stick-meta":"","header-main-stick-meta":"","header-below-stick-meta":"","astra-migrate-meta-layouts":"set","ast-page-background-enabled":"default","ast-page-background-meta":{"desktop":{"background-color":"var(--ast-global-color-5)","background-image":"","background-repeat":"repeat","background-position":"center center","background-size":"auto","background-attachment":"scroll","background-type":"","background-media":"","overlay-type":"","overlay-color":"","overlay-opacity":"","overlay-gradient":""},"tablet":{"background-color":"","background-image":"","background-repeat":"repeat","background-position":"center center","background-size":"auto","background-attachment":"scroll","background-type":"","background-media":"","overlay-type":"","overlay-color":"","overlay-opacity":"","overlay-gradient":""},"mobile":{"background-color":"","background-image":"","background-repeat":"repeat","background-position":"center center","background-size":"auto","background-attachment":"scroll","background-type":"","background-media":"","overlay-type":"","overlay-color":"","overlay-opacity":"","overlay-gradient":""}},"ast-content-background-meta":{"desktop":{"background-color":"var(--ast-global-color-4)","background-image":"","background-repeat":"repeat","background-position":"center center","background-size":"auto","background-attachment":"scroll","background-type":"","background-media":"","overlay-type":"","overlay-color":"","overlay-opacity":"","overlay-gradient":""},"tablet":{"background-color":"var(--ast-global-color-4)","background-image":"","background-repeat":"repeat","background-position":"center center","background-size":"auto","background-attachment":"scroll","background-type":"","background-media":"","overlay-type":"","overlay-color":"","overlay-opacity":"","overlay-gradient":""},"mobile":{"background-color":"var(--ast-global-color-4)","background-image":"","background-repeat":"repeat","background-position":"center center","background-size":"auto","background-attachment":"scroll","background-type":"","background-media":"","overlay-type":"","overlay-color":"","overlay-opacity":"","overlay-gradient":""}}},"product_brand":[],"product_cat":[236,62,72],"product_tag":[226,220],"class_list":{"0":"post-6374","1":"product","2":"type-product","3":"status-publish","4":"has-post-thumbnail","6":"product_cat-cosmetic-container-set","7":"product_cat-cosmetic-containers","8":"product_cat-cosmetic-packaging","9":"product_tag-clear-glass-roller-bottles","10":"product_tag-glass-roll-on-bottles","11":"desktop-align-left","12":"tablet-align-left","13":"mobile-align-left","15":"first","16":"instock","17":"shipping-taxable","18":"product-type-simple"},"acf":[],"jetpack_sharing_enabled":true,"_links":{"self":[{"href":"https:\/\/theperfumebottles.com\/es\/wp-json\/wp\/v2\/product\/6374","targetHints":{"allow":["GET"]}}],"collection":[{"href":"https:\/\/theperfumebottles.com\/es\/wp-json\/wp\/v2\/product"}],"about":[{"href":"https:\/\/theperfumebottles.com\/es\/wp-json\/wp\/v2\/types\/product"}],"replies":[{"embeddable":true,"href":"https:\/\/theperfumebottles.com\/es\/wp-json\/wp\/v2\/comments?post=6374"}],"wp:featuredmedia":[{"embeddable":true,"href":"https:\/\/theperfumebottles.com\/es\/wp-json\/wp\/v2\/media\/6380"}],"wp:attachment":[{"href":"https:\/\/theperfumebottles.com\/es\/wp-json\/wp\/v2\/media?parent=6374"}],"wp:term":[{"taxonomy":"product_brand","embeddable":true,"href":"https:\/\/theperfumebottles.com\/es\/wp-json\/wp\/v2\/product_brand?post=6374"},{"taxonomy":"product_cat","embeddable":true,"href":"https:\/\/theperfumebottles.com\/es\/wp-json\/wp\/v2\/product_cat?post=6374"},{"taxonomy":"product_tag","embeddable":true,"href":"https:\/\/theperfumebottles.com\/es\/wp-json\/wp\/v2\/product_tag?post=6374"}],"curies":[{"name":"wp","href":"https:\/\/api.w.org\/{rel}","templated":true}]}}