{"id":6381,"date":"2025-09-16T10:07:06","date_gmt":"2025-09-16T02:07:06","guid":{"rendered":"https:\/\/theperfumebottles.com\/?post_type=product&#038;p=6381"},"modified":"2025-09-17T11:40:08","modified_gmt":"2025-09-17T03:40:08","slug":"wholesale-beige-glass-cosmetic-bottle-and-cream-jar-set","status":"publish","type":"product","link":"https:\/\/theperfumebottles.com\/es\/product\/wholesale-beige-glass-cosmetic-bottle-and-cream-jar-set\/","title":{"rendered":"Juego de frasco cosm\u00e9tico y tarro de crema de vidrio beige al por mayor"},"content":{"rendered":"<p>Esta colecci\u00f3n de frascos cosm\u00e9ticos de vidrio, tanto de crema como de otros materiales, sin duda te cautivar\u00e1. Los frascos presentan un suave y c\u00e1lido color beige, y sus tapas, con una textura acanalada vertical, ofrecen un agarre c\u00f3modo y elegante. Los finos detalles dorados en el cuello y la tapa les confieren una forma sofisticada y discreta. Este set de cuidado de la piel incluye tarros de crema y frascos con dosificador en diferentes tama\u00f1os.<\/p>\n<h2>Especificaciones clave<\/h2>\n<table style=\"border-collapse: collapse;width: 448.52pt;margin-left: auto;margin-right: auto\" border=\"0\" width=\"598\" cellspacing=\"0\" cellpadding=\"0\">\n<tbody>\n<tr style=\"height: 13.50pt\">\n<td class=\"et2\" style=\"height: 13.50pt;width: 116.25pt\" width=\"155\" height=\"18\">Capacidad (ml)<\/td>\n<td class=\"et3\" style=\"width: 58.50pt\" width=\"78\">15<\/td>\n<td class=\"et3\" style=\"width: 57.75pt\" width=\"77\">25<\/td>\n<td class=\"et3\" style=\"width: 54.00pt\" width=\"72\">40<\/td>\n<td class=\"et3\" style=\"width: 54.00pt\" width=\"72\">45<\/td>\n<td class=\"et3\" style=\"width: 54.00pt\" width=\"72\">105<\/td>\n<td class=\"et3\" style=\"width: 54.00pt\" width=\"72\">130<\/td>\n<\/tr>\n<tr style=\"height: 13.50pt\">\n<td class=\"et2\" style=\"height: 13.50pt\" height=\"18\">Di\u00e1metro del cuello (mm)<\/td>\n<td class=\"et3\">46<\/td>\n<td class=\"et3\">46<\/td>\n<td class=\"et3\">52<\/td>\n<td class=\"et3\">20<\/td>\n<td class=\"et3\">20<\/td>\n<td class=\"et3\">20<\/td>\n<\/tr>\n<tr style=\"height: 13.50pt\">\n<td class=\"et2\" style=\"height: 13.50pt\" height=\"18\">Di\u00e1metro (mm)<\/td>\n<td class=\"et3\">58<\/td>\n<td class=\"et3\">58<\/td>\n<td class=\"et3\">64<\/td>\n<td class=\"et3\">41<\/td>\n<td class=\"et3\">42<\/td>\n<td class=\"et3\">42<\/td>\n<\/tr>\n<tr style=\"height: 13.50pt\">\n<td class=\"et2\" style=\"height: 13.50pt\" height=\"18\">Altura de la botella (mm)<\/td>\n<td class=\"et3\">33<\/td>\n<td class=\"et3\">37<\/td>\n<td class=\"et3\">41<\/td>\n<td class=\"et3\">87<\/td>\n<td class=\"et3\">127<\/td>\n<td class=\"et3\">142<\/td>\n<\/tr>\n<tr style=\"height: 13.50pt\">\n<td class=\"et2\" style=\"height: 13.50pt\" height=\"18\">Altura total (mm)<\/td>\n<td class=\"et3\">42<\/td>\n<td class=\"et3\">46<\/td>\n<td class=\"et3\">52<\/td>\n<td class=\"et3\">120<\/td>\n<td class=\"et3\">162<\/td>\n<td class=\"et3\">178<\/td>\n<\/tr>\n<tr style=\"height: 13.50pt\">\n<td class=\"et2\" style=\"height: 13.50pt\" height=\"18\">Material<\/td>\n<td class=\"et3\" colspan=\"6\">Cristal<\/td>\n<\/tr>\n<tr style=\"height: 13.50pt\">\n<td class=\"et2\" style=\"height: 13.50pt\" height=\"18\">Opciones personalizadas<\/td>\n<td class=\"et3\" colspan=\"6\">Forma de la botella, boca de la botella, color, tratamiento superficial, tama\u00f1o, tap\u00f3n, accesorios, logotipo<\/td>\n<\/tr>\n<tr style=\"height: 13.50pt\">\n<td class=\"et2\" style=\"height: 13.50pt\" height=\"18\">Ideal para<\/td>\n<td class=\"et3\" colspan=\"6\">Limpiador, esencia, loci\u00f3n, crema, sets para el cuidado de la piel<\/td>\n<\/tr>\n<\/tbody>\n<\/table>\n<h2>C\u00f3mo una marca duplic\u00f3 sus clientes<\/h2>\n<p>Una marca de productos de salud lanz\u00f3 una nueva l\u00ednea de cremas con un elegante envase de vidrio para crema y un t\u00f3nico a juego. Eligi\u00f3 un tama\u00f1o de 50 ml con dosificador de f\u00e1cil agarre. En tan solo tres meses, la respuesta de los clientes revel\u00f3 una grata sorpresa: el 68 % de los compradores mencion\u00f3 el envase en sus rese\u00f1as. Comentarios como \u00abme parece fant\u00e1stico\u00bb y \u00ablo exhibo como una obra de arte en mi tocador\u00bb fueron algunos de los m\u00e1s destacados. La tasa de recompra aument\u00f3 un 92 %. \u00bfLa raz\u00f3n? Porque los consumidores conf\u00edan en el dise\u00f1o cuidado y atractivo. En lugar de ocultar el producto, este envase cosm\u00e9tico lo realza.<\/p>\n<h2>Set personalizado para el cuidado de la piel<\/h2>\n<p>\u00bfQuieres que este envase de vidrio para cosm\u00e9ticos sea \u00fanico?<\/p>\n<ul>\n<li>Ajusta el color de la botella de vidrio: elige un color m\u00e1s oscuro para una mayor protecci\u00f3n UV o un color m\u00e1s claro para una apariencia limpia y fresca.<\/li>\n<li>Personaliza la profundidad de las estr\u00edas del tap\u00f3n: las ranuras m\u00e1s profundas a\u00f1aden textura y agarre, perfectas para usar en la ducha.<\/li>\n<li>Marcado l\u00e1ser de la l\u00ednea de capacidad: un indicador micrograbado en el interior de la botella facilita un llenado preciso.<\/li>\n<\/ul>\n<p>Estas opciones de personalizaci\u00f3n te permiten ajustar con precisi\u00f3n el rendimiento y la apariencia; no se requiere etiqueta.<\/p>","protected":false},"excerpt":{"rendered":"<p>Venta al por mayor de elegantes frascos cosm\u00e9ticos y tarros de crema de vidrio color beige con detalles dorados para un empaque de alta gama. Muestras gratuitas y env\u00edo r\u00e1pido.<\/p>","protected":false},"featured_media":6383,"comment_status":"closed","ping_status":"closed","template":"","meta":{"_acf_changed":false,"site-sidebar-layout":"default","site-content-layout":"","ast-site-content-layout":"default","site-content-style":"default","site-sidebar-style":"default","ast-global-header-display":"","ast-banner-title-visibility":"","ast-main-header-display":"","ast-hfb-above-header-display":"","ast-hfb-below-header-display":"","ast-hfb-mobile-header-display":"","site-post-title":"","ast-breadcrumbs-content":"","ast-featured-img":"","footer-sml-layout":"","ast-disable-related-posts":"","theme-transparent-header-meta":"default","adv-header-id-meta":"","stick-header-meta":"","header-above-stick-meta":"","header-main-stick-meta":"","header-below-stick-meta":"","astra-migrate-meta-layouts":"set","ast-page-background-enabled":"default","ast-page-background-meta":{"desktop":{"background-color":"var(--ast-global-color-5)","background-image":"","background-repeat":"repeat","background-position":"center center","background-size":"auto","background-attachment":"scroll","background-type":"","background-media":"","overlay-type":"","overlay-color":"","overlay-opacity":"","overlay-gradient":""},"tablet":{"background-color":"","background-image":"","background-repeat":"repeat","background-position":"center center","background-size":"auto","background-attachment":"scroll","background-type":"","background-media":"","overlay-type":"","overlay-color":"","overlay-opacity":"","overlay-gradient":""},"mobile":{"background-color":"","background-image":"","background-repeat":"repeat","background-position":"center center","background-size":"auto","background-attachment":"scroll","background-type":"","background-media":"","overlay-type":"","overlay-color":"","overlay-opacity":"","overlay-gradient":""}},"ast-content-background-meta":{"desktop":{"background-color":"var(--ast-global-color-4)","background-image":"","background-repeat":"repeat","background-position":"center center","background-size":"auto","background-attachment":"scroll","background-type":"","background-media":"","overlay-type":"","overlay-color":"","overlay-opacity":"","overlay-gradient":""},"tablet":{"background-color":"var(--ast-global-color-4)","background-image":"","background-repeat":"repeat","background-position":"center center","background-size":"auto","background-attachment":"scroll","background-type":"","background-media":"","overlay-type":"","overlay-color":"","overlay-opacity":"","overlay-gradient":""},"mobile":{"background-color":"var(--ast-global-color-4)","background-image":"","background-repeat":"repeat","background-position":"center center","background-size":"auto","background-attachment":"scroll","background-type":"","background-media":"","overlay-type":"","overlay-color":"","overlay-opacity":"","overlay-gradient":""}}},"product_brand":[],"product_cat":[72,236,62],"product_tag":[226,220],"class_list":{"0":"post-6381","1":"product","2":"type-product","3":"status-publish","4":"has-post-thumbnail","6":"product_cat-cosmetic-packaging","7":"product_cat-cosmetic-container-set","8":"product_cat-cosmetic-containers","9":"product_tag-clear-glass-roller-bottles","10":"product_tag-glass-roll-on-bottles","11":"desktop-align-left","12":"tablet-align-left","13":"mobile-align-left","15":"first","16":"instock","17":"shipping-taxable","18":"product-type-simple"},"acf":[],"jetpack_sharing_enabled":true,"_links":{"self":[{"href":"https:\/\/theperfumebottles.com\/es\/wp-json\/wp\/v2\/product\/6381","targetHints":{"allow":["GET"]}}],"collection":[{"href":"https:\/\/theperfumebottles.com\/es\/wp-json\/wp\/v2\/product"}],"about":[{"href":"https:\/\/theperfumebottles.com\/es\/wp-json\/wp\/v2\/types\/product"}],"replies":[{"embeddable":true,"href":"https:\/\/theperfumebottles.com\/es\/wp-json\/wp\/v2\/comments?post=6381"}],"wp:featuredmedia":[{"embeddable":true,"href":"https:\/\/theperfumebottles.com\/es\/wp-json\/wp\/v2\/media\/6383"}],"wp:attachment":[{"href":"https:\/\/theperfumebottles.com\/es\/wp-json\/wp\/v2\/media?parent=6381"}],"wp:term":[{"taxonomy":"product_brand","embeddable":true,"href":"https:\/\/theperfumebottles.com\/es\/wp-json\/wp\/v2\/product_brand?post=6381"},{"taxonomy":"product_cat","embeddable":true,"href":"https:\/\/theperfumebottles.com\/es\/wp-json\/wp\/v2\/product_cat?post=6381"},{"taxonomy":"product_tag","embeddable":true,"href":"https:\/\/theperfumebottles.com\/es\/wp-json\/wp\/v2\/product_tag?post=6381"}],"curies":[{"name":"wp","href":"https:\/\/api.w.org\/{rel}","templated":true}]}}