{"id":6477,"date":"2025-09-18T17:19:24","date_gmt":"2025-09-18T09:19:24","guid":{"rendered":"https:\/\/theperfumebottles.com\/?post_type=product&#038;p=6477"},"modified":"2026-03-26T15:44:04","modified_gmt":"2026-03-26T07:44:04","slug":"black-glass-skincare-bottles-and-jars-sets-wholesale","status":"publish","type":"product","link":"https:\/\/theperfumebottles.com\/es\/product\/black-glass-skincare-bottles-and-jars-sets-wholesale\/","title":{"rendered":"Juegos de frascos y tarros de vidrio negro para el cuidado de la piel de 15 ml a 125 ml al por mayor"},"content":{"rendered":"<p>Olv\u00eddate de los envases aburridos. Creamos una colecci\u00f3n precisa de botellas y frascos de vidrio negro, dise\u00f1ados para marcas de cuidado de la piel que buscan lujo sin renunciar a nada. Los envases de vidrio mantienen tus cremas, lociones y esencias frescas, sin da\u00f1os UV ni deterioro. Los pedidos al por mayor incluyen tapas personalizadas que combinan con la esencia de tu marca.<\/p>\n<h2><strong data-spm-anchor-id=\"5176.28103460.0.i9.29ab2e31KYNL5F\">Especificaciones clave<\/strong><\/h2>\n<table style=\"border-collapse: collapse; width: 80%; margin-left: auto; margin-right: auto;\" border=\"0\" width=\"648\" cellspacing=\"0\" cellpadding=\"0\">\n<tbody>\n<tr style=\"height: 13.50pt;\">\n<td style=\"height: 13.5pt; width: 54pt; text-align: center;\" width=\"72\" height=\"18\">Capacidad (ml)<\/td>\n<td style=\"width: 54pt; text-align: center;\" width=\"72\">Forma<\/td>\n<td style=\"width: 54pt; text-align: center;\" width=\"72\">Di\u00e1metro de la boca (mm)<\/td>\n<td style=\"width: 54pt; text-align: center;\" width=\"72\">Di\u00e1metro de la botella (mm)<\/td>\n<td style=\"width: 54pt; text-align: center;\" width=\"72\">Altura (mm)<\/td>\n<td style=\"width: 54pt; text-align: center;\" width=\"72\">Altura con tapa (mm)<\/td>\n<td style=\"width: 54pt; text-align: center;\" width=\"72\">Color<\/td>\n<td style=\"width: 54pt; text-align: center;\" width=\"72\">Opci\u00f3n personalizada<\/td>\n<td style=\"width: 54pt; text-align: center;\" width=\"72\">Ideal para<\/td>\n<\/tr>\n<tr style=\"height: 13.50pt;\">\n<td style=\"height: 13.5pt; text-align: center;\" height=\"18\">125<\/td>\n<td class=\"et2\" style=\"text-align: center;\" rowspan=\"3\">De lados rectos<\/td>\n<td style=\"text-align: center;\">20<\/td>\n<td style=\"text-align: center;\">53<\/td>\n<td style=\"text-align: center;\">142<\/td>\n<td style=\"text-align: center;\">180<\/td>\n<td class=\"et2\" style=\"text-align: center;\" rowspan=\"5\">Negro<\/td>\n<td class=\"et2\" style=\"text-align: center;\" rowspan=\"5\">Tratamiento de superficie, color, logotipo, accesorios.<\/td>\n<td class=\"et2\" style=\"text-align: center;\" rowspan=\"5\">Kit de cuidado facial: limpiador, agua de esencia, loci\u00f3n\/crema de esencia.<\/td>\n<\/tr>\n<tr style=\"height: 13.50pt;\">\n<td style=\"height: 13.5pt; text-align: center;\" height=\"18\">105<\/td>\n<td style=\"text-align: center;\">20<\/td>\n<td style=\"text-align: center;\">47<\/td>\n<td style=\"text-align: center;\">127<\/td>\n<td style=\"text-align: center;\">165<\/td>\n<\/tr>\n<tr style=\"height: 13.50pt;\">\n<td style=\"height: 13.5pt; text-align: center;\" height=\"18\">45<\/td>\n<td style=\"text-align: center;\">20<\/td>\n<td style=\"text-align: center;\">41<\/td>\n<td style=\"text-align: center;\">86<\/td>\n<td style=\"text-align: center;\">120<\/td>\n<\/tr>\n<tr style=\"height: 13.50pt;\">\n<td style=\"height: 13.5pt; text-align: center;\" height=\"18\">40<\/td>\n<td class=\"et2\" rowspan=\"2\">Redondo<\/td>\n<td style=\"text-align: center;\">52<\/td>\n<td style=\"text-align: center;\">64<\/td>\n<td style=\"text-align: center;\">42<\/td>\n<td style=\"text-align: center;\">70<\/td>\n<\/tr>\n<tr style=\"height: 13.50pt;\">\n<td style=\"height: 13.5pt; text-align: center;\" height=\"18\">15<\/td>\n<td style=\"text-align: center;\">47<\/td>\n<td style=\"text-align: center;\">58<\/td>\n<td style=\"text-align: center;\">32<\/td>\n<td style=\"text-align: center;\">60<\/td>\n<\/tr>\n<\/tbody>\n<\/table>\n<h2>Historia de \u00e9xito<\/h2>\n<p>Una de las marcas europeas de cosm\u00e9tica ha optado por nuestro set de tarro y botella de alta gama en color negro. Las botellas cuentan con un acabado UV de alto brillo que, junto con el tap\u00f3n met\u00e1lico con recubrimiento al vac\u00edo, crea un contraste llamativo y una sensaci\u00f3n de lujo que se adapta a las necesidades individuales de cada cliente. La botella lleva impreso el logotipo de la marca mediante serigraf\u00eda; su color plateado complementa el dise\u00f1o y contribuye al efecto general.<\/p>\n<p>Desde el lanzamiento del nuevo set de frasco y tarro para cosm\u00e9ticos, las ventas aumentaron un 32% en tan solo dos meses y se pidieron otros 55.000 sets para satisfacer la creciente demanda de los distribuidores.<\/p>\n<h2>Tu opci\u00f3n de adaptaci\u00f3n<\/h2>\n<ol>\n<li><strong>Alternativas de acabado de la tapa:<\/strong> Ofrecemos acabados brillantes, mate, de metal cepillado o tipo espejo, galvanizados para adaptarnos a los diferentes estilos de marca.<\/li>\n<li><strong>T\u00e9cnicas de decoraci\u00f3n:<\/strong> La serigraf\u00eda, el estampado en caliente, la pulverizaci\u00f3n con degradado o el etiquetado se pueden combinar en m\u00faltiples capas para crear efectos de marca.<\/li>\n<li><strong>Dise\u00f1o de embalaje secundario:<\/strong> Mejore la presentaci\u00f3n del producto en el punto de venta dise\u00f1ando cajas personalizadas, cajas magn\u00e9ticas o envases tipo caj\u00f3n.<\/li>\n<\/ol>","protected":false},"excerpt":{"rendered":"<p>Frascos y botellas premium para el cuidado de la piel para tu set de cosm\u00e9ticos. Envases de vidrio negro personalizados. Venta al por mayor. Envases que bloquean la luz y son herm\u00e9ticos.<\/p>","protected":false},"featured_media":6478,"comment_status":"closed","ping_status":"closed","template":"","meta":{"_acf_changed":false,"site-sidebar-layout":"default","site-content-layout":"","ast-site-content-layout":"default","site-content-style":"default","site-sidebar-style":"default","ast-global-header-display":"","ast-banner-title-visibility":"","ast-main-header-display":"","ast-hfb-above-header-display":"","ast-hfb-below-header-display":"","ast-hfb-mobile-header-display":"","site-post-title":"","ast-breadcrumbs-content":"","ast-featured-img":"","footer-sml-layout":"","ast-disable-related-posts":"","theme-transparent-header-meta":"default","adv-header-id-meta":"","stick-header-meta":"","header-above-stick-meta":"","header-main-stick-meta":"","header-below-stick-meta":"","astra-migrate-meta-layouts":"set","ast-page-background-enabled":"default","ast-page-background-meta":{"desktop":{"background-color":"var(--ast-global-color-5)","background-image":"","background-repeat":"repeat","background-position":"center center","background-size":"auto","background-attachment":"scroll","background-type":"","background-media":"","overlay-type":"","overlay-color":"","overlay-opacity":"","overlay-gradient":""},"tablet":{"background-color":"","background-image":"","background-repeat":"repeat","background-position":"center center","background-size":"auto","background-attachment":"scroll","background-type":"","background-media":"","overlay-type":"","overlay-color":"","overlay-opacity":"","overlay-gradient":""},"mobile":{"background-color":"","background-image":"","background-repeat":"repeat","background-position":"center center","background-size":"auto","background-attachment":"scroll","background-type":"","background-media":"","overlay-type":"","overlay-color":"","overlay-opacity":"","overlay-gradient":""}},"ast-content-background-meta":{"desktop":{"background-color":"var(--ast-global-color-4)","background-image":"","background-repeat":"repeat","background-position":"center center","background-size":"auto","background-attachment":"scroll","background-type":"","background-media":"","overlay-type":"","overlay-color":"","overlay-opacity":"","overlay-gradient":""},"tablet":{"background-color":"var(--ast-global-color-4)","background-image":"","background-repeat":"repeat","background-position":"center center","background-size":"auto","background-attachment":"scroll","background-type":"","background-media":"","overlay-type":"","overlay-color":"","overlay-opacity":"","overlay-gradient":""},"mobile":{"background-color":"var(--ast-global-color-4)","background-image":"","background-repeat":"repeat","background-position":"center center","background-size":"auto","background-attachment":"scroll","background-type":"","background-media":"","overlay-type":"","overlay-color":"","overlay-opacity":"","overlay-gradient":""}}},"product_brand":[],"product_cat":[236,62,72],"product_tag":[],"class_list":{"0":"post-6477","1":"product","2":"type-product","3":"status-publish","4":"has-post-thumbnail","6":"product_cat-cosmetic-container-set","7":"product_cat-cosmetic-containers","8":"product_cat-cosmetic-packaging","9":"desktop-align-left","10":"tablet-align-left","11":"mobile-align-left","13":"first","14":"instock","15":"shipping-taxable","16":"product-type-simple"},"acf":[],"jetpack_sharing_enabled":true,"_links":{"self":[{"href":"https:\/\/theperfumebottles.com\/es\/wp-json\/wp\/v2\/product\/6477","targetHints":{"allow":["GET"]}}],"collection":[{"href":"https:\/\/theperfumebottles.com\/es\/wp-json\/wp\/v2\/product"}],"about":[{"href":"https:\/\/theperfumebottles.com\/es\/wp-json\/wp\/v2\/types\/product"}],"replies":[{"embeddable":true,"href":"https:\/\/theperfumebottles.com\/es\/wp-json\/wp\/v2\/comments?post=6477"}],"wp:featuredmedia":[{"embeddable":true,"href":"https:\/\/theperfumebottles.com\/es\/wp-json\/wp\/v2\/media\/6478"}],"wp:attachment":[{"href":"https:\/\/theperfumebottles.com\/es\/wp-json\/wp\/v2\/media?parent=6477"}],"wp:term":[{"taxonomy":"product_brand","embeddable":true,"href":"https:\/\/theperfumebottles.com\/es\/wp-json\/wp\/v2\/product_brand?post=6477"},{"taxonomy":"product_cat","embeddable":true,"href":"https:\/\/theperfumebottles.com\/es\/wp-json\/wp\/v2\/product_cat?post=6477"},{"taxonomy":"product_tag","embeddable":true,"href":"https:\/\/theperfumebottles.com\/es\/wp-json\/wp\/v2\/product_tag?post=6477"}],"curies":[{"name":"wp","href":"https:\/\/api.w.org\/{rel}","templated":true}]}}