{"id":6517,"date":"2025-09-22T12:52:43","date_gmt":"2025-09-22T04:52:43","guid":{"rendered":"https:\/\/theperfumebottles.com\/?post_type=product&#038;p=6517"},"modified":"2025-09-22T13:28:19","modified_gmt":"2025-09-22T05:28:19","slug":"wholesale-5ml-9ml-refill-perfume-bottles","status":"publish","type":"product","link":"https:\/\/theperfumebottles.com\/es\/product\/wholesale-5ml-9ml-refill-perfume-bottles\/","title":{"rendered":"Botellas de perfume de recarga de 5 ml y 9 ml al por mayor"},"content":{"rendered":"<h2>Descubre nuestro atomizador de perfume recargable pr\u00e9mium<\/h2>\n<p>Nuestro innovador frasco de perfume recargable est\u00e1 dise\u00f1ado para satisfacer las necesidades de los viajes modernos, ofreciendo comodidad, estilo y un rendimiento superior. Perfecto para quienes est\u00e1n siempre en movimiento, este atomizador mini y port\u00e1til es la opci\u00f3n ideal para su l\u00ednea de productos.<\/p>\n<h2>Especificaciones clave:<\/h2>\n<table style=\"border-collapse: collapse; width: 486.77pt; margin-left: auto; margin-right: auto;\" border=\"0\" width=\"649\" cellspacing=\"0\" cellpadding=\"0\">\n<tbody>\n<tr style=\"height: 13.50pt;\">\n<td style=\"height: 13.50pt; width: 94.50pt;\" width=\"126\" height=\"18\">Caracter\u00edstica<\/td>\n<td style=\"width: 392.25pt;\" width=\"523\">Detalle<\/td>\n<\/tr>\n<tr style=\"height: 13.50pt;\">\n<td style=\"height: 13.50pt;\" height=\"18\">Material<\/td>\n<td>Base antifugas de PCTG + cobre puro, carcasa de aluminio electrochapado<\/td>\n<\/tr>\n<tr style=\"height: 13.50pt;\">\n<td style=\"height: 13.50pt;\" height=\"18\">Capacidad<\/td>\n<td>5 ml (1,8 x 8,7 cm), 9 ml (2,2 x 10 cm)<\/td>\n<\/tr>\n<tr style=\"height: 13.50pt;\">\n<td style=\"height: 13.50pt;\" height=\"18\">Forma<\/td>\n<td>Cil\u00edndrico<\/td>\n<\/tr>\n<tr style=\"height: 13.50pt;\">\n<td style=\"height: 13.50pt;\" height=\"18\">M\u00e9todo de llenado<\/td>\n<td>Relleno inferior<\/td>\n<\/tr>\n<tr style=\"height: 13.50pt;\">\n<td style=\"height: 13.50pt;\" height=\"18\">Botella interior<\/td>\n<td>Claro, de alta transparencia, buen sellado, no vol\u00e1til.<\/td>\n<\/tr>\n<tr style=\"height: 13.50pt;\">\n<td style=\"height: 13.50pt;\" height=\"18\">Uso<\/td>\n<td>Dispensador de perfume, alcohol y agua de colonia<\/td>\n<\/tr>\n<\/tbody>\n<\/table>\n<h2>Historia de \u00e9xito:<\/h2>\n<p>Una marca de perfumes boutique incorpor\u00f3 recientemente nuestro frasco de perfume de 5 ml a su colecci\u00f3n de viaje. Report\u00f3 un aumento del 40 % en las ventas de sus estuches de viaje durante el primer trimestre, gracias a la facilidad de uso del frasco y su elegante dise\u00f1o. A los clientes les encant\u00f3 tener su perfume favorito en un frasco port\u00e1til y con un aroma atractivo.<\/p>\n<h2>Adaptaci\u00f3n y oportunidad de venta al por mayor:<\/h2>\n<p>Como fabricante y proveedor mayorista l\u00edder, comprendemos su necesidad de una imagen de marca \u00fanica. Ofrecemos una amplia gama de opciones de personalizaci\u00f3n para sus frascos de recarga de perfumes, incluyendo diferentes colores, acabados y capacidades espec\u00edficas. Ya sea que necesite un pedido peque\u00f1o o un volumen mayorista, estamos aqu\u00ed para respaldar la visi\u00f3n de su marca. Elija nuestra gama de proveedores de confianza para frascos de perfume de vidrio y una atm\u00f3sfera innovadora.<\/p>\n<h2>\u00a1Consigue tu muestra gratuita hoy mismo!<\/h2>\n<p>\u00bfDesea comprobar la calidad por s\u00ed mismo? Disponemos de muestras gratuitas para consultas mayoristas cualificadas. <a href=\"https:\/\/theperfumebottles.com\/es\/contact\/\">Cont\u00e1ctanos<\/a> Hoy mismo, cont\u00e1ctenos para analizar sus necesidades de adaptaci\u00f3n y las opciones de env\u00edo y distribuci\u00f3n. Potencie su marca con nuestras soluciones premium de botellas con atomizador.<\/p>","protected":false},"excerpt":{"rendered":"<p>Descubre nuestra alta calidad <strong>Frasco de perfume de recarga<\/strong>Perfecto para viajes e ideal para marcas que buscan atomizadores port\u00e1tiles al por mayor con opciones personalizadas.<\/p>","protected":false},"featured_media":6520,"comment_status":"closed","ping_status":"closed","template":"","meta":{"_acf_changed":false,"site-sidebar-layout":"default","site-content-layout":"","ast-site-content-layout":"default","site-content-style":"default","site-sidebar-style":"default","ast-global-header-display":"","ast-banner-title-visibility":"","ast-main-header-display":"","ast-hfb-above-header-display":"","ast-hfb-below-header-display":"","ast-hfb-mobile-header-display":"","site-post-title":"","ast-breadcrumbs-content":"","ast-featured-img":"","footer-sml-layout":"","ast-disable-related-posts":"","theme-transparent-header-meta":"default","adv-header-id-meta":"","stick-header-meta":"","header-above-stick-meta":"","header-main-stick-meta":"","header-below-stick-meta":"","astra-migrate-meta-layouts":"set","ast-page-background-enabled":"default","ast-page-background-meta":{"desktop":{"background-color":"var(--ast-global-color-5)","background-image":"","background-repeat":"repeat","background-position":"center center","background-size":"auto","background-attachment":"scroll","background-type":"","background-media":"","overlay-type":"","overlay-color":"","overlay-opacity":"","overlay-gradient":""},"tablet":{"background-color":"","background-image":"","background-repeat":"repeat","background-position":"center center","background-size":"auto","background-attachment":"scroll","background-type":"","background-media":"","overlay-type":"","overlay-color":"","overlay-opacity":"","overlay-gradient":""},"mobile":{"background-color":"","background-image":"","background-repeat":"repeat","background-position":"center center","background-size":"auto","background-attachment":"scroll","background-type":"","background-media":"","overlay-type":"","overlay-color":"","overlay-opacity":"","overlay-gradient":""}},"ast-content-background-meta":{"desktop":{"background-color":"var(--ast-global-color-4)","background-image":"","background-repeat":"repeat","background-position":"center center","background-size":"auto","background-attachment":"scroll","background-type":"","background-media":"","overlay-type":"","overlay-color":"","overlay-opacity":"","overlay-gradient":""},"tablet":{"background-color":"var(--ast-global-color-4)","background-image":"","background-repeat":"repeat","background-position":"center center","background-size":"auto","background-attachment":"scroll","background-type":"","background-media":"","overlay-type":"","overlay-color":"","overlay-opacity":"","overlay-gradient":""},"mobile":{"background-color":"var(--ast-global-color-4)","background-image":"","background-repeat":"repeat","background-position":"center center","background-size":"auto","background-attachment":"scroll","background-type":"","background-media":"","overlay-type":"","overlay-color":"","overlay-opacity":"","overlay-gradient":""}}},"product_brand":[],"product_cat":[72,90,41],"product_tag":[],"class_list":{"0":"post-6517","1":"product","2":"type-product","3":"status-publish","4":"has-post-thumbnail","6":"product_cat-cosmetic-packaging","7":"product_cat-refillable-perfume-bottles","8":"product_cat-perfume-bottles","9":"desktop-align-left","10":"tablet-align-left","11":"mobile-align-left","13":"first","14":"instock","15":"shipping-taxable","16":"product-type-simple"},"acf":[],"jetpack_sharing_enabled":true,"_links":{"self":[{"href":"https:\/\/theperfumebottles.com\/es\/wp-json\/wp\/v2\/product\/6517","targetHints":{"allow":["GET"]}}],"collection":[{"href":"https:\/\/theperfumebottles.com\/es\/wp-json\/wp\/v2\/product"}],"about":[{"href":"https:\/\/theperfumebottles.com\/es\/wp-json\/wp\/v2\/types\/product"}],"replies":[{"embeddable":true,"href":"https:\/\/theperfumebottles.com\/es\/wp-json\/wp\/v2\/comments?post=6517"}],"wp:featuredmedia":[{"embeddable":true,"href":"https:\/\/theperfumebottles.com\/es\/wp-json\/wp\/v2\/media\/6520"}],"wp:attachment":[{"href":"https:\/\/theperfumebottles.com\/es\/wp-json\/wp\/v2\/media?parent=6517"}],"wp:term":[{"taxonomy":"product_brand","embeddable":true,"href":"https:\/\/theperfumebottles.com\/es\/wp-json\/wp\/v2\/product_brand?post=6517"},{"taxonomy":"product_cat","embeddable":true,"href":"https:\/\/theperfumebottles.com\/es\/wp-json\/wp\/v2\/product_cat?post=6517"},{"taxonomy":"product_tag","embeddable":true,"href":"https:\/\/theperfumebottles.com\/es\/wp-json\/wp\/v2\/product_tag?post=6517"}],"curies":[{"name":"wp","href":"https:\/\/api.w.org\/{rel}","templated":true}]}}