{"id":7026,"date":"2025-11-11T14:11:22","date_gmt":"2025-11-11T06:11:22","guid":{"rendered":"https:\/\/theperfumebottles.com\/?post_type=product&#038;p=7026"},"modified":"2025-11-11T14:23:34","modified_gmt":"2025-11-11T06:23:34","slug":"perfume-refill-bottle-bulk-order","status":"publish","type":"product","link":"https:\/\/theperfumebottles.com\/es\/product\/perfume-refill-bottle-bulk-order\/","title":{"rendered":"Botella de perfume de 5 ml para uso diario (pedido al por mayor)"},"content":{"rendered":"<p>Est\u00e1\u200d\u200d\u200d\u200d\u200d\u200d buscando un frasco de perfume que realce a la perfecci\u00f3n el atractivo visual de su marca. Nuestro frasco de perfume recargable de 5 ml es sin duda el adecuado. Est\u00e1 hecho para que su fragancia sea el centro de atenci\u00f3n y siga ofreciendo una belleza agradable y manejable a sus clientes. Es dif\u00edcil resistirse al estilo y la funcionalidad que van de la mano en este producto de la l\u00ednea de envasado.<\/p>\n<h2>Especificaciones clave<\/h2>\n<table style=\"border-collapse: collapse;width: 80%;margin-left: auto;margin-right: auto\" border=\"0\" width=\"144\" cellspacing=\"0\" cellpadding=\"0\">\n<tbody>\n<tr style=\"height: 13.50pt\">\n<td style=\"height: 13.5pt;width: 54pt;text-align: center\" width=\"72\" height=\"18\">Caracter\u00edstica<\/td>\n<td style=\"width: 54pt;text-align: center\" width=\"72\">Detalles<\/td>\n<\/tr>\n<tr style=\"height: 13.50pt\">\n<td style=\"height: 13.5pt;text-align: center\" height=\"18\">Capacidad<\/td>\n<td style=\"text-align: center\">5 ml<\/td>\n<\/tr>\n<tr style=\"height: 13.50pt\">\n<td style=\"height: 13.5pt;text-align: center\" height=\"18\">Dimensiones<\/td>\n<td style=\"text-align: center\">1,7 * 8,1 cm<\/td>\n<\/tr>\n<tr style=\"height: 13.50pt\">\n<td style=\"height: 13.5pt;text-align: center\" height=\"18\">Material<\/td>\n<td style=\"text-align: center\">Aluminio con ventana de cristal transparente<\/td>\n<\/tr>\n<tr style=\"height: 13.50pt\">\n<td style=\"height: 13.5pt;text-align: center\" height=\"18\">Opciones de color<\/td>\n<td style=\"text-align: center\">Azul, Verde, Rojo, Amarillo, Morado<\/td>\n<\/tr>\n<tr style=\"height: 13.50pt\">\n<td style=\"height: 13.5pt;text-align: center\" height=\"18\">Ideal para<\/td>\n<td style=\"text-align: center\">Perfumes, aceites esenciales, sprays perfumados<\/td>\n<\/tr>\n<\/tbody>\n<\/table>\n<h2>Caso de \u00e9xito<\/h2>\n<p>Una marca francesa de perfumes se puso en contacto con nosotros para personalizar este frasco de aluminio para rellenar perfumes de su l\u00ednea port\u00e1til, con una ventana transparente para ver f\u00e1cilmente la cantidad restante. El frasco utiliza un proceso de anodizado para conseguir una variedad de colores vibrantes y lleva grabado el logotipo de la marca.<\/p>\n<p>Tras el lanzamiento del nuevo envase, las ventas de la l\u00ednea port\u00e1til de la marca aumentaron 38%.<\/p>\n<h2>Personaliza tu botella<\/h2>\n<ol>\n<li><strong>Material\u200d\u200d\u200d\u200d\u200d y opciones de capacidad:<\/strong> La combinaci\u00f3n de una carcasa exterior de aluminio con una botella interior de vidrio o pl\u00e1stico hace que el producto sea a la vez ligero y resistente. Las capacidades de 5 ml, 8 ml y 10 ml est\u00e1n disponibles para poder cubrir diferentes situaciones (viajes, llevar a diario, etc.).<\/li>\n<li><strong>Dise\u00f1o de la boquilla:<\/strong> Puede optar por una boquilla de niebla fina que puede refinarse a\u00fan m\u00e1s para una atomizaci\u00f3n m\u00e1s fina; o simplemente elegir un mecanismo de bloqueo giratorio para evitar la pulverizaci\u00f3n accidental y hacer que el dispositivo sea m\u00e1s port\u00e1til.<\/li>\n<li><strong>Forma y transparencia de la ventana:<\/strong> Hay ventanas de visualizaci\u00f3n personalizables de diferentes formas (tira, \u00f3valo, coraz\u00f3n, etc.) con transparencia variable para ser tan chic como \u200d\u200d\u200d\u200d\u00fatil.<\/li>\n<\/ol>","protected":false},"excerpt":{"rendered":"<p>Frasco de perfume ligero con ventana transparente. Perfume botella de recarga perfecta para viajar, f\u00e1cil de llevar y rellenar en cualquier momento.<\/p>","protected":false},"featured_media":7027,"comment_status":"open","ping_status":"closed","template":"","meta":{"_acf_changed":false,"site-sidebar-layout":"default","site-content-layout":"","ast-site-content-layout":"default","site-content-style":"default","site-sidebar-style":"default","ast-global-header-display":"","ast-banner-title-visibility":"","ast-main-header-display":"","ast-hfb-above-header-display":"","ast-hfb-below-header-display":"","ast-hfb-mobile-header-display":"","site-post-title":"","ast-breadcrumbs-content":"","ast-featured-img":"","footer-sml-layout":"","ast-disable-related-posts":"","theme-transparent-header-meta":"default","adv-header-id-meta":"","stick-header-meta":"","header-above-stick-meta":"","header-main-stick-meta":"","header-below-stick-meta":"","astra-migrate-meta-layouts":"set","ast-page-background-enabled":"default","ast-page-background-meta":{"desktop":{"background-color":"var(--ast-global-color-5)","background-image":"","background-repeat":"repeat","background-position":"center center","background-size":"auto","background-attachment":"scroll","background-type":"","background-media":"","overlay-type":"","overlay-color":"","overlay-opacity":"","overlay-gradient":""},"tablet":{"background-color":"","background-image":"","background-repeat":"repeat","background-position":"center center","background-size":"auto","background-attachment":"scroll","background-type":"","background-media":"","overlay-type":"","overlay-color":"","overlay-opacity":"","overlay-gradient":""},"mobile":{"background-color":"","background-image":"","background-repeat":"repeat","background-position":"center center","background-size":"auto","background-attachment":"scroll","background-type":"","background-media":"","overlay-type":"","overlay-color":"","overlay-opacity":"","overlay-gradient":""}},"ast-content-background-meta":{"desktop":{"background-color":"var(--ast-global-color-4)","background-image":"","background-repeat":"repeat","background-position":"center center","background-size":"auto","background-attachment":"scroll","background-type":"","background-media":"","overlay-type":"","overlay-color":"","overlay-opacity":"","overlay-gradient":""},"tablet":{"background-color":"var(--ast-global-color-4)","background-image":"","background-repeat":"repeat","background-position":"center center","background-size":"auto","background-attachment":"scroll","background-type":"","background-media":"","overlay-type":"","overlay-color":"","overlay-opacity":"","overlay-gradient":""},"mobile":{"background-color":"var(--ast-global-color-4)","background-image":"","background-repeat":"repeat","background-position":"center center","background-size":"auto","background-attachment":"scroll","background-type":"","background-media":"","overlay-type":"","overlay-color":"","overlay-opacity":"","overlay-gradient":""}}},"product_brand":[],"product_cat":[72,90],"product_tag":[],"class_list":{"0":"post-7026","1":"product","2":"type-product","3":"status-publish","4":"has-post-thumbnail","6":"product_cat-cosmetic-packaging","7":"product_cat-refillable-perfume-bottles","8":"desktop-align-left","9":"tablet-align-left","10":"mobile-align-left","12":"first","13":"instock","14":"shipping-taxable","15":"product-type-simple"},"acf":[],"jetpack_sharing_enabled":true,"_links":{"self":[{"href":"https:\/\/theperfumebottles.com\/es\/wp-json\/wp\/v2\/product\/7026","targetHints":{"allow":["GET"]}}],"collection":[{"href":"https:\/\/theperfumebottles.com\/es\/wp-json\/wp\/v2\/product"}],"about":[{"href":"https:\/\/theperfumebottles.com\/es\/wp-json\/wp\/v2\/types\/product"}],"replies":[{"embeddable":true,"href":"https:\/\/theperfumebottles.com\/es\/wp-json\/wp\/v2\/comments?post=7026"}],"wp:featuredmedia":[{"embeddable":true,"href":"https:\/\/theperfumebottles.com\/es\/wp-json\/wp\/v2\/media\/7027"}],"wp:attachment":[{"href":"https:\/\/theperfumebottles.com\/es\/wp-json\/wp\/v2\/media?parent=7026"}],"wp:term":[{"taxonomy":"product_brand","embeddable":true,"href":"https:\/\/theperfumebottles.com\/es\/wp-json\/wp\/v2\/product_brand?post=7026"},{"taxonomy":"product_cat","embeddable":true,"href":"https:\/\/theperfumebottles.com\/es\/wp-json\/wp\/v2\/product_cat?post=7026"},{"taxonomy":"product_tag","embeddable":true,"href":"https:\/\/theperfumebottles.com\/es\/wp-json\/wp\/v2\/product_tag?post=7026"}],"curies":[{"name":"wp","href":"https:\/\/api.w.org\/{rel}","templated":true}]}}