{"id":7031,"date":"2025-11-11T15:55:53","date_gmt":"2025-11-11T07:55:53","guid":{"rendered":"https:\/\/theperfumebottles.com\/?post_type=product&#038;p=7031"},"modified":"2025-11-11T17:29:30","modified_gmt":"2025-11-11T09:29:30","slug":"10ml-double-end-perfume-bottles-wholesaler","status":"publish","type":"product","link":"https:\/\/theperfumebottles.com\/es\/product\/10ml-double-end-perfume-bottles-wholesaler\/","title":{"rendered":"Frascos de perfume de doble extremo de 10 ml para viaje, fragancias a granel"},"content":{"rendered":"<p>Sin renunciar al estilo, buscas un frasco de perfume que cumpla dos funciones a la vez. Nuestros frascos de perfume de 10 ml con doble extremo son justo lo que necesitas: dise\u00f1ados para la belleza y la practicidad diaria. Uno de estos frascos de vidrio 2 en 1 transformar\u00e1 por completo tu experiencia con las fragancias y te sorprender\u00e1.<\/p>\n<h2>Especificaciones clave<\/h2>\n<table style=\"border-collapse: collapse;width: 80%;margin-left: auto;margin-right: auto\" border=\"0\" width=\"144\" cellspacing=\"0\" cellpadding=\"0\">\n<tbody>\n<tr style=\"height: 13.50pt\">\n<td style=\"height: 13.5pt;width: 54pt;text-align: center\" width=\"72\" height=\"18\">Caracter\u00edstica<\/td>\n<td style=\"width: 54pt;text-align: center\" width=\"72\">Detalles<\/td>\n<\/tr>\n<tr style=\"height: 13.50pt\">\n<td style=\"height: 13.5pt;text-align: center\" height=\"18\">Capacidad<\/td>\n<td style=\"text-align: center\">10 ml<\/td>\n<\/tr>\n<tr style=\"height: 13.50pt\">\n<td style=\"height: 13.5pt;text-align: center\" height=\"18\">Dimensiones<\/td>\n<td style=\"text-align: center\">1,9 * 10,5 cm<\/td>\n<\/tr>\n<tr style=\"height: 13.50pt\">\n<td style=\"height: 13.5pt;text-align: center\" height=\"18\">Opciones de vidrio<\/td>\n<td style=\"text-align: center\">Transparente o \u00e1mbar<\/td>\n<\/tr>\n<tr style=\"height: 13.50pt\">\n<td style=\"height: 13.5pt;text-align: center\" height=\"18\">Colores de gorra<\/td>\n<td style=\"text-align: center\">Negro, Plata, Oro (Personalizable)<\/td>\n<\/tr>\n<tr style=\"height: 13.50pt\">\n<td style=\"height: 13.5pt;text-align: center\" height=\"18\">Tipos de atomizadores<\/td>\n<td style=\"text-align: center\">Spray y roll-on (doble cabezal)<\/td>\n<\/tr>\n<tr style=\"height: 13.50pt\">\n<td style=\"height: 13.5pt;text-align: center\" height=\"18\">Ideal para<\/td>\n<td style=\"text-align: center\">Perfumes, aceites esenciales, sprays corporales<\/td>\n<\/tr>\n<\/tbody>\n<\/table>\n<h2>Caso de \u00e9xito<\/h2>\n<p>Una marca espa\u00f1ola de perfumes nos contact\u00f3 para personalizar este frasco de recarga de perfume de doble extremo. Un extremo funciona como un pulverizador de bruma fina y el otro como un aplicador roll-on de acero inoxidable para una aplicaci\u00f3n precisa. Eligieron un acabado \u00e1mbar degradado y grabaron con l\u00e1ser el logotipo de la marca en el tap\u00f3n met\u00e1lico, logrando as\u00ed una est\u00e9tica minimalista y a la vez lujosa, perfecta para ellos.<\/p>\n<p>Esta peque\u00f1a e ingeniosa idea fue muy solicitada por los clientes y, en consecuencia, las ventas de los productos de tama\u00f1o viaje aumentaron un 30% despu\u00e9s del lanzamiento.<\/p>\n<h2>Personaliza tu botella<\/h2>\n<ol>\n<li><strong>Personalizaci\u00f3n del color de la botella:<\/strong> Seleccione entre acabados transparentes, marrones, degradados o esmerilados para que combinen con la l\u00ednea de perfumes de su marca o con la tem\u00e1tica de temporada.<\/li>\n<li><strong>Material y color de la gorra:<\/strong> Presenta diferentes acabados met\u00e1licos como oro electrochapado, plata, negro y oro rosa, que mejoran el nivel general del producto.<\/li>\n<li><strong>Combinaci\u00f3n de pulverizador y boquilla de rodillo:<\/strong> Una boquilla de pulverizaci\u00f3n individual personalizada, un dise\u00f1o de doble cabezal o una estructura extra\u00edble para facilitar el llenado y el uso multifuncional.<\/li>\n<\/ol>","protected":false},"excerpt":{"rendered":"<p>Elegantes frascos de perfume de doble extremo fabricados en vidrio resistente con un dise\u00f1o 2 en 1, perfectos para llevar dos fragancias en un envase compacto y a prueba de fugas.<\/p>","protected":false},"featured_media":7033,"comment_status":"open","ping_status":"closed","template":"","meta":{"_acf_changed":false,"site-sidebar-layout":"default","site-content-layout":"","ast-site-content-layout":"default","site-content-style":"default","site-sidebar-style":"default","ast-global-header-display":"","ast-banner-title-visibility":"","ast-main-header-display":"","ast-hfb-above-header-display":"","ast-hfb-below-header-display":"","ast-hfb-mobile-header-display":"","site-post-title":"","ast-breadcrumbs-content":"","ast-featured-img":"","footer-sml-layout":"","ast-disable-related-posts":"","theme-transparent-header-meta":"default","adv-header-id-meta":"","stick-header-meta":"","header-above-stick-meta":"","header-main-stick-meta":"","header-below-stick-meta":"","astra-migrate-meta-layouts":"set","ast-page-background-enabled":"default","ast-page-background-meta":{"desktop":{"background-color":"var(--ast-global-color-5)","background-image":"","background-repeat":"repeat","background-position":"center center","background-size":"auto","background-attachment":"scroll","background-type":"","background-media":"","overlay-type":"","overlay-color":"","overlay-opacity":"","overlay-gradient":""},"tablet":{"background-color":"","background-image":"","background-repeat":"repeat","background-position":"center center","background-size":"auto","background-attachment":"scroll","background-type":"","background-media":"","overlay-type":"","overlay-color":"","overlay-opacity":"","overlay-gradient":""},"mobile":{"background-color":"","background-image":"","background-repeat":"repeat","background-position":"center center","background-size":"auto","background-attachment":"scroll","background-type":"","background-media":"","overlay-type":"","overlay-color":"","overlay-opacity":"","overlay-gradient":""}},"ast-content-background-meta":{"desktop":{"background-color":"var(--ast-global-color-4)","background-image":"","background-repeat":"repeat","background-position":"center center","background-size":"auto","background-attachment":"scroll","background-type":"","background-media":"","overlay-type":"","overlay-color":"","overlay-opacity":"","overlay-gradient":""},"tablet":{"background-color":"var(--ast-global-color-4)","background-image":"","background-repeat":"repeat","background-position":"center center","background-size":"auto","background-attachment":"scroll","background-type":"","background-media":"","overlay-type":"","overlay-color":"","overlay-opacity":"","overlay-gradient":""},"mobile":{"background-color":"var(--ast-global-color-4)","background-image":"","background-repeat":"repeat","background-position":"center center","background-size":"auto","background-attachment":"scroll","background-type":"","background-media":"","overlay-type":"","overlay-color":"","overlay-opacity":"","overlay-gradient":""}}},"product_brand":[],"product_cat":[72,90,41],"product_tag":[],"class_list":{"0":"post-7031","1":"product","2":"type-product","3":"status-publish","4":"has-post-thumbnail","6":"product_cat-cosmetic-packaging","7":"product_cat-refillable-perfume-bottles","8":"product_cat-perfume-bottles","9":"desktop-align-left","10":"tablet-align-left","11":"mobile-align-left","13":"first","14":"instock","15":"shipping-taxable","16":"product-type-simple"},"acf":[],"jetpack_sharing_enabled":true,"_links":{"self":[{"href":"https:\/\/theperfumebottles.com\/es\/wp-json\/wp\/v2\/product\/7031","targetHints":{"allow":["GET"]}}],"collection":[{"href":"https:\/\/theperfumebottles.com\/es\/wp-json\/wp\/v2\/product"}],"about":[{"href":"https:\/\/theperfumebottles.com\/es\/wp-json\/wp\/v2\/types\/product"}],"replies":[{"embeddable":true,"href":"https:\/\/theperfumebottles.com\/es\/wp-json\/wp\/v2\/comments?post=7031"}],"wp:featuredmedia":[{"embeddable":true,"href":"https:\/\/theperfumebottles.com\/es\/wp-json\/wp\/v2\/media\/7033"}],"wp:attachment":[{"href":"https:\/\/theperfumebottles.com\/es\/wp-json\/wp\/v2\/media?parent=7031"}],"wp:term":[{"taxonomy":"product_brand","embeddable":true,"href":"https:\/\/theperfumebottles.com\/es\/wp-json\/wp\/v2\/product_brand?post=7031"},{"taxonomy":"product_cat","embeddable":true,"href":"https:\/\/theperfumebottles.com\/es\/wp-json\/wp\/v2\/product_cat?post=7031"},{"taxonomy":"product_tag","embeddable":true,"href":"https:\/\/theperfumebottles.com\/es\/wp-json\/wp\/v2\/product_tag?post=7031"}],"curies":[{"name":"wp","href":"https:\/\/api.w.org\/{rel}","templated":true}]}}