{"id":7062,"date":"2025-11-20T11:41:58","date_gmt":"2025-11-20T03:41:58","guid":{"rendered":"https:\/\/theperfumebottles.com\/?post_type=product&#038;p=7062"},"modified":"2025-11-20T17:15:55","modified_gmt":"2025-11-20T09:15:55","slug":"2-in-1-spray-bottle-with-roller-ball-wholesale","status":"publish","type":"product","link":"https:\/\/theperfumebottles.com\/es\/product\/2-in-1-spray-bottle-with-roller-ball-wholesale\/","title":{"rendered":"Botella pulverizadora 2 en 1 con bola de rodillo, venta al por mayor, 10 ml"},"content":{"rendered":"<p>El frasco de perfume que buscas no solo debe ser eficiente, sino tambi\u00e9n atractivo. Nuestros peque\u00f1os frascos roll-on de vidrio de 10 ml son justo lo que buscabas: una aut\u00e9ntica experiencia 2 en 1 con atomizador, ideal para tu l\u00ednea de fragancias. Este frasco de perfume de vidrio, sin duda, har\u00e1 brillar tu marca, algo irresistible.<\/p>\n<h2>Especificaciones clave<\/h2>\n<table style=\"border-collapse: collapse;width: 80%;margin-left: auto;margin-right: auto\" border=\"0\" width=\"144\" cellspacing=\"0\" cellpadding=\"0\">\n<tbody>\n<tr style=\"height: 13.50pt\">\n<td style=\"height: 13.5pt;width: 54pt;text-align: center\" width=\"72\" height=\"18\">Caracter\u00edstica<\/td>\n<td style=\"width: 54pt;text-align: center\" width=\"72\">Detalles<\/td>\n<\/tr>\n<tr style=\"height: 13.50pt\">\n<td style=\"height: 13.5pt;text-align: center\" height=\"18\">Capacidad<\/td>\n<td style=\"text-align: center\">10 ml<\/td>\n<\/tr>\n<tr style=\"height: 13.50pt\">\n<td style=\"height: 13.5pt;text-align: center\" height=\"18\">Dimensiones<\/td>\n<td style=\"text-align: center\">1,6 * 10,0 cm<\/td>\n<\/tr>\n<tr style=\"height: 13.50pt\">\n<td style=\"height: 13.5pt;text-align: center\" height=\"18\">Bandera<\/td>\n<td style=\"text-align: center\">Plata, Negro, Oro (Personalizable)<\/td>\n<\/tr>\n<tr style=\"height: 13.50pt\">\n<td style=\"height: 13.5pt;text-align: center\" height=\"18\">Atomizador<\/td>\n<td style=\"text-align: center\">Rociador y rodillo (cabezal doble)<\/td>\n<\/tr>\n<tr style=\"height: 13.50pt\">\n<td style=\"height: 13.5pt;text-align: center\" height=\"18\">Ideal para<\/td>\n<td style=\"text-align: center\">Perfumes, aceites esenciales, sprays perfumados<\/td>\n<\/tr>\n<\/tbody>\n<\/table>\n<h2>Caso de \u00e9xito<\/h2>\n<p>Una empresa canadiense de perfumes nos contact\u00f3 buscando un envase port\u00e1til que pudiera contener tanto una fina bruma de perfume como una mezcla de aceites naturales. Nuestra soluci\u00f3n fue un frasco con pulverizador 2 en 1 con un elegante exterior met\u00e1lico y un peque\u00f1o aplicador de bola de cristal integrado. Tras personalizar el color del frasco y mejorar el dosificador para una bruma m\u00e1s suave, la marca present\u00f3 una colecci\u00f3n en formato viaje, que se convirti\u00f3 en su regalo m\u00e1s vendido en poco tiempo.<\/p>\n<p>El volumen de pedidos de grandes cantidades ha aumentado un 40% en tan solo dos meses.<\/p>\n<h2>Personaliza tu botella de spray 2 en 1<\/h2>\n<ol>\n<li><strong>Ajustable\u200b\u200d\u200b\u200c\u200d\u200b\u200d\u200c\u200b\u200d\u200b\u200c\u200d\u200b\u200d\u200c Color de galvanoplastia:<\/strong> Elija el color del galvanizado, como oro, plata, oro rosa, bronce o cualquier otro, para darle a su marca un aspecto m\u00e1s consistente.<\/li>\n<li><strong>Diferentes materiales para el rodamiento de bolas:<\/strong> Proporciona diferentes tipos de rodamientos de bolas, como vidrio, acero inoxidable y cer\u00e1mica, para combinar con la textura de los aceites esenciales o perfumes.<\/li>\n<li><strong>Marca y patr\u00f3n decorativo:<\/strong> Seleccionando entre serigraf\u00eda, grabado l\u00e1ser, estampaci\u00f3n en caliente y otras t\u00e9cnicas para indicar su marca y aumentar el reconocimiento de marca.<\/li>\n<\/ol>","protected":false},"excerpt":{"rendered":"<p>Botella pulverizadora vers\u00e1til 2 en 1 con aplicador roll-on, ideal para fragancias o aceites. Suministro directo de f\u00e1brica con opciones personalizadas. Disponible para entrega inmediata.<\/p>","protected":false},"featured_media":7063,"comment_status":"open","ping_status":"closed","template":"","meta":{"_acf_changed":false,"site-sidebar-layout":"default","site-content-layout":"","ast-site-content-layout":"default","site-content-style":"default","site-sidebar-style":"default","ast-global-header-display":"","ast-banner-title-visibility":"","ast-main-header-display":"","ast-hfb-above-header-display":"","ast-hfb-below-header-display":"","ast-hfb-mobile-header-display":"","site-post-title":"","ast-breadcrumbs-content":"","ast-featured-img":"","footer-sml-layout":"","ast-disable-related-posts":"","theme-transparent-header-meta":"default","adv-header-id-meta":"","stick-header-meta":"","header-above-stick-meta":"","header-main-stick-meta":"","header-below-stick-meta":"","astra-migrate-meta-layouts":"set","ast-page-background-enabled":"default","ast-page-background-meta":{"desktop":{"background-color":"var(--ast-global-color-5)","background-image":"","background-repeat":"repeat","background-position":"center center","background-size":"auto","background-attachment":"scroll","background-type":"","background-media":"","overlay-type":"","overlay-color":"","overlay-opacity":"","overlay-gradient":""},"tablet":{"background-color":"","background-image":"","background-repeat":"repeat","background-position":"center center","background-size":"auto","background-attachment":"scroll","background-type":"","background-media":"","overlay-type":"","overlay-color":"","overlay-opacity":"","overlay-gradient":""},"mobile":{"background-color":"","background-image":"","background-repeat":"repeat","background-position":"center center","background-size":"auto","background-attachment":"scroll","background-type":"","background-media":"","overlay-type":"","overlay-color":"","overlay-opacity":"","overlay-gradient":""}},"ast-content-background-meta":{"desktop":{"background-color":"var(--ast-global-color-4)","background-image":"","background-repeat":"repeat","background-position":"center center","background-size":"auto","background-attachment":"scroll","background-type":"","background-media":"","overlay-type":"","overlay-color":"","overlay-opacity":"","overlay-gradient":""},"tablet":{"background-color":"var(--ast-global-color-4)","background-image":"","background-repeat":"repeat","background-position":"center center","background-size":"auto","background-attachment":"scroll","background-type":"","background-media":"","overlay-type":"","overlay-color":"","overlay-opacity":"","overlay-gradient":""},"mobile":{"background-color":"var(--ast-global-color-4)","background-image":"","background-repeat":"repeat","background-position":"center center","background-size":"auto","background-attachment":"scroll","background-type":"","background-media":"","overlay-type":"","overlay-color":"","overlay-opacity":"","overlay-gradient":""}}},"product_brand":[],"product_cat":[72,90,41],"product_tag":[],"class_list":{"0":"post-7062","1":"product","2":"type-product","3":"status-publish","4":"has-post-thumbnail","6":"product_cat-cosmetic-packaging","7":"product_cat-refillable-perfume-bottles","8":"product_cat-perfume-bottles","9":"desktop-align-left","10":"tablet-align-left","11":"mobile-align-left","13":"first","14":"instock","15":"shipping-taxable","16":"product-type-simple"},"acf":[],"jetpack_sharing_enabled":true,"_links":{"self":[{"href":"https:\/\/theperfumebottles.com\/es\/wp-json\/wp\/v2\/product\/7062","targetHints":{"allow":["GET"]}}],"collection":[{"href":"https:\/\/theperfumebottles.com\/es\/wp-json\/wp\/v2\/product"}],"about":[{"href":"https:\/\/theperfumebottles.com\/es\/wp-json\/wp\/v2\/types\/product"}],"replies":[{"embeddable":true,"href":"https:\/\/theperfumebottles.com\/es\/wp-json\/wp\/v2\/comments?post=7062"}],"wp:featuredmedia":[{"embeddable":true,"href":"https:\/\/theperfumebottles.com\/es\/wp-json\/wp\/v2\/media\/7063"}],"wp:attachment":[{"href":"https:\/\/theperfumebottles.com\/es\/wp-json\/wp\/v2\/media?parent=7062"}],"wp:term":[{"taxonomy":"product_brand","embeddable":true,"href":"https:\/\/theperfumebottles.com\/es\/wp-json\/wp\/v2\/product_brand?post=7062"},{"taxonomy":"product_cat","embeddable":true,"href":"https:\/\/theperfumebottles.com\/es\/wp-json\/wp\/v2\/product_cat?post=7062"},{"taxonomy":"product_tag","embeddable":true,"href":"https:\/\/theperfumebottles.com\/es\/wp-json\/wp\/v2\/product_tag?post=7062"}],"curies":[{"name":"wp","href":"https:\/\/api.w.org\/{rel}","templated":true}]}}