{"id":3,"date":"2024-12-05T06:22:48","date_gmt":"2024-12-05T06:22:48","guid":{"rendered":"https:\/\/theperfumebottles.com\/?page_id=3"},"modified":"2025-10-31T10:10:35","modified_gmt":"2025-10-31T02:10:35","slug":"privacy-policy","status":"publish","type":"page","link":"https:\/\/theperfumebottles.com\/fi\/privacy-policy\/","title":{"rendered":"Tietosuojak\u00e4yt\u00e4nt\u00f6"},"content":{"rendered":"<div data-elementor-type=\"wp-page\" data-elementor-id=\"3\" class=\"elementor elementor-3\" data-elementor-settings=\"{&quot;ha_cmc_init_switcher&quot;:&quot;no&quot;}\" data-elementor-post-type=\"page\">\n\t\t\t\t<div class=\"elementor-element elementor-element-7292605e e-flex e-con-boxed e-con e-parent\" data-id=\"7292605e\" data-element_type=\"container\" data-e-type=\"container\" data-settings=\"{&quot;_ha_eqh_enable&quot;:false}\">\n\t\t\t\t\t<div class=\"e-con-inner\">\n\t\t\t\t<div class=\"elementor-element elementor-element-23aa057f elementor-widget elementor-widget-text-editor\" data-id=\"23aa057f\" data-element_type=\"widget\" data-e-type=\"widget\" data-widget_type=\"text-editor.default\">\n\t\t\t\t<div class=\"elementor-widget-container\">\n\t\t\t\t\t\t\t\t\t<p>T\u00e4ss\u00e4 tietosuojak\u00e4yt\u00e4nn\u00f6ss\u00e4 kuvataan, miten henkil\u00f6kohtaisia tietojasi ker\u00e4t\u00e4\u00e4n, k\u00e4ytet\u00e4\u00e4n ja jaetaan, kun vierailet osoitteessa theperfumebottles.com (\"Sivusto\") tai teet ostoksia sielt\u00e4.<\/p>\n<p><span style=\"color: #002b5b;\"><strong>KER\u00c4\u00c4M\u00c4MME HENKIL\u00d6TIEDOT<\/strong><\/span><\/p>\n<p>Kun vierailet sivustolla, ker\u00e4\u00e4mme automaattisesti tiettyj\u00e4 tietoja laitteestasi, mukaan lukien tiedot verkkoselaimestasi, IP-osoitteestasi, aikavy\u00f6hykkeest\u00e4 ja joistakin laitteeseesi asennetuista ev\u00e4steist\u00e4. Lis\u00e4ksi, kun selaat Sivustoa, ker\u00e4\u00e4mme tietoja yksitt\u00e4isist\u00e4 verkkosivuista tai tuotteista, joita katselet, siit\u00e4, mitk\u00e4 verkkosivustot tai hakusanat ohjasivat sinut Sivustolle, ja tietoja siit\u00e4, miten olet vuorovaikutuksessa Sivuston kanssa. Viittaamme n\u00e4ihin automaattisesti ker\u00e4ttyihin tietoihin nimell\u00e4 \"laitetiedot\".<\/p>\n<p>Ker\u00e4\u00e4mme laitetietoja seuraavien tekniikoiden avulla:<br \/>- \"Ev\u00e4steet\" ovat datatiedostoja, jotka sijoitetaan laitteeseesi tai tietokoneeseesi ja jotka sis\u00e4lt\u00e4v\u00e4t usein anonyymin yksil\u00f6llisen tunnisteen. Lis\u00e4tietoja ev\u00e4steist\u00e4 ja ev\u00e4steiden poistamisesta k\u00e4yt\u00f6st\u00e4 saat osoitteesta http:\/\/www.allaboutcookies.org.<br \/>- \"Lokitiedostot\" seuraavat sivustolla tapahtuvia toimia ja ker\u00e4\u00e4v\u00e4t tietoja, kuten IP-osoitteen, selaimen tyypin, Internet-palveluntarjoajan, viittaavat\/poistuvat sivut sek\u00e4 p\u00e4iv\u00e4m\u00e4\u00e4r\u00e4-\/aikaleimat.<br \/>- \"Verkkomajakat\", \"tunnisteet\" ja \"pikselit\" ovat s\u00e4hk\u00f6isi\u00e4 tiedostoja, joita k\u00e4ytet\u00e4\u00e4n tallentamaan tietoja siit\u00e4, miten selaat sivustoa.<\/p>\n<p>Lis\u00e4ksi kun teet ostoksen tai yrit\u00e4t tehd\u00e4 ostoksen Sivuston kautta, ker\u00e4\u00e4mme sinulta tiettyj\u00e4 tietoja, kuten nimesi, laskutusosoitteesi, toimitusosoitteesi, maksutiedot, s\u00e4hk\u00f6postiosoitteesi ja puhelinnumerosi. Kutsumme n\u00e4it\u00e4 tietoja \"tilaustiedoiksi\".<\/p>\n<p>Kun puhumme t\u00e4ss\u00e4 tietosuojak\u00e4yt\u00e4nn\u00f6ss\u00e4 \"henkil\u00f6tiedoista\", tarkoitamme sek\u00e4 laitetietoja ett\u00e4 tilaustietoja.<\/p>\n<p><span style=\"color: #002b5b;\"><strong>MITEN K\u00c4YT\u00c4MME HENKIL\u00d6TIETOJASI?<\/strong><\/span><\/p>\n<p>K\u00e4yt\u00e4mme ker\u00e4\u00e4mi\u00e4mme tilaustietoja yleisesti Sivuston kautta tehtyjen tilausten t\u00e4ytt\u00e4miseen (mukaan lukien maksutietojen k\u00e4sittely, toimituksen j\u00e4rjest\u00e4minen ja laskujen ja\/tai tilausvahvistusten toimittaminen sinulle). Lis\u00e4ksi k\u00e4yt\u00e4mme n\u00e4it\u00e4 tilaustietoja seuraaviin tarkoituksiin:<br \/>- Kommunikoi kanssasi;<br \/>- Seuloa tilauksemme mahdollisten riskien tai petosten varalta; <br \/>- tarjota sinulle tuotteisiimme tai palveluihimme liittyv\u00e4\u00e4 tietoa tai mainontaa, kun se on sopusoinnussa kanssamme jakamiesi mieltymysten kanssa.<\/p>\n<p>K\u00e4yt\u00e4mme ker\u00e4\u00e4mi\u00e4mme laitetietoja auttaaksemme meit\u00e4 seulomaan mahdollisia riskej\u00e4 ja petoksia (erityisesti IP-osoitettasi) ja yleisemmin parantaaksemme ja optimoidaksemme Sivustoamme (esimerkiksi tuottamalla analyysej\u00e4 siit\u00e4, miten asiakkaamme selaavat Sivustoa ja ovat vuorovaikutuksessa sen kanssa, ja arvioidaksemme markkinointi- ja mainoskampanjoidemme onnistumista).<\/p>\n<p><span style=\"color: #002b5b;\"><strong>HENKIL\u00d6TIETOJESI JAKAMINEN<\/strong><\/span><\/p>\n<p>Jaamme henkil\u00f6tietojasi kolmansille osapuolille, jotka auttavat meit\u00e4 k\u00e4ytt\u00e4m\u00e4\u00e4n henkil\u00f6tietojasi edell\u00e4 kuvatulla tavalla. <br \/>K\u00e4yt\u00e4mme Google Analyticsia, jotta voimme ymm\u00e4rt\u00e4\u00e4, miten asiakkaamme k\u00e4ytt\u00e4v\u00e4t Sivustoa - voit lukea lis\u00e4\u00e4 siit\u00e4, miten Google k\u00e4ytt\u00e4\u00e4 henkil\u00f6kohtaisia tietojasi t\u00e4\u00e4lt\u00e4: https:\/\/www.google.com\/intl\/en\/policies\/privacy\/. Voit my\u00f6s kielt\u00e4\u00e4 Google Analyticsin k\u00e4yt\u00f6n t\u00e4\u00e4ll\u00e4: https:\/\/tools.google.com\/dlpage\/gaoptout\/.<\/p>\n<p>Voimme my\u00f6s jakaa henkil\u00f6kohtaisia tietojasi noudattaaksemme sovellettavia lakeja ja m\u00e4\u00e4r\u00e4yksi\u00e4, vastataksemme haasteeseen, etsint\u00e4lupaan tai muuhun lailliseen tietopyynt\u00f6\u00f6n tai muutoin suojellaksemme oikeuksiamme.<\/p>\n<p><span style=\"color: #002b5b;\"><strong>\u00c4L\u00c4 SEURAA<\/strong><\/span><\/p>\n<p>Huomaa, ett\u00e4 emme muuta sivustomme tietojen ker\u00e4ys- ja k\u00e4ytt\u00f6k\u00e4yt\u00e4nt\u00f6j\u00e4, kun n\u00e4emme selaimestasi Do Not Track -signaalin.<\/p>\n<p><span style=\"color: #002b5b;\"><strong>SINUN OIKEUTESI<\/strong><\/span><\/p>\n<p>Jos olet Euroopassa asuva henkil\u00f6, sinulla on oikeus tutustua sinusta hallussamme oleviin henkil\u00f6tietoihin ja pyyt\u00e4\u00e4, ett\u00e4 henkil\u00f6tietosi korjataan, p\u00e4ivitet\u00e4\u00e4n tai poistetaan. Jos haluat k\u00e4ytt\u00e4\u00e4 t\u00e4t\u00e4 oikeutta, ota meihin yhteytt\u00e4 alla olevien yhteystietojen kautta.<\/p>\n<p>Lis\u00e4ksi, jos asut Euroopassa, toteamme, ett\u00e4 k\u00e4sittelemme tietojasi t\u00e4ytt\u00e4\u00e4kseen kanssasi mahdollisesti tekem\u00e4mme sopimukset (esimerkiksi jos teet tilauksen sivuston kautta) tai muutoin noudattaaksemme edell\u00e4 mainittuja oikeutettuja liiketoimintaetujamme. Huomaa lis\u00e4ksi, ett\u00e4 tietojasi siirret\u00e4\u00e4n Euroopan ulkopuolelle, my\u00f6s Kanadaan ja Yhdysvaltoihin.<\/p>\n<p><span style=\"color: #002b5b;\"><strong>TIETOJEN S\u00c4ILYTT\u00c4MINEN<\/strong><\/span><\/p>\n<p>Kun teet tilauksen Sivuston kautta, s\u00e4ilyt\u00e4mme tilaustietosi tallenteissamme, ellet pyyd\u00e4 meit\u00e4 poistamaan n\u00e4it\u00e4 tietoja.<\/p>\n<p><span style=\"color: #002b5b;\"><strong>MUUTOKSET<\/strong><\/span><\/p>\n<p>Saatamme ajoittain p\u00e4ivitt\u00e4\u00e4 t\u00e4t\u00e4 tietosuojak\u00e4yt\u00e4nt\u00f6\u00e4 esimerkiksi k\u00e4yt\u00e4nt\u00f6jemme muutosten vuoksi tai muista toiminnallisista, oikeudellisista tai s\u00e4\u00e4ntelyyn liittyvist\u00e4 syist\u00e4.<\/p>\n<p><span style=\"color: #002b5b;\"><strong>MINORS<\/strong><\/span><\/p>\n<p>Sivustoa ei ole tarkoitettu alle 18-vuotiaille.<\/p>\n<p><span style=\"color: #002b5b;\"><strong>OTA YHTEYTT\u00c4<\/strong><\/span><\/p>\n<p>Jos haluat lis\u00e4tietoja tietosuojak\u00e4yt\u00e4nn\u00f6ist\u00e4mme, jos sinulla on kysytt\u00e4v\u00e4\u00e4 tai jos haluat tehd\u00e4 valituksen, ota meihin yhteytt\u00e4.<\/p>\t\t\t\t\t\t\t\t<\/div>\n\t\t\t\t<\/div>\n\t\t\t\t\t<\/div>\n\t\t\t\t<\/div>\n\t\t\t\t<\/div>","protected":false},"excerpt":{"rendered":"<p>T\u00e4ss\u00e4 tietosuojak\u00e4yt\u00e4nn\u00f6ss\u00e4 kuvataan, miten henkil\u00f6kohtaisia tietojasi ker\u00e4t\u00e4\u00e4n, k\u00e4ytet\u00e4\u00e4n ja jaetaan, kun vierailet tai teet ostoksia [...]<\/p>","protected":false},"author":1,"featured_media":0,"parent":0,"menu_order":111,"comment_status":"closed","ping_status":"closed","template":"","meta":{"_acf_changed":false,"site-sidebar-layout":"default","site-content-layout":"","ast-site-content-layout":"default","site-content-style":"default","site-sidebar-style":"default","ast-global-header-display":"","ast-banner-title-visibility":"","ast-main-header-display":"","ast-hfb-above-header-display":"","ast-hfb-below-header-display":"","ast-hfb-mobile-header-display":"","site-post-title":"","ast-breadcrumbs-content":"","ast-featured-img":"","footer-sml-layout":"","ast-disable-related-posts":"","theme-transparent-header-meta":"","adv-header-id-meta":"","stick-header-meta":"","header-above-stick-meta":"","header-main-stick-meta":"","header-below-stick-meta":"","astra-migrate-meta-layouts":"default","ast-page-background-enabled":"default","ast-page-background-meta":{"desktop":{"background-color":"var(--ast-global-color-5)","background-image":"","background-repeat":"repeat","background-position":"center center","background-size":"auto","background-attachment":"scroll","background-type":"","background-media":"","overlay-type":"","overlay-color":"","overlay-opacity":"","overlay-gradient":""},"tablet":{"background-color":"","background-image":"","background-repeat":"repeat","background-position":"center center","background-size":"auto","background-attachment":"scroll","background-type":"","background-media":"","overlay-type":"","overlay-color":"","overlay-opacity":"","overlay-gradient":""},"mobile":{"background-color":"","background-image":"","background-repeat":"repeat","background-position":"center center","background-size":"auto","background-attachment":"scroll","background-type":"","background-media":"","overlay-type":"","overlay-color":"","overlay-opacity":"","overlay-gradient":""}},"ast-content-background-meta":{"desktop":{"background-color":"var(--ast-global-color-4)","background-image":"","background-repeat":"repeat","background-position":"center center","background-size":"auto","background-attachment":"scroll","background-type":"","background-media":"","overlay-type":"","overlay-color":"","overlay-opacity":"","overlay-gradient":""},"tablet":{"background-color":"var(--ast-global-color-4)","background-image":"","background-repeat":"repeat","background-position":"center center","background-size":"auto","background-attachment":"scroll","background-type":"","background-media":"","overlay-type":"","overlay-color":"","overlay-opacity":"","overlay-gradient":""},"mobile":{"background-color":"var(--ast-global-color-4)","background-image":"","background-repeat":"repeat","background-position":"center center","background-size":"auto","background-attachment":"scroll","background-type":"","background-media":"","overlay-type":"","overlay-color":"","overlay-opacity":"","overlay-gradient":""}},"footnotes":""},"class_list":["post-3","page","type-page","status-publish","hentry"],"acf":[],"jetpack_sharing_enabled":true,"_links":{"self":[{"href":"https:\/\/theperfumebottles.com\/fi\/wp-json\/wp\/v2\/pages\/3","targetHints":{"allow":["GET"]}}],"collection":[{"href":"https:\/\/theperfumebottles.com\/fi\/wp-json\/wp\/v2\/pages"}],"about":[{"href":"https:\/\/theperfumebottles.com\/fi\/wp-json\/wp\/v2\/types\/page"}],"author":[{"embeddable":true,"href":"https:\/\/theperfumebottles.com\/fi\/wp-json\/wp\/v2\/users\/1"}],"replies":[{"embeddable":true,"href":"https:\/\/theperfumebottles.com\/fi\/wp-json\/wp\/v2\/comments?post=3"}],"version-history":[{"count":5,"href":"https:\/\/theperfumebottles.com\/fi\/wp-json\/wp\/v2\/pages\/3\/revisions"}],"predecessor-version":[{"id":2216,"href":"https:\/\/theperfumebottles.com\/fi\/wp-json\/wp\/v2\/pages\/3\/revisions\/2216"}],"wp:attachment":[{"href":"https:\/\/theperfumebottles.com\/fi\/wp-json\/wp\/v2\/media?parent=3"}],"curies":[{"name":"wp","href":"https:\/\/api.w.org\/{rel}","templated":true}]}}