{"id":1698,"date":"2025-01-20T09:14:51","date_gmt":"2025-01-20T09:14:51","guid":{"rendered":"https:\/\/theperfumebottles.com\/?post_type=product&#038;p=1698"},"modified":"2025-05-30T13:11:05","modified_gmt":"2025-05-30T05:11:05","slug":"customizable-glass-perfume-bottles","status":"publish","type":"product","link":"https:\/\/theperfumebottles.com\/fi\/tuote\/customizable-glass-perfume-bottles\/","title":{"rendered":"30 ml 50 ml 100 ml litteit\u00e4 lasipulloja hajuvesipulloja"},"content":{"rendered":"<p>T\u00e4m\u00e4 litte\u00e4 lasinen hajuvesipullo on yht\u00e4 korkea kuin moderni rakennus, mutta sen py\u00f6ristetyt kulmat k\u00e4tkev\u00e4t sis\u00e4\u00e4ns\u00e4 klassista charmia. Kolme tilavuutta (30\/50\/100 ml) vaihtelevat k\u00e4simatkatavarasta lahjapakkaukseen, ja ne t\u00e4ytt\u00e4v\u00e4t useiden eri tilanteiden tarpeet. 3,5 mm paksuinen kristallilasi on kuin j\u00e4hmettynyt kuunvalo, joka saa tuoksuv\u00e4rin n\u00e4ytt\u00e4m\u00e4\u00e4n taideteokselta. R\u00e4\u00e4t\u00e4l\u00f6intivaihtoehtojen, kuten silkkipainatuksen, kuorrutuksen ja v\u00e4riruiskutuksen ansiosta br\u00e4nditarina voi loistaa yksinomaan pullossa. Patentoitu pumppup\u00e4\u00e4n muotoilu mahdollistaa tarkan suihkuttamisen, ja olipa se sitten henkil\u00f6kohtaiseen k\u00e4ytt\u00f6\u00f6n tai lahjaksi, se tuo museotasoisen tunteen purkamisseremoniasta - se ei ole vain ihanteellinen s\u00e4ili\u00f6 huippuluokan tuoksuille, vaan my\u00f6s t\u00e4ydellinen merkint\u00e4 kaupunkiel\u00e4m\u00e4n estetiikasta.<\/p>\n<h2>Keskeiset tekniset tiedot meid\u00e4n tasainen lasi hajuvesipullot<\/h2>\n<table style=\"border-collapse: collapse;margin-left: auto;margin-right: auto;width: 527.27pt\" border=\"0\" width=\"703\" cellspacing=\"0\" cellpadding=\"0\">\n<tbody>\n<tr style=\"height: 13.50pt\">\n<td class=\"et2\" style=\"height: 13.50pt;width: 165.75pt\" width=\"221\" height=\"18\">Malli<\/td>\n<td class=\"et2\" style=\"width: 115.50pt\" width=\"154\">PB-BF1701<\/td>\n<td class=\"et2\" style=\"width: 116.25pt\" width=\"155\">PB-BF1702<\/td>\n<td class=\"et2\" style=\"width: 129.75pt\" width=\"173\">PB-BF1703<\/td>\n<\/tr>\n<tr style=\"height: 13.50pt\">\n<td class=\"et2\" style=\"height: 13.50pt\" height=\"18\">Kapasiteetti<\/td>\n<td class=\"et5\">30 ml<\/td>\n<td class=\"et5\">50 ml<\/td>\n<td class=\"et5\">100 ml<\/td>\n<\/tr>\n<tr style=\"height: 13.50pt\">\n<td class=\"et2\" style=\"height: 13.50pt\" height=\"18\">Kaliiperi<\/td>\n<td class=\"et5\">15 mm<\/td>\n<td class=\"et5\">15 mm<\/td>\n<td class=\"et5\">15 mm<\/td>\n<\/tr>\n<tr style=\"height: 13.50pt\">\n<td class=\"et2\" style=\"height: 13.50pt\" height=\"18\">Lasin ulottuvuus\/mm<\/td>\n<td class=\"et5\">52*28*63<\/td>\n<td class=\"et5\">61*29*72<\/td>\n<td class=\"et5\">81*35*89<\/td>\n<\/tr>\n<tr style=\"height: 13.50pt\">\n<td class=\"et2\" style=\"height: 13.50pt\" height=\"18\">V\u00e4ri<\/td>\n<td class=\"et5\" colspan=\"3\">L\u00e4pin\u00e4kyv\u00e4<\/td>\n<\/tr>\n<tr style=\"height: 13.50pt\">\n<td class=\"et2\" style=\"height: 13.50pt\" height=\"18\">Shap<\/td>\n<td class=\"et5\" colspan=\"3\">Suorakulmio py\u00f6ristetyill\u00e4 kulmilla<\/td>\n<\/tr>\n<tr style=\"height: 13.50pt\">\n<td class=\"et2\" style=\"height: 13.50pt\" height=\"18\">Pintak\u00e4sittely<\/td>\n<td class=\"et5\" colspan=\"3\">Kaiverrus lasirungon ja korkin sivuilla.<\/td>\n<\/tr>\n<tr style=\"height: 13.50pt\">\n<td class=\"et2\" style=\"height: 13.50pt\" height=\"18\">Materiaali<\/td>\n<td class=\"et5\" colspan=\"3\">Korkea kristallilasi<\/td>\n<\/tr>\n<\/tbody>\n<\/table>\n<p>Tee kanssamme yhteisty\u00f6t\u00e4 korkealaatuisten lasisten hajuvesipullojen ja r\u00e4\u00e4t\u00e4l\u00f6it\u00e4vien hajuvesipakkausratkaisujen kanssa.<\/p>","protected":false},"excerpt":{"rendered":"<p>Litte\u00e4t lasiset hajuvesipullomme tarjoavat hienon yhdistelm\u00e4n hienostuneisuutta, toimivuutta ja tyyli\u00e4. N\u00e4m\u00e4 kosmetiikkateollisuudelle suunnitellut korkealaatuiset kristallilasipullot ovat t\u00e4ydellisi\u00e4 korkealaatuisten tuoksujen s\u00e4ilytt\u00e4miseen. Saatavana 30 ml:n, 50 ml:n ja 100 ml:n kokoisina, ne tarjoavat monipuolisen pakkausratkaisun hajuvesille ja muille korkealaatuisille nestem\u00e4isille tuotteille.<\/p>","protected":false},"featured_media":2265,"comment_status":"open","ping_status":"closed","template":"","meta":{"_acf_changed":false,"site-sidebar-layout":"default","site-content-layout":"","ast-site-content-layout":"default","site-content-style":"default","site-sidebar-style":"default","ast-global-header-display":"","ast-banner-title-visibility":"","ast-main-header-display":"","ast-hfb-above-header-display":"","ast-hfb-below-header-display":"","ast-hfb-mobile-header-display":"","site-post-title":"","ast-breadcrumbs-content":"","ast-featured-img":"","footer-sml-layout":"","ast-disable-related-posts":"","theme-transparent-header-meta":"default","adv-header-id-meta":"","stick-header-meta":"","header-above-stick-meta":"","header-main-stick-meta":"","header-below-stick-meta":"","astra-migrate-meta-layouts":"set","ast-page-background-enabled":"default","ast-page-background-meta":{"desktop":{"background-color":"var(--ast-global-color-5)","background-image":"","background-repeat":"repeat","background-position":"center center","background-size":"auto","background-attachment":"scroll","background-type":"","background-media":"","overlay-type":"","overlay-color":"","overlay-opacity":"","overlay-gradient":""},"tablet":{"background-color":"","background-image":"","background-repeat":"repeat","background-position":"center center","background-size":"auto","background-attachment":"scroll","background-type":"","background-media":"","overlay-type":"","overlay-color":"","overlay-opacity":"","overlay-gradient":""},"mobile":{"background-color":"","background-image":"","background-repeat":"repeat","background-position":"center center","background-size":"auto","background-attachment":"scroll","background-type":"","background-media":"","overlay-type":"","overlay-color":"","overlay-opacity":"","overlay-gradient":""}},"ast-content-background-meta":{"desktop":{"background-color":"var(--ast-global-color-4)","background-image":"","background-repeat":"repeat","background-position":"center center","background-size":"auto","background-attachment":"scroll","background-type":"","background-media":"","overlay-type":"","overlay-color":"","overlay-opacity":"","overlay-gradient":""},"tablet":{"background-color":"var(--ast-global-color-4)","background-image":"","background-repeat":"repeat","background-position":"center center","background-size":"auto","background-attachment":"scroll","background-type":"","background-media":"","overlay-type":"","overlay-color":"","overlay-opacity":"","overlay-gradient":""},"mobile":{"background-color":"var(--ast-global-color-4)","background-image":"","background-repeat":"repeat","background-position":"center center","background-size":"auto","background-attachment":"scroll","background-type":"","background-media":"","overlay-type":"","overlay-color":"","overlay-opacity":"","overlay-gradient":""}}},"product_brand":[],"product_cat":[41,72,91],"product_tag":[50,49],"class_list":{"0":"post-1698","1":"product","2":"type-product","3":"status-publish","4":"has-post-thumbnail","6":"product_cat-perfume-bottles","7":"product_cat-cosmetic-packaging","8":"product_cat-custom-perfume-bottles","9":"product_tag-glass-perfume-bottles","10":"product_tag-perfume-bottles","11":"desktop-align-left","12":"tablet-align-left","13":"mobile-align-left","15":"first","16":"instock","17":"shipping-taxable","18":"product-type-simple"},"acf":[],"jetpack_sharing_enabled":true,"_links":{"self":[{"href":"https:\/\/theperfumebottles.com\/fi\/wp-json\/wp\/v2\/product\/1698","targetHints":{"allow":["GET"]}}],"collection":[{"href":"https:\/\/theperfumebottles.com\/fi\/wp-json\/wp\/v2\/product"}],"about":[{"href":"https:\/\/theperfumebottles.com\/fi\/wp-json\/wp\/v2\/types\/product"}],"replies":[{"embeddable":true,"href":"https:\/\/theperfumebottles.com\/fi\/wp-json\/wp\/v2\/comments?post=1698"}],"wp:featuredmedia":[{"embeddable":true,"href":"https:\/\/theperfumebottles.com\/fi\/wp-json\/wp\/v2\/media\/2265"}],"wp:attachment":[{"href":"https:\/\/theperfumebottles.com\/fi\/wp-json\/wp\/v2\/media?parent=1698"}],"wp:term":[{"taxonomy":"product_brand","embeddable":true,"href":"https:\/\/theperfumebottles.com\/fi\/wp-json\/wp\/v2\/product_brand?post=1698"},{"taxonomy":"product_cat","embeddable":true,"href":"https:\/\/theperfumebottles.com\/fi\/wp-json\/wp\/v2\/product_cat?post=1698"},{"taxonomy":"product_tag","embeddable":true,"href":"https:\/\/theperfumebottles.com\/fi\/wp-json\/wp\/v2\/product_tag?post=1698"}],"curies":[{"name":"wp","href":"https:\/\/api.w.org\/{rel}","templated":true}]}}