{"id":1731,"date":"2025-02-06T04:04:27","date_gmt":"2025-02-06T04:04:27","guid":{"rendered":"https:\/\/theperfumebottles.com\/?post_type=product&#038;p=1731"},"modified":"2025-05-30T17:17:57","modified_gmt":"2025-05-30T09:17:57","slug":"10ml-mini-cologne-bottles-bulk","status":"publish","type":"product","link":"https:\/\/theperfumebottles.com\/fi\/tuote\/10ml-mini-cologne-bottles-bulk\/","title":{"rendered":"10 ml:n minik\u00f6lninvesipullot hajuvesimerkeille"},"content":{"rendered":"<p>10ml mini parfyymipullo on yht\u00e4 tarkka kuin sveitsil\u00e4inen kello. Kolminkertainen custom-mittainen k\u00e4sity\u00f6, joka sis\u00e4lt\u00e4\u00e4 kuorimista\/leikkaamista\/kuumakirjoittamista, tekee jokaisesta yksityiskohdasta br\u00e4ndin sielun s\u00e4ilytyspaikan. Vuotamaton suunnittelu ja siirrett\u00e4v\u00e4 koosta mahdollistavat tuoksun matkapaketin tai koeputken, joka kasvaa hiljaa laadun ilmoituksen k\u00e4mmenell\u00e4si \u2013 niin nopean muodin br\u00e4ndien loteista kuin korkean luokan yhteisty\u00f6mallien rajallisiin lahjojen paketeihin, t\u00e4m\u00e4 mini pullo kantaa suurta energiaa hienostuneella koollaan. Se ei ole vain hajuhakku, joka saavuttaa uusia asiakkaita, vaan my\u00f6s n\u00e4kym\u00e4t\u00f6n linkki toistuvan ostoksen muutokseen, tehtaen jokaisesta tuoksutippingist\u00e4 br\u00e4ndimemorian k\u00e4ynnisteen.<\/p>\n<table style=\"border-collapse: collapse;margin-left: auto;margin-right: auto;width: 90%;height: 596px\" border=\"0\" width=\"90%\" cellspacing=\"0\" cellpadding=\"0\">\n<tbody>\n<tr style=\"height: 13.50pt\">\n<td style=\"height: 13.50pt;width: 10%\" width=\"10%\" height=\"18\">Malli<\/td>\n<td style=\"width: 30%\" width=\"30%\">PB-YX1801<\/td>\n<td style=\"width: 30%\" width=\"30%\">PB-YX1802<\/td>\n<td style=\"width: 30%\" width=\"30%\">PB-YX1803<\/td>\n<\/tr>\n<tr style=\"height: 13.50pt\">\n<td style=\"height: 13.50pt\" height=\"18\">Tiedot<\/td>\n<td><img fetchpriority=\"high\" decoding=\"async\" class=\"size-medium wp-image-2437 aligncenter\" src=\"https:\/\/theperfumebottles.com\/wp-content\/uploads\/2025\/02\/mini-cologne-bottles-details-yx1801-300x300.jpg\" alt=\"mini k\u00f6lninvesipullot tiedot\" width=\"300\" height=\"300\" srcset=\"https:\/\/theperfumebottles.com\/wp-content\/uploads\/2025\/02\/mini-cologne-bottles-details-yx1801-300x300.jpg 300w, https:\/\/theperfumebottles.com\/wp-content\/uploads\/2025\/02\/mini-cologne-bottles-details-yx1801-150x150.jpg 150w, https:\/\/theperfumebottles.com\/wp-content\/uploads\/2025\/02\/mini-cologne-bottles-details-yx1801-768x768.jpg 768w, https:\/\/theperfumebottles.com\/wp-content\/uploads\/2025\/02\/mini-cologne-bottles-details-yx1801-12x12.jpg 12w, https:\/\/theperfumebottles.com\/wp-content\/uploads\/2025\/02\/mini-cologne-bottles-details-yx1801-600x600.jpg 600w, https:\/\/theperfumebottles.com\/wp-content\/uploads\/2025\/02\/mini-cologne-bottles-details-yx1801-100x100.jpg 100w, https:\/\/theperfumebottles.com\/wp-content\/uploads\/2025\/02\/mini-cologne-bottles-details-yx1801.jpg 1000w\" sizes=\"(max-width: 300px) 100vw, 300px\" \/><\/td>\n<td class=\"et2\" colspan=\"2\"><img decoding=\"async\" class=\"size-medium wp-image-2439 aligncenter\" src=\"https:\/\/theperfumebottles.com\/wp-content\/uploads\/2025\/02\/sample-perfume-bottles-details-yx180302-300x300.jpg\" alt=\"n\u00e4yte hajuvesipullojen tiedot\" width=\"300\" height=\"300\" srcset=\"https:\/\/theperfumebottles.com\/wp-content\/uploads\/2025\/02\/sample-perfume-bottles-details-yx180302-300x300.jpg 300w, https:\/\/theperfumebottles.com\/wp-content\/uploads\/2025\/02\/sample-perfume-bottles-details-yx180302-150x150.jpg 150w, https:\/\/theperfumebottles.com\/wp-content\/uploads\/2025\/02\/sample-perfume-bottles-details-yx180302-768x768.jpg 768w, https:\/\/theperfumebottles.com\/wp-content\/uploads\/2025\/02\/sample-perfume-bottles-details-yx180302-12x12.jpg 12w, https:\/\/theperfumebottles.com\/wp-content\/uploads\/2025\/02\/sample-perfume-bottles-details-yx180302-600x600.jpg 600w, https:\/\/theperfumebottles.com\/wp-content\/uploads\/2025\/02\/sample-perfume-bottles-details-yx180302-100x100.jpg 100w, https:\/\/theperfumebottles.com\/wp-content\/uploads\/2025\/02\/sample-perfume-bottles-details-yx180302.jpg 1000w\" sizes=\"(max-width: 300px) 100vw, 300px\" \/><\/td>\n<\/tr>\n<tr style=\"height: 13.50pt\">\n<td style=\"height: 13.50pt\" height=\"18\">Lasirunko<\/td>\n<td><img decoding=\"async\" class=\"size-medium wp-image-2443 aligncenter\" src=\"https:\/\/theperfumebottles.com\/wp-content\/uploads\/2025\/02\/mini-cologne-bottles-shape-yx01-300x300.jpg\" alt=\"\" width=\"300\" height=\"300\" srcset=\"https:\/\/theperfumebottles.com\/wp-content\/uploads\/2025\/02\/mini-cologne-bottles-shape-yx01-300x300.jpg 300w, https:\/\/theperfumebottles.com\/wp-content\/uploads\/2025\/02\/mini-cologne-bottles-shape-yx01-150x150.jpg 150w, https:\/\/theperfumebottles.com\/wp-content\/uploads\/2025\/02\/mini-cologne-bottles-shape-yx01-768x768.jpg 768w, https:\/\/theperfumebottles.com\/wp-content\/uploads\/2025\/02\/mini-cologne-bottles-shape-yx01-12x12.jpg 12w, https:\/\/theperfumebottles.com\/wp-content\/uploads\/2025\/02\/mini-cologne-bottles-shape-yx01-600x600.jpg 600w, https:\/\/theperfumebottles.com\/wp-content\/uploads\/2025\/02\/mini-cologne-bottles-shape-yx01-100x100.jpg 100w, https:\/\/theperfumebottles.com\/wp-content\/uploads\/2025\/02\/mini-cologne-bottles-shape-yx01.jpg 1000w\" sizes=\"(max-width: 300px) 100vw, 300px\" \/><\/td>\n<td><img loading=\"lazy\" decoding=\"async\" class=\"size-medium wp-image-2445 aligncenter\" src=\"https:\/\/theperfumebottles.com\/wp-content\/uploads\/2025\/02\/tiny-perfume-bottles-shape-yx1802-300x300.jpg\" alt=\"\" width=\"300\" height=\"300\" srcset=\"https:\/\/theperfumebottles.com\/wp-content\/uploads\/2025\/02\/tiny-perfume-bottles-shape-yx1802-300x300.jpg 300w, https:\/\/theperfumebottles.com\/wp-content\/uploads\/2025\/02\/tiny-perfume-bottles-shape-yx1802-150x150.jpg 150w, https:\/\/theperfumebottles.com\/wp-content\/uploads\/2025\/02\/tiny-perfume-bottles-shape-yx1802-768x768.jpg 768w, https:\/\/theperfumebottles.com\/wp-content\/uploads\/2025\/02\/tiny-perfume-bottles-shape-yx1802-12x12.jpg 12w, https:\/\/theperfumebottles.com\/wp-content\/uploads\/2025\/02\/tiny-perfume-bottles-shape-yx1802-600x600.jpg 600w, https:\/\/theperfumebottles.com\/wp-content\/uploads\/2025\/02\/tiny-perfume-bottles-shape-yx1802-100x100.jpg 100w, https:\/\/theperfumebottles.com\/wp-content\/uploads\/2025\/02\/tiny-perfume-bottles-shape-yx1802.jpg 1000w\" sizes=\"(max-width: 300px) 100vw, 300px\" \/><\/td>\n<td><img loading=\"lazy\" decoding=\"async\" class=\"wp-image-2444 size-medium aligncenter\" src=\"https:\/\/theperfumebottles.com\/wp-content\/uploads\/2025\/02\/sample-perfume-bottles-shape-yx1803-300x300.jpg\" alt=\"\" width=\"300\" height=\"300\" srcset=\"https:\/\/theperfumebottles.com\/wp-content\/uploads\/2025\/02\/sample-perfume-bottles-shape-yx1803-300x300.jpg 300w, https:\/\/theperfumebottles.com\/wp-content\/uploads\/2025\/02\/sample-perfume-bottles-shape-yx1803-150x150.jpg 150w, https:\/\/theperfumebottles.com\/wp-content\/uploads\/2025\/02\/sample-perfume-bottles-shape-yx1803-768x768.jpg 768w, https:\/\/theperfumebottles.com\/wp-content\/uploads\/2025\/02\/sample-perfume-bottles-shape-yx1803-12x12.jpg 12w, https:\/\/theperfumebottles.com\/wp-content\/uploads\/2025\/02\/sample-perfume-bottles-shape-yx1803-600x600.jpg 600w, https:\/\/theperfumebottles.com\/wp-content\/uploads\/2025\/02\/sample-perfume-bottles-shape-yx1803-100x100.jpg 100w, https:\/\/theperfumebottles.com\/wp-content\/uploads\/2025\/02\/sample-perfume-bottles-shape-yx1803.jpg 1000w\" sizes=\"(max-width: 300px) 100vw, 300px\" \/><\/td>\n<\/tr>\n<\/tbody>\n<\/table>\n<h2>Keskeiset tekniset tiedot meid\u00e4n Mini K\u00f6lnin pullot<\/h2>\n<table style=\"border-collapse: collapse;margin-left: auto;margin-right: auto;width: 556.52pt\" border=\"0\" width=\"742\" cellspacing=\"0\" cellpadding=\"0\">\n<tbody>\n<tr style=\"height: 14.25pt\">\n<td class=\"et3\" style=\"height: 14.25pt;width: 139.50pt\" width=\"186\" height=\"19\">Mallinumero<\/td>\n<td class=\"et3\" style=\"width: 86.25pt\" width=\"115\">Kaliiperi<\/td>\n<td class=\"et3\" style=\"width: 82.50pt\" width=\"110\">Kapasiteetti<\/td>\n<td class=\"et3\" style=\"width: 90.75pt\" width=\"121\">Muoto<\/td>\n<td class=\"et3\" style=\"width: 157.50pt\" width=\"210\">Lasin ulottuvuus (mm)<\/td>\n<\/tr>\n<tr style=\"height: 14.25pt\">\n<td class=\"et3\" style=\"height: 14.25pt;width: 139.50pt\" width=\"186\" height=\"19\">PB-YX1801<\/td>\n<td class=\"et4\">13 mm<\/td>\n<td class=\"et3\" style=\"width: 82.50pt\" width=\"110\">10 ml<\/td>\n<td class=\"et3\" style=\"width: 90.75pt\" width=\"121\">Lieri\u00f6m\u00e4inen<\/td>\n<td class=\"et3\" style=\"width: 157.50pt\" width=\"210\">23\u00d7 105<\/td>\n<\/tr>\n<tr style=\"height: 14.25pt\">\n<td class=\"et3\" style=\"height: 14.25pt;width: 139.50pt\" width=\"186\" height=\"19\">PB-YX1802<\/td>\n<td class=\"et4\">13 mm<\/td>\n<td class=\"et3\" style=\"width: 82.50pt\" width=\"110\">10 ml<\/td>\n<td class=\"et3\" style=\"width: 90.75pt\" width=\"121\">Cobuid<\/td>\n<td class=\"et4\">17\u00d7 17\u00d7 99<\/td>\n<\/tr>\n<tr style=\"height: 14.25pt\">\n<td class=\"et3\" style=\"height: 14.25pt;width: 139.50pt\" width=\"186\" height=\"19\">PB-YX1803<\/td>\n<td class=\"et4\">13 mm<\/td>\n<td class=\"et3\" style=\"width: 82.50pt\" width=\"110\">10 ml<\/td>\n<td class=\"et3\" style=\"width: 90.75pt\" width=\"121\">Cobuid<\/td>\n<td class=\"et4\">21\u00d7 21\u00d7 103<\/td>\n<\/tr>\n<\/tbody>\n<\/table>","protected":false},"excerpt":{"rendered":"<p>Minipullomme tarjoavat laadukasta rakentamista, monipuolisia r\u00e4\u00e4t\u00e4l\u00f6intimahdollisuuksia ja k\u00e4yt\u00e4nn\u00f6llisyytt\u00e4, joten ne sopivat t\u00e4ydellisesti hajuvesimerkkien omistajille ja tukkukauppiaille, jotka etsiv\u00e4t tyylikk\u00e4it\u00e4 ja toimivia pakkauksia tuoksulinjoilleen.<\/p>","protected":false},"featured_media":2438,"comment_status":"open","ping_status":"closed","template":"","meta":{"_acf_changed":false,"site-sidebar-layout":"default","site-content-layout":"","ast-site-content-layout":"default","site-content-style":"default","site-sidebar-style":"default","ast-global-header-display":"","ast-banner-title-visibility":"","ast-main-header-display":"","ast-hfb-above-header-display":"","ast-hfb-below-header-display":"","ast-hfb-mobile-header-display":"","site-post-title":"","ast-breadcrumbs-content":"","ast-featured-img":"","footer-sml-layout":"","ast-disable-related-posts":"","theme-transparent-header-meta":"default","adv-header-id-meta":"","stick-header-meta":"","header-above-stick-meta":"","header-main-stick-meta":"","header-below-stick-meta":"","astra-migrate-meta-layouts":"set","ast-page-background-enabled":"default","ast-page-background-meta":{"desktop":{"background-color":"var(--ast-global-color-5)","background-image":"","background-repeat":"repeat","background-position":"center center","background-size":"auto","background-attachment":"scroll","background-type":"","background-media":"","overlay-type":"","overlay-color":"","overlay-opacity":"","overlay-gradient":""},"tablet":{"background-color":"","background-image":"","background-repeat":"repeat","background-position":"center center","background-size":"auto","background-attachment":"scroll","background-type":"","background-media":"","overlay-type":"","overlay-color":"","overlay-opacity":"","overlay-gradient":""},"mobile":{"background-color":"","background-image":"","background-repeat":"repeat","background-position":"center center","background-size":"auto","background-attachment":"scroll","background-type":"","background-media":"","overlay-type":"","overlay-color":"","overlay-opacity":"","overlay-gradient":""}},"ast-content-background-meta":{"desktop":{"background-color":"var(--ast-global-color-4)","background-image":"","background-repeat":"repeat","background-position":"center center","background-size":"auto","background-attachment":"scroll","background-type":"","background-media":"","overlay-type":"","overlay-color":"","overlay-opacity":"","overlay-gradient":""},"tablet":{"background-color":"var(--ast-global-color-4)","background-image":"","background-repeat":"repeat","background-position":"center center","background-size":"auto","background-attachment":"scroll","background-type":"","background-media":"","overlay-type":"","overlay-color":"","overlay-opacity":"","overlay-gradient":""},"mobile":{"background-color":"var(--ast-global-color-4)","background-image":"","background-repeat":"repeat","background-position":"center center","background-size":"auto","background-attachment":"scroll","background-type":"","background-media":"","overlay-type":"","overlay-color":"","overlay-opacity":"","overlay-gradient":""}}},"product_brand":[],"product_cat":[74,72,41],"product_tag":[],"class_list":{"0":"post-1731","1":"product","2":"type-product","3":"status-publish","4":"has-post-thumbnail","6":"product_cat-mini-perfume-bottles","7":"product_cat-cosmetic-packaging","8":"product_cat-perfume-bottles","9":"desktop-align-left","10":"tablet-align-left","11":"mobile-align-left","13":"first","14":"instock","15":"shipping-taxable","16":"product-type-simple"},"acf":[],"jetpack_sharing_enabled":true,"_links":{"self":[{"href":"https:\/\/theperfumebottles.com\/fi\/wp-json\/wp\/v2\/product\/1731","targetHints":{"allow":["GET"]}}],"collection":[{"href":"https:\/\/theperfumebottles.com\/fi\/wp-json\/wp\/v2\/product"}],"about":[{"href":"https:\/\/theperfumebottles.com\/fi\/wp-json\/wp\/v2\/types\/product"}],"replies":[{"embeddable":true,"href":"https:\/\/theperfumebottles.com\/fi\/wp-json\/wp\/v2\/comments?post=1731"}],"wp:featuredmedia":[{"embeddable":true,"href":"https:\/\/theperfumebottles.com\/fi\/wp-json\/wp\/v2\/media\/2438"}],"wp:attachment":[{"href":"https:\/\/theperfumebottles.com\/fi\/wp-json\/wp\/v2\/media?parent=1731"}],"wp:term":[{"taxonomy":"product_brand","embeddable":true,"href":"https:\/\/theperfumebottles.com\/fi\/wp-json\/wp\/v2\/product_brand?post=1731"},{"taxonomy":"product_cat","embeddable":true,"href":"https:\/\/theperfumebottles.com\/fi\/wp-json\/wp\/v2\/product_cat?post=1731"},{"taxonomy":"product_tag","embeddable":true,"href":"https:\/\/theperfumebottles.com\/fi\/wp-json\/wp\/v2\/product_tag?post=1731"}],"curies":[{"name":"wp","href":"https:\/\/api.w.org\/{rel}","templated":true}]}}