{"id":1835,"date":"2025-02-12T08:36:19","date_gmt":"2025-02-12T08:36:19","guid":{"rendered":"https:\/\/theperfumebottles.com\/?post_type=product&#038;p=1835"},"modified":"2025-05-29T14:46:40","modified_gmt":"2025-05-29T06:46:40","slug":"20g-eco-friendly-cosmetic-jars","status":"publish","type":"product","link":"https:\/\/theperfumebottles.com\/fi\/tuote\/20g-eco-friendly-cosmetic-jars\/","title":{"rendered":"20 g ymp\u00e4rist\u00f6yst\u00e4v\u00e4lliset kosmetiikkapurkit"},"content":{"rendered":"<p>T\u00e4m\u00e4 py\u00f6re\u00e4 lasipurkki PB-GS20 on saanut inspiraationsa 20 gramman kapasiteetista, ja siin\u00e4 yhdistyv\u00e4t t\u00e4ydellisesti yksinkertainen estetiikka ja kest\u00e4v\u00e4t konseptit. L\u00e4pin\u00e4kyv\u00e4 lasi n\u00e4ytt\u00e4\u00e4 tuotteen todellisen v\u00e4rin kuin ikkuna. Olipa kyseess\u00e4 sitten kosteusvoide, kevyt voide tai ylellinen esanssi, se voi suojata ainesosien aktiivisuutta kiinte\u00e4ll\u00e4 lasilla ja samalla valaista pukeutumisp\u00f6yt\u00e4\u00e4 retro-py\u00f6re\u00e4ll\u00e4 muodollaan.<\/p>\n<h2>Keskeiset tekniset tiedot Thess Eco Friendly Cosmetic Purkit<\/h2>\n<p>&nbsp;<\/p>\n<table style=\"border-collapse: collapse;margin-left: auto;margin-right: auto;width: 459.02pt\" border=\"0\" width=\"612\" cellspacing=\"0\" cellpadding=\"0\">\n<tbody>\n<tr style=\"height: 15.00pt\">\n<td style=\"height: 15.00pt;width: 122.25pt\" width=\"163\" height=\"20\">Mallinumero<\/td>\n<td style=\"width: 336.75pt\" width=\"449\">PB-GS20<\/td>\n<\/tr>\n<tr style=\"height: 15.00pt\">\n<td style=\"height: 15.00pt\" height=\"20\">Nettosis\u00e4lt\u00f6<\/td>\n<td>20 g<\/td>\n<\/tr>\n<tr style=\"height: 15.00pt\">\n<td style=\"height: 15.00pt\" height=\"20\">Korkki<\/td>\n<td>Muovinen ruuvikorkki ja sis\u00e4kansi<\/td>\n<\/tr>\n<tr style=\"height: 15.00pt\">\n<td style=\"height: 15.00pt\" height=\"20\">Muoto<\/td>\n<td>Py\u00f6rist\u00e4\u00e4<\/td>\n<\/tr>\n<tr style=\"height: 15.00pt\">\n<td style=\"height: 15.00pt\" height=\"20\">K\u00e4ytt\u00f6<\/td>\n<td>Kerma, kosmeettiset tuotteet<\/td>\n<\/tr>\n<tr style=\"height: 15.00pt\">\n<td style=\"height: 15.00pt\" height=\"20\">Teollinen k\u00e4ytt\u00f6<\/td>\n<td>Kosmetiikkapakkaukset<\/td>\n<\/tr>\n<tr style=\"height: 15.00pt\">\n<td style=\"height: 15.00pt\" height=\"20\">Kauluksen materiaali<\/td>\n<td>Lasi<\/td>\n<\/tr>\n<tr style=\"height: 15.00pt\">\n<td style=\"height: 15.00pt\" height=\"20\">Pintak\u00e4sittely<\/td>\n<td>Himme\u00e4, dekaalit, kiillotusaineet, maalit, v\u00e4risuihkut jne.<\/td>\n<\/tr>\n<tr style=\"height: 15.00pt\">\n<td style=\"height: 15.00pt\" height=\"20\">Logo<\/td>\n<td>Hyv\u00e4ksytt\u00e4v\u00e4 asiakkaan logo<\/td>\n<\/tr>\n<tr style=\"height: 15.00pt\">\n<td style=\"height: 15.00pt\" height=\"20\">N\u00e4yte<\/td>\n<td>Tarjotaan vapaasti<\/td>\n<\/tr>\n<tr style=\"height: 15.00pt\">\n<td style=\"height: 15.00pt\" height=\"20\">Pakkaus<\/td>\n<td>R\u00e4\u00e4t\u00e4l\u00f6ity Hyv\u00e4ksytt\u00e4v\u00e4<\/td>\n<\/tr>\n<tr style=\"height: 15.00pt\">\n<td style=\"height: 15.00pt\" height=\"20\">V\u00e4ri<\/td>\n<td>R\u00e4\u00e4t\u00e4l\u00f6ity v\u00e4ri<\/td>\n<\/tr>\n<\/tbody>\n<\/table>\n<h2>Monipuoliset s\u00e4ili\u00f6t, jotka valaisevat useita tarpeita<\/h2>\n<p>T\u00e4m\u00e4 20 gramman lasipurkki on yleismaailmallinen kumppanisi kosmetiikkapakkauksiin - olipa kyseess\u00e4 sitten kosteusvoiteet, kevyet voiteet tai korkeakonsentroituneet esanssit, pehme\u00e4t huulipunat, se voi suojata jokaisen pisaran aktiivisuutta l\u00e4pin\u00e4kyv\u00e4n lasin avulla. Br\u00e4ndeille se on tyylik\u00e4s kantaja rajoitettujen lahjapakkausten luomiseen; tukkukauppiaille se on ihanteellinen valinta ymp\u00e4rist\u00f6yst\u00e4v\u00e4llisten teemasarjojen kehitt\u00e4miseen; ja yritysasiakkaat voivat k\u00e4ytt\u00e4\u00e4 sit\u00e4 luovien matkapakettien suunnitteluun, jotta tuotteet voivat vangita asiakkaiden syd\u00e4met kokemuksessa.<\/p>\n<p>Keskustele suunnittelutiimimme kanssa nyt ja anna t\u00e4m\u00e4n kauniin ja kest\u00e4v\u00e4n lasipurkin tulla tuotesarjasi parhaaksi tarinankertojaksi!<\/p>","protected":false},"excerpt":{"rendered":"<p>Kosmetiikkapurkki PB-GS20 on py\u00f6re\u00e4, 20 g:n lasinen kosmetiikkapurkki, joka on suunniteltu sek\u00e4 tyylikk\u00e4\u00e4sti ett\u00e4 kest\u00e4v\u00e4sti.<\/p>","protected":false},"featured_media":1836,"comment_status":"open","ping_status":"closed","template":"","meta":{"_acf_changed":false,"site-sidebar-layout":"default","site-content-layout":"","ast-site-content-layout":"default","site-content-style":"default","site-sidebar-style":"default","ast-global-header-display":"","ast-banner-title-visibility":"","ast-main-header-display":"","ast-hfb-above-header-display":"","ast-hfb-below-header-display":"","ast-hfb-mobile-header-display":"","site-post-title":"","ast-breadcrumbs-content":"","ast-featured-img":"","footer-sml-layout":"","ast-disable-related-posts":"","theme-transparent-header-meta":"default","adv-header-id-meta":"","stick-header-meta":"","header-above-stick-meta":"","header-main-stick-meta":"","header-below-stick-meta":"","astra-migrate-meta-layouts":"set","ast-page-background-enabled":"default","ast-page-background-meta":{"desktop":{"background-color":"var(--ast-global-color-5)","background-image":"","background-repeat":"repeat","background-position":"center center","background-size":"auto","background-attachment":"scroll","background-type":"","background-media":"","overlay-type":"","overlay-color":"","overlay-opacity":"","overlay-gradient":""},"tablet":{"background-color":"","background-image":"","background-repeat":"repeat","background-position":"center center","background-size":"auto","background-attachment":"scroll","background-type":"","background-media":"","overlay-type":"","overlay-color":"","overlay-opacity":"","overlay-gradient":""},"mobile":{"background-color":"","background-image":"","background-repeat":"repeat","background-position":"center center","background-size":"auto","background-attachment":"scroll","background-type":"","background-media":"","overlay-type":"","overlay-color":"","overlay-opacity":"","overlay-gradient":""}},"ast-content-background-meta":{"desktop":{"background-color":"var(--ast-global-color-4)","background-image":"","background-repeat":"repeat","background-position":"center center","background-size":"auto","background-attachment":"scroll","background-type":"","background-media":"","overlay-type":"","overlay-color":"","overlay-opacity":"","overlay-gradient":""},"tablet":{"background-color":"var(--ast-global-color-4)","background-image":"","background-repeat":"repeat","background-position":"center center","background-size":"auto","background-attachment":"scroll","background-type":"","background-media":"","overlay-type":"","overlay-color":"","overlay-opacity":"","overlay-gradient":""},"mobile":{"background-color":"var(--ast-global-color-4)","background-image":"","background-repeat":"repeat","background-position":"center center","background-size":"auto","background-attachment":"scroll","background-type":"","background-media":"","overlay-type":"","overlay-color":"","overlay-opacity":"","overlay-gradient":""}}},"product_brand":[],"product_cat":[56,62,72],"product_tag":[],"class_list":{"0":"post-1835","1":"product","2":"type-product","3":"status-publish","4":"has-post-thumbnail","6":"product_cat-cosmetic-jars","7":"product_cat-cosmetic-containers","8":"product_cat-cosmetic-packaging","9":"desktop-align-left","10":"tablet-align-left","11":"mobile-align-left","13":"first","14":"instock","15":"shipping-taxable","16":"product-type-simple"},"acf":[],"jetpack_sharing_enabled":true,"_links":{"self":[{"href":"https:\/\/theperfumebottles.com\/fi\/wp-json\/wp\/v2\/product\/1835","targetHints":{"allow":["GET"]}}],"collection":[{"href":"https:\/\/theperfumebottles.com\/fi\/wp-json\/wp\/v2\/product"}],"about":[{"href":"https:\/\/theperfumebottles.com\/fi\/wp-json\/wp\/v2\/types\/product"}],"replies":[{"embeddable":true,"href":"https:\/\/theperfumebottles.com\/fi\/wp-json\/wp\/v2\/comments?post=1835"}],"wp:featuredmedia":[{"embeddable":true,"href":"https:\/\/theperfumebottles.com\/fi\/wp-json\/wp\/v2\/media\/1836"}],"wp:attachment":[{"href":"https:\/\/theperfumebottles.com\/fi\/wp-json\/wp\/v2\/media?parent=1835"}],"wp:term":[{"taxonomy":"product_brand","embeddable":true,"href":"https:\/\/theperfumebottles.com\/fi\/wp-json\/wp\/v2\/product_brand?post=1835"},{"taxonomy":"product_cat","embeddable":true,"href":"https:\/\/theperfumebottles.com\/fi\/wp-json\/wp\/v2\/product_cat?post=1835"},{"taxonomy":"product_tag","embeddable":true,"href":"https:\/\/theperfumebottles.com\/fi\/wp-json\/wp\/v2\/product_tag?post=1835"}],"curies":[{"name":"wp","href":"https:\/\/api.w.org\/{rel}","templated":true}]}}