{"id":1842,"date":"2025-02-13T08:27:09","date_gmt":"2025-02-13T08:27:09","guid":{"rendered":"https:\/\/theperfumebottles.com\/?post_type=product&#038;p=1842"},"modified":"2025-05-29T15:36:33","modified_gmt":"2025-05-29T07:36:33","slug":"wholesale-30ml-glass-lotion-bottles","status":"publish","type":"product","link":"https:\/\/theperfumebottles.com\/fi\/tuote\/wholesale-30ml-glass-lotion-bottles\/","title":{"rendered":"Tukku 30 ml:n lasivoidepullot"},"content":{"rendered":"<p>PB-RY30-voidepulloissa (30 ml) yhdistyv\u00e4t moderni estetiikka ja k\u00e4yt\u00e4nn\u00f6llinen muotoilu tyylikk\u00e4iden kaarien ja himme\u00e4n viimeistelyn ansiosta - neliskulmainen pullo on yht\u00e4 siisti kuin arkkitehtoniset linjat, ja musta pumppup\u00e4\u00e4 on kuin \u00e4\u00e4net\u00f6n paletti, joka pystyy tyhjent\u00e4m\u00e4\u00e4n nesteen tarkasti kevyell\u00e4 painalluksella, jolloin tiputtelusta aiheutuva vaiva j\u00e4\u00e4 taakse. Olipa se sitten t\u00e4ytetty kosteusvoiteella tai tiivistetyll\u00e4 essenssill\u00e4, se voi suojata jokaista pisaraa aktiivisia ainesosia saumattoman tiivistyssuunnittelun avulla. Laatua tavoitteleville tuotemerkeille se on tyylik\u00e4s s\u00e4ili\u00f6 minimalistisen ihonhoitosarjan luomiseen; tukkukauppiaille se on ihanteellinen valinta kustannusten ja rakenteen tasapainottamiseen. Heti kun pullon korkki on avattu, virkist\u00e4v\u00e4 tuoksu yhdistyy pumpun p\u00e4\u00e4n \u00e4\u00e4neen, mik\u00e4 tekee ihonhoitoajasta lempe\u00e4\u00e4 itsehoitoa.<\/p>\n<h2>N\u00e4iden lasisten voidepullojen t\u00e4rkeimm\u00e4t tekniset tiedot<\/h2>\n<table style=\"border-collapse: collapse;margin-left: auto;margin-right: auto;width: 330.02pt\" border=\"0\" width=\"440\" cellspacing=\"0\" cellpadding=\"0\">\n<tbody>\n<tr style=\"height: 13.50pt\">\n<td style=\"height: 13.50pt;width: 111.00pt\" width=\"148\" height=\"18\">Mallinumero<\/td>\n<td style=\"width: 219.00pt\" width=\"292\">PB-RY30<\/td>\n<\/tr>\n<tr style=\"height: 13.50pt\">\n<td style=\"height: 13.50pt\" height=\"18\">Tiivistystyyppi<\/td>\n<td>Pumppusumutin<\/td>\n<\/tr>\n<tr style=\"height: 13.50pt\">\n<td style=\"height: 13.50pt\" height=\"18\">Materiaali<\/td>\n<td>Lasi ja PET<\/td>\n<\/tr>\n<tr style=\"height: 13.50pt\">\n<td style=\"height: 13.50pt\" height=\"18\">K\u00e4ytt\u00f6<\/td>\n<td>Kosmeettinen pakkaus<\/td>\n<\/tr>\n<tr style=\"height: 13.50pt\">\n<td style=\"height: 13.50pt\" height=\"18\">V\u00e4ri<\/td>\n<td>Kirkas lasi, jossa musta\/valkoinen yl\u00e4osa<\/td>\n<\/tr>\n<tr style=\"height: 13.50pt\">\n<td style=\"height: 13.50pt\" height=\"18\">Muoto<\/td>\n<td>Neli\u00f6<\/td>\n<\/tr>\n<tr style=\"height: 13.50pt\">\n<td style=\"height: 13.50pt\" height=\"18\">Kapasiteetti<\/td>\n<td>30 ml<\/td>\n<\/tr>\n<tr style=\"height: 13.50pt\">\n<td style=\"height: 13.50pt\" height=\"18\">Maksuehdot<\/td>\n<td>30% T\/T-talletus<\/td>\n<\/tr>\n<tr style=\"height: 13.50pt\">\n<td style=\"height: 13.50pt\" height=\"18\">Pakkaus<\/td>\n<td>Puinen kuormalava ja pahvilaatikot<\/td>\n<\/tr>\n<\/tbody>\n<\/table>\n<h2>Ihanteellinen erilaisille kosmetiikkatuotteille<\/h2>\n<p>T\u00e4m\u00e4 30 ml:n pumppupullo on intiimi kumppanisi kosmetiikassa - l\u00e4pin\u00e4kyv\u00e4 pullo sopii erilaisille kaavoille, kuten voiteille, esansseille, eteerisille \u00f6ljyille jne. Nelikulmainen muoto ja sile\u00e4 pumppup\u00e4\u00e4 mahdollistavat tarkan nesteen purkautumisen joka kerta, kun painat. Pieni koko sopii hyvin matkustamiseen ja siihen mahtuu my\u00f6s uusia tuotekokeiluja, jolloin asiakkaat voivat helposti kokea tuotteidesi vieh\u00e4tyksen.<\/p>\n<h2>Yhteisty\u00f6kumppanimme kosmetiikkapakkaustarpeisiinne varten<\/h2>\n<p>Pakkauksiin keskittyv\u00e4n\u00e4 kumppanina tarjoamme t\u00e4yden valikoiman ratkaisuja lasipumppupulloista suihkepulloihin. Ammattitaitoinen tiimi l\u00f6yt\u00e4\u00e4 sinulle sopivimman pakkausratkaisun, halusitpa sitten ostaa irtotavarana tai r\u00e4\u00e4t\u00e4l\u00f6id\u00e4. Ota meihin yhteytt\u00e4 nyt ja anna t\u00e4m\u00e4n tyylikk\u00e4\u00e4n pikkupullon pist\u00e4\u00e4 k\u00e4yt\u00e4nn\u00f6llisi\u00e4 ja tyylikk\u00e4it\u00e4 ratkaisuja tuotteisiisi!<\/p>","protected":false},"excerpt":{"rendered":"<p>Esittelemme premium-luokan lasiset voidepullot, tyylikk\u00e4\u00e4t ja monipuoliset 30 ml:n pumppupullot, jotka on suunniteltu kosmetiikkateollisuuden moninaisiin tarpeisiin.<\/p>","protected":false},"featured_media":1845,"comment_status":"open","ping_status":"closed","template":"","meta":{"_acf_changed":false,"site-sidebar-layout":"default","site-content-layout":"","ast-site-content-layout":"default","site-content-style":"default","site-sidebar-style":"default","ast-global-header-display":"","ast-banner-title-visibility":"","ast-main-header-display":"","ast-hfb-above-header-display":"","ast-hfb-below-header-display":"","ast-hfb-mobile-header-display":"","site-post-title":"","ast-breadcrumbs-content":"","ast-featured-img":"","footer-sml-layout":"","ast-disable-related-posts":"","theme-transparent-header-meta":"default","adv-header-id-meta":"","stick-header-meta":"","header-above-stick-meta":"","header-main-stick-meta":"","header-below-stick-meta":"","astra-migrate-meta-layouts":"set","ast-page-background-enabled":"default","ast-page-background-meta":{"desktop":{"background-color":"var(--ast-global-color-5)","background-image":"","background-repeat":"repeat","background-position":"center center","background-size":"auto","background-attachment":"scroll","background-type":"","background-media":"","overlay-type":"","overlay-color":"","overlay-opacity":"","overlay-gradient":""},"tablet":{"background-color":"","background-image":"","background-repeat":"repeat","background-position":"center center","background-size":"auto","background-attachment":"scroll","background-type":"","background-media":"","overlay-type":"","overlay-color":"","overlay-opacity":"","overlay-gradient":""},"mobile":{"background-color":"","background-image":"","background-repeat":"repeat","background-position":"center center","background-size":"auto","background-attachment":"scroll","background-type":"","background-media":"","overlay-type":"","overlay-color":"","overlay-opacity":"","overlay-gradient":""}},"ast-content-background-meta":{"desktop":{"background-color":"var(--ast-global-color-4)","background-image":"","background-repeat":"repeat","background-position":"center center","background-size":"auto","background-attachment":"scroll","background-type":"","background-media":"","overlay-type":"","overlay-color":"","overlay-opacity":"","overlay-gradient":""},"tablet":{"background-color":"var(--ast-global-color-4)","background-image":"","background-repeat":"repeat","background-position":"center center","background-size":"auto","background-attachment":"scroll","background-type":"","background-media":"","overlay-type":"","overlay-color":"","overlay-opacity":"","overlay-gradient":""},"mobile":{"background-color":"var(--ast-global-color-4)","background-image":"","background-repeat":"repeat","background-position":"center center","background-size":"auto","background-attachment":"scroll","background-type":"","background-media":"","overlay-type":"","overlay-color":"","overlay-opacity":"","overlay-gradient":""}}},"product_brand":[],"product_cat":[62,72,71],"product_tag":[87,86],"class_list":{"0":"post-1842","1":"product","2":"type-product","3":"status-publish","4":"has-post-thumbnail","6":"product_cat-cosmetic-containers","7":"product_cat-cosmetic-packaging","8":"product_cat-glass-lotion-bottles","9":"product_tag-glass-bottles","10":"product_tag-lotion-bottles","11":"desktop-align-left","12":"tablet-align-left","13":"mobile-align-left","15":"first","16":"instock","17":"shipping-taxable","18":"product-type-simple"},"acf":[],"jetpack_sharing_enabled":true,"_links":{"self":[{"href":"https:\/\/theperfumebottles.com\/fi\/wp-json\/wp\/v2\/product\/1842","targetHints":{"allow":["GET"]}}],"collection":[{"href":"https:\/\/theperfumebottles.com\/fi\/wp-json\/wp\/v2\/product"}],"about":[{"href":"https:\/\/theperfumebottles.com\/fi\/wp-json\/wp\/v2\/types\/product"}],"replies":[{"embeddable":true,"href":"https:\/\/theperfumebottles.com\/fi\/wp-json\/wp\/v2\/comments?post=1842"}],"wp:featuredmedia":[{"embeddable":true,"href":"https:\/\/theperfumebottles.com\/fi\/wp-json\/wp\/v2\/media\/1845"}],"wp:attachment":[{"href":"https:\/\/theperfumebottles.com\/fi\/wp-json\/wp\/v2\/media?parent=1842"}],"wp:term":[{"taxonomy":"product_brand","embeddable":true,"href":"https:\/\/theperfumebottles.com\/fi\/wp-json\/wp\/v2\/product_brand?post=1842"},{"taxonomy":"product_cat","embeddable":true,"href":"https:\/\/theperfumebottles.com\/fi\/wp-json\/wp\/v2\/product_cat?post=1842"},{"taxonomy":"product_tag","embeddable":true,"href":"https:\/\/theperfumebottles.com\/fi\/wp-json\/wp\/v2\/product_tag?post=1842"}],"curies":[{"name":"wp","href":"https:\/\/api.w.org\/{rel}","templated":true}]}}