{"id":1846,"date":"2025-02-13T09:27:43","date_gmt":"2025-02-13T09:27:43","guid":{"rendered":"https:\/\/theperfumebottles.com\/?post_type=product&#038;p=1846"},"modified":"2025-05-29T16:07:24","modified_gmt":"2025-05-29T08:07:24","slug":"roller-bottles-for-essential-oils","status":"publish","type":"product","link":"https:\/\/theperfumebottles.com\/fi\/tuote\/roller-bottles-for-essential-oils\/","title":{"rendered":"Hienot kahdeksankulmaiset lasiset rullapullot eteeristen \u00f6ljyjen roll-on-pulloille"},"content":{"rendered":"<p>N\u00e4m\u00e4 PB-OC312-lasirullapullot erottuvat arkkitehtonisten reunojen inspiroimalla kahdeksankulmaisella muodollaan, jossa yhdistyv\u00e4t moderni geometria ja toiminnallinen muotoilu eteeristen \u00f6ljyjen k\u00e4ytt\u00f6kohteissa.L\u00e4pin\u00e4kyv\u00e4 lasi heijastaa herkk\u00e4\u00e4 valoa valon alla, mik\u00e4 tekee eteeristen \u00f6ljyjen, hajuvesien tai ihonhoitoesanssien rullapullon k\u00e4yt\u00f6n hetkest\u00e4 rituaalin t\u00e4yteisen. Olipa se sitten t\u00e4ytetty parantavilla eteerisill\u00e4 \u00f6ljyill\u00e4, r\u00e4\u00e4t\u00e4l\u00f6idyill\u00e4 hajuvesill\u00e4 tai sekoittamalla eksklusiivisia ihonhoitokaavoja, se voi suojata jokaisen pisaran arvokasta nestett\u00e4 saumattomalla tiivisteen muotoilulla. Kosmetiikkapakkauksiin keskittyv\u00e4n\u00e4 kumppanina tarjoamme kustannustehokkaita irtotavararatkaisuja, jolloin t\u00e4m\u00e4 tyylik\u00e4s ja k\u00e4yt\u00e4nn\u00f6llinen lasipullo on upea \"hiljainen t\u00e4hti\" tuotesarjassasi.<\/p>\n<h2>N\u00e4iden rullapullojen t\u00e4rkeimm\u00e4t tekniset tiedot<\/h2>\n<table style=\"border-collapse: collapse;margin-left: auto;margin-right: auto;width: 522.02pt\" border=\"0\" width=\"696\" cellspacing=\"0\" cellpadding=\"0\">\n<tbody>\n<tr style=\"height: 13.50pt\">\n<td style=\"height: 13.50pt;width: 111.00pt\" width=\"148\" height=\"18\">Mallinumero<\/td>\n<td style=\"width: 411.00pt\" width=\"548\">PB-OC312<\/td>\n<\/tr>\n<tr style=\"height: 13.50pt\">\n<td style=\"height: 13.50pt\" height=\"18\">Kapasiteetti<\/td>\n<td>3ml, 6ml, 9ml, 12ml. (muokattavissa)<\/td>\n<\/tr>\n<tr style=\"height: 13.50pt\">\n<td style=\"height: 13.50pt\" height=\"18\">V\u00e4ri<\/td>\n<td>Kirkas, vaaleanpunainen (muokattavissa)<\/td>\n<\/tr>\n<tr style=\"height: 13.50pt\">\n<td style=\"height: 13.50pt\" height=\"18\">Muoto<\/td>\n<td>Octagonal<\/td>\n<\/tr>\n<tr style=\"height: 13.50pt\">\n<td style=\"height: 13.50pt\" height=\"18\">Materiaalit<\/td>\n<td>Lasirunko, anodisoitu alumiinikansi, lasipallo, muovinen pallonjalka.<\/td>\n<\/tr>\n<tr style=\"height: 13.50pt\">\n<td style=\"height: 13.50pt\" height=\"18\">Pintak\u00e4sittely<\/td>\n<td>Silkkipainatus, himme\u00e4, tarra, v\u00e4risuihku, etiketti jne.<\/td>\n<\/tr>\n<\/tbody>\n<\/table>\n<h2>Monipuolinen<\/h2>\n<p>N\u00e4m\u00e4 hienot lasipullot soveltuvat monenlaisiin k\u00e4ytt\u00f6tarkoituksiin, kuten:<\/p>\n<ul>\n<li><strong>Eteeristen \u00f6ljyjen rullat:<\/strong> Levit\u00e4 suoraan iholle, ja parantava kaava on k\u00e4den ulottuvilla.<\/li>\n<li><strong>Aromaterapiayhdisteet:<\/strong> Suojaa tuoksun puhtaus hajusteista pakkauksiin.<\/li>\n<li><strong>Hajuvesi\/huulikiilto:<\/strong> Roll-on tarkka meikki, p\u00e4ivitt\u00e4inen hoito p\u00e4ivitysrituaali.<\/li>\n<\/ul>\n<p>Tarvitsitpa sitten eteerisen \u00f6ljyn rullapulloa tai muita kosmetiikka-astioita, me olemme yhden luukun ratkaisu - ota yhteytt\u00e4 nyt ja anna tyylikk\u00e4\u00e4n pullon lis\u00e4t\u00e4 tuotteidesi markkinavetovoimaa!<\/p>","protected":false},"excerpt":{"rendered":"<p>Kahdeksankulmaiset lasiset rullapullot on suunniteltu sek\u00e4 esteettisesti ett\u00e4 toiminnallisesti.<\/p>","protected":false},"featured_media":1849,"comment_status":"open","ping_status":"closed","template":"","meta":{"_acf_changed":false,"site-sidebar-layout":"default","site-content-layout":"","ast-site-content-layout":"default","site-content-style":"default","site-sidebar-style":"default","ast-global-header-display":"","ast-banner-title-visibility":"","ast-main-header-display":"","ast-hfb-above-header-display":"","ast-hfb-below-header-display":"","ast-hfb-mobile-header-display":"","site-post-title":"","ast-breadcrumbs-content":"","ast-featured-img":"","footer-sml-layout":"","ast-disable-related-posts":"","theme-transparent-header-meta":"default","adv-header-id-meta":"","stick-header-meta":"","header-above-stick-meta":"","header-main-stick-meta":"","header-below-stick-meta":"","astra-migrate-meta-layouts":"set","ast-page-background-enabled":"default","ast-page-background-meta":{"desktop":{"background-color":"var(--ast-global-color-5)","background-image":"","background-repeat":"repeat","background-position":"center center","background-size":"auto","background-attachment":"scroll","background-type":"","background-media":"","overlay-type":"","overlay-color":"","overlay-opacity":"","overlay-gradient":""},"tablet":{"background-color":"","background-image":"","background-repeat":"repeat","background-position":"center center","background-size":"auto","background-attachment":"scroll","background-type":"","background-media":"","overlay-type":"","overlay-color":"","overlay-opacity":"","overlay-gradient":""},"mobile":{"background-color":"","background-image":"","background-repeat":"repeat","background-position":"center center","background-size":"auto","background-attachment":"scroll","background-type":"","background-media":"","overlay-type":"","overlay-color":"","overlay-opacity":"","overlay-gradient":""}},"ast-content-background-meta":{"desktop":{"background-color":"var(--ast-global-color-4)","background-image":"","background-repeat":"repeat","background-position":"center center","background-size":"auto","background-attachment":"scroll","background-type":"","background-media":"","overlay-type":"","overlay-color":"","overlay-opacity":"","overlay-gradient":""},"tablet":{"background-color":"var(--ast-global-color-4)","background-image":"","background-repeat":"repeat","background-position":"center center","background-size":"auto","background-attachment":"scroll","background-type":"","background-media":"","overlay-type":"","overlay-color":"","overlay-opacity":"","overlay-gradient":""},"mobile":{"background-color":"var(--ast-global-color-4)","background-image":"","background-repeat":"repeat","background-position":"center center","background-size":"auto","background-attachment":"scroll","background-type":"","background-media":"","overlay-type":"","overlay-color":"","overlay-opacity":"","overlay-gradient":""}}},"product_brand":[],"product_cat":[60,72,62,57],"product_tag":[88],"class_list":{"0":"post-1846","1":"product","2":"type-product","3":"status-publish","4":"has-post-thumbnail","6":"product_cat-roller-bottles","7":"product_cat-cosmetic-packaging","8":"product_cat-cosmetic-containers","9":"product_cat-essential-oil-bottles","10":"product_tag-roller-bottles","11":"desktop-align-left","12":"tablet-align-left","13":"mobile-align-left","15":"first","16":"instock","17":"shipping-taxable","18":"product-type-simple"},"acf":[],"jetpack_sharing_enabled":true,"_links":{"self":[{"href":"https:\/\/theperfumebottles.com\/fi\/wp-json\/wp\/v2\/product\/1846","targetHints":{"allow":["GET"]}}],"collection":[{"href":"https:\/\/theperfumebottles.com\/fi\/wp-json\/wp\/v2\/product"}],"about":[{"href":"https:\/\/theperfumebottles.com\/fi\/wp-json\/wp\/v2\/types\/product"}],"replies":[{"embeddable":true,"href":"https:\/\/theperfumebottles.com\/fi\/wp-json\/wp\/v2\/comments?post=1846"}],"wp:featuredmedia":[{"embeddable":true,"href":"https:\/\/theperfumebottles.com\/fi\/wp-json\/wp\/v2\/media\/1849"}],"wp:attachment":[{"href":"https:\/\/theperfumebottles.com\/fi\/wp-json\/wp\/v2\/media?parent=1846"}],"wp:term":[{"taxonomy":"product_brand","embeddable":true,"href":"https:\/\/theperfumebottles.com\/fi\/wp-json\/wp\/v2\/product_brand?post=1846"},{"taxonomy":"product_cat","embeddable":true,"href":"https:\/\/theperfumebottles.com\/fi\/wp-json\/wp\/v2\/product_cat?post=1846"},{"taxonomy":"product_tag","embeddable":true,"href":"https:\/\/theperfumebottles.com\/fi\/wp-json\/wp\/v2\/product_tag?post=1846"}],"curies":[{"name":"wp","href":"https:\/\/api.w.org\/{rel}","templated":true}]}}