{"id":1899,"date":"2025-02-17T02:24:51","date_gmt":"2025-02-17T02:24:51","guid":{"rendered":"https:\/\/theperfumebottles.com\/?post_type=product&#038;p=1899"},"modified":"2025-05-29T16:24:46","modified_gmt":"2025-05-29T08:24:46","slug":"50ml-luxury-small-cologne-bottles-wholesale","status":"publish","type":"product","link":"https:\/\/theperfumebottles.com\/fi\/tuote\/50ml-luxury-small-cologne-bottles-wholesale\/","title":{"rendered":"50ml ylellisi\u00e4 pieni\u00e4 k\u00f6lnipulloja tukkumyynniss\u00e4"},"content":{"rendered":"<p>T\u00e4m\u00e4 50 ml:n neli\u00f6nmuotoinen tuoksupullo tulkitsi modernin minimalismin estetiikkaa l\u00e4pin\u00e4kyv\u00e4ll\u00e4 lasilla \u2013 siistiin viivoihin ja beigeen korkkiin, kuin tiivist\u00e4isi aamuvaloa pieness\u00e4 tilassa. Kun aurinko l\u00e4p\u00e4isee pulloa, kirkas neste virtaa valossa ja varjossa, tehtaen jokaisesta roskasta muistien kunnioittavaa rituaalia.<\/p>\n<h2>Keskeiset tekniset tiedot\uff1a<\/h2>\n<table style=\"border-collapse: collapse;margin-left: auto;margin-right: auto;width: 506.27pt\" border=\"0\" width=\"675\" cellspacing=\"0\" cellpadding=\"0\">\n<tbody>\n<tr style=\"height: 13.50pt\">\n<td style=\"height: 13.50pt;width: 130.50pt\" width=\"174\" height=\"18\">Mallinumero<\/td>\n<td style=\"width: 375.75pt\" width=\"501\">PB-BF04<\/td>\n<\/tr>\n<tr style=\"height: 13.50pt\">\n<td style=\"height: 13.50pt\" height=\"18\">Kapasiteetti<\/td>\n<td>50 ml<\/td>\n<\/tr>\n<tr style=\"height: 13.50pt\">\n<td style=\"height: 13.50pt\" height=\"18\">Halkaisija<\/td>\n<td>15 mm<\/td>\n<\/tr>\n<tr style=\"height: 13.50pt\">\n<td style=\"height: 13.50pt\" height=\"18\">V\u00e4ri<\/td>\n<td>Kirkas lasi ja beige kansi<\/td>\n<\/tr>\n<tr style=\"height: 13.50pt\">\n<td style=\"height: 13.50pt\" height=\"18\">Lasin koko<\/td>\n<td>39mm * 25mm * 115mm<\/td>\n<\/tr>\n<tr style=\"height: 13.50pt\">\n<td style=\"height: 13.50pt\" height=\"18\">Muoto<\/td>\n<td>Suorakulmainen<\/td>\n<\/tr>\n<tr style=\"height: 13.50pt\">\n<td style=\"height: 13.50pt\" height=\"18\">Materiaali<\/td>\n<td>Korkealaatuinen kristallilasi, PET<\/td>\n<\/tr>\n<tr style=\"height: 13.50pt\">\n<td style=\"height: 13.50pt\" height=\"18\">Logo<\/td>\n<td>Mukautettava<\/td>\n<\/tr>\n<tr style=\"height: 13.50pt\">\n<td style=\"height: 13.50pt\" height=\"18\">Pintak\u00e4sittely<\/td>\n<td>Silkkipainatus\/huurrettu\/dekaalit\/v\u00e4riruisku\/etiketit jne.<\/td>\n<\/tr>\n<\/tbody>\n<\/table>\n<h2>Sovellukset meid\u00e4n pienet K\u00f6lnin pullot<\/h2>\n<p>T\u00e4m\u00e4 50 ml:n tuoksupullo on hajaharrastajien l\u00e4heinen yst\u00e4v\u00e4 \u2013 l\u00e4pin\u00e4kyv\u00e4 lasi sopii tuoksulle, edistyneelle tuoksulle tai \u00e4\u00e4rellisille \u00f6ljyille, ja pienikokoinen pullo voidaan helposti asettaa matkalaukkuun tai taskuun, mik\u00e4 on t\u00e4ydellinen matkalle tai p\u00e4ivitt\u00e4iseen tuoksuun.<\/p>\n<h2>Nosta br\u00e4ndisi Premium hajuvesipullojen avulla<\/h2>\n<p>Tied\u00e4mme, ett\u00e4 hyv\u00e4 tuoksu ei ole ainoastaan hajusta, vaan my\u00f6s kerran pulloa kosketettaessa tapahtuvasta rituaalista. Korkealaatuiseen tuoksupakkaukseen keskittyv\u00e4n\u00e4 kumppanina, olitpa ostamassa tilaa tai luomassa omaa br\u00e4ndisi painoa (l\u00e4mp\u00f6painotetusta LOGOsta aina s\u00e4vylliseen pulloon asti), voimme k\u00e4ytt\u00e4\u00e4 monenlaisia luovia ratkaisuja tehd\u00e4ksemme jokaisesta yksityiskohdasta kantajaksi tarinasi. Ota yhteytt\u00e4 suunnittelutiimiimme nyt ja anna t\u00e4m\u00e4 elegantti pieni pullo injektoimaan tyyli\u00e4 ja k\u00e4yt\u00e4nn\u00f6llisyytt\u00e4 tuoksusi sis\u00e4\u00e4n!<\/p>","protected":false},"excerpt":{"rendered":"<p>Pienet k\u00f6lninvesipullomme on suunniteltu her\u00e4tt\u00e4m\u00e4\u00e4n huomiota tyylikk\u00e4\u00e4ll\u00e4, suorakulmaisella siluetillaan ja kristallinkirkkaalla lasirakenteellaan.<\/p>","protected":false},"featured_media":2332,"comment_status":"open","ping_status":"closed","template":"","meta":{"_acf_changed":false,"site-sidebar-layout":"default","site-content-layout":"","ast-site-content-layout":"default","site-content-style":"default","site-sidebar-style":"default","ast-global-header-display":"","ast-banner-title-visibility":"","ast-main-header-display":"","ast-hfb-above-header-display":"","ast-hfb-below-header-display":"","ast-hfb-mobile-header-display":"","site-post-title":"","ast-breadcrumbs-content":"","ast-featured-img":"","footer-sml-layout":"","ast-disable-related-posts":"","theme-transparent-header-meta":"default","adv-header-id-meta":"","stick-header-meta":"","header-above-stick-meta":"","header-main-stick-meta":"","header-below-stick-meta":"","astra-migrate-meta-layouts":"set","ast-page-background-enabled":"default","ast-page-background-meta":{"desktop":{"background-color":"var(--ast-global-color-5)","background-image":"","background-repeat":"repeat","background-position":"center center","background-size":"auto","background-attachment":"scroll","background-type":"","background-media":"","overlay-type":"","overlay-color":"","overlay-opacity":"","overlay-gradient":""},"tablet":{"background-color":"","background-image":"","background-repeat":"repeat","background-position":"center center","background-size":"auto","background-attachment":"scroll","background-type":"","background-media":"","overlay-type":"","overlay-color":"","overlay-opacity":"","overlay-gradient":""},"mobile":{"background-color":"","background-image":"","background-repeat":"repeat","background-position":"center center","background-size":"auto","background-attachment":"scroll","background-type":"","background-media":"","overlay-type":"","overlay-color":"","overlay-opacity":"","overlay-gradient":""}},"ast-content-background-meta":{"desktop":{"background-color":"var(--ast-global-color-4)","background-image":"","background-repeat":"repeat","background-position":"center center","background-size":"auto","background-attachment":"scroll","background-type":"","background-media":"","overlay-type":"","overlay-color":"","overlay-opacity":"","overlay-gradient":""},"tablet":{"background-color":"var(--ast-global-color-4)","background-image":"","background-repeat":"repeat","background-position":"center center","background-size":"auto","background-attachment":"scroll","background-type":"","background-media":"","overlay-type":"","overlay-color":"","overlay-opacity":"","overlay-gradient":""},"mobile":{"background-color":"var(--ast-global-color-4)","background-image":"","background-repeat":"repeat","background-position":"center center","background-size":"auto","background-attachment":"scroll","background-type":"","background-media":"","overlay-type":"","overlay-color":"","overlay-opacity":"","overlay-gradient":""}}},"product_brand":[],"product_cat":[41,72],"product_tag":[],"class_list":{"0":"post-1899","1":"product","2":"type-product","3":"status-publish","4":"has-post-thumbnail","6":"product_cat-perfume-bottles","7":"product_cat-cosmetic-packaging","8":"desktop-align-left","9":"tablet-align-left","10":"mobile-align-left","12":"first","13":"instock","14":"shipping-taxable","15":"product-type-simple"},"acf":[],"jetpack_sharing_enabled":true,"_links":{"self":[{"href":"https:\/\/theperfumebottles.com\/fi\/wp-json\/wp\/v2\/product\/1899","targetHints":{"allow":["GET"]}}],"collection":[{"href":"https:\/\/theperfumebottles.com\/fi\/wp-json\/wp\/v2\/product"}],"about":[{"href":"https:\/\/theperfumebottles.com\/fi\/wp-json\/wp\/v2\/types\/product"}],"replies":[{"embeddable":true,"href":"https:\/\/theperfumebottles.com\/fi\/wp-json\/wp\/v2\/comments?post=1899"}],"wp:featuredmedia":[{"embeddable":true,"href":"https:\/\/theperfumebottles.com\/fi\/wp-json\/wp\/v2\/media\/2332"}],"wp:attachment":[{"href":"https:\/\/theperfumebottles.com\/fi\/wp-json\/wp\/v2\/media?parent=1899"}],"wp:term":[{"taxonomy":"product_brand","embeddable":true,"href":"https:\/\/theperfumebottles.com\/fi\/wp-json\/wp\/v2\/product_brand?post=1899"},{"taxonomy":"product_cat","embeddable":true,"href":"https:\/\/theperfumebottles.com\/fi\/wp-json\/wp\/v2\/product_cat?post=1899"},{"taxonomy":"product_tag","embeddable":true,"href":"https:\/\/theperfumebottles.com\/fi\/wp-json\/wp\/v2\/product_tag?post=1899"}],"curies":[{"name":"wp","href":"https:\/\/api.w.org\/{rel}","templated":true}]}}