{"id":1904,"date":"2025-02-17T03:43:41","date_gmt":"2025-02-17T03:43:41","guid":{"rendered":"https:\/\/theperfumebottles.com\/?post_type=product&#038;p=1904"},"modified":"2025-05-29T09:03:10","modified_gmt":"2025-05-29T01:03:10","slug":"wholesale-custom-100ml-luxury-perfume-bottles","status":"publish","type":"product","link":"https:\/\/theperfumebottles.com\/fi\/tuote\/wholesale-custom-100ml-luxury-perfume-bottles\/","title":{"rendered":"Tukkumyynti r\u00e4\u00e4t\u00e4l\u00f6ityj\u00e4 100 ml:n ylellisi\u00e4 hajuvesipulloja"},"content":{"rendered":"<p>N\u00e4iss\u00e4 100 ml: n neli\u00f6n lasisissa ylellisiss\u00e4 hajuvesipulloissa on yksinkertainen ja moderni muotoilu, l\u00e4pin\u00e4kyv\u00e4 materiaali, korkea tunnettuus, ja se on unohtumaton ensi silm\u00e4yksell\u00e4. Pullon rungossa k\u00e4ytet\u00e4\u00e4n ainutlaatuista v\u00e4rj\u00e4ysprosessia, jolla saadaan aikaan kerroksellinen sinimusta s\u00e4vy. Sill\u00e4 on erinomainen rakenne valossa ja n\u00e4kyv\u00e4 visuaalinen vaikutus, joka auttaa parantamaan tuotemerkin vaikutelmaa ja muistipistett\u00e4. Se on suunniteltu erityisesti nykyaikaisia miesten tuoksuja varten, ja siin\u00e4 otetaan huomioon sek\u00e4 ulkon\u00e4\u00f6llinen kauneus ett\u00e4 k\u00e4yt\u00e4nn\u00f6llinen suorituskyky, mik\u00e4 auttaa tuotemerkki\u00e4 v\u00e4litt\u00e4m\u00e4\u00e4n tarkasti hienostuneen, hillityn ja tyylikk\u00e4\u00e4n br\u00e4ndi-imagon.<\/p>\n<h2>Keskeiset tekniset tiedot meid\u00e4n Luxury hajuvett\u00e4 pullot<\/h2>\n<table style=\"border-collapse: collapse;margin-left: auto;margin-right: auto;width: 354.02pt\" border=\"0\" width=\"472\" cellspacing=\"0\" cellpadding=\"0\">\n<tbody>\n<tr style=\"height: 13.50pt\">\n<td style=\"height: 13.50pt;margin-left: auto;margin-right: auto;width: 130.50pt\" width=\"174\" height=\"18\">Mallinumero<\/td>\n<td style=\"width: 223.50pt\" width=\"298\">PB-BF05<\/td>\n<\/tr>\n<tr style=\"height: 13.50pt\">\n<td style=\"height: 13.50pt\" height=\"18\">Kapasiteetti<\/td>\n<td>100 ml (3,4 unssia)<\/td>\n<\/tr>\n<tr style=\"height: 13.50pt\">\n<td style=\"height: 13.50pt\" height=\"18\">Halkaisija<\/td>\n<td>15 mm<\/td>\n<\/tr>\n<tr style=\"height: 13.50pt\">\n<td style=\"height: 13.50pt\" height=\"18\">V\u00e4ri<\/td>\n<td>Kirkas lasi ja sininen\/musta kansi<\/td>\n<\/tr>\n<tr style=\"height: 13.50pt\">\n<td style=\"height: 13.50pt\" height=\"18\">Lasin koko<\/td>\n<td>68mm * 36mm * 100mm<\/td>\n<\/tr>\n<tr style=\"height: 13.50pt\">\n<td style=\"height: 13.50pt\" height=\"18\">Muoto<\/td>\n<td>Suorakulmainen<\/td>\n<\/tr>\n<tr style=\"height: 13.50pt\">\n<td style=\"height: 13.50pt\" height=\"18\">Materiaali<\/td>\n<td>Korkealaatuinen kristallilasi<\/td>\n<\/tr>\n<\/tbody>\n<\/table>\n<h2>K\u00e4ytt\u00f6skenaariot<\/h2>\n<p>T\u00e4m\u00e4 100 ml:n sininen hajuvesipullo on suunniteltu miesten tuoksuille, olipa kyseess\u00e4 sitten k\u00f6lninvesi, partavesi tai eau de toilette, sit\u00e4 on helppo hallita. Olitpa sitten hajuvesivalmistaja, joka tarvitsee suuren mittakaavan pakkauksia, tai tuotemerkki, joka luo eksklusiivisia tuoksuja. Jopa kapeille tuotemerkeille tai k\u00e4sintehtyjen hajuvesien valmistajille, jotka tavoittelevat yksil\u00f6llist\u00e4 ilmaisua, se on my\u00f6s eritt\u00e4in houkutteleva valinta.<\/p>\n<h2>Miksi valita meid\u00e4t?<\/h2>\n<p>Korkealuokkaisiin hajuvesipulloihin keskittyv\u00e4n\u00e4 kumppanina tied\u00e4mme, ett\u00e4 jokainen hajuvesipullo kantaa br\u00e4ndin tarinaa. T\u00e4m\u00e4n suihkepullon suunnittelussa ei keskityt\u00e4 vain ulkon\u00e4k\u00f6\u00f6n, vaan kiinnitet\u00e4\u00e4n huomiota my\u00f6s syv\u00e4\u00e4n yhteensopivuuteen tuotemerkin s\u00e4vyn kanssa - lasin puhtaasta tekstuurista pullon rungon sile\u00e4\u00e4n kaareen, jokainen yksityiskohta on toistuvasti kiillotettu, vain v\u00e4litt\u00e4\u00e4ksemme pyrkimyksesi laatuun ja kauneuteen. Olipa kyse sitten herk\u00e4st\u00e4 kosketuksesta tai helppok\u00e4ytt\u00f6isyydest\u00e4, toivomme, ett\u00e4 siit\u00e4 tulee t\u00e4ydellinen jatke tuoksutuotteillesi. Riippumatta siit\u00e4, onko sinun ostettava irtotavarana tai haluatko mukauttaa ainutlaatuisen muotoilun, ota meihin yhteytt\u00e4 nyt puhuaksemme ideoistasi - anna meid\u00e4n k\u00e4ytt\u00e4\u00e4 hienoja pakkauksia antamaan tuoksullesi koskettavamman tarinan ja tekem\u00e4\u00e4n tuotemerkist\u00e4si erottuvan markkinoilla.<\/p>","protected":false},"excerpt":{"rendered":"<p>Lasiset 100 ml:n ylelliset hajuvesipullot ovat osoitus hienostuneesta muotoilusta ja ensiluokkaisesta laadusta. Tuoksujen alalla oikeanlainen esillepano voi tehd\u00e4 kaiken eron.<\/p>","protected":false},"featured_media":2335,"comment_status":"open","ping_status":"closed","template":"","meta":{"_acf_changed":false,"site-sidebar-layout":"default","site-content-layout":"","ast-site-content-layout":"default","site-content-style":"default","site-sidebar-style":"default","ast-global-header-display":"","ast-banner-title-visibility":"","ast-main-header-display":"","ast-hfb-above-header-display":"","ast-hfb-below-header-display":"","ast-hfb-mobile-header-display":"","site-post-title":"","ast-breadcrumbs-content":"","ast-featured-img":"","footer-sml-layout":"","ast-disable-related-posts":"","theme-transparent-header-meta":"default","adv-header-id-meta":"","stick-header-meta":"","header-above-stick-meta":"","header-main-stick-meta":"","header-below-stick-meta":"","astra-migrate-meta-layouts":"set","ast-page-background-enabled":"default","ast-page-background-meta":{"desktop":{"background-color":"var(--ast-global-color-5)","background-image":"","background-repeat":"repeat","background-position":"center center","background-size":"auto","background-attachment":"scroll","background-type":"","background-media":"","overlay-type":"","overlay-color":"","overlay-opacity":"","overlay-gradient":""},"tablet":{"background-color":"","background-image":"","background-repeat":"repeat","background-position":"center center","background-size":"auto","background-attachment":"scroll","background-type":"","background-media":"","overlay-type":"","overlay-color":"","overlay-opacity":"","overlay-gradient":""},"mobile":{"background-color":"","background-image":"","background-repeat":"repeat","background-position":"center center","background-size":"auto","background-attachment":"scroll","background-type":"","background-media":"","overlay-type":"","overlay-color":"","overlay-opacity":"","overlay-gradient":""}},"ast-content-background-meta":{"desktop":{"background-color":"var(--ast-global-color-4)","background-image":"","background-repeat":"repeat","background-position":"center center","background-size":"auto","background-attachment":"scroll","background-type":"","background-media":"","overlay-type":"","overlay-color":"","overlay-opacity":"","overlay-gradient":""},"tablet":{"background-color":"var(--ast-global-color-4)","background-image":"","background-repeat":"repeat","background-position":"center center","background-size":"auto","background-attachment":"scroll","background-type":"","background-media":"","overlay-type":"","overlay-color":"","overlay-opacity":"","overlay-gradient":""},"mobile":{"background-color":"var(--ast-global-color-4)","background-image":"","background-repeat":"repeat","background-position":"center center","background-size":"auto","background-attachment":"scroll","background-type":"","background-media":"","overlay-type":"","overlay-color":"","overlay-opacity":"","overlay-gradient":""}}},"product_brand":[],"product_cat":[41,72],"product_tag":[],"class_list":{"0":"post-1904","1":"product","2":"type-product","3":"status-publish","4":"has-post-thumbnail","6":"product_cat-perfume-bottles","7":"product_cat-cosmetic-packaging","8":"desktop-align-left","9":"tablet-align-left","10":"mobile-align-left","12":"first","13":"instock","14":"shipping-taxable","15":"product-type-simple"},"acf":[],"jetpack_sharing_enabled":true,"_links":{"self":[{"href":"https:\/\/theperfumebottles.com\/fi\/wp-json\/wp\/v2\/product\/1904","targetHints":{"allow":["GET"]}}],"collection":[{"href":"https:\/\/theperfumebottles.com\/fi\/wp-json\/wp\/v2\/product"}],"about":[{"href":"https:\/\/theperfumebottles.com\/fi\/wp-json\/wp\/v2\/types\/product"}],"replies":[{"embeddable":true,"href":"https:\/\/theperfumebottles.com\/fi\/wp-json\/wp\/v2\/comments?post=1904"}],"wp:featuredmedia":[{"embeddable":true,"href":"https:\/\/theperfumebottles.com\/fi\/wp-json\/wp\/v2\/media\/2335"}],"wp:attachment":[{"href":"https:\/\/theperfumebottles.com\/fi\/wp-json\/wp\/v2\/media?parent=1904"}],"wp:term":[{"taxonomy":"product_brand","embeddable":true,"href":"https:\/\/theperfumebottles.com\/fi\/wp-json\/wp\/v2\/product_brand?post=1904"},{"taxonomy":"product_cat","embeddable":true,"href":"https:\/\/theperfumebottles.com\/fi\/wp-json\/wp\/v2\/product_cat?post=1904"},{"taxonomy":"product_tag","embeddable":true,"href":"https:\/\/theperfumebottles.com\/fi\/wp-json\/wp\/v2\/product_tag?post=1904"}],"curies":[{"name":"wp","href":"https:\/\/api.w.org\/{rel}","templated":true}]}}