{"id":1909,"date":"2025-02-17T07:16:21","date_gmt":"2025-02-17T07:16:21","guid":{"rendered":"https:\/\/theperfumebottles.com\/?post_type=product&#038;p=1909"},"modified":"2026-04-07T16:33:12","modified_gmt":"2026-04-07T08:33:12","slug":"50ml-fragrance-bottles-wholesale","status":"publish","type":"product","link":"https:\/\/theperfumebottles.com\/fi\/tuote\/50ml-fragrance-bottles-wholesale\/","title":{"rendered":"50 ml:n kristallilasituoksupullojen tukkumyynti"},"content":{"rendered":"<p data-sourcepos=\"9:1-9:360\">N\u00e4iss\u00e4 tuoksupulloissa on vieh\u00e4tt\u00e4v\u00e4 neli\u00f6nmuotoinen muotoilu. Pullon muotoiluun kuuluu timanttihiottu kristallikorkki, joka on lasikaulassa ja jossa on kiillotettu kultainen metallirengas, mik\u00e4 luo houkuttelevan visuaalisen vaikutelman ja lis\u00e4\u00e4 pullon ylellist\u00e4 arvoa.<\/p>\n<p><img fetchpriority=\"high\" decoding=\"async\" class=\"size-medium wp-image-1910 aligncenter\" src=\"https:\/\/theperfumebottles.com\/wp-content\/uploads\/2025\/02\/fragrance-bottles-300x300.jpg\" alt=\"tuoksupullot\" width=\"300\" height=\"300\" srcset=\"https:\/\/theperfumebottles.com\/wp-content\/uploads\/2025\/02\/fragrance-bottles-300x300.jpg 300w, https:\/\/theperfumebottles.com\/wp-content\/uploads\/2025\/02\/fragrance-bottles-150x150.jpg 150w, https:\/\/theperfumebottles.com\/wp-content\/uploads\/2025\/02\/fragrance-bottles-768x768.jpg 768w, https:\/\/theperfumebottles.com\/wp-content\/uploads\/2025\/02\/fragrance-bottles-12x12.jpg 12w, https:\/\/theperfumebottles.com\/wp-content\/uploads\/2025\/02\/fragrance-bottles-600x600.jpg 600w, https:\/\/theperfumebottles.com\/wp-content\/uploads\/2025\/02\/fragrance-bottles-100x100.jpg 100w, https:\/\/theperfumebottles.com\/wp-content\/uploads\/2025\/02\/fragrance-bottles.jpg 1000w\" sizes=\"(max-width: 300px) 100vw, 300px\" \/><\/p>\n<h2>50 ml:n tuoksupullojemme t\u00e4rkeimm\u00e4t tekniset tiedot<\/h2>\n<table style=\"border-collapse: collapse; margin-left: auto; margin-right: auto; width: 354.02pt;\" border=\"0\" width=\"472\" cellspacing=\"0\" cellpadding=\"0\">\n<tbody>\n<tr style=\"height: 13.50pt;\">\n<td style=\"height: 13.50pt; width: 130.50pt;\" width=\"174\" height=\"18\">Mallinumero<\/td>\n<td style=\"width: 223.50pt;\" width=\"298\">PB-BF0801 \/ PB-BF0802<\/td>\n<\/tr>\n<tr style=\"height: 13.50pt;\">\n<td style=\"height: 13.50pt;\" height=\"18\">Kapasiteetti<\/td>\n<td>50 ml<\/td>\n<\/tr>\n<tr style=\"height: 13.50pt;\">\n<td style=\"height: 13.50pt;\" height=\"18\">Halkaisija<\/td>\n<td>15 mm<\/td>\n<\/tr>\n<tr style=\"height: 13.50pt;\">\n<td style=\"height: 13.50pt;\" height=\"18\">V\u00e4ri<\/td>\n<td>L\u00e4pin\u00e4kyv\u00e4\u00e4 lasia, jossa kulta\/hopeinen yl\u00e4osa<\/td>\n<\/tr>\n<tr style=\"height: 13.50pt;\">\n<td style=\"height: 13.50pt;\" height=\"18\">Lasin koko<\/td>\n<td>58 mm 33 mm 79 mm \/ 58 mm 35 mm 91 mm<\/td>\n<\/tr>\n<tr style=\"height: 13.50pt;\">\n<td style=\"height: 13.50pt;\" height=\"18\">Muoto<\/td>\n<td>Suorakulmainen<\/td>\n<\/tr>\n<tr style=\"height: 13.50pt;\">\n<td style=\"height: 13.50pt;\" height=\"18\">Materiaali<\/td>\n<td>Korkealaatuinen kristallilasi<\/td>\n<\/tr>\n<\/tbody>\n<\/table>\n<h2>Menestystarina: L\u00e4hi-id\u00e4n luksusbr\u00e4ndin mittatilausty\u00f6n\u00e4 tehty tuote<\/h2>\n<p>Dubaissa toimiva tuoksubr\u00e4ndi valitsi kultaisen k\u00f6lninvesipullomme ja kustomoi siihen 24 karaatin kullatun kaulan ja syv\u00e4nsinisen lasirungon. Mittatilausty\u00f6n\u00e4 tehty pullo saavutti suuren menestyksen, sill\u00e4 45 % arvosteluista kuvaili pullon painoa ja v\u00e4ri\u00e4 olennaisiksi ylellisyyden indikaattoreiksi, kun taas asiakkaat ymm\u00e4rsiv\u00e4t korkealaatuisten materiaalien k\u00e4yt\u00f6n nostavan hintaa 15 % normaaliin verrattuna. Yritys tilasi 360 000 pulloa lis\u00e4\u00e4 tulevaa oud-tuoksulanseeraustaan \u200b\u200bja lentokent\u00e4n verovapaita tuotteitaan varten.<\/p>\n<h2>Tuoksupullojen mukautusvaihtoehdot<\/h2>\n<ul>\n<li>Metallisormus- ja korkkiyhdistelm\u00e4t: Saatavilla yhteensopivilla tai kontrastiv\u00e4risill\u00e4 kaulakoruilla ja metallijaloilla (ruusukulta, harmaa asemetalli, antiikkihopea).<\/li>\n<li>Korkkimateriaali ja muotoilu: Yritys tarjoaa kolmenlaisia \u200b\u200bkorkkimateriaaleja, joihin kuuluvat luonnonkristalli, lasimaalaus ja emali-upotusmetalli.<\/li>\n<li>Koko ja mittasuhteet: Pullon muotoilu tarjoaa useita korkeus- ja leveysvaihtoehtoja tukevasta 30 ml:sta kapeaan 200 ml:aan, jotta se vastaa erilaisiin tarpeisiin.<\/li>\n<\/ul>","protected":false},"excerpt":{"rendered":"<p>Ensiluokkaiset tuoksupullot kristallilasista, timanttihiotulla korkilla ja kultaisilla yksityiskohdilla. Kultaista k\u00f6lninvesipulloa luksusmerkeille. Saatavilla tukkualennuksia.<\/p>","protected":false},"featured_media":2339,"comment_status":"open","ping_status":"closed","template":"","meta":{"_acf_changed":false,"site-sidebar-layout":"default","site-content-layout":"","ast-site-content-layout":"default","site-content-style":"default","site-sidebar-style":"default","ast-global-header-display":"","ast-banner-title-visibility":"","ast-main-header-display":"","ast-hfb-above-header-display":"","ast-hfb-below-header-display":"","ast-hfb-mobile-header-display":"","site-post-title":"","ast-breadcrumbs-content":"","ast-featured-img":"","footer-sml-layout":"","ast-disable-related-posts":"","theme-transparent-header-meta":"default","adv-header-id-meta":"","stick-header-meta":"","header-above-stick-meta":"","header-main-stick-meta":"","header-below-stick-meta":"","astra-migrate-meta-layouts":"set","ast-page-background-enabled":"default","ast-page-background-meta":{"desktop":{"background-color":"var(--ast-global-color-5)","background-image":"","background-repeat":"repeat","background-position":"center center","background-size":"auto","background-attachment":"scroll","background-type":"","background-media":"","overlay-type":"","overlay-color":"","overlay-opacity":"","overlay-gradient":""},"tablet":{"background-color":"","background-image":"","background-repeat":"repeat","background-position":"center center","background-size":"auto","background-attachment":"scroll","background-type":"","background-media":"","overlay-type":"","overlay-color":"","overlay-opacity":"","overlay-gradient":""},"mobile":{"background-color":"","background-image":"","background-repeat":"repeat","background-position":"center center","background-size":"auto","background-attachment":"scroll","background-type":"","background-media":"","overlay-type":"","overlay-color":"","overlay-opacity":"","overlay-gradient":""}},"ast-content-background-meta":{"desktop":{"background-color":"var(--ast-global-color-4)","background-image":"","background-repeat":"repeat","background-position":"center center","background-size":"auto","background-attachment":"scroll","background-type":"","background-media":"","overlay-type":"","overlay-color":"","overlay-opacity":"","overlay-gradient":""},"tablet":{"background-color":"var(--ast-global-color-4)","background-image":"","background-repeat":"repeat","background-position":"center center","background-size":"auto","background-attachment":"scroll","background-type":"","background-media":"","overlay-type":"","overlay-color":"","overlay-opacity":"","overlay-gradient":""},"mobile":{"background-color":"var(--ast-global-color-4)","background-image":"","background-repeat":"repeat","background-position":"center center","background-size":"auto","background-attachment":"scroll","background-type":"","background-media":"","overlay-type":"","overlay-color":"","overlay-opacity":"","overlay-gradient":""}}},"product_brand":[],"product_cat":[91,72,41],"product_tag":[],"class_list":{"0":"post-1909","1":"product","2":"type-product","3":"status-publish","4":"has-post-thumbnail","6":"product_cat-custom-perfume-bottles","7":"product_cat-cosmetic-packaging","8":"product_cat-perfume-bottles","9":"desktop-align-left","10":"tablet-align-left","11":"mobile-align-left","13":"first","14":"instock","15":"shipping-taxable","16":"product-type-simple"},"acf":[],"jetpack_sharing_enabled":true,"_links":{"self":[{"href":"https:\/\/theperfumebottles.com\/fi\/wp-json\/wp\/v2\/product\/1909","targetHints":{"allow":["GET"]}}],"collection":[{"href":"https:\/\/theperfumebottles.com\/fi\/wp-json\/wp\/v2\/product"}],"about":[{"href":"https:\/\/theperfumebottles.com\/fi\/wp-json\/wp\/v2\/types\/product"}],"replies":[{"embeddable":true,"href":"https:\/\/theperfumebottles.com\/fi\/wp-json\/wp\/v2\/comments?post=1909"}],"wp:featuredmedia":[{"embeddable":true,"href":"https:\/\/theperfumebottles.com\/fi\/wp-json\/wp\/v2\/media\/2339"}],"wp:attachment":[{"href":"https:\/\/theperfumebottles.com\/fi\/wp-json\/wp\/v2\/media?parent=1909"}],"wp:term":[{"taxonomy":"product_brand","embeddable":true,"href":"https:\/\/theperfumebottles.com\/fi\/wp-json\/wp\/v2\/product_brand?post=1909"},{"taxonomy":"product_cat","embeddable":true,"href":"https:\/\/theperfumebottles.com\/fi\/wp-json\/wp\/v2\/product_cat?post=1909"},{"taxonomy":"product_tag","embeddable":true,"href":"https:\/\/theperfumebottles.com\/fi\/wp-json\/wp\/v2\/product_tag?post=1909"}],"curies":[{"name":"wp","href":"https:\/\/api.w.org\/{rel}","templated":true}]}}