{"id":2550,"date":"2025-03-06T08:49:54","date_gmt":"2025-03-06T08:49:54","guid":{"rendered":"https:\/\/theperfumebottles.com\/?post_type=product&#038;p=2550"},"modified":"2025-05-29T09:15:02","modified_gmt":"2025-05-29T01:15:02","slug":"glass-perfume-bottle-50ml-with-pump","status":"publish","type":"product","link":"https:\/\/theperfumebottles.com\/fi\/tuote\/glass-perfume-bottle-50ml-with-pump\/","title":{"rendered":"Lasinen hajuvesipullo 50ml pumpulla"},"content":{"rendered":"<h2>Premium hajuvesipullo 50ml<\/h2>\n<p>Hienostunut 50 ml:n hajuveden lasipullossa on tyylik\u00e4s suorakulmainen muoto, jossa on ter\u00e4v\u00e4t geometriset linjat ja sile\u00e4t reunat.T\u00e4m\u00e4 50 ml:n lasinen hajuvesipullo n\u00e4ytt\u00e4\u00e4 t\u00e4ydellisesti tuoksun puhtaan v\u00e4rin l\u00e4pin\u00e4kyv\u00e4ll\u00e4 lasimateriaalilla, ja hopeinen pullon korkki on huolellisesti kiillotettu, mik\u00e4 antaa hillityn ja kiilt\u00e4v\u00e4n modernin tunnelman.Pullon suussa on sile\u00e4 sumutinmalli, joka vapauttaa tuoksun tasaisesti jokaisella painalluksella, ja se tuntuu sile\u00e4lt\u00e4 eik\u00e4 se jumiudu. Suunnittelimme pullon vesitiiviiksi, joten sin\u00e4 ja asiakkaasi voitte k\u00e4ytt\u00e4\u00e4 sit\u00e4 luottavaisin mielin kuoppaisesta kyydist\u00e4 tai l\u00e4mp\u00f6tilanvaihteluista huolimatta.<\/p>\n<h2>Monipuolinen mukauttaminen erilaisiin tarpeisiin<\/h2>\n<p>Olipa kyseess\u00e4 sitten huippuluokan hajuvesi, matkakoko, rajoitettu painos tai aromaterapian eteerinen \u00f6ljy, ihonhoitoaines, t\u00e4m\u00e4 pullo voi helposti k\u00e4sitell\u00e4 sit\u00e4. Pieni kapasiteetti on k\u00e4tev\u00e4 s\u00e4ilytt\u00e4\u00e4 pukeutumisp\u00f6yd\u00e4ll\u00e4, v\u00e4hitt\u00e4ismyyntihyllyill\u00e4 tai lahjapakkauksissa, jolloin tuotteesi erottuu miss\u00e4 tahansa kohtauksessa.<\/p>\n<h2>T\u00e4rkeimm\u00e4t tekniset tiedot<\/h2>\n<table>\n<thead>\n<tr>\n<th><strong>Ominaisuus<\/strong><\/th>\n<th><strong>Tiedot<\/strong><\/th>\n<\/tr>\n<\/thead>\n<tbody>\n<tr>\n<td>Malli<\/td>\n<td>PB-BF07<\/td>\n<\/tr>\n<tr>\n<td>Kapasiteetti<\/td>\n<td>50 ml<\/td>\n<\/tr>\n<tr>\n<td>Materiaali<\/td>\n<td>Kristallilasi + metalli + PE<\/td>\n<\/tr>\n<tr>\n<td>Mitat<\/td>\n<td>41 * <em>30 * <\/em>107 mm<\/td>\n<\/tr>\n<tr>\n<td>Tiivistystyyppi<\/td>\n<td>Suihkup\u00e4\u00e4 (sumutin)<\/td>\n<\/tr>\n<tr>\n<td>V\u00e4rivaihtoehdot<\/td>\n<td>L\u00e4pin\u00e4kyv\u00e4 lasi, jossa on hopeinen korkki<\/td>\n<\/tr>\n<tr>\n<td>Mukauttaminen<\/td>\n<td>Kaiverrukset, UV-painatus, kuorrutus jne.<\/td>\n<\/tr>\n<\/tbody>\n<\/table>\n<h2>Nosta tuoksupakkauksesi tasoa<\/h2>\n<p>Luo pysyv\u00e4 vaikutelma t\u00e4ll\u00e4 50 ml:n hajuvesipullolla. \u00c4l\u00e4 etsi en\u00e4\u00e4 - tehtaamme tarjoaa vakaat toimitukset, turvalliset pakkaukset ja r\u00e4\u00e4t\u00e4l\u00f6idyt ratkaisut. Valitse hajuvesipullojemme avulla asiakkaasi ylellisyystarpeet. Ota yhteytt\u00e4 jo t\u00e4n\u00e4\u00e4n luodaksesi tilisi ja pyyt\u00e4\u00e4ksesi porrastetun tarjouksen!<\/p>","protected":false},"excerpt":{"rendered":"<p>Hienostuneesti muotoiltu, meid\u00e4n <strong>50ml hajuvesi lasipullo<\/strong>\u00a0on tyylik\u00e4s suorakulmainen muoto, jossa on ter\u00e4v\u00e4t geometriset linjat ja sile\u00e4t reunat.<\/p>","protected":false},"featured_media":2551,"comment_status":"open","ping_status":"closed","template":"","meta":{"_acf_changed":false,"site-sidebar-layout":"default","site-content-layout":"","ast-site-content-layout":"default","site-content-style":"default","site-sidebar-style":"default","ast-global-header-display":"","ast-banner-title-visibility":"","ast-main-header-display":"","ast-hfb-above-header-display":"","ast-hfb-below-header-display":"","ast-hfb-mobile-header-display":"","site-post-title":"","ast-breadcrumbs-content":"","ast-featured-img":"","footer-sml-layout":"","ast-disable-related-posts":"","theme-transparent-header-meta":"default","adv-header-id-meta":"","stick-header-meta":"","header-above-stick-meta":"","header-main-stick-meta":"","header-below-stick-meta":"","astra-migrate-meta-layouts":"set","ast-page-background-enabled":"default","ast-page-background-meta":{"desktop":{"background-color":"var(--ast-global-color-5)","background-image":"","background-repeat":"repeat","background-position":"center center","background-size":"auto","background-attachment":"scroll","background-type":"","background-media":"","overlay-type":"","overlay-color":"","overlay-opacity":"","overlay-gradient":""},"tablet":{"background-color":"","background-image":"","background-repeat":"repeat","background-position":"center center","background-size":"auto","background-attachment":"scroll","background-type":"","background-media":"","overlay-type":"","overlay-color":"","overlay-opacity":"","overlay-gradient":""},"mobile":{"background-color":"","background-image":"","background-repeat":"repeat","background-position":"center center","background-size":"auto","background-attachment":"scroll","background-type":"","background-media":"","overlay-type":"","overlay-color":"","overlay-opacity":"","overlay-gradient":""}},"ast-content-background-meta":{"desktop":{"background-color":"var(--ast-global-color-4)","background-image":"","background-repeat":"repeat","background-position":"center center","background-size":"auto","background-attachment":"scroll","background-type":"","background-media":"","overlay-type":"","overlay-color":"","overlay-opacity":"","overlay-gradient":""},"tablet":{"background-color":"var(--ast-global-color-4)","background-image":"","background-repeat":"repeat","background-position":"center center","background-size":"auto","background-attachment":"scroll","background-type":"","background-media":"","overlay-type":"","overlay-color":"","overlay-opacity":"","overlay-gradient":""},"mobile":{"background-color":"var(--ast-global-color-4)","background-image":"","background-repeat":"repeat","background-position":"center center","background-size":"auto","background-attachment":"scroll","background-type":"","background-media":"","overlay-type":"","overlay-color":"","overlay-opacity":"","overlay-gradient":""}}},"product_brand":[],"product_cat":[72,41],"product_tag":[89],"class_list":{"0":"post-2550","1":"product","2":"type-product","3":"status-publish","4":"has-post-thumbnail","6":"product_cat-cosmetic-packaging","7":"product_cat-perfume-bottles","8":"product_tag-perfume-bottle","9":"desktop-align-left","10":"tablet-align-left","11":"mobile-align-left","13":"first","14":"instock","15":"shipping-taxable","16":"product-type-simple"},"acf":[],"jetpack_sharing_enabled":true,"_links":{"self":[{"href":"https:\/\/theperfumebottles.com\/fi\/wp-json\/wp\/v2\/product\/2550","targetHints":{"allow":["GET"]}}],"collection":[{"href":"https:\/\/theperfumebottles.com\/fi\/wp-json\/wp\/v2\/product"}],"about":[{"href":"https:\/\/theperfumebottles.com\/fi\/wp-json\/wp\/v2\/types\/product"}],"replies":[{"embeddable":true,"href":"https:\/\/theperfumebottles.com\/fi\/wp-json\/wp\/v2\/comments?post=2550"}],"wp:featuredmedia":[{"embeddable":true,"href":"https:\/\/theperfumebottles.com\/fi\/wp-json\/wp\/v2\/media\/2551"}],"wp:attachment":[{"href":"https:\/\/theperfumebottles.com\/fi\/wp-json\/wp\/v2\/media?parent=2550"}],"wp:term":[{"taxonomy":"product_brand","embeddable":true,"href":"https:\/\/theperfumebottles.com\/fi\/wp-json\/wp\/v2\/product_brand?post=2550"},{"taxonomy":"product_cat","embeddable":true,"href":"https:\/\/theperfumebottles.com\/fi\/wp-json\/wp\/v2\/product_cat?post=2550"},{"taxonomy":"product_tag","embeddable":true,"href":"https:\/\/theperfumebottles.com\/fi\/wp-json\/wp\/v2\/product_tag?post=2550"}],"curies":[{"name":"wp","href":"https:\/\/api.w.org\/{rel}","templated":true}]}}