{"id":2573,"date":"2025-03-10T06:34:47","date_gmt":"2025-03-10T06:34:47","guid":{"rendered":"https:\/\/theperfumebottles.com\/?post_type=product&#038;p=2573"},"modified":"2026-01-12T10:46:54","modified_gmt":"2026-01-12T02:46:54","slug":"custom-perfume-bottles-mens-cologne-bottles","status":"publish","type":"product","link":"https:\/\/theperfumebottles.com\/fi\/tuote\/custom-perfume-bottles-mens-cologne-bottles\/","title":{"rendered":"50ml\/100ml suorakulmaiset mittatilausty\u00f6n\u00e4 tehdyt lasiset hajuvesipullot"},"content":{"rendered":"<p>Eksklusiivinen miesten partavett\u00e4 sis\u00e4lt\u00e4v\u00e4 pullo, 50ml\/100ml kaksoiskapasiteetti. Kulmikkaasti hiottu kristallilasi on kristallinkirkas kuin meripihka, ja se on yhdistetty mattamustaan metalliseen pullonkorkkiin luoden kontrastin kovuuden ja pehmeyden v\u00e4lille. Pullon paksuuntunut pohja seisoo tukevasti p\u00f6yd\u00e4ll\u00e4 ja t\u00e4ytt\u00e4\u00e4 helposti p\u00e4ivitt\u00e4iset tai matkan tarpeet. Pukeutumisp\u00f6yd\u00e4n visuaalisesta taiteesta k\u00e4mmenell\u00e4si tuntuvaan saostukseen, jokainen yksityiskohta tasapainottaa rationaalisen muotoilun ja tunnekokemuksen.<\/p>\n<h2>T\u00e4rkeimm\u00e4t tekniset tiedot<\/h2>\n<table style=\"border-collapse: collapse;margin-left: auto;margin-right: auto;width: 443.27pt\" border=\"0\" width=\"591\" cellspacing=\"0\" cellpadding=\"0\">\n<tbody>\n<tr style=\"height: 17.25pt\">\n<td class=\"et2\" style=\"height: 17.25pt;width: 139.50pt\" width=\"186\" height=\"23\"><strong>Malli<\/strong><\/td>\n<td class=\"et2\" style=\"width: 139.50pt\" width=\"186\"><strong>PB-BF1001<\/strong><\/td>\n<td class=\"et2\" style=\"width: 164.25pt\" width=\"219\"><strong>PB-BF1002<\/strong><\/td>\n<\/tr>\n<tr style=\"height: 17.25pt\">\n<td class=\"et3\" style=\"height: 17.25pt;width: 139.50pt\" width=\"186\" height=\"23\"><strong>Kapasiteetti<\/strong><\/td>\n<td class=\"et3\" style=\"width: 139.50pt\" width=\"186\">50 ml<\/td>\n<td class=\"et3\" style=\"width: 164.25pt\" width=\"219\">100 ml<\/td>\n<\/tr>\n<tr style=\"height: 17.25pt\">\n<td class=\"et3\" style=\"height: 17.25pt;width: 139.50pt\" width=\"186\" height=\"23\"><strong>Mitat (korkeus \u00d7 leveys \u00d7 syvyys)<\/strong><\/td>\n<td class=\"et3\" style=\"width: 139.50pt\" width=\"186\">82\u00d754\u00d729 mm<\/td>\n<td class=\"et3\" style=\"width: 164.25pt\" width=\"219\">107\u00d772\u00d731 mm<\/td>\n<\/tr>\n<tr style=\"height: 17.25pt\">\n<td class=\"et3\" style=\"height: 17.25pt;width: 139.50pt\" width=\"186\" height=\"23\"><strong>Korkin v\u00e4ri<\/strong><\/td>\n<td class=\"et3\" style=\"width: 139.50pt\" width=\"186\">Musta<\/td>\n<td class=\"et3\" style=\"width: 164.25pt\" width=\"219\">Musta<\/td>\n<\/tr>\n<tr style=\"height: 17.25pt\">\n<td class=\"et3\" style=\"height: 17.25pt;width: 139.50pt\" width=\"186\" height=\"23\"><strong>Materiaali<\/strong><\/td>\n<td class=\"et3\" style=\"width: 139.50pt\" width=\"186\">Kristallilasi<\/td>\n<td class=\"et3\" style=\"width: 164.25pt\" width=\"219\">Kristallilasi<\/td>\n<\/tr>\n<tr style=\"height: 17.25pt\">\n<td class=\"et3\" style=\"height: 17.25pt;width: 139.50pt\" width=\"186\" height=\"23\"><strong>Tiivistystyyppi<\/strong><\/td>\n<td class=\"et3\" style=\"width: 139.50pt\" width=\"186\">Suihkuta yl\u00e4osa<\/td>\n<td class=\"et3\" style=\"width: 164.25pt\" width=\"219\">Suihkuta yl\u00e4osa<\/td>\n<\/tr>\n<\/tbody>\n<\/table>\n<h2>Nosta tuoksubr\u00e4ndisi tasoa jo t\u00e4n\u00e4\u00e4n<\/h2>\n<p>Luo unohtumattomia unboxing-kokemuksia r\u00e4\u00e4t\u00e4l\u00f6idyill\u00e4 hajuvesipulloillamme. Valitse varastossa olevista malleista tai tee yhteisty\u00f6t\u00e4 tiimimme kanssa.\u00a0<em>luo<\/em>\u00a0merkkituotteiden hajuvesipakkaukset. K\u00e4y kotisivuillamme etsim\u00e4ss\u00e4 saatavilla olevia malleja, pyyt\u00e4m\u00e4ll\u00e4 n\u00e4ytteit\u00e4 tai avaamalla tilaus.\u00a0<em>tili<\/em>\u00a0tukkuhinnoittelua varten. Tarvitsetko kiireellist\u00e4 varastoa? Toimitamme sek\u00e4 spot-tavaraa ett\u00e4 r\u00e4\u00e4t\u00e4l\u00f6ityj\u00e4 eri\u00e4 - tiedustele nyt varmistaaksesi tilauksesi!<\/p>","protected":false},"excerpt":{"rendered":"<p>Yksinoikeusmiesten hajutekij\u00e4, 50ml\/100ml kaksinkertainen kapasiteetti. K\u00e4rjellinen leikkaus lasi on yht\u00e4 kirkkaalta kuin humala, ja [\u2026]<\/p>","protected":false},"featured_media":2574,"comment_status":"open","ping_status":"closed","template":"","meta":{"_acf_changed":false,"site-sidebar-layout":"default","site-content-layout":"","ast-site-content-layout":"default","site-content-style":"default","site-sidebar-style":"default","ast-global-header-display":"","ast-banner-title-visibility":"","ast-main-header-display":"","ast-hfb-above-header-display":"","ast-hfb-below-header-display":"","ast-hfb-mobile-header-display":"","site-post-title":"","ast-breadcrumbs-content":"","ast-featured-img":"","footer-sml-layout":"","ast-disable-related-posts":"","theme-transparent-header-meta":"default","adv-header-id-meta":"","stick-header-meta":"","header-above-stick-meta":"","header-main-stick-meta":"","header-below-stick-meta":"","astra-migrate-meta-layouts":"set","ast-page-background-enabled":"default","ast-page-background-meta":{"desktop":{"background-color":"var(--ast-global-color-5)","background-image":"","background-repeat":"repeat","background-position":"center center","background-size":"auto","background-attachment":"scroll","background-type":"","background-media":"","overlay-type":"","overlay-color":"","overlay-opacity":"","overlay-gradient":""},"tablet":{"background-color":"","background-image":"","background-repeat":"repeat","background-position":"center center","background-size":"auto","background-attachment":"scroll","background-type":"","background-media":"","overlay-type":"","overlay-color":"","overlay-opacity":"","overlay-gradient":""},"mobile":{"background-color":"","background-image":"","background-repeat":"repeat","background-position":"center center","background-size":"auto","background-attachment":"scroll","background-type":"","background-media":"","overlay-type":"","overlay-color":"","overlay-opacity":"","overlay-gradient":""}},"ast-content-background-meta":{"desktop":{"background-color":"var(--ast-global-color-4)","background-image":"","background-repeat":"repeat","background-position":"center center","background-size":"auto","background-attachment":"scroll","background-type":"","background-media":"","overlay-type":"","overlay-color":"","overlay-opacity":"","overlay-gradient":""},"tablet":{"background-color":"var(--ast-global-color-4)","background-image":"","background-repeat":"repeat","background-position":"center center","background-size":"auto","background-attachment":"scroll","background-type":"","background-media":"","overlay-type":"","overlay-color":"","overlay-opacity":"","overlay-gradient":""},"mobile":{"background-color":"var(--ast-global-color-4)","background-image":"","background-repeat":"repeat","background-position":"center center","background-size":"auto","background-attachment":"scroll","background-type":"","background-media":"","overlay-type":"","overlay-color":"","overlay-opacity":"","overlay-gradient":""}}},"product_brand":[],"product_cat":[72,41],"product_tag":[],"class_list":{"0":"post-2573","1":"product","2":"type-product","3":"status-publish","4":"has-post-thumbnail","6":"product_cat-cosmetic-packaging","7":"product_cat-perfume-bottles","8":"desktop-align-left","9":"tablet-align-left","10":"mobile-align-left","12":"first","13":"instock","14":"shipping-taxable","15":"product-type-simple"},"acf":[],"jetpack_sharing_enabled":true,"_links":{"self":[{"href":"https:\/\/theperfumebottles.com\/fi\/wp-json\/wp\/v2\/product\/2573","targetHints":{"allow":["GET"]}}],"collection":[{"href":"https:\/\/theperfumebottles.com\/fi\/wp-json\/wp\/v2\/product"}],"about":[{"href":"https:\/\/theperfumebottles.com\/fi\/wp-json\/wp\/v2\/types\/product"}],"replies":[{"embeddable":true,"href":"https:\/\/theperfumebottles.com\/fi\/wp-json\/wp\/v2\/comments?post=2573"}],"wp:featuredmedia":[{"embeddable":true,"href":"https:\/\/theperfumebottles.com\/fi\/wp-json\/wp\/v2\/media\/2574"}],"wp:attachment":[{"href":"https:\/\/theperfumebottles.com\/fi\/wp-json\/wp\/v2\/media?parent=2573"}],"wp:term":[{"taxonomy":"product_brand","embeddable":true,"href":"https:\/\/theperfumebottles.com\/fi\/wp-json\/wp\/v2\/product_brand?post=2573"},{"taxonomy":"product_cat","embeddable":true,"href":"https:\/\/theperfumebottles.com\/fi\/wp-json\/wp\/v2\/product_cat?post=2573"},{"taxonomy":"product_tag","embeddable":true,"href":"https:\/\/theperfumebottles.com\/fi\/wp-json\/wp\/v2\/product_tag?post=2573"}],"curies":[{"name":"wp","href":"https:\/\/api.w.org\/{rel}","templated":true}]}}