{"id":2580,"date":"2025-03-10T07:51:08","date_gmt":"2025-03-10T07:51:08","guid":{"rendered":"https:\/\/theperfumebottles.com\/?post_type=product&#038;p=2580"},"modified":"2026-04-08T18:18:42","modified_gmt":"2026-04-08T10:18:42","slug":"custom-glass-fragrance-bottles-bulk-perfume-bottles-set","status":"publish","type":"product","link":"https:\/\/theperfumebottles.com\/fi\/tuote\/custom-glass-fragrance-bottles-bulk-perfume-bottles-set\/","title":{"rendered":"30 ml 50 ml 100 ml r\u00e4\u00e4t\u00e4l\u00f6idyt lasiset tuoksupullot \u2013 irtotavarana hajuvesipullosetti"},"content":{"rendered":"<p>T\u00e4m\u00e4n sarjan lasiset tuoksupullot on valmistettu eritt\u00e4in kirkkaasta sooda-kalkkilasista. Niiss\u00e4 on suorakaiteen muoto, ter\u00e4v\u00e4t reunat ja paksu pohja. Pohjansa ansiosta ne ovat eritt\u00e4in vakaita ja kest\u00e4vi\u00e4. Suorakaiteen muotoinen runko ja suuri korkki tekev\u00e4t niist\u00e4 modernin ja ylellisen n\u00e4k\u00f6isi\u00e4.<\/p>\n<h2>T\u00e4rkeimm\u00e4t tekniset tiedot<\/h2>\n<table style=\"border-collapse: collapse; margin-left: auto; margin-right: auto; width: 80%;\" border=\"0\" width=\"618\" cellspacing=\"0\" cellpadding=\"0\">\n<tbody>\n<tr style=\"height: 19.00pt;\">\n<td class=\"et2\" style=\"height: 19.00pt; width: 117.75pt;\" width=\"157\" height=\"25\">Malli<\/td>\n<td class=\"et3\" style=\"width: 116.25pt;\" width=\"155\">PBF1201<\/td>\n<td class=\"et3\" style=\"width: 115.50pt;\" width=\"154\">PBF1202<\/td>\n<td class=\"et3\" style=\"width: 114.00pt;\" width=\"152\">PBF1203<\/td>\n<\/tr>\n<tr style=\"height: 17.25pt;\">\n<td class=\"et2\" style=\"height: 17.25pt; width: 117.75pt;\" width=\"157\" height=\"23\">Kapasiteetti<\/td>\n<td class=\"et3\" style=\"width: 116.25pt;\" width=\"155\">30 ml<\/td>\n<td class=\"et3\" style=\"width: 115.50pt;\" width=\"154\">50 ml<\/td>\n<td class=\"et3\" style=\"width: 114.00pt;\" width=\"152\">100 ml<\/td>\n<\/tr>\n<tr style=\"height: 17.25pt;\">\n<td class=\"et2\" style=\"height: 17.25pt; width: 117.75pt;\" width=\"157\" height=\"23\">Kaliiperi<\/td>\n<td class=\"et3\" style=\"width: 116.25pt;\" width=\"155\">15 mm<\/td>\n<td class=\"et3\" style=\"width: 115.50pt;\" width=\"154\">15 mm<\/td>\n<td class=\"et3\" style=\"width: 114.00pt;\" width=\"152\">15 mm<\/td>\n<\/tr>\n<tr style=\"height: 18.00pt;\">\n<td class=\"et2\" style=\"height: 18.00pt; width: 117.75pt;\" width=\"157\" height=\"24\">Mitat<\/td>\n<td class=\"et3\" style=\"width: 116.25pt;\" width=\"155\">60 x 32 x 51 \/ mm<\/td>\n<td class=\"et3\" style=\"width: 115.50pt;\" width=\"154\">75 x 35 x 58 \/ mm<\/td>\n<td class=\"et3\" style=\"width: 114.00pt;\" width=\"152\">92 x 45 x 62 \/ mm<\/td>\n<\/tr>\n<tr style=\"height: 17.25pt;\">\n<td class=\"et2\" style=\"height: 17.25pt; width: 117.75pt;\" width=\"157\" height=\"23\">Korkin v\u00e4ri<\/td>\n<td class=\"et3\" style=\"width: 116.25pt;\" width=\"155\">Musta\/Punainen\/Sininen<\/td>\n<td class=\"et3\" style=\"width: 115.50pt;\" width=\"154\">Musta\/Punainen\/Sininen<\/td>\n<td class=\"et3\" style=\"width: 114.00pt;\" width=\"152\">Musta\/Punainen\/Sininen<\/td>\n<\/tr>\n<\/tbody>\n<\/table>\n<h2 data-start=\"94\" data-end=\"114\"><strong data-start=\"94\" data-end=\"114\">Jakelijan tapaus<\/strong><\/h2>\n<p>Alankomaalainen jakelija, joka osti meilt\u00e4 10 ml:n n\u00e4ytehajuvesipulloja vuosi sitten, tilasi n\u00e4it\u00e4 suorakaiteen muotoisia lasisia tuoksupulloja kaikissa kolmessa koossa. K\u00e4ytt\u00e4m\u00e4ll\u00e4 mattamustia ruiskutus- ja kuumapainatustekniikoita \u2013 yhdistettyn\u00e4 pullojen v\u00e4ri\u00e4 mukaileviin korkkeihin \u2013 he ovat antaneet n\u00e4ille suorakaiteen muotoisille lasisille hajuvesipulloille todella ylellisen visuaalisen estetiikan.<\/p>\n<p>He tilasivat aluksi 12 metrin kontin n\u00e4it\u00e4 lasisia tuoksupulloja. He myiv\u00e4t lasisia tuoksupulloja kaupoissa. Verkossa. Uudet lasiset tuoksupullot n\u00e4yttiv\u00e4t paremmilta hyllyill\u00e4, joten ihmiset pitiv\u00e4t br\u00e4ndi\u00e4 hienostuneempana ja he myiv\u00e4t 35 % enemm\u00e4n hajuvett\u00e4 vain nelj\u00e4nnesvuodessa. Yritys piti lasisista tuoksupulloista niin paljon, ett\u00e4 he tilasivat lis\u00e4\u00e4 lasisia tuoksupulloja ja alkoivat k\u00e4ytt\u00e4\u00e4 niit\u00e4 useammissa tuotteissaan.<\/p>\n<p>&nbsp;<\/p>\n<p>&nbsp;<\/p>","protected":false},"excerpt":{"rendered":"<p>Vaativille tuotemerkeille suunnitellut suorakaiteen muotoiset lasiset hajuvesipullomme yhdist\u00e4v\u00e4t hienostuneisuuden ja toimivuuden.<\/p>","protected":false},"featured_media":2584,"comment_status":"open","ping_status":"closed","template":"","meta":{"_acf_changed":false,"site-sidebar-layout":"default","site-content-layout":"","ast-site-content-layout":"default","site-content-style":"default","site-sidebar-style":"default","ast-global-header-display":"","ast-banner-title-visibility":"","ast-main-header-display":"","ast-hfb-above-header-display":"","ast-hfb-below-header-display":"","ast-hfb-mobile-header-display":"","site-post-title":"","ast-breadcrumbs-content":"","ast-featured-img":"","footer-sml-layout":"","ast-disable-related-posts":"","theme-transparent-header-meta":"default","adv-header-id-meta":"","stick-header-meta":"","header-above-stick-meta":"","header-main-stick-meta":"","header-below-stick-meta":"","astra-migrate-meta-layouts":"set","ast-page-background-enabled":"default","ast-page-background-meta":{"desktop":{"background-color":"var(--ast-global-color-5)","background-image":"","background-repeat":"repeat","background-position":"center center","background-size":"auto","background-attachment":"scroll","background-type":"","background-media":"","overlay-type":"","overlay-color":"","overlay-opacity":"","overlay-gradient":""},"tablet":{"background-color":"","background-image":"","background-repeat":"repeat","background-position":"center center","background-size":"auto","background-attachment":"scroll","background-type":"","background-media":"","overlay-type":"","overlay-color":"","overlay-opacity":"","overlay-gradient":""},"mobile":{"background-color":"","background-image":"","background-repeat":"repeat","background-position":"center center","background-size":"auto","background-attachment":"scroll","background-type":"","background-media":"","overlay-type":"","overlay-color":"","overlay-opacity":"","overlay-gradient":""}},"ast-content-background-meta":{"desktop":{"background-color":"var(--ast-global-color-4)","background-image":"","background-repeat":"repeat","background-position":"center center","background-size":"auto","background-attachment":"scroll","background-type":"","background-media":"","overlay-type":"","overlay-color":"","overlay-opacity":"","overlay-gradient":""},"tablet":{"background-color":"var(--ast-global-color-4)","background-image":"","background-repeat":"repeat","background-position":"center center","background-size":"auto","background-attachment":"scroll","background-type":"","background-media":"","overlay-type":"","overlay-color":"","overlay-opacity":"","overlay-gradient":""},"mobile":{"background-color":"var(--ast-global-color-4)","background-image":"","background-repeat":"repeat","background-position":"center center","background-size":"auto","background-attachment":"scroll","background-type":"","background-media":"","overlay-type":"","overlay-color":"","overlay-opacity":"","overlay-gradient":""}}},"product_brand":[],"product_cat":[91,72,41],"product_tag":[],"class_list":{"0":"post-2580","1":"product","2":"type-product","3":"status-publish","4":"has-post-thumbnail","6":"product_cat-custom-perfume-bottles","7":"product_cat-cosmetic-packaging","8":"product_cat-perfume-bottles","9":"desktop-align-left","10":"tablet-align-left","11":"mobile-align-left","13":"first","14":"instock","15":"shipping-taxable","16":"product-type-simple"},"acf":[],"jetpack_sharing_enabled":true,"_links":{"self":[{"href":"https:\/\/theperfumebottles.com\/fi\/wp-json\/wp\/v2\/product\/2580","targetHints":{"allow":["GET"]}}],"collection":[{"href":"https:\/\/theperfumebottles.com\/fi\/wp-json\/wp\/v2\/product"}],"about":[{"href":"https:\/\/theperfumebottles.com\/fi\/wp-json\/wp\/v2\/types\/product"}],"replies":[{"embeddable":true,"href":"https:\/\/theperfumebottles.com\/fi\/wp-json\/wp\/v2\/comments?post=2580"}],"wp:featuredmedia":[{"embeddable":true,"href":"https:\/\/theperfumebottles.com\/fi\/wp-json\/wp\/v2\/media\/2584"}],"wp:attachment":[{"href":"https:\/\/theperfumebottles.com\/fi\/wp-json\/wp\/v2\/media?parent=2580"}],"wp:term":[{"taxonomy":"product_brand","embeddable":true,"href":"https:\/\/theperfumebottles.com\/fi\/wp-json\/wp\/v2\/product_brand?post=2580"},{"taxonomy":"product_cat","embeddable":true,"href":"https:\/\/theperfumebottles.com\/fi\/wp-json\/wp\/v2\/product_cat?post=2580"},{"taxonomy":"product_tag","embeddable":true,"href":"https:\/\/theperfumebottles.com\/fi\/wp-json\/wp\/v2\/product_tag?post=2580"}],"curies":[{"name":"wp","href":"https:\/\/api.w.org\/{rel}","templated":true}]}}