{"id":2588,"date":"2025-03-10T09:12:01","date_gmt":"2025-03-10T09:12:01","guid":{"rendered":"https:\/\/theperfumebottles.com\/?post_type=product&#038;p=2588"},"modified":"2025-05-28T18:09:05","modified_gmt":"2025-05-28T10:09:05","slug":"cologne-bottles-wholesale-custom-fragrance-packaging","status":"publish","type":"product","link":"https:\/\/theperfumebottles.com\/fi\/tuote\/cologne-bottles-wholesale-custom-fragrance-packaging\/","title":{"rendered":"60ml 80ml 100ml K\u00f6lninvesipullojen tukkumyynti"},"content":{"rendered":"<p>PB-BF13-lasinen hajuvesipullomme on ihanteellinen k\u00f6lninvesipullojen tukkumyyntiin, ja se on suunniteltu luksushajuvesimerkeille. Siin\u00e4 on hienostunut suorakaiteen muoto, kirkas paksu kristallilasi ja rohkea musta suorakaiteen muotoinen korkki. Mitat 53x35x116 mm, ja t\u00e4m\u00e4 hajuvesipullo yhdist\u00e4\u00e4 vakauden (vankan pohjan ansiosta) moderniin estetiikkaan. Pullon sis\u00e4sein\u00e4m\u00e4n erityisesti suunniteltu kaareva kovera rakenne paitsi mahdollistaa nesteen virtauksen luonnollisemmin, my\u00f6s antaa pullolle syv\u00e4n visuaalisen pinnan. Saatavilla kolmessa eri koossa: 60 ml \/ 80 ml \/ 100 ml, se sopii p\u00e4ivitt\u00e4iseen k\u00e4ytt\u00f6\u00f6n, matkakokoon ja rajoitettuun er\u00e4\u00e4n erilaisiin tarpeisiisi.<\/p>\n<h2>T\u00e4rkeimm\u00e4t tekniset tiedot<\/h2>\n<table style=\"border-collapse: collapse;margin-left: auto;margin-right: auto;width: 384.77pt\" border=\"0\" width=\"513\" cellspacing=\"0\" cellpadding=\"0\">\n<tbody>\n<tr style=\"height: 13.50pt\">\n<td style=\"height: 13.50pt;width: 127.50pt\" width=\"170\" height=\"18\">Ominaisuus<\/td>\n<td style=\"width: 257.25pt\" width=\"343\">Tiedot<\/td>\n<\/tr>\n<tr style=\"height: 13.50pt\">\n<td style=\"height: 13.50pt\" height=\"18\">Malli<\/td>\n<td>PBF13<\/td>\n<\/tr>\n<tr style=\"height: 13.50pt\">\n<td style=\"height: 13.50pt\" height=\"18\">Kapasiteettivaihtoehdot<\/td>\n<td>60 ml, 80 ml, 100 ml (2 oz:n k\u00f6lninvesipullo)<\/td>\n<\/tr>\n<tr style=\"height: 13.50pt\">\n<td style=\"height: 13.50pt\" height=\"18\">Mitat<\/td>\n<td>53 x 35 x 116 mm<\/td>\n<\/tr>\n<tr style=\"height: 13.50pt\">\n<td style=\"height: 13.50pt\" height=\"18\">Materiaali<\/td>\n<td>Kristallilasi, musta suihkekorkki<\/td>\n<\/tr>\n<tr style=\"height: 13.50pt\">\n<td style=\"height: 13.50pt\" height=\"18\">V\u00e4ri<\/td>\n<td>L\u00e4pin\u00e4kyv\u00e4 lasi, mattamusta korkki<\/td>\n<\/tr>\n<tr style=\"height: 13.50pt\">\n<td style=\"height: 13.50pt\" height=\"18\">Tiivistystyyppi<\/td>\n<td>Suihkuta yl\u00e4osa<\/td>\n<\/tr>\n<\/tbody>\n<\/table>\n<h2>Monipuoliset sovellukset tuoksubr\u00e4nd\u00e4ykseen<\/h2>\n<p>N\u00e4m\u00e4 tyhj\u00e4t hajuvesipullot on suunniteltu ylellisiin k\u00f6lninvesi-, parfyymi- tai tuoksusumutepakkauksiin. Sopivat matkatuoksuiksi, rajoitettuihin kokoelmasarjoihin tai lomalahjasetteihin. Miesten ja naisten tuoksujen universaali muotoilu ei ainoastaan \u200b\u200bkorosta naisten kukkaistuoksujen pehmeytt\u00e4, vaan my\u00f6s kantaa miesten k\u00f6lninvesien syvyytt\u00e4. Se sopii erityisesti korkealuokkaisille tuoksumerkeille, jotka pyrkiv\u00e4t sukupuolettomiin rajoihin ja toteuttavat elegantin ratkaisun yhdest\u00e4 pullosta useisiin tilanteisiin.<\/p>\n<h2>Tee yhteisty\u00f6t\u00e4 luotettavan valmistajan kanssa<\/h2>\n<p>Nosta tuoksuvalikoimaasi n\u00e4ill\u00e4 ensiluokkaisilla lasisilla hajuvesipulloilla. Tarvitsetpa sitten tukkumyynti\u00e4, r\u00e4\u00e4t\u00e4l\u00f6ityj\u00e4 br\u00e4nd\u00e4yksi\u00e4 tai 100 ml:n suihkepullojen irtotilauksia, tehtaamme takaa nopean toimituksen, turvallisen pakkauksen ja vientim\u00e4\u00e4r\u00e4ysten noudattamisen. Ota meihin yhteytt\u00e4 jo t\u00e4n\u00e4\u00e4n luodaksesi yksil\u00f6llisi\u00e4 hajuvesipakkauksia, jotka lumoavat asiakkaasi!<\/p>","protected":false},"excerpt":{"rendered":"<p>Ylellisen tuoksubr\u00e4nd\u00e4yksen takaamiseksi suunniteltu PB-BF13-lasinen hajuvesipullomme on hienostunut suorakaiteen muotoinen, ja siin\u00e4 on kirkas, paksu kristallilasi ja rohkea musta suorakaiteen muotoinen korkki.<\/p>","protected":false},"featured_media":2592,"comment_status":"open","ping_status":"closed","template":"","meta":{"_acf_changed":false,"site-sidebar-layout":"default","site-content-layout":"","ast-site-content-layout":"default","site-content-style":"default","site-sidebar-style":"default","ast-global-header-display":"","ast-banner-title-visibility":"","ast-main-header-display":"","ast-hfb-above-header-display":"","ast-hfb-below-header-display":"","ast-hfb-mobile-header-display":"","site-post-title":"","ast-breadcrumbs-content":"","ast-featured-img":"","footer-sml-layout":"","ast-disable-related-posts":"","theme-transparent-header-meta":"default","adv-header-id-meta":"","stick-header-meta":"","header-above-stick-meta":"","header-main-stick-meta":"","header-below-stick-meta":"","astra-migrate-meta-layouts":"set","ast-page-background-enabled":"default","ast-page-background-meta":{"desktop":{"background-color":"var(--ast-global-color-5)","background-image":"","background-repeat":"repeat","background-position":"center center","background-size":"auto","background-attachment":"scroll","background-type":"","background-media":"","overlay-type":"","overlay-color":"","overlay-opacity":"","overlay-gradient":""},"tablet":{"background-color":"","background-image":"","background-repeat":"repeat","background-position":"center center","background-size":"auto","background-attachment":"scroll","background-type":"","background-media":"","overlay-type":"","overlay-color":"","overlay-opacity":"","overlay-gradient":""},"mobile":{"background-color":"","background-image":"","background-repeat":"repeat","background-position":"center center","background-size":"auto","background-attachment":"scroll","background-type":"","background-media":"","overlay-type":"","overlay-color":"","overlay-opacity":"","overlay-gradient":""}},"ast-content-background-meta":{"desktop":{"background-color":"var(--ast-global-color-4)","background-image":"","background-repeat":"repeat","background-position":"center center","background-size":"auto","background-attachment":"scroll","background-type":"","background-media":"","overlay-type":"","overlay-color":"","overlay-opacity":"","overlay-gradient":""},"tablet":{"background-color":"var(--ast-global-color-4)","background-image":"","background-repeat":"repeat","background-position":"center center","background-size":"auto","background-attachment":"scroll","background-type":"","background-media":"","overlay-type":"","overlay-color":"","overlay-opacity":"","overlay-gradient":""},"mobile":{"background-color":"var(--ast-global-color-4)","background-image":"","background-repeat":"repeat","background-position":"center center","background-size":"auto","background-attachment":"scroll","background-type":"","background-media":"","overlay-type":"","overlay-color":"","overlay-opacity":"","overlay-gradient":""}}},"product_brand":[],"product_cat":[41,72],"product_tag":[],"class_list":{"0":"post-2588","1":"product","2":"type-product","3":"status-publish","4":"has-post-thumbnail","6":"product_cat-perfume-bottles","7":"product_cat-cosmetic-packaging","8":"desktop-align-left","9":"tablet-align-left","10":"mobile-align-left","12":"first","13":"instock","14":"shipping-taxable","15":"product-type-simple"},"acf":[],"jetpack_sharing_enabled":true,"_links":{"self":[{"href":"https:\/\/theperfumebottles.com\/fi\/wp-json\/wp\/v2\/product\/2588","targetHints":{"allow":["GET"]}}],"collection":[{"href":"https:\/\/theperfumebottles.com\/fi\/wp-json\/wp\/v2\/product"}],"about":[{"href":"https:\/\/theperfumebottles.com\/fi\/wp-json\/wp\/v2\/types\/product"}],"replies":[{"embeddable":true,"href":"https:\/\/theperfumebottles.com\/fi\/wp-json\/wp\/v2\/comments?post=2588"}],"wp:featuredmedia":[{"embeddable":true,"href":"https:\/\/theperfumebottles.com\/fi\/wp-json\/wp\/v2\/media\/2592"}],"wp:attachment":[{"href":"https:\/\/theperfumebottles.com\/fi\/wp-json\/wp\/v2\/media?parent=2588"}],"wp:term":[{"taxonomy":"product_brand","embeddable":true,"href":"https:\/\/theperfumebottles.com\/fi\/wp-json\/wp\/v2\/product_brand?post=2588"},{"taxonomy":"product_cat","embeddable":true,"href":"https:\/\/theperfumebottles.com\/fi\/wp-json\/wp\/v2\/product_cat?post=2588"},{"taxonomy":"product_tag","embeddable":true,"href":"https:\/\/theperfumebottles.com\/fi\/wp-json\/wp\/v2\/product_tag?post=2588"}],"curies":[{"name":"wp","href":"https:\/\/api.w.org\/{rel}","templated":true}]}}