{"id":2603,"date":"2025-03-11T06:35:46","date_gmt":"2025-03-11T06:35:46","guid":{"rendered":"https:\/\/theperfumebottles.com\/?post_type=product&#038;p=2603"},"modified":"2025-05-29T09:38:03","modified_gmt":"2025-05-29T01:38:03","slug":"customised-perfume-bottles-bulk-empty-fragrance-bottles","status":"publish","type":"product","link":"https:\/\/theperfumebottles.com\/fi\/tuote\/customised-perfume-bottles-bulk-empty-fragrance-bottles\/","title":{"rendered":"30 ml 50 ml 100 ml ylellisi\u00e4 paksupohjaisia \u200b\u200br\u00e4\u00e4t\u00e4l\u00f6ityj\u00e4 hajuvesipulloja"},"content":{"rendered":"<h2>Luxuus tyhj\u00e4 parf\u00fcmiopullo korkealaatuisille br\u00e4ndeille<\/h2>\n<p>Br\u00e4ndej\u00e4, jotka etsiv\u00e4t laatua varten suunniteltuun neli\u00f6nmuotoiseen kryspin glassiin parf\u00fcmiopullon, joka taitavasti yhdist\u00e4\u00e4 eleganttia ja k\u00e4yt\u00e4nn\u00f6llist\u00e4. Pullosta sujuvat viivat, paksu lasipohja ja sujuva spray-suunnittelu tekev\u00e4t jokaisesta k\u00e4yt\u00f6st\u00e4 rituaalisen. Kolmen kokoluokan 30ml, 50ml ja 100ml, musta, kulta tai hiekkapintainen l\u00e4pin\u00e4kyv\u00e4 korkilla, se ei ainoastaan n\u00e4yt\u00e4 parfyymien\/parfyymin puhtaan v\u00e4rin, vaan v\u00e4litt\u00e4\u00e4 br\u00e4ndin persoonallisuutta yksityiskohtien kautta \u2013 olipa kyseess\u00e4 miesten tuoksu tai naisten tuoksu, l\u00f6yd\u00e4t yksil\u00f6llisen tavoin ilmaista sit\u00e4.<\/p>\n<table style=\"border-collapse: collapse;border: 0;margin-left: auto;margin-right: auto;width: 162.03pt\" border=\"0\" width=\"216\" cellspacing=\"0\" cellpadding=\"0\">\n<tbody>\n<tr style=\"height: 13.50pt;border: 0\">\n<td style=\"height: 13.50pt;width: 54.00pt\" width=\"72\" height=\"18\">\n<p><figure id=\"attachment_2605\" aria-describedby=\"caption-attachment-2605\" style=\"width: 300px\" class=\"wp-caption aligncenter\"><img fetchpriority=\"high\" decoding=\"async\" class=\"size-medium wp-image-2605\" src=\"https:\/\/theperfumebottles.com\/wp-content\/uploads\/2025\/03\/customised-perfume-bottles-bf1501-300x300.jpg\" alt=\"r\u00e4\u00e4t\u00e4l\u00f6idyt hajuvesipullot\" width=\"300\" height=\"300\" srcset=\"https:\/\/theperfumebottles.com\/wp-content\/uploads\/2025\/03\/customised-perfume-bottles-bf1501-300x300.jpg 300w, https:\/\/theperfumebottles.com\/wp-content\/uploads\/2025\/03\/customised-perfume-bottles-bf1501-150x150.jpg 150w, https:\/\/theperfumebottles.com\/wp-content\/uploads\/2025\/03\/customised-perfume-bottles-bf1501-768x768.jpg 768w, https:\/\/theperfumebottles.com\/wp-content\/uploads\/2025\/03\/customised-perfume-bottles-bf1501-12x12.jpg 12w, https:\/\/theperfumebottles.com\/wp-content\/uploads\/2025\/03\/customised-perfume-bottles-bf1501-600x600.jpg 600w, https:\/\/theperfumebottles.com\/wp-content\/uploads\/2025\/03\/customised-perfume-bottles-bf1501-100x100.jpg 100w, https:\/\/theperfumebottles.com\/wp-content\/uploads\/2025\/03\/customised-perfume-bottles-bf1501.jpg 1000w\" sizes=\"(max-width: 300px) 100vw, 300px\" \/><figcaption id=\"caption-attachment-2605\" class=\"wp-caption-text\">30ml r\u00e4\u00e4t\u00e4l\u00f6ityj\u00e4 hajuvesipulloja<\/figcaption><\/figure><\/td>\n<td style=\"width: 54.00pt\" width=\"72\">\n<p><figure id=\"attachment_2606\" aria-describedby=\"caption-attachment-2606\" style=\"width: 300px\" class=\"wp-caption aligncenter\"><img decoding=\"async\" class=\"size-medium wp-image-2606\" src=\"https:\/\/theperfumebottles.com\/wp-content\/uploads\/2025\/03\/customised-perfume-bottles-bf1502-300x300.jpg\" alt=\"r\u00e4\u00e4t\u00e4l\u00f6idyt hajuvesipullot\" width=\"300\" height=\"300\" srcset=\"https:\/\/theperfumebottles.com\/wp-content\/uploads\/2025\/03\/customised-perfume-bottles-bf1502-300x300.jpg 300w, https:\/\/theperfumebottles.com\/wp-content\/uploads\/2025\/03\/customised-perfume-bottles-bf1502-150x150.jpg 150w, https:\/\/theperfumebottles.com\/wp-content\/uploads\/2025\/03\/customised-perfume-bottles-bf1502-768x768.jpg 768w, https:\/\/theperfumebottles.com\/wp-content\/uploads\/2025\/03\/customised-perfume-bottles-bf1502-12x12.jpg 12w, https:\/\/theperfumebottles.com\/wp-content\/uploads\/2025\/03\/customised-perfume-bottles-bf1502-600x600.jpg 600w, https:\/\/theperfumebottles.com\/wp-content\/uploads\/2025\/03\/customised-perfume-bottles-bf1502-100x100.jpg 100w, https:\/\/theperfumebottles.com\/wp-content\/uploads\/2025\/03\/customised-perfume-bottles-bf1502.jpg 1000w\" sizes=\"(max-width: 300px) 100vw, 300px\" \/><figcaption id=\"caption-attachment-2606\" class=\"wp-caption-text\">50ml r\u00e4\u00e4t\u00e4l\u00f6idyt hajuvesipullot<\/figcaption><\/figure><\/td>\n<td style=\"width: 54.00pt\" width=\"72\">\n<p><figure id=\"attachment_2608\" aria-describedby=\"caption-attachment-2608\" style=\"width: 300px\" class=\"wp-caption aligncenter\"><img decoding=\"async\" class=\"size-medium wp-image-2608\" src=\"https:\/\/theperfumebottles.com\/wp-content\/uploads\/2025\/03\/perfume-spray-bottles-bulk-bf1503-300x300.jpg\" alt=\"hajuvesipullot irtotavarana\" width=\"300\" height=\"300\" srcset=\"https:\/\/theperfumebottles.com\/wp-content\/uploads\/2025\/03\/perfume-spray-bottles-bulk-bf1503-300x300.jpg 300w, https:\/\/theperfumebottles.com\/wp-content\/uploads\/2025\/03\/perfume-spray-bottles-bulk-bf1503-150x150.jpg 150w, https:\/\/theperfumebottles.com\/wp-content\/uploads\/2025\/03\/perfume-spray-bottles-bulk-bf1503-768x768.jpg 768w, https:\/\/theperfumebottles.com\/wp-content\/uploads\/2025\/03\/perfume-spray-bottles-bulk-bf1503-12x12.jpg 12w, https:\/\/theperfumebottles.com\/wp-content\/uploads\/2025\/03\/perfume-spray-bottles-bulk-bf1503-600x600.jpg 600w, https:\/\/theperfumebottles.com\/wp-content\/uploads\/2025\/03\/perfume-spray-bottles-bulk-bf1503-100x100.jpg 100w, https:\/\/theperfumebottles.com\/wp-content\/uploads\/2025\/03\/perfume-spray-bottles-bulk-bf1503.jpg 1000w\" sizes=\"(max-width: 300px) 100vw, 300px\" \/><figcaption id=\"caption-attachment-2608\" class=\"wp-caption-text\">100ml r\u00e4\u00e4t\u00e4l\u00f6idyt hajuvesipullot<\/figcaption><\/figure><\/td>\n<\/tr>\n<\/tbody>\n<\/table>\n<h2>Joustava sopeutuminen br\u00e4ndin tarpeisiin<\/h2>\n<ul>\n<li><strong>30 ml n\u00e4yte:<\/strong> kevyt ja siirrett\u00e4v\u00e4, sopii lentokent\u00e4n verovapaan kauppaan koe- tai asiakaskokemuspusseihin.<\/li>\n<li><strong>50 ml lahjapakkaus:<\/strong> hieno tilavuus, erinomainen lahjaksi joulun aikaan tai korkealaatuisille hotelleille parfyymeiksi.<\/li>\n<li><strong>100ml p\u00e4\u00e4 pakkaus:<\/strong> tunnelmalliset mittaukset, t\u00e4ydellinen yhdistelm\u00e4 br\u00e4ndin p\u00e4\u00e4kauppoihin tai verkkokaupan p\u00e4\u00e4malliin.<\/li>\n<\/ul>\n<h2>T\u00e4rkeimm\u00e4t tekniset tiedot<\/h2>\n<div class=\"hyc-common-markdown__table-wrapper\">\n<table>\n<thead>\n<tr>\n<th>Malli<\/th>\n<th>Kapasiteetti<\/th>\n<th>Mitat (mm)<\/th>\n<th>Korkkivaihtoehdot<\/th>\n<th>Materiaali<\/th>\n<\/tr>\n<\/thead>\n<tbody>\n<tr>\n<td>PB-BF1501<\/td>\n<td>30 ml<\/td>\n<td>51\u00d733\u00d768<\/td>\n<td>Musta, hopea, himme\u00e4<\/td>\n<td>Kristallilasi<\/td>\n<\/tr>\n<tr>\n<td>PB-BF1502<\/td>\n<td>50 ml<\/td>\n<td>56\u00d737\u00d782<\/td>\n<td>Musta, hopea, himme\u00e4<\/td>\n<td>Kristallilasi<\/td>\n<\/tr>\n<tr>\n<td>PB-BF1503<\/td>\n<td>100 ml<\/td>\n<td>62\u00d740\u00d7117<\/td>\n<td>Musta, hopea, himme\u00e4<\/td>\n<td>Kristallilasi<\/td>\n<\/tr>\n<\/tbody>\n<\/table>\n<\/div>\n<p><em>Kaikissa malleissa on 15 mm:n suihkupinnat ja suorakaiteen muotoiset sile\u00e4reunaiset mallit.<\/em><\/p>\n<h2>Kumppanuus johtavan hajuvesipullojen toimittajan kanssa<\/h2>\n<p>Luotettavina hajuvesipullojen valmistajina tarjoamme:<\/p>\n<ul>\n<li><strong>Irtotilaukset:<\/strong>\u00a0Kilpailukykyinen hinnoittelu hajuvesisuihkupullojen irtotavarahankinnoille<\/li>\n<li><strong>Mukautetut mallit:<\/strong>\u00a0R\u00e4\u00e4t\u00e4l\u00f6i muotoja, lasin paksuutta ja viimeistelyvaihtoehtoja.<\/li>\n<li><strong>Nopea l\u00e4pimenoaika:\u00a0<\/strong>Varastossa olevat tuotteet valmiina v\u00e4lit\u00f6nt\u00e4 toimitusta varten<\/li>\n<\/ul>\n<p>Pyyd\u00e4 tarjous jo t\u00e4n\u00e4\u00e4n tutustuaksesi r\u00e4\u00e4t\u00e4l\u00f6ityihin hajuvesipulloihin tai varmista irtotilaukset. Anna meid\u00e4n valmistaa ylelliset tuoksupakkauksesi tarkasti ja nopeasti!<\/p>","protected":false},"excerpt":{"rendered":"<p>Nosta hajuvesipakkauksia suorakulmaisilla kristallilasisilla tuoksus\u00e4ili\u00f6ill\u00e4mme, jotka on suunniteltu luksusbr\u00e4ndeille ja irtotilauksille.<\/p>","protected":false},"featured_media":2606,"comment_status":"open","ping_status":"closed","template":"","meta":{"_acf_changed":false,"site-sidebar-layout":"default","site-content-layout":"","ast-site-content-layout":"default","site-content-style":"default","site-sidebar-style":"default","ast-global-header-display":"","ast-banner-title-visibility":"","ast-main-header-display":"","ast-hfb-above-header-display":"","ast-hfb-below-header-display":"","ast-hfb-mobile-header-display":"","site-post-title":"","ast-breadcrumbs-content":"","ast-featured-img":"","footer-sml-layout":"","ast-disable-related-posts":"","theme-transparent-header-meta":"default","adv-header-id-meta":"","stick-header-meta":"","header-above-stick-meta":"","header-main-stick-meta":"","header-below-stick-meta":"","astra-migrate-meta-layouts":"set","ast-page-background-enabled":"default","ast-page-background-meta":{"desktop":{"background-color":"var(--ast-global-color-5)","background-image":"","background-repeat":"repeat","background-position":"center center","background-size":"auto","background-attachment":"scroll","background-type":"","background-media":"","overlay-type":"","overlay-color":"","overlay-opacity":"","overlay-gradient":""},"tablet":{"background-color":"","background-image":"","background-repeat":"repeat","background-position":"center center","background-size":"auto","background-attachment":"scroll","background-type":"","background-media":"","overlay-type":"","overlay-color":"","overlay-opacity":"","overlay-gradient":""},"mobile":{"background-color":"","background-image":"","background-repeat":"repeat","background-position":"center center","background-size":"auto","background-attachment":"scroll","background-type":"","background-media":"","overlay-type":"","overlay-color":"","overlay-opacity":"","overlay-gradient":""}},"ast-content-background-meta":{"desktop":{"background-color":"var(--ast-global-color-4)","background-image":"","background-repeat":"repeat","background-position":"center center","background-size":"auto","background-attachment":"scroll","background-type":"","background-media":"","overlay-type":"","overlay-color":"","overlay-opacity":"","overlay-gradient":""},"tablet":{"background-color":"var(--ast-global-color-4)","background-image":"","background-repeat":"repeat","background-position":"center center","background-size":"auto","background-attachment":"scroll","background-type":"","background-media":"","overlay-type":"","overlay-color":"","overlay-opacity":"","overlay-gradient":""},"mobile":{"background-color":"var(--ast-global-color-4)","background-image":"","background-repeat":"repeat","background-position":"center center","background-size":"auto","background-attachment":"scroll","background-type":"","background-media":"","overlay-type":"","overlay-color":"","overlay-opacity":"","overlay-gradient":""}}},"product_brand":[],"product_cat":[41,72,91],"product_tag":[],"class_list":{"0":"post-2603","1":"product","2":"type-product","3":"status-publish","4":"has-post-thumbnail","6":"product_cat-perfume-bottles","7":"product_cat-cosmetic-packaging","8":"product_cat-custom-perfume-bottles","9":"desktop-align-left","10":"tablet-align-left","11":"mobile-align-left","13":"first","14":"instock","15":"shipping-taxable","16":"product-type-simple"},"acf":[],"jetpack_sharing_enabled":true,"_links":{"self":[{"href":"https:\/\/theperfumebottles.com\/fi\/wp-json\/wp\/v2\/product\/2603","targetHints":{"allow":["GET"]}}],"collection":[{"href":"https:\/\/theperfumebottles.com\/fi\/wp-json\/wp\/v2\/product"}],"about":[{"href":"https:\/\/theperfumebottles.com\/fi\/wp-json\/wp\/v2\/types\/product"}],"replies":[{"embeddable":true,"href":"https:\/\/theperfumebottles.com\/fi\/wp-json\/wp\/v2\/comments?post=2603"}],"wp:featuredmedia":[{"embeddable":true,"href":"https:\/\/theperfumebottles.com\/fi\/wp-json\/wp\/v2\/media\/2606"}],"wp:attachment":[{"href":"https:\/\/theperfumebottles.com\/fi\/wp-json\/wp\/v2\/media?parent=2603"}],"wp:term":[{"taxonomy":"product_brand","embeddable":true,"href":"https:\/\/theperfumebottles.com\/fi\/wp-json\/wp\/v2\/product_brand?post=2603"},{"taxonomy":"product_cat","embeddable":true,"href":"https:\/\/theperfumebottles.com\/fi\/wp-json\/wp\/v2\/product_cat?post=2603"},{"taxonomy":"product_tag","embeddable":true,"href":"https:\/\/theperfumebottles.com\/fi\/wp-json\/wp\/v2\/product_tag?post=2603"}],"curies":[{"name":"wp","href":"https:\/\/api.w.org\/{rel}","templated":true}]}}