{"id":2622,"date":"2025-03-12T06:50:06","date_gmt":"2025-03-12T06:50:06","guid":{"rendered":"https:\/\/theperfumebottles.com\/?post_type=product&#038;p=2622"},"modified":"2025-05-30T09:44:39","modified_gmt":"2025-05-30T01:44:39","slug":"25ml-silver-topped-mini-fragrance-bottles","status":"publish","type":"product","link":"https:\/\/theperfumebottles.com\/fi\/tuote\/25ml-silver-topped-mini-fragrance-bottles\/","title":{"rendered":"25 ml:n hopeakoristeiset minituoksupullot"},"content":{"rendered":"<p>T\u00e4m\u00e4 25 ml:n suorakaiteen muotoinen lasinen hajuvesipullo on tyylikk\u00e4\u00e4n muotoiluinen ja viimeistelty, ja se on suunniteltu erityisesti nykyaikaisille luksusbr\u00e4ndeille. L\u00e4pin\u00e4kyv\u00e4 kristallilasi, jossa on viistetyt reunat, on ulkon\u00e4\u00f6lt\u00e4\u00e4n yksinkertainen ja siisti sek\u00e4 mukavan tuntuinen. Musta tai l\u00e4pin\u00e4kyv\u00e4 suihkekorkki ja hopeinen pullonkorkki ovat yksinkertaisia \u200b\u200bja tyylikk\u00e4it\u00e4. Pieni pullon runko ja 13 mm:n pullonkaulakorkki ovat helppoja kuljettaa ja helpompia integroida erilaisiin luksuspakkauksiin. Sopii hajuvesille, k\u00f6lninvesille tai personoiduille tuoksuille, sopii sek\u00e4 miehille ett\u00e4 naisille.<\/p>\n<h2>Elegantti valinta matkustamiseen, laadukas kumppani br\u00e4ndeille<\/h2>\n<p>T\u00e4m\u00e4 minikokoinen hajuvesipullo on kompakti ja kannettava, t\u00e4ydellinen matkalle, kokeilusetteihin tai r\u00e4\u00e4t\u00e4l\u00f6ityihin parfyymitoihin. Sen tyylik\u00e4s ulkon\u00e4k\u00f6 sopii lahjasettien, tilauslaatikoiden ja esillepanojen pariksi, ja se sopii my\u00f6s personoituihin tuoksulahjoihin promootioihin, h\u00e4ihin tai tapahtumiin.<\/p>\n<h2>T\u00e4rkeimm\u00e4t tekniset tiedot<\/h2>\n<div class=\"hyc-common-markdown__table-wrapper\">\n<table>\n<thead>\n<tr>\n<th>Parametri<\/th>\n<th>Yksityiskohta<\/th>\n<\/tr>\n<\/thead>\n<tbody>\n<tr>\n<td>Malli<\/td>\n<td>PBF1801<\/td>\n<\/tr>\n<tr>\n<td>Kapasiteetti<\/td>\n<td>25 ml<\/td>\n<\/tr>\n<tr>\n<td>Mitat<\/td>\n<td>52 x 21 x 68 mm<\/td>\n<\/tr>\n<tr>\n<td>Materiaali<\/td>\n<td>Korkealaatuinen kristallilasi<\/td>\n<\/tr>\n<tr>\n<td>Korkkivaihtoehdot<\/td>\n<td>Musta, l\u00e4pin\u00e4kyv\u00e4, hopeinen yl\u00e4osa<\/td>\n<\/tr>\n<tr>\n<td>Tiivistystyyppi<\/td>\n<td>Suihkuta yl\u00e4osa<\/td>\n<\/tr>\n<tr>\n<td>Muoto<\/td>\n<td>Suorakulmainen, viistetyt reunat<\/td>\n<\/tr>\n<\/tbody>\n<\/table>\n<\/div>\n<h2>Tee yhteisty\u00f6t\u00e4 luotettavien toimittajien kanssa<\/h2>\n<p>Ammattimaisena hajuvesipullojen valmistajana olemme sitoutuneet tarjoamaan t\u00e4yden valikoiman tukipalveluita tukkukauppiaille ja tuotemerkeille:<\/p>\n<ul>\n<li><strong>Varastossa oleva toimitus:<\/strong> tukee suuria tilauksia ja nopeaa toimitusta.<\/li>\n<li><strong>Henkil\u00f6kohtainen mukauttaminen:<\/strong> muokattavissa oleva pullon muoto, v\u00e4ri, sulkemismenetelm\u00e4 ja kuorrutusprosessi.<\/li>\n<li><strong>Pakkaustuki:<\/strong> Voimme auttaa my\u00f6s pakkaussuunnittelussa! Luomme mielell\u00e4mme sinulle ainutlaatuisen pakkausratkaisun.<\/li>\n<\/ul>\n<p>Haluatko personoida ainutlaatuisen hajuvesipullon? Ota rohkeasti yhteytt\u00e4! Valitse meid\u00e4t tekem\u00e4\u00e4n hajuvedest\u00e4si tyylikk\u00e4\u00e4mm\u00e4n.<\/p>","protected":false},"excerpt":{"rendered":"<p>Tutustu elegantteihin 25 ml:n hopeanv\u00e4risiin minikokoisiin tuoksupulloihin \u2013 ensiluokkaisiin lasisiin hajuvesipakkauksiin br\u00e4ndeille. Saatavilla my\u00f6s irtotilauksina ja r\u00e4\u00e4t\u00e4l\u00f6ityin\u00e4.<\/p>","protected":false},"featured_media":2625,"comment_status":"open","ping_status":"closed","template":"","meta":{"_acf_changed":false,"site-sidebar-layout":"default","site-content-layout":"","ast-site-content-layout":"default","site-content-style":"default","site-sidebar-style":"default","ast-global-header-display":"","ast-banner-title-visibility":"","ast-main-header-display":"","ast-hfb-above-header-display":"","ast-hfb-below-header-display":"","ast-hfb-mobile-header-display":"","site-post-title":"","ast-breadcrumbs-content":"","ast-featured-img":"","footer-sml-layout":"","ast-disable-related-posts":"","theme-transparent-header-meta":"default","adv-header-id-meta":"","stick-header-meta":"","header-above-stick-meta":"","header-main-stick-meta":"","header-below-stick-meta":"","astra-migrate-meta-layouts":"set","ast-page-background-enabled":"default","ast-page-background-meta":{"desktop":{"background-color":"var(--ast-global-color-5)","background-image":"","background-repeat":"repeat","background-position":"center center","background-size":"auto","background-attachment":"scroll","background-type":"","background-media":"","overlay-type":"","overlay-color":"","overlay-opacity":"","overlay-gradient":""},"tablet":{"background-color":"","background-image":"","background-repeat":"repeat","background-position":"center center","background-size":"auto","background-attachment":"scroll","background-type":"","background-media":"","overlay-type":"","overlay-color":"","overlay-opacity":"","overlay-gradient":""},"mobile":{"background-color":"","background-image":"","background-repeat":"repeat","background-position":"center center","background-size":"auto","background-attachment":"scroll","background-type":"","background-media":"","overlay-type":"","overlay-color":"","overlay-opacity":"","overlay-gradient":""}},"ast-content-background-meta":{"desktop":{"background-color":"var(--ast-global-color-4)","background-image":"","background-repeat":"repeat","background-position":"center center","background-size":"auto","background-attachment":"scroll","background-type":"","background-media":"","overlay-type":"","overlay-color":"","overlay-opacity":"","overlay-gradient":""},"tablet":{"background-color":"var(--ast-global-color-4)","background-image":"","background-repeat":"repeat","background-position":"center center","background-size":"auto","background-attachment":"scroll","background-type":"","background-media":"","overlay-type":"","overlay-color":"","overlay-opacity":"","overlay-gradient":""},"mobile":{"background-color":"var(--ast-global-color-4)","background-image":"","background-repeat":"repeat","background-position":"center center","background-size":"auto","background-attachment":"scroll","background-type":"","background-media":"","overlay-type":"","overlay-color":"","overlay-opacity":"","overlay-gradient":""}}},"product_brand":[],"product_cat":[41,72,74],"product_tag":[84],"class_list":{"0":"post-2622","1":"product","2":"type-product","3":"status-publish","4":"has-post-thumbnail","6":"product_cat-perfume-bottles","7":"product_cat-cosmetic-packaging","8":"product_cat-mini-perfume-bottles","9":"product_tag-fragrance-bottles","10":"desktop-align-left","11":"tablet-align-left","12":"mobile-align-left","14":"first","15":"instock","16":"shipping-taxable","17":"product-type-simple"},"acf":[],"jetpack_sharing_enabled":true,"_links":{"self":[{"href":"https:\/\/theperfumebottles.com\/fi\/wp-json\/wp\/v2\/product\/2622","targetHints":{"allow":["GET"]}}],"collection":[{"href":"https:\/\/theperfumebottles.com\/fi\/wp-json\/wp\/v2\/product"}],"about":[{"href":"https:\/\/theperfumebottles.com\/fi\/wp-json\/wp\/v2\/types\/product"}],"replies":[{"embeddable":true,"href":"https:\/\/theperfumebottles.com\/fi\/wp-json\/wp\/v2\/comments?post=2622"}],"wp:featuredmedia":[{"embeddable":true,"href":"https:\/\/theperfumebottles.com\/fi\/wp-json\/wp\/v2\/media\/2625"}],"wp:attachment":[{"href":"https:\/\/theperfumebottles.com\/fi\/wp-json\/wp\/v2\/media?parent=2622"}],"wp:term":[{"taxonomy":"product_brand","embeddable":true,"href":"https:\/\/theperfumebottles.com\/fi\/wp-json\/wp\/v2\/product_brand?post=2622"},{"taxonomy":"product_cat","embeddable":true,"href":"https:\/\/theperfumebottles.com\/fi\/wp-json\/wp\/v2\/product_cat?post=2622"},{"taxonomy":"product_tag","embeddable":true,"href":"https:\/\/theperfumebottles.com\/fi\/wp-json\/wp\/v2\/product_tag?post=2622"}],"curies":[{"name":"wp","href":"https:\/\/api.w.org\/{rel}","templated":true}]}}