{"id":2696,"date":"2025-03-14T09:32:49","date_gmt":"2025-03-14T09:32:49","guid":{"rendered":"https:\/\/theperfumebottles.com\/?post_type=product&#038;p=2696"},"modified":"2025-05-27T10:50:16","modified_gmt":"2025-05-27T02:50:16","slug":"50ml-100ml-empty-perfume-spray-bottles","status":"publish","type":"product","link":"https:\/\/theperfumebottles.com\/fi\/tuote\/50ml-100ml-empty-perfume-spray-bottles\/","title":{"rendered":"50 ml 100 ml tyhj\u00e4t hajuvesipullot"},"content":{"rendered":"<p>N\u00e4m\u00e4 tyhj\u00e4t hajuvesisuihkupullot on suunniteltu erityisesti korkealaatuisia tuotemerkkej\u00e4 varten. Pullo on valmistettu korkealaatuisesta kristallilasista, ja siin\u00e4 on hieman viistetty suorakulmainen muotoilu, jossa on selke\u00e4t linjat. Yleisilme on yksinkertainen ja avok\u00e4tinen, ja se huokuu eleganssia ja korkealuokkaista tunnetta hillitysti.L\u00e4pin\u00e4kyv\u00e4 pullo voi n\u00e4ytt\u00e4\u00e4 t\u00e4ydellisesti hajuveden tai k\u00f6lnin v\u00e4rin vieh\u00e4tyksen, jolloin jokainen tuoksupisara on t\u00e4ynn\u00e4 visuaalista vetovoimaa. Sinisell\u00e4 metallikorkilla tai mattamustalla korkilla se ei ole vain monipuolinen tyylilt\u00e4\u00e4n, vaan sill\u00e4 on my\u00f6s ainutlaatuinen temperamentti. Paksuuntunut lasipohja on vakaa ja vankka, ja se tuntuu rauhalliselta ja ylelliselt\u00e4 k\u00e4dess\u00e4si, mik\u00e4 sopii hyvin korkealuokkaisiin tai kapeisiin hajuvesisarjoihin.<\/p>\n<h2>Ihanteellinen valinta eksklusiivisten hajuvesien luomiseen<\/h2>\n<p>N\u00e4m\u00e4 tyhj\u00e4t pullot ovat ihanteellisia pakkauskumppaneita riippumatta siit\u00e4, oletko luomassa uutta tuotemerkki\u00e4 vai lanseeraamassa rajoitettua tuoksusarjaa. Pullojen sile\u00e4 pinta tukee erilaisia r\u00e4\u00e4t\u00e4l\u00f6intimenetelmi\u00e4, kuten painatusta, kaiverrusta tai etiket\u00f6inti\u00e4, ja auttaa sinua esitt\u00e4m\u00e4\u00e4n helposti br\u00e4ndisi persoonallisuuden.<\/p>\n<h2>T\u00e4rkeimm\u00e4t tekniset tiedot: Tarkkuus ja laatu<\/h2>\n<div class=\"hyc-common-markdown__table-wrapper\">\n<table>\n<thead>\n<tr>\n<th>\u200b<strong>Tekniset tiedot<\/strong><\/th>\n<th>\u200b<strong>Tiedot<\/strong><\/th>\n<\/tr>\n<\/thead>\n<tbody>\n<tr>\n<td>\u200b<strong>Mallit<\/strong><\/td>\n<td>PB-BF1802 (50ml), PB-BF1803 (100ml).<\/td>\n<\/tr>\n<tr>\n<td>\u200b<strong>Mitat<\/strong><\/td>\n<td>70 * 27 * 84 mm (50 ml), 95 * 30 * 109 mm (100 ml).<\/td>\n<\/tr>\n<tr>\n<td>\u200b<strong>Korkkivaihtoehdot<\/strong><\/td>\n<td>Sininen metallikorkki, mattamusta PE-korkki<\/td>\n<\/tr>\n<tr>\n<td>\u200b<strong>Muoto<\/strong><\/td>\n<td>Suorakulmainen, hieman viistetyt reunat<\/td>\n<\/tr>\n<tr>\n<td>\u200b<strong>Materiaali<\/strong><\/td>\n<td>Korkealaatuinen kristallilasi<\/td>\n<\/tr>\n<tr>\n<td>\u200b<strong>Tiivistystyyppi<\/strong><\/td>\n<td>Suihkuta yl\u00e4osa<\/td>\n<\/tr>\n<\/tbody>\n<\/table>\n<\/div>\n<h2>Nosta br\u00e4ndi\u00e4si Premium-pakkauksilla<\/h2>\n<p>Haluatko lis\u00e4t\u00e4 tyyli\u00e4 hajuvesisarjaasi? Tarjoamme kaksi tilavuutta, 50 ml ja 100 ml, ja pullon korkin v\u00e4ri voidaan valita vapaasti tuotemerkin tyylin mukaan. Tukevat irtotilauksia, vakaata tarjontaa ja auttavat br\u00e4ndin kasvua.<\/p>\n<p>Tervetuloa ottamaan yhteytt\u00e4 tehtaaseemme milloin tahansa, jotta voimme luoda yhdess\u00e4 oman yksinomaisen tuoksupakkauksen - alkaen pullosta, joka tekee tuotemerkist\u00e4 l\u00e4mpim\u00e4mm\u00e4n.<\/p>","protected":false},"excerpt":{"rendered":"<p>Tyhj\u00e4t hajuvesisuihkupullomme on suunniteltu kohottamaan tuoksupakkauksiasi modernilla ja hienostuneella estetiikalla.<\/p>","protected":false},"featured_media":2697,"comment_status":"open","ping_status":"closed","template":"","meta":{"_acf_changed":false,"site-sidebar-layout":"default","site-content-layout":"","ast-site-content-layout":"default","site-content-style":"default","site-sidebar-style":"default","ast-global-header-display":"","ast-banner-title-visibility":"","ast-main-header-display":"","ast-hfb-above-header-display":"","ast-hfb-below-header-display":"","ast-hfb-mobile-header-display":"","site-post-title":"","ast-breadcrumbs-content":"","ast-featured-img":"","footer-sml-layout":"","ast-disable-related-posts":"","theme-transparent-header-meta":"default","adv-header-id-meta":"","stick-header-meta":"","header-above-stick-meta":"","header-main-stick-meta":"","header-below-stick-meta":"","astra-migrate-meta-layouts":"set","ast-page-background-enabled":"default","ast-page-background-meta":{"desktop":{"background-color":"var(--ast-global-color-5)","background-image":"","background-repeat":"repeat","background-position":"center center","background-size":"auto","background-attachment":"scroll","background-type":"","background-media":"","overlay-type":"","overlay-color":"","overlay-opacity":"","overlay-gradient":""},"tablet":{"background-color":"","background-image":"","background-repeat":"repeat","background-position":"center center","background-size":"auto","background-attachment":"scroll","background-type":"","background-media":"","overlay-type":"","overlay-color":"","overlay-opacity":"","overlay-gradient":""},"mobile":{"background-color":"","background-image":"","background-repeat":"repeat","background-position":"center center","background-size":"auto","background-attachment":"scroll","background-type":"","background-media":"","overlay-type":"","overlay-color":"","overlay-opacity":"","overlay-gradient":""}},"ast-content-background-meta":{"desktop":{"background-color":"var(--ast-global-color-4)","background-image":"","background-repeat":"repeat","background-position":"center center","background-size":"auto","background-attachment":"scroll","background-type":"","background-media":"","overlay-type":"","overlay-color":"","overlay-opacity":"","overlay-gradient":""},"tablet":{"background-color":"var(--ast-global-color-4)","background-image":"","background-repeat":"repeat","background-position":"center center","background-size":"auto","background-attachment":"scroll","background-type":"","background-media":"","overlay-type":"","overlay-color":"","overlay-opacity":"","overlay-gradient":""},"mobile":{"background-color":"var(--ast-global-color-4)","background-image":"","background-repeat":"repeat","background-position":"center center","background-size":"auto","background-attachment":"scroll","background-type":"","background-media":"","overlay-type":"","overlay-color":"","overlay-opacity":"","overlay-gradient":""}}},"product_brand":[],"product_cat":[72,41],"product_tag":[],"class_list":{"0":"post-2696","1":"product","2":"type-product","3":"status-publish","4":"has-post-thumbnail","6":"product_cat-cosmetic-packaging","7":"product_cat-perfume-bottles","8":"desktop-align-left","9":"tablet-align-left","10":"mobile-align-left","12":"first","13":"instock","14":"shipping-taxable","15":"product-type-simple"},"acf":[],"jetpack_sharing_enabled":true,"_links":{"self":[{"href":"https:\/\/theperfumebottles.com\/fi\/wp-json\/wp\/v2\/product\/2696","targetHints":{"allow":["GET"]}}],"collection":[{"href":"https:\/\/theperfumebottles.com\/fi\/wp-json\/wp\/v2\/product"}],"about":[{"href":"https:\/\/theperfumebottles.com\/fi\/wp-json\/wp\/v2\/types\/product"}],"replies":[{"embeddable":true,"href":"https:\/\/theperfumebottles.com\/fi\/wp-json\/wp\/v2\/comments?post=2696"}],"wp:featuredmedia":[{"embeddable":true,"href":"https:\/\/theperfumebottles.com\/fi\/wp-json\/wp\/v2\/media\/2697"}],"wp:attachment":[{"href":"https:\/\/theperfumebottles.com\/fi\/wp-json\/wp\/v2\/media?parent=2696"}],"wp:term":[{"taxonomy":"product_brand","embeddable":true,"href":"https:\/\/theperfumebottles.com\/fi\/wp-json\/wp\/v2\/product_brand?post=2696"},{"taxonomy":"product_cat","embeddable":true,"href":"https:\/\/theperfumebottles.com\/fi\/wp-json\/wp\/v2\/product_cat?post=2696"},{"taxonomy":"product_tag","embeddable":true,"href":"https:\/\/theperfumebottles.com\/fi\/wp-json\/wp\/v2\/product_tag?post=2696"}],"curies":[{"name":"wp","href":"https:\/\/api.w.org\/{rel}","templated":true}]}}