{"id":2729,"date":"2025-03-17T06:08:29","date_gmt":"2025-03-17T06:08:29","guid":{"rendered":"https:\/\/theperfumebottles.com\/?post_type=product&#038;p=2729"},"modified":"2025-05-30T10:04:54","modified_gmt":"2025-05-30T02:04:54","slug":"little-perfume-bottles-empty-mini-containers-wholesale","status":"publish","type":"product","link":"https:\/\/theperfumebottles.com\/fi\/tuote\/little-perfume-bottles-empty-mini-containers-wholesale\/","title":{"rendered":"25 ml:n pienet hajuvesipullot \u2013 Tyhj\u00e4t minipullot tukkumyynniss\u00e4"},"content":{"rendered":"<p>T\u00e4m\u00e4 25 ml:n miniparfyymipullo on suunniteltu laatua tavoitteleville tuotemerkeille. Se on sek\u00e4 muodikas ett\u00e4 k\u00e4yt\u00e4nn\u00f6llinen, ja se huokuu kevytt\u00e4 ylellisyytt\u00e4 yksinkertaisuudessaan.T\u00e4m\u00e4 25 ml:n miniparfyymipullo on saatavana kolmella v\u00e4rikorkilla: samppanjakulta, peilihopea ja mattamusta, jotka sopivat erilaisiin br\u00e4ndityyleihin. L\u00e4pin\u00e4kyv\u00e4 pullon runko n\u00e4ytt\u00e4\u00e4 selv\u00e4sti hajuveden v\u00e4rin, ja innovatiivinen suutinsuunnittelu tekee suihkusta herk\u00e4n ja tasaisen, ja sit\u00e4 on helppo k\u00e4ytt\u00e4\u00e4 yhdell\u00e4 k\u00e4dell\u00e4. Moderni kevyt ylellinen muotoilu + hienot yksityiskohdat sopivat erinomaisesti tuotemerkin r\u00e4\u00e4t\u00e4l\u00f6intiin ja irtotavarahankintoihin.<\/p>\n<h2>Monipuoliset sovellukset: N\u00e4ytteenotosta luksuskokoelmiin<\/h2>\n<p>T\u00e4m\u00e4 mini parfymibotteli on kuin henkil\u00f6kohtainen parfymihovimestari taskussasi \u2013 olipa se matkaparfymi, rajoitettu er\u00e4 koloniaali tai korkealaatuinen parfymikokoelma, se on t\u00e4ydellinen. Vain palmun kokoinen (41x25x77mm), se voi helposti sis\u00e4lt\u00e4\u00e4 naisten herkk\u00e4\u00e4 tuoksua tai miesten rauhallista hengityst\u00e4. Se sopii paremmin h\u00e4\u00e4tipukin viimeiseksi lis\u00e4ykseksi tai br\u00e4ndien yhteiseen settiin.<\/p>\n<h2>T\u00e4rkeimm\u00e4t tekniset tiedot<\/h2>\n<div class=\"hyc-common-markdown__table-wrapper\">\n<table>\n<thead>\n<tr>\n<th>Parametri<\/th>\n<th>Yksityiskohta<\/th>\n<\/tr>\n<\/thead>\n<tbody>\n<tr>\n<td>Malli<\/td>\n<td>PB-BF1901<\/td>\n<\/tr>\n<tr>\n<td>Kapasiteetti<\/td>\n<td>25 ml<\/td>\n<\/tr>\n<tr>\n<td>Mitat<\/td>\n<td>41mm x 25mm x 77mm<\/td>\n<\/tr>\n<tr>\n<td>Korkin v\u00e4rit<\/td>\n<td>Kiillotettu kulta, hopea, matta musta<\/td>\n<\/tr>\n<tr>\n<td>Materiaali<\/td>\n<td>Korkealaatuinen kristallilasi<\/td>\n<\/tr>\n<tr>\n<td>Sulkemistyyppi<\/td>\n<td>Suihkuta yl\u00e4osa<\/td>\n<\/tr>\n<tr>\n<td>Mukautetut asetukset<\/td>\n<td>Kaiverrus, etiketit, himme\u00e4 viimeistely<\/td>\n<\/tr>\n<\/tbody>\n<\/table>\n<\/div>\n<h2>T\u00e4ydelliset ratkaisut br\u00e4ndillesi<\/h2>\n<p>Luotettavana hajuvesipullojen valmistajana tarjoamme joustavuutta irtotilauksiin ja varastossa olevia tuotteita nopeaa toimitusta varten. Tarvitsitpa sitten tyhji\u00e4 hajuvesipulloja tukkuhintaan tai r\u00e4\u00e4t\u00e4l\u00f6ityj\u00e4 hajuvesipakkauksia, tehtaamme tarjoaa t\u00e4ydelliset ratkaisut - muodoista ja v\u00e4reist\u00e4 sulkimiin ja lis\u00e4varusteisiin.<\/p>\n<h2>Toimi t\u00e4n\u00e4\u00e4n:<\/h2>\n<ul>\n<li>Pyyd\u00e4 ilmaisia n\u00e4ytteit\u00e4<\/li>\n<li>Tutustu mukautettuihin viimeistelyvaihtoehtoihin<\/li>\n<li>Osta irtotavarana br\u00e4nd\u00e4tyill\u00e4 pakkauksilla<\/li>\n<\/ul>\n<p>Korosta tuoksumallistoasi ensiluokkaisella astialla, joka kuvastaa br\u00e4ndisi hienostuneisuutta. Ota meihin yhteytt\u00e4 nyt luodaksesi ajattoman hajuvesisuihkupullomalliston!<\/p>","protected":false},"excerpt":{"rendered":"<p>N\u00e4iss\u00e4 vaativille tuotemerkeille suunnitelluissa 25 ml:n pieniss\u00e4 hajuvesipulloissa yhdistyv\u00e4t tyylik\u00e4s muotoilu ja ensiluokkainen toiminnallisuus.<\/p>","protected":false},"featured_media":2733,"comment_status":"open","ping_status":"closed","template":"","meta":{"_acf_changed":false,"site-sidebar-layout":"default","site-content-layout":"","ast-site-content-layout":"default","site-content-style":"default","site-sidebar-style":"default","ast-global-header-display":"","ast-banner-title-visibility":"","ast-main-header-display":"","ast-hfb-above-header-display":"","ast-hfb-below-header-display":"","ast-hfb-mobile-header-display":"","site-post-title":"","ast-breadcrumbs-content":"","ast-featured-img":"","footer-sml-layout":"","ast-disable-related-posts":"","theme-transparent-header-meta":"default","adv-header-id-meta":"","stick-header-meta":"","header-above-stick-meta":"","header-main-stick-meta":"","header-below-stick-meta":"","astra-migrate-meta-layouts":"set","ast-page-background-enabled":"default","ast-page-background-meta":{"desktop":{"background-color":"var(--ast-global-color-5)","background-image":"","background-repeat":"repeat","background-position":"center center","background-size":"auto","background-attachment":"scroll","background-type":"","background-media":"","overlay-type":"","overlay-color":"","overlay-opacity":"","overlay-gradient":""},"tablet":{"background-color":"","background-image":"","background-repeat":"repeat","background-position":"center center","background-size":"auto","background-attachment":"scroll","background-type":"","background-media":"","overlay-type":"","overlay-color":"","overlay-opacity":"","overlay-gradient":""},"mobile":{"background-color":"","background-image":"","background-repeat":"repeat","background-position":"center center","background-size":"auto","background-attachment":"scroll","background-type":"","background-media":"","overlay-type":"","overlay-color":"","overlay-opacity":"","overlay-gradient":""}},"ast-content-background-meta":{"desktop":{"background-color":"var(--ast-global-color-4)","background-image":"","background-repeat":"repeat","background-position":"center center","background-size":"auto","background-attachment":"scroll","background-type":"","background-media":"","overlay-type":"","overlay-color":"","overlay-opacity":"","overlay-gradient":""},"tablet":{"background-color":"var(--ast-global-color-4)","background-image":"","background-repeat":"repeat","background-position":"center center","background-size":"auto","background-attachment":"scroll","background-type":"","background-media":"","overlay-type":"","overlay-color":"","overlay-opacity":"","overlay-gradient":""},"mobile":{"background-color":"var(--ast-global-color-4)","background-image":"","background-repeat":"repeat","background-position":"center center","background-size":"auto","background-attachment":"scroll","background-type":"","background-media":"","overlay-type":"","overlay-color":"","overlay-opacity":"","overlay-gradient":""}}},"product_brand":[],"product_cat":[72,74,41],"product_tag":[],"class_list":{"0":"post-2729","1":"product","2":"type-product","3":"status-publish","4":"has-post-thumbnail","6":"product_cat-cosmetic-packaging","7":"product_cat-mini-perfume-bottles","8":"product_cat-perfume-bottles","9":"desktop-align-left","10":"tablet-align-left","11":"mobile-align-left","13":"first","14":"instock","15":"shipping-taxable","16":"product-type-simple"},"acf":[],"jetpack_sharing_enabled":true,"_links":{"self":[{"href":"https:\/\/theperfumebottles.com\/fi\/wp-json\/wp\/v2\/product\/2729","targetHints":{"allow":["GET"]}}],"collection":[{"href":"https:\/\/theperfumebottles.com\/fi\/wp-json\/wp\/v2\/product"}],"about":[{"href":"https:\/\/theperfumebottles.com\/fi\/wp-json\/wp\/v2\/types\/product"}],"replies":[{"embeddable":true,"href":"https:\/\/theperfumebottles.com\/fi\/wp-json\/wp\/v2\/comments?post=2729"}],"wp:featuredmedia":[{"embeddable":true,"href":"https:\/\/theperfumebottles.com\/fi\/wp-json\/wp\/v2\/media\/2733"}],"wp:attachment":[{"href":"https:\/\/theperfumebottles.com\/fi\/wp-json\/wp\/v2\/media?parent=2729"}],"wp:term":[{"taxonomy":"product_brand","embeddable":true,"href":"https:\/\/theperfumebottles.com\/fi\/wp-json\/wp\/v2\/product_brand?post=2729"},{"taxonomy":"product_cat","embeddable":true,"href":"https:\/\/theperfumebottles.com\/fi\/wp-json\/wp\/v2\/product_cat?post=2729"},{"taxonomy":"product_tag","embeddable":true,"href":"https:\/\/theperfumebottles.com\/fi\/wp-json\/wp\/v2\/product_tag?post=2729"}],"curies":[{"name":"wp","href":"https:\/\/api.w.org\/{rel}","templated":true}]}}