{"id":2743,"date":"2025-03-18T07:06:07","date_gmt":"2025-03-18T07:06:07","guid":{"rendered":"https:\/\/theperfumebottles.com\/?post_type=product&#038;p=2743"},"modified":"2025-03-18T07:30:54","modified_gmt":"2025-03-18T07:30:54","slug":"mens-cologne-black-square-bottle","status":"publish","type":"product","link":"https:\/\/theperfumebottles.com\/fi\/tuote\/mens-cologne-black-square-bottle\/","title":{"rendered":"30 ml 50 ml 100 ml miesten k\u00f6lninvesi musta neli\u00f6pullo"},"content":{"rendered":"<p>Tutustu miesten mustaan neli\u00f6n muotoiseen pulloon, joka on suunniteltu tuotemerkeille, jotka etsiv\u00e4t parhaita k\u00f6lninpulloja tuoksulinjojensa kohottamiseksi. Tarkalla tarkkuudella valmistetuissa mustissa hajuvesipullojen tukkumyyntivalikoimassamme yhdistyv\u00e4t moderni minimalismi ja ajaton hienostuneisuus, ja ne sopivat t\u00e4ydellisesti ylellisiin hajuvesiin ja kapeisiin mallistoihin.<\/p>\n<h2>Tuotteen tekniset tiedot yhdell\u00e4 silm\u00e4yksell\u00e4<\/h2>\n<div class=\"hyc-common-markdown__table-wrapper\">\n<table>\n<thead>\n<tr>\n<th>Malli<\/th>\n<th>Kapasiteetti<\/th>\n<th>Mitat (mm)<\/th>\n<th>Lasin v\u00e4ri<\/th>\n<th>Korkin v\u00e4ri<\/th>\n<th>Materiaali<\/th>\n<\/tr>\n<\/thead>\n<tbody>\n<tr>\n<td>PB-BM0401<\/td>\n<td>30 ml<\/td>\n<td>42\u00d729\u00d777<\/td>\n<td>Matta musta<\/td>\n<td>Kiillotettu<\/td>\n<td>Kristallilasi<\/td>\n<\/tr>\n<tr>\n<td>PB-BM0402<\/td>\n<td>50 ml<\/td>\n<td>51\u00d728\u00d792<\/td>\n<td>Matta musta<\/td>\n<td>Kiillotettu<\/td>\n<td>Kristallilasi<\/td>\n<\/tr>\n<tr>\n<td>PB-BM0403<\/td>\n<td>100 ml<\/td>\n<td>53\u00d735\u00d7116<\/td>\n<td>Matta musta<\/td>\n<td>Kiillotettu<\/td>\n<td>Kristallilasi<\/td>\n<\/tr>\n<\/tbody>\n<\/table>\n<\/div>\n<h2>R\u00e4\u00e4t\u00e4l\u00f6ityj\u00e4 ratkaisuja br\u00e4ndin menestykseen<\/h2>\n<p>Muunna n\u00e4m\u00e4 tyhj\u00e4t hajuvesipakkaukset br\u00e4nd\u00e4tyiksi mestariteoksiksi. Valitse kaiverretut logot, mukautetut v\u00e4rit tai eksklusiiviset viimeistelyvaihtoehdot (esim. antiikki- tai l\u00e4pikuultava vaikutus). Ihanteellinen tukkukumppaneille, tarjoamme kilpailukykyisen hinnoittelun irtotilauksille joustavilla MOQ-arvoilla.<\/p>\n<h3>Monipuoliset sovellukset eri tuoksulinjoissa<\/h3>\n<p>T\u00e4m\u00e4 neli\u00f6n muotoinen lasinen hajuvesipullo sopii mihin tahansa tuoksukategoriaan, olipa kyseess\u00e4 sitten miesten parfyymi, naisten hajuvesi tai unisex-tuoksu. Sen tyylik\u00e4s muotoilu sopii:<\/p>\n<ul>\n<li>Ylelliset niche-parfyymimerkit<\/li>\n<li>Rajoitetun painoksen mallistot<\/li>\n<li>Henkil\u00f6kohtaiset lahjasetit<\/li>\n<li>Premium v\u00e4hitt\u00e4iskaupan n\u00e4yt\u00f6t<\/li>\n<\/ul>\n<h2>Miksi valita mustat neli\u00f6n muotoiset k\u00f6lninvesipullot?<\/h2>\n<p>Luotettavana hajuvesipakkausten valmistajana tarjoamme t\u00e4ydellisi\u00e4 ratkaisuja suunnittelusta toimitukseen. Mustat hajuvesipullomme on suunniteltu:<\/p>\n<ol>\n<li>Paranna koettua arvoa ylellisell\u00e4 estetiikalla.<\/li>\n<li>Suojaa tuoksut UV-suojalasilla.<\/li>\n<li>Tehosta br\u00e4nd\u00e4yst\u00e4 mukautetun kaiverruksen ja lis\u00e4varusteiden avulla.<\/li>\n<\/ol>\n<h2>Nosta br\u00e4ndi\u00e4si ajattomalla eleganssilla<\/h2>\n<p>Erotu kilpailluilla tuoksumarkkinoilla miesten mustalla neli\u00f6nmuotoisella pullolla - parhaiden saatavilla olevien partavett\u00e4 sis\u00e4lt\u00e4vien pullojen k\u00e4rkikastiin kuuluvalla pullolla. Optimoitu mustien hajuvesipullojen tukkukumppanuuksille, t\u00e4m\u00e4 muotoilu yhdist\u00e4\u00e4 toiminnallisuuden ja premium-valituksen. Ota yhteytt\u00e4 tiimiimme jo t\u00e4n\u00e4\u00e4n keskustellaksesi mukautetuista tilauksista tai irtomyyntialennuksista!<\/p>\n<p>Oletko valmis luomaan ikimuistoisen tuoksukokemuksen? Pyyd\u00e4 nyt tarjous mustien hajuvesipullojen tukkumyynnist\u00e4 ja avaa eksklusiiviset br\u00e4nd\u00e4ysvaihtoehdot!<\/p>","protected":false},"excerpt":{"rendered":"<p>Tutustu miesten mustaan neli\u00f6n muotoiseen pulloon, joka on suunniteltu tuotemerkeille, jotka etsiv\u00e4t parhaita k\u00f6lninpulloja tuoksulinjojensa kohottamiseksi. Valmistettu [...]<\/p>","protected":false},"featured_media":2752,"comment_status":"open","ping_status":"closed","template":"","meta":{"_acf_changed":false,"site-sidebar-layout":"default","site-content-layout":"","ast-site-content-layout":"default","site-content-style":"default","site-sidebar-style":"default","ast-global-header-display":"","ast-banner-title-visibility":"","ast-main-header-display":"","ast-hfb-above-header-display":"","ast-hfb-below-header-display":"","ast-hfb-mobile-header-display":"","site-post-title":"","ast-breadcrumbs-content":"","ast-featured-img":"","footer-sml-layout":"","ast-disable-related-posts":"","theme-transparent-header-meta":"default","adv-header-id-meta":"","stick-header-meta":"","header-above-stick-meta":"","header-main-stick-meta":"","header-below-stick-meta":"","astra-migrate-meta-layouts":"set","ast-page-background-enabled":"default","ast-page-background-meta":{"desktop":{"background-color":"var(--ast-global-color-5)","background-image":"","background-repeat":"repeat","background-position":"center center","background-size":"auto","background-attachment":"scroll","background-type":"","background-media":"","overlay-type":"","overlay-color":"","overlay-opacity":"","overlay-gradient":""},"tablet":{"background-color":"","background-image":"","background-repeat":"repeat","background-position":"center center","background-size":"auto","background-attachment":"scroll","background-type":"","background-media":"","overlay-type":"","overlay-color":"","overlay-opacity":"","overlay-gradient":""},"mobile":{"background-color":"","background-image":"","background-repeat":"repeat","background-position":"center center","background-size":"auto","background-attachment":"scroll","background-type":"","background-media":"","overlay-type":"","overlay-color":"","overlay-opacity":"","overlay-gradient":""}},"ast-content-background-meta":{"desktop":{"background-color":"var(--ast-global-color-4)","background-image":"","background-repeat":"repeat","background-position":"center center","background-size":"auto","background-attachment":"scroll","background-type":"","background-media":"","overlay-type":"","overlay-color":"","overlay-opacity":"","overlay-gradient":""},"tablet":{"background-color":"var(--ast-global-color-4)","background-image":"","background-repeat":"repeat","background-position":"center center","background-size":"auto","background-attachment":"scroll","background-type":"","background-media":"","overlay-type":"","overlay-color":"","overlay-opacity":"","overlay-gradient":""},"mobile":{"background-color":"var(--ast-global-color-4)","background-image":"","background-repeat":"repeat","background-position":"center center","background-size":"auto","background-attachment":"scroll","background-type":"","background-media":"","overlay-type":"","overlay-color":"","overlay-opacity":"","overlay-gradient":""}}},"product_brand":[],"product_cat":[79,72,41],"product_tag":[],"class_list":{"0":"post-2743","1":"product","2":"type-product","3":"status-publish","4":"has-post-thumbnail","6":"product_cat-black-perfume-bottles","7":"product_cat-cosmetic-packaging","8":"product_cat-perfume-bottles","9":"desktop-align-left","10":"tablet-align-left","11":"mobile-align-left","13":"first","14":"instock","15":"shipping-taxable","16":"product-type-simple"},"acf":[],"jetpack_sharing_enabled":true,"_links":{"self":[{"href":"https:\/\/theperfumebottles.com\/fi\/wp-json\/wp\/v2\/product\/2743","targetHints":{"allow":["GET"]}}],"collection":[{"href":"https:\/\/theperfumebottles.com\/fi\/wp-json\/wp\/v2\/product"}],"about":[{"href":"https:\/\/theperfumebottles.com\/fi\/wp-json\/wp\/v2\/types\/product"}],"replies":[{"embeddable":true,"href":"https:\/\/theperfumebottles.com\/fi\/wp-json\/wp\/v2\/comments?post=2743"}],"wp:featuredmedia":[{"embeddable":true,"href":"https:\/\/theperfumebottles.com\/fi\/wp-json\/wp\/v2\/media\/2752"}],"wp:attachment":[{"href":"https:\/\/theperfumebottles.com\/fi\/wp-json\/wp\/v2\/media?parent=2743"}],"wp:term":[{"taxonomy":"product_brand","embeddable":true,"href":"https:\/\/theperfumebottles.com\/fi\/wp-json\/wp\/v2\/product_brand?post=2743"},{"taxonomy":"product_cat","embeddable":true,"href":"https:\/\/theperfumebottles.com\/fi\/wp-json\/wp\/v2\/product_cat?post=2743"},{"taxonomy":"product_tag","embeddable":true,"href":"https:\/\/theperfumebottles.com\/fi\/wp-json\/wp\/v2\/product_tag?post=2743"}],"curies":[{"name":"wp","href":"https:\/\/api.w.org\/{rel}","templated":true}]}}