{"id":2787,"date":"2025-03-19T09:25:42","date_gmt":"2025-03-19T09:25:42","guid":{"rendered":"https:\/\/theperfumebottles.com\/?post_type=product&#038;p=2787"},"modified":"2025-05-30T15:39:08","modified_gmt":"2025-05-30T07:39:08","slug":"luxury-mens-cologne-black-bottles","status":"publish","type":"product","link":"https:\/\/theperfumebottles.com\/fi\/tuote\/luxury-mens-cologne-black-bottles\/","title":{"rendered":"30 ml 50 ml 100 ml ylellisi\u00e4 miesten k\u00f6lninvesipulloja, mustia"},"content":{"rendered":"<h2>Premium musta K\u00f6lnin pullot: Ajatonta eleganssia nykyaikaisille tuotemerkeille<\/h2>\n<p>T\u00e4m\u00e4 mattiinmusta lasikorvakuosi on kuin j\u00e4\u00e4dytetty y\u00f6, ja pullojen viivat yhdistettyn\u00e4 ajan tekstuurin kanssa luovat salaper\u00e4isen s\u00e4ili\u00f6n miehen korvakuosille. Puoliparantunut syv\u00e4 v\u00e4ri tekee tuoksusta lohik\u00e4\u00e4rmeen, samalla kuin hienostuneen herrasmiehen vaatekaapissa oleva puhdas musta takki, joka ei haalistu, matalalla profiililla ja piilotetulla \u00e4ss\u00e4ll\u00e4. olipa kyseess\u00e4 kylm\u00e4 puuton s\u00e4vy tai l\u00e4mpim\u00e4sti it\u00e4mainen tuoksu, se voi rikkoa sukupuolirajojen ja l\u00f6yt\u00e4\u00e4 sielun resonoitukset mattiinmustan syvyydest\u00e4. Mukautettavat lohik\u00e4\u00e4rmeen kaulan korkit ja lasileimattavat tunnukset tekev\u00e4t jokaisesta yksityiskohdasta br\u00e4ndin tarinan viittauksen \u2013 kun kolme kapasiteettia 30\/50\/100ml kohtaa geometrinen kuvioitu korkki, jokainen p\u00f6yd\u00e4ll\u00e4 oleva pullo on tyylik\u00e4s laadun julistus, mik\u00e4 antaa br\u00e4ndille erikoismerkityksen meluisassa markkinoissa.<\/p>\n<h2>Sovellukset ja skenaariot<\/h2>\n<p><strong>N\u00e4m\u00e4 mustat korvakuosit on suunniteltu br\u00e4ndeille, jotka kohdistavat luksus- ja erikoismarkkinoihin:<\/strong><\/p>\n<ul>\n<li>\u200b<strong>Miesten korvakuosi:<\/strong> Mattiinmusta lasi ja suorakulmio muodostavat maskuliinisuuden, t\u00e4ydellinen mustien miesten korvakuosien kokoelmiin.<\/li>\n<li><strong>Naisen korvakuosi:<\/strong> Yhdist\u00e4 kultaiset koristeet mustan pullokorvakuosiin naisten korvakuosilinjoille.<\/li>\n<li><strong>Erityisjulkaisut:<\/strong> K\u00e4yt\u00e4 mukautettua leikkausta sesonkijulkaisuista tai erikoisjulkaisuista.<\/li>\n<li>\u200b<strong>Yrityspalvelut:<\/strong> Br\u00e4nd\u00e4ttyjen korvakuosien tilauskokojen parantaminen B2B-giittauksissa.<\/li>\n<\/ul>\n<h2>Tekniset tiedot<\/h2>\n<div class=\"hyc-common-markdown__table-wrapper\">\n<table>\n<thead>\n<tr>\n<th>\u200b<strong>Malli<\/strong><\/th>\n<th>Kapasiteetti<\/th>\n<th>Mitat (mm)<\/th>\n<th>Lasin v\u00e4ri<\/th>\n<th>Cap Style<\/th>\n<th>Materiaali<\/th>\n<\/tr>\n<\/thead>\n<tbody>\n<tr>\n<td>PB-BM0601<\/td>\n<td>30 ml<\/td>\n<td>42x29x76<\/td>\n<td>Matta musta<\/td>\n<td>Kiillotettu musta<\/td>\n<td>Kristallilasi<\/td>\n<\/tr>\n<tr>\n<td>PB-BM0602<\/td>\n<td>50 ml<\/td>\n<td>51x28x91<\/td>\n<td>Matta musta<\/td>\n<td>Kiillotettu musta<\/td>\n<td>Kristallilasi<\/td>\n<\/tr>\n<tr>\n<td>PB-BM0603<\/td>\n<td>100 ml<\/td>\n<td>53x36x116<\/td>\n<td>Matta musta<\/td>\n<td>Kiillotettu musta<\/td>\n<td>Kristallilasi<\/td>\n<\/tr>\n<\/tbody>\n<\/table>\n<\/div>\n<h2>R\u00e4\u00e4t\u00e4l\u00f6inti &amp; tukkuratkaisut<\/h2>\n<p>Olemme erikoistuneet<strong>t\u00e4ydelliset ratkaisut<\/strong>\u00a0tuotemerkkej\u00e4 varten:<\/p>\n<ul>\n<li>\u200b<strong>M\u00e4\u00e4r\u00e4<\/strong>: Joustavat irtotilaukset alkaen 500 yksik\u00f6st\u00e4.<\/li>\n<li>\u200b<strong>Br\u00e4nd\u00e4ys<\/strong>: Valitse painatus, kaiverrus tai kohokuvioitu logo.<\/li>\n<li>\u200b<strong>Sulkeminen<\/strong>: Kultaiset\/hopeiset korkit, magneettikannet tai mukautetut sulkimet.<\/li>\n<li>\u200b<strong>Pakkaus<\/strong>: Yhdist\u00e4 ylellisiin laatikoihin tai ymp\u00e4rist\u00f6yst\u00e4v\u00e4llisiin hylsyihin.<\/li>\n<\/ul>\n<h2>Nosta tuoksubr\u00e4ndi\u00e4si mustilla pulloilla<\/h2>\n<p>Miesten mustat pullopullot ja naisten mustat hajuvesipullot yhdist\u00e4v\u00e4t tyylikk\u00e4\u00e4n estetiikan ja k\u00e4yt\u00e4nn\u00f6llisyyden. Alhaiset MOQ:t, r\u00e4\u00e4t\u00e4l\u00f6idyt pakkaukset ja kest\u00e4v\u00e4t lasiset hajuvesipullot antavat tuotemerkeille mahdollisuuden luoda ainutlaatuisia, korkealaatuisia tuoksuja, jotka kiehtovat kuluttajia.<br \/>\nOta yhteytt\u00e4 jo t\u00e4n\u00e4\u00e4n keskustellaksesi tukkuhinnoittelusta ja r\u00e4\u00e4t\u00e4l\u00f6idyist\u00e4 hajuvesisuihkupulloratkaisuista!<\/p>","protected":false},"excerpt":{"rendered":"<p>Br\u00e4ndeille, jotka valmistavat mustia miesten k\u00f6lninvesipulloja tai mustia hajuvesipulloja, mattamustat lasimallit m\u00e4\u00e4rittelev\u00e4t hienostuneisuuden uudelleen.<\/p>","protected":false},"featured_media":2792,"comment_status":"open","ping_status":"closed","template":"","meta":{"_acf_changed":false,"site-sidebar-layout":"default","site-content-layout":"","ast-site-content-layout":"default","site-content-style":"default","site-sidebar-style":"default","ast-global-header-display":"","ast-banner-title-visibility":"","ast-main-header-display":"","ast-hfb-above-header-display":"","ast-hfb-below-header-display":"","ast-hfb-mobile-header-display":"","site-post-title":"","ast-breadcrumbs-content":"","ast-featured-img":"","footer-sml-layout":"","ast-disable-related-posts":"","theme-transparent-header-meta":"default","adv-header-id-meta":"","stick-header-meta":"","header-above-stick-meta":"","header-main-stick-meta":"","header-below-stick-meta":"","astra-migrate-meta-layouts":"set","ast-page-background-enabled":"default","ast-page-background-meta":{"desktop":{"background-color":"var(--ast-global-color-5)","background-image":"","background-repeat":"repeat","background-position":"center center","background-size":"auto","background-attachment":"scroll","background-type":"","background-media":"","overlay-type":"","overlay-color":"","overlay-opacity":"","overlay-gradient":""},"tablet":{"background-color":"","background-image":"","background-repeat":"repeat","background-position":"center center","background-size":"auto","background-attachment":"scroll","background-type":"","background-media":"","overlay-type":"","overlay-color":"","overlay-opacity":"","overlay-gradient":""},"mobile":{"background-color":"","background-image":"","background-repeat":"repeat","background-position":"center center","background-size":"auto","background-attachment":"scroll","background-type":"","background-media":"","overlay-type":"","overlay-color":"","overlay-opacity":"","overlay-gradient":""}},"ast-content-background-meta":{"desktop":{"background-color":"var(--ast-global-color-4)","background-image":"","background-repeat":"repeat","background-position":"center center","background-size":"auto","background-attachment":"scroll","background-type":"","background-media":"","overlay-type":"","overlay-color":"","overlay-opacity":"","overlay-gradient":""},"tablet":{"background-color":"var(--ast-global-color-4)","background-image":"","background-repeat":"repeat","background-position":"center center","background-size":"auto","background-attachment":"scroll","background-type":"","background-media":"","overlay-type":"","overlay-color":"","overlay-opacity":"","overlay-gradient":""},"mobile":{"background-color":"var(--ast-global-color-4)","background-image":"","background-repeat":"repeat","background-position":"center center","background-size":"auto","background-attachment":"scroll","background-type":"","background-media":"","overlay-type":"","overlay-color":"","overlay-opacity":"","overlay-gradient":""}}},"product_brand":[],"product_cat":[79,72,91,41],"product_tag":[],"class_list":{"0":"post-2787","1":"product","2":"type-product","3":"status-publish","4":"has-post-thumbnail","6":"product_cat-black-perfume-bottles","7":"product_cat-cosmetic-packaging","8":"product_cat-custom-perfume-bottles","9":"product_cat-perfume-bottles","10":"desktop-align-left","11":"tablet-align-left","12":"mobile-align-left","14":"first","15":"instock","16":"shipping-taxable","17":"product-type-simple"},"acf":[],"jetpack_sharing_enabled":true,"_links":{"self":[{"href":"https:\/\/theperfumebottles.com\/fi\/wp-json\/wp\/v2\/product\/2787","targetHints":{"allow":["GET"]}}],"collection":[{"href":"https:\/\/theperfumebottles.com\/fi\/wp-json\/wp\/v2\/product"}],"about":[{"href":"https:\/\/theperfumebottles.com\/fi\/wp-json\/wp\/v2\/types\/product"}],"replies":[{"embeddable":true,"href":"https:\/\/theperfumebottles.com\/fi\/wp-json\/wp\/v2\/comments?post=2787"}],"wp:featuredmedia":[{"embeddable":true,"href":"https:\/\/theperfumebottles.com\/fi\/wp-json\/wp\/v2\/media\/2792"}],"wp:attachment":[{"href":"https:\/\/theperfumebottles.com\/fi\/wp-json\/wp\/v2\/media?parent=2787"}],"wp:term":[{"taxonomy":"product_brand","embeddable":true,"href":"https:\/\/theperfumebottles.com\/fi\/wp-json\/wp\/v2\/product_brand?post=2787"},{"taxonomy":"product_cat","embeddable":true,"href":"https:\/\/theperfumebottles.com\/fi\/wp-json\/wp\/v2\/product_cat?post=2787"},{"taxonomy":"product_tag","embeddable":true,"href":"https:\/\/theperfumebottles.com\/fi\/wp-json\/wp\/v2\/product_tag?post=2787"}],"curies":[{"name":"wp","href":"https:\/\/api.w.org\/{rel}","templated":true}]}}