{"id":2795,"date":"2025-03-20T08:59:46","date_gmt":"2025-03-20T08:59:46","guid":{"rendered":"https:\/\/theperfumebottles.com\/?post_type=product&#038;p=2795"},"modified":"2026-04-07T16:06:36","modified_gmt":"2026-04-07T08:06:36","slug":"custom-luxury-crystal-perfume-bottle-wholesale","status":"publish","type":"product","link":"https:\/\/theperfumebottles.com\/fi\/tuote\/custom-luxury-crystal-perfume-bottle-wholesale\/","title":{"rendered":"100 ml:n r\u00e4\u00e4t\u00e4l\u00f6ity ylellinen kristallihajuvesipullo tukkumyynniss\u00e4"},"content":{"rendered":"<p>Kristallisella hajuvesipullolla on kuutiomainen muoto, ja sen materiaalina on l\u00e4pin\u00e4kyv\u00e4 lasi. Korkissa on kaksi erillist\u00e4 osaa: kiilt\u00e4v\u00e4ll\u00e4 kromilla viimeistelty metallirengas, suuttimen ja erillisen hiotun kristallikorkin.<\/p>\n<h2>Tekniset tiedot<\/h2>\n<div>\n<table class=\"aligncenter\" style=\"border-collapse: collapse; width: 300.77pt;\" border=\"0\" width=\"401\" cellspacing=\"0\" cellpadding=\"0\">\n<tbody>\n<tr style=\"height: 13.50pt;\">\n<td style=\"height: 13.50pt; width: 88.50pt;\" width=\"118\" height=\"18\">Ominaisuus<\/td>\n<td style=\"width: 212.25pt;\" width=\"283\">Tiedot<\/td>\n<\/tr>\n<tr style=\"height: 13.50pt;\">\n<td style=\"height: 13.50pt;\" height=\"18\">Kapasiteetti<\/td>\n<td>100 ml (3,4 unssia)<\/td>\n<\/tr>\n<tr style=\"height: 13.50pt;\">\n<td style=\"height: 13.50pt;\" height=\"18\">Materiaali<\/td>\n<td>Kristallilasi, akryylinen hopeinen korkki<\/td>\n<\/tr>\n<tr style=\"height: 13.50pt;\">\n<td style=\"height: 13.50pt;\" height=\"18\">Mitat<\/td>\n<td>57 \u00d7 57 \u00d7 69 mm (neli\u00f6nmuotoinen)<\/td>\n<\/tr>\n<tr style=\"height: 13.50pt;\">\n<td style=\"height: 13.50pt;\" height=\"18\">Mukauttaminen<\/td>\n<td>Kaiverrus, kuorrutus, UV-tulostus<\/td>\n<\/tr>\n<tr style=\"height: 13.50pt;\">\n<td style=\"height: 13.50pt;\" height=\"18\">M\u00e4\u00e4r\u00e4<\/td>\n<td>Kilpailukykyinen irtohinta saatavilla<\/td>\n<\/tr>\n<tr style=\"height: 13.50pt;\">\n<td style=\"height: 13.50pt;\" height=\"18\">Toimitus<\/td>\n<td>Globaali logistiikkatuki<\/td>\n<\/tr>\n<\/tbody>\n<\/table>\n<\/div>\n<h2>Menestystarina<\/h2>\n<p>T\u00e4m\u00e4 ranskalainen hajuvesimerkki valitsi antiikkisen kristallisen hajuvesipullon ja tilasi siit\u00e4 mittatilausty\u00f6n\u00e4 tehdyn savunharmaata lasipulloa, jossa on kullanv\u00e4rinen sis\u00e4muotoilu. Mittatilausty\u00f6n\u00e4 tehty hajuvesipullo saavutti suuren menestyksen, koska sen vintage-kristallimuotoilu vetosi voimakkaasti asiakkaisiin, mik\u00e4 johti 300 %:n ennakkotilausten kasvuun olemassa olevien asiakkaiden keskuudessa. Erinomaiset materiaalit ja paino johtivat my\u00f6s 120 %:n hinnankorotukseen t\u00e4ss\u00e4 luksushajuvedess\u00e4. Menestyksens\u00e4 j\u00e4lkeen merkki tilasi 580 000 hajuvesipulloa, joita se k\u00e4ytt\u00e4isi tulevan vintage-tuoksukokoelmansa lanseeraukseen.<\/p>\n<h2>Antiikkisen kristallin hajuvesipullon mukauttamisehdotuksia<\/h2>\n<ul>\n<li>Yl\u00e4koristeiden esittelyss\u00e4 on useita vaihtoehtoja, kuten erilaisia \u200b\u200bjalokivityyppej\u00e4, v\u00e4rillisi\u00e4 kristalleja ja mittatilausty\u00f6n\u00e4 tehtyj\u00e4 lasikoristeita, jotka noudattavat tuotemerkin ainutlaatuista muotoilua.<\/li>\n<li>Pumppurenkaan metalliviimeistelyvaihtoehtoihin kuuluu nelj\u00e4 hienostunutta viimeistely\u00e4, joissa on 24 karaatin kullatus, ruusukulta, musta rodium ja antiikkihopea.<\/li>\n<li>Magneettisessa yl\u00e4koristeessa on kristallinen yl\u00e4osa, joka kiinnittyy pintoihin turvallisen ja mukavan mekanismin avulla.<\/li>\n<\/ul>","protected":false},"excerpt":{"rendered":"<p>Vaativien asiakkaiden miellytt\u00e4miseksi tarkoitettu tuotemerkkien omistajille ja tukkukauppiaille t\u00e4m\u00e4 3,4 unssin kristallinen hajuvesipullo yhdist\u00e4\u00e4 ajattoman eleganssin moderniin toiminnallisuuteen.<\/p>","protected":false},"featured_media":2798,"comment_status":"open","ping_status":"closed","template":"","meta":{"_acf_changed":false,"site-sidebar-layout":"default","site-content-layout":"","ast-site-content-layout":"default","site-content-style":"default","site-sidebar-style":"default","ast-global-header-display":"","ast-banner-title-visibility":"","ast-main-header-display":"","ast-hfb-above-header-display":"","ast-hfb-below-header-display":"","ast-hfb-mobile-header-display":"","site-post-title":"","ast-breadcrumbs-content":"","ast-featured-img":"","footer-sml-layout":"","ast-disable-related-posts":"","theme-transparent-header-meta":"default","adv-header-id-meta":"","stick-header-meta":"","header-above-stick-meta":"","header-main-stick-meta":"","header-below-stick-meta":"","astra-migrate-meta-layouts":"set","ast-page-background-enabled":"default","ast-page-background-meta":{"desktop":{"background-color":"var(--ast-global-color-5)","background-image":"","background-repeat":"repeat","background-position":"center center","background-size":"auto","background-attachment":"scroll","background-type":"","background-media":"","overlay-type":"","overlay-color":"","overlay-opacity":"","overlay-gradient":""},"tablet":{"background-color":"","background-image":"","background-repeat":"repeat","background-position":"center center","background-size":"auto","background-attachment":"scroll","background-type":"","background-media":"","overlay-type":"","overlay-color":"","overlay-opacity":"","overlay-gradient":""},"mobile":{"background-color":"","background-image":"","background-repeat":"repeat","background-position":"center center","background-size":"auto","background-attachment":"scroll","background-type":"","background-media":"","overlay-type":"","overlay-color":"","overlay-opacity":"","overlay-gradient":""}},"ast-content-background-meta":{"desktop":{"background-color":"var(--ast-global-color-4)","background-image":"","background-repeat":"repeat","background-position":"center center","background-size":"auto","background-attachment":"scroll","background-type":"","background-media":"","overlay-type":"","overlay-color":"","overlay-opacity":"","overlay-gradient":""},"tablet":{"background-color":"var(--ast-global-color-4)","background-image":"","background-repeat":"repeat","background-position":"center center","background-size":"auto","background-attachment":"scroll","background-type":"","background-media":"","overlay-type":"","overlay-color":"","overlay-opacity":"","overlay-gradient":""},"mobile":{"background-color":"var(--ast-global-color-4)","background-image":"","background-repeat":"repeat","background-position":"center center","background-size":"auto","background-attachment":"scroll","background-type":"","background-media":"","overlay-type":"","overlay-color":"","overlay-opacity":"","overlay-gradient":""}}},"product_brand":[],"product_cat":[91,72,41],"product_tag":[],"class_list":{"0":"post-2795","1":"product","2":"type-product","3":"status-publish","4":"has-post-thumbnail","6":"product_cat-custom-perfume-bottles","7":"product_cat-cosmetic-packaging","8":"product_cat-perfume-bottles","9":"desktop-align-left","10":"tablet-align-left","11":"mobile-align-left","13":"first","14":"instock","15":"shipping-taxable","16":"product-type-simple"},"acf":[],"jetpack_sharing_enabled":true,"_links":{"self":[{"href":"https:\/\/theperfumebottles.com\/fi\/wp-json\/wp\/v2\/product\/2795","targetHints":{"allow":["GET"]}}],"collection":[{"href":"https:\/\/theperfumebottles.com\/fi\/wp-json\/wp\/v2\/product"}],"about":[{"href":"https:\/\/theperfumebottles.com\/fi\/wp-json\/wp\/v2\/types\/product"}],"replies":[{"embeddable":true,"href":"https:\/\/theperfumebottles.com\/fi\/wp-json\/wp\/v2\/comments?post=2795"}],"wp:featuredmedia":[{"embeddable":true,"href":"https:\/\/theperfumebottles.com\/fi\/wp-json\/wp\/v2\/media\/2798"}],"wp:attachment":[{"href":"https:\/\/theperfumebottles.com\/fi\/wp-json\/wp\/v2\/media?parent=2795"}],"wp:term":[{"taxonomy":"product_brand","embeddable":true,"href":"https:\/\/theperfumebottles.com\/fi\/wp-json\/wp\/v2\/product_brand?post=2795"},{"taxonomy":"product_cat","embeddable":true,"href":"https:\/\/theperfumebottles.com\/fi\/wp-json\/wp\/v2\/product_cat?post=2795"},{"taxonomy":"product_tag","embeddable":true,"href":"https:\/\/theperfumebottles.com\/fi\/wp-json\/wp\/v2\/product_tag?post=2795"}],"curies":[{"name":"wp","href":"https:\/\/api.w.org\/{rel}","templated":true}]}}