{"id":2801,"date":"2025-03-21T02:08:59","date_gmt":"2025-03-21T02:08:59","guid":{"rendered":"https:\/\/theperfumebottles.com\/?post_type=product&#038;p=2801"},"modified":"2026-04-08T15:16:34","modified_gmt":"2026-04-08T07:16:34","slug":"perfume-square-bottles-for-wholesale-custom-packaging","status":"publish","type":"product","link":"https:\/\/theperfumebottles.com\/fi\/tuote\/perfume-square-bottles-for-wholesale-custom-packaging\/","title":{"rendered":"100 ml:n neli\u00f6nmuotoiset hajuvesipullot tukku- ja r\u00e4\u00e4t\u00e4l\u00f6ityihin pakkauksiin"},"content":{"rendered":"<p>Nosta tuoksulinjasi tasoa uudelle tasolle neli\u00f6nmuotoisella hajuvesipullollamme PB-FZ02. T\u00e4m\u00e4 neli\u00f6nmuotoinen hajuvesipullo on valmistettu eritt\u00e4in kirkkaasta, paksusein\u00e4isest\u00e4 kristallilasista. Kiillotettu musta neli\u00f6nmuotoinen korkki korostaa klassista suorakulmaista prisman muotoa tuomalla esiin hienovaraisen elegantin ilmeen.<\/p>\n<h2>Tekniset tiedot<\/h2>\n<div>\n<table class=\"aligncenter\" style=\"border-collapse: collapse; width: 318.77pt;\" border=\"0\" width=\"425\" cellspacing=\"0\" cellpadding=\"0\">\n<tbody>\n<tr style=\"height: 13.50pt;\">\n<td style=\"height: 13.50pt; width: 124.50pt;\" width=\"166\" height=\"18\">Ominaisuus<\/td>\n<td style=\"width: 194.25pt;\" width=\"259\">Yksityiskohta<\/td>\n<\/tr>\n<tr style=\"height: 13.50pt;\">\n<td style=\"height: 13.50pt;\" height=\"18\">Malli<\/td>\n<td>PB-FZ02<\/td>\n<\/tr>\n<tr style=\"height: 13.50pt;\">\n<td style=\"height: 13.50pt;\" height=\"18\">Materiaali<\/td>\n<td>Kristallilasi<\/td>\n<\/tr>\n<tr style=\"height: 13.50pt;\">\n<td style=\"height: 13.50pt;\" height=\"18\">Kapasiteetti<\/td>\n<td>100 ml (3,4 unssia)<\/td>\n<\/tr>\n<tr style=\"height: 13.50pt;\">\n<td style=\"height: 13.50pt;\" height=\"18\">Mitat<\/td>\n<td>52 \u00d7 52 \u00d7 103 mm<\/td>\n<\/tr>\n<tr style=\"height: 13.50pt;\">\n<td style=\"height: 13.50pt;\" height=\"18\">Korkki<\/td>\n<td>Mattamusta neli\u00f6nmuotoinen kansi<\/td>\n<\/tr>\n<tr style=\"height: 13.50pt;\">\n<td style=\"height: 13.50pt;\" height=\"18\">V\u00e4rivaihtoehdot<\/td>\n<td>Kirkas (muokattavat v\u00e4rit)<\/td>\n<\/tr>\n<tr style=\"height: 13.50pt;\">\n<td style=\"height: 13.50pt;\" height=\"18\">Mukauttaminen<\/td>\n<td>Logo, kaiverrus, viimeistelyvaihtoehdot<\/td>\n<\/tr>\n<tr style=\"height: 13.50pt;\">\n<td style=\"height: 13.50pt;\" height=\"18\">N\u00e4ytteen saatavuus<\/td>\n<td>Edellytt\u00e4en<\/td>\n<\/tr>\n<tr style=\"height: 13.50pt;\">\n<td style=\"height: 13.50pt;\" height=\"18\">Minimitilaus<\/td>\n<td>Irto-\/tukkumyyntiyst\u00e4v\u00e4llinen<\/td>\n<\/tr>\n<\/tbody>\n<\/table>\n<\/div>\n<h2>Menestystarina: Newyorkilaisen minimalistisen br\u00e4ndin ikoninen tuotelinja<\/h2>\n<p>Newyorkilainen minimalistinen tuoksubr\u00e4ndi valitsi neli\u00f6nmuotoisen, r\u00e4\u00e4t\u00e4l\u00f6idyn hajuvesipakkauksemme, johon kuuluu mattapintainen himme\u00e4 pullo ja valkoinen silkkipainettu logo. Design saavutti puhtaan minimalistisen ulkon\u00e4\u00f6n, mik\u00e4 johti 50 %:n kasvuun br\u00e4ndin tunnettuudessa sokkotestien aikana. Br\u00e4ndi loi tunnusomaisen tyylins\u00e4 minimalistisen suunnittelun avulla, mik\u00e4 mahdollisti 300 %:n kasvun sosiaalisen median vuorovaikutuksessa. Br\u00e4ndi saavutti suurta menestyst\u00e4 ja teki my\u00f6hemmin 550 000 hajuvesipullon lis\u00e4tilauksen lanseeratakseen uuden kodin tuoksu- ja tuoksukynttil\u00f6iden tuotesarjan.<\/p>\n<h2>100 ml:n suihkepullojen tukkumyyntir\u00e4\u00e4t\u00e4l\u00f6intiehdotuksia<\/h2>\n<ul>\n<li>Ensiluokkainen ruiskutusmekanismi tarjoaa useita korkealaatuisia ruiskupumppuja, joissa on erilaisia \u200b\u200bsuutinmalleja, mukaan lukien litteit\u00e4 ja kuperia vaihtoehtoja, ja jotka tuottavat erilaisia \u200b\u200bruiskutustehoja.<\/li>\n<li>Suorakulmaisen pullon muotoilu antaa k\u00e4ytt\u00e4jille mahdollisuuden luoda erilaisia \u200b\u200bkokovaihtoehtoja, kuten 30 ml, 50 ml ja 200 ml pullokoot.<\/li>\n<li>Ainutlaatuiset pintak\u00e4sittelyt tarjoavat k\u00e4ytt\u00e4jille mahdollisuuden valita k\u00e4sin levitetyn kultalehden koristelun ja erikoispinnoitteen v\u00e4lill\u00e4.<\/li>\n<\/ul>","protected":false},"excerpt":{"rendered":"<p>Ensiluokkaiset 100 ml:n neli\u00f6nmuotoiset lasiset hajuvesipullot tukku- ja r\u00e4\u00e4t\u00e4l\u00f6ityihin pakkauksiin. Kest\u00e4v\u00e4t, muokattavat ja ihanteelliset luksustuoksumerkeille.<\/p>","protected":false},"featured_media":2803,"comment_status":"open","ping_status":"closed","template":"","meta":{"_acf_changed":false,"site-sidebar-layout":"default","site-content-layout":"","ast-site-content-layout":"default","site-content-style":"default","site-sidebar-style":"default","ast-global-header-display":"","ast-banner-title-visibility":"","ast-main-header-display":"","ast-hfb-above-header-display":"","ast-hfb-below-header-display":"","ast-hfb-mobile-header-display":"","site-post-title":"","ast-breadcrumbs-content":"","ast-featured-img":"","footer-sml-layout":"","ast-disable-related-posts":"","theme-transparent-header-meta":"default","adv-header-id-meta":"","stick-header-meta":"","header-above-stick-meta":"","header-main-stick-meta":"","header-below-stick-meta":"","astra-migrate-meta-layouts":"set","ast-page-background-enabled":"default","ast-page-background-meta":{"desktop":{"background-color":"var(--ast-global-color-5)","background-image":"","background-repeat":"repeat","background-position":"center center","background-size":"auto","background-attachment":"scroll","background-type":"","background-media":"","overlay-type":"","overlay-color":"","overlay-opacity":"","overlay-gradient":""},"tablet":{"background-color":"","background-image":"","background-repeat":"repeat","background-position":"center center","background-size":"auto","background-attachment":"scroll","background-type":"","background-media":"","overlay-type":"","overlay-color":"","overlay-opacity":"","overlay-gradient":""},"mobile":{"background-color":"","background-image":"","background-repeat":"repeat","background-position":"center center","background-size":"auto","background-attachment":"scroll","background-type":"","background-media":"","overlay-type":"","overlay-color":"","overlay-opacity":"","overlay-gradient":""}},"ast-content-background-meta":{"desktop":{"background-color":"var(--ast-global-color-4)","background-image":"","background-repeat":"repeat","background-position":"center center","background-size":"auto","background-attachment":"scroll","background-type":"","background-media":"","overlay-type":"","overlay-color":"","overlay-opacity":"","overlay-gradient":""},"tablet":{"background-color":"var(--ast-global-color-4)","background-image":"","background-repeat":"repeat","background-position":"center center","background-size":"auto","background-attachment":"scroll","background-type":"","background-media":"","overlay-type":"","overlay-color":"","overlay-opacity":"","overlay-gradient":""},"mobile":{"background-color":"var(--ast-global-color-4)","background-image":"","background-repeat":"repeat","background-position":"center center","background-size":"auto","background-attachment":"scroll","background-type":"","background-media":"","overlay-type":"","overlay-color":"","overlay-opacity":"","overlay-gradient":""}}},"product_brand":[],"product_cat":[91,72,41],"product_tag":[],"class_list":{"0":"post-2801","1":"product","2":"type-product","3":"status-publish","4":"has-post-thumbnail","6":"product_cat-custom-perfume-bottles","7":"product_cat-cosmetic-packaging","8":"product_cat-perfume-bottles","9":"desktop-align-left","10":"tablet-align-left","11":"mobile-align-left","13":"first","14":"instock","15":"shipping-taxable","16":"product-type-simple"},"acf":[],"jetpack_sharing_enabled":true,"_links":{"self":[{"href":"https:\/\/theperfumebottles.com\/fi\/wp-json\/wp\/v2\/product\/2801","targetHints":{"allow":["GET"]}}],"collection":[{"href":"https:\/\/theperfumebottles.com\/fi\/wp-json\/wp\/v2\/product"}],"about":[{"href":"https:\/\/theperfumebottles.com\/fi\/wp-json\/wp\/v2\/types\/product"}],"replies":[{"embeddable":true,"href":"https:\/\/theperfumebottles.com\/fi\/wp-json\/wp\/v2\/comments?post=2801"}],"wp:featuredmedia":[{"embeddable":true,"href":"https:\/\/theperfumebottles.com\/fi\/wp-json\/wp\/v2\/media\/2803"}],"wp:attachment":[{"href":"https:\/\/theperfumebottles.com\/fi\/wp-json\/wp\/v2\/media?parent=2801"}],"wp:term":[{"taxonomy":"product_brand","embeddable":true,"href":"https:\/\/theperfumebottles.com\/fi\/wp-json\/wp\/v2\/product_brand?post=2801"},{"taxonomy":"product_cat","embeddable":true,"href":"https:\/\/theperfumebottles.com\/fi\/wp-json\/wp\/v2\/product_cat?post=2801"},{"taxonomy":"product_tag","embeddable":true,"href":"https:\/\/theperfumebottles.com\/fi\/wp-json\/wp\/v2\/product_tag?post=2801"}],"curies":[{"name":"wp","href":"https:\/\/api.w.org\/{rel}","templated":true}]}}