{"id":2806,"date":"2025-03-21T03:55:26","date_gmt":"2025-03-21T03:55:26","guid":{"rendered":"https:\/\/theperfumebottles.com\/?post_type=product&#038;p=2806"},"modified":"2025-05-29T10:24:39","modified_gmt":"2025-05-29T02:24:39","slug":"small-perfume-spray-bottle-30ml-50ml-perfume-oil-bottles","status":"publish","type":"product","link":"https:\/\/theperfumebottles.com\/fi\/tuote\/small-perfume-spray-bottle-30ml-50ml-perfume-oil-bottles\/","title":{"rendered":"30 ml 50 ml pieni\u00e4 hajuvesipulloja, joissa on puiset kannet"},"content":{"rendered":"<p>Esittelemme pienen hajuvesisuihkupullon sarjan, joka on saatavana 30 ml: n hajuvesipullossa ja 50 ml: n hajuvesi\u00f6ljypullossa.T\u00e4m\u00e4 kristallilasipullo on suunniteltu korkealaatuisille tuotemerkeille ja ymp\u00e4rist\u00f6nsuojelijoille. Siin\u00e4 yhdistyv\u00e4t k\u00e4sintehty puinen korkki ja moderni neli\u00f6n muotoilu, joka on luonnollinen, ymp\u00e4rist\u00f6yst\u00e4v\u00e4llinen ja hieno. Luonnollinen puinen pullon korkki tukee r\u00e4\u00e4t\u00e4l\u00f6ityj\u00e4 tuotemerkkien logoja, ja 30ml\/50ml-kapasiteetti on joustava matkakokoihin, kapeisiin tuoksuihin tai irtotavaran tukkutarpeisiin.<\/p>\n<h2>T\u00e4rkeimm\u00e4t tekniset tiedot<\/h2>\n<div class=\"hyc-common-markdown__table-wrapper\">\n<table>\n<thead>\n<tr>\n<th>Ominaisuus<\/th>\n<th>PB-FZ0401<\/th>\n<th>PB-FZ0402<\/th>\n<\/tr>\n<\/thead>\n<tbody>\n<tr>\n<td>Materiaali<\/td>\n<td>Kristallilasi<\/td>\n<td>Kristallilasi<\/td>\n<\/tr>\n<tr>\n<td>Kapasiteetti<\/td>\n<td>30 ml<\/td>\n<td>50 ml<\/td>\n<\/tr>\n<tr>\n<td>Mitat<\/td>\n<td>36 x 36 x 66 mm<\/td>\n<td>42 x 42 x 77 mm<\/td>\n<\/tr>\n<tr>\n<td>Korkki<\/td>\n<td>Luonnollinen puinen kansi<\/td>\n<td>Luonnollinen puinen kansi<\/td>\n<\/tr>\n<tr>\n<td>V\u00e4rivaihtoehdot<\/td>\n<td>Kirkas (muokattavissa)<\/td>\n<td>Kirkas (muokattavissa)<\/td>\n<\/tr>\n<tr>\n<td>Mukauttaminen<\/td>\n<td>Logo, kaiverrus, viimeistely<\/td>\n<td>Logo, kaiverrus, viimeistely<\/td>\n<\/tr>\n<tr>\n<td>N\u00e4ytteen saatavuus<\/td>\n<td>Edellytt\u00e4en<\/td>\n<td>Edellytt\u00e4en<\/td>\n<\/tr>\n<\/tbody>\n<\/table>\n<\/div>\n<h2>Miksi valita n\u00e4m\u00e4 lasiset hajuvesipullot?<\/h2>\n<p>Monipuolisesti muotoillut, n\u00e4m\u00e4<strong>pienet hajuvesipullot<\/strong>\u00a0ovat ihanteellisia kapeille tuotemerkeille, yksityisille tuotemerkeille tai tukkumyyjille. Paksu lasirakenne takaa kest\u00e4vyyden, kun taas neli\u00f6n muoto ja puiset korkit luovat n\u00e4ytt\u00e4v\u00e4n n\u00e4kym\u00e4n hyllyyn. Saatavana<strong>30 ml<\/strong>\u00a0ja<strong>50 ml<\/strong>\u00a0koot, ne on optimoitu \u00f6ljyille, k\u00f6lnille tai tiivistetyille tuoksuille.<\/p>\n<h2>T\u00e4ydellinen mukautettuihin ja tukkumyyntitarpeisiin<\/h2>\n<p>Tarvitsitpa sitten tyhji\u00e4 30 ml:n hajuvesipulloja rajoitettuihin painoksiin tai 50 ml:n hajuvesi\u00f6ljypulloja irtotilauksiin, t\u00e4m\u00e4 sarja tarjoaa joustavia ratkaisuja. Nopea toimitus, ODM\/OEM-tuki ja alhaiset v\u00e4himm\u00e4istilausm\u00e4\u00e4r\u00e4t helpottavat br\u00e4ndisi skaalaamista.Nosta hajuvesipakkauksiasi kest\u00e4vill\u00e4, kannettavilla hajuvesisuihkupullomalleillamme. Pyyd\u00e4 n\u00e4ytteit\u00e4 30 ml:n hajuvesipullosta tai 50 ml:n hajuvesi\u00f6ljypullosta jo t\u00e4n\u00e4\u00e4n ja koe ylellisyys joka yksityiskohdassa!<\/p>","protected":false},"excerpt":{"rendered":"<p>Premium-pienet hajuvesisuihkupullot, joissa on puiset korkit - t\u00e4ydellisi\u00e4 hajuvesi\u00f6ljyille, mukautetulle br\u00e4nd\u00e4ykselle ja irtotilauksille. Ymp\u00e4rist\u00f6yst\u00e4v\u00e4llisi\u00e4, kannettavia ja br\u00e4ndivalmiita.<\/p>","protected":false},"featured_media":2808,"comment_status":"open","ping_status":"closed","template":"","meta":{"_acf_changed":false,"site-sidebar-layout":"default","site-content-layout":"","ast-site-content-layout":"default","site-content-style":"default","site-sidebar-style":"default","ast-global-header-display":"","ast-banner-title-visibility":"","ast-main-header-display":"","ast-hfb-above-header-display":"","ast-hfb-below-header-display":"","ast-hfb-mobile-header-display":"","site-post-title":"","ast-breadcrumbs-content":"","ast-featured-img":"","footer-sml-layout":"","ast-disable-related-posts":"","theme-transparent-header-meta":"default","adv-header-id-meta":"","stick-header-meta":"","header-above-stick-meta":"","header-main-stick-meta":"","header-below-stick-meta":"","astra-migrate-meta-layouts":"set","ast-page-background-enabled":"default","ast-page-background-meta":{"desktop":{"background-color":"var(--ast-global-color-5)","background-image":"","background-repeat":"repeat","background-position":"center center","background-size":"auto","background-attachment":"scroll","background-type":"","background-media":"","overlay-type":"","overlay-color":"","overlay-opacity":"","overlay-gradient":""},"tablet":{"background-color":"","background-image":"","background-repeat":"repeat","background-position":"center center","background-size":"auto","background-attachment":"scroll","background-type":"","background-media":"","overlay-type":"","overlay-color":"","overlay-opacity":"","overlay-gradient":""},"mobile":{"background-color":"","background-image":"","background-repeat":"repeat","background-position":"center center","background-size":"auto","background-attachment":"scroll","background-type":"","background-media":"","overlay-type":"","overlay-color":"","overlay-opacity":"","overlay-gradient":""}},"ast-content-background-meta":{"desktop":{"background-color":"var(--ast-global-color-4)","background-image":"","background-repeat":"repeat","background-position":"center center","background-size":"auto","background-attachment":"scroll","background-type":"","background-media":"","overlay-type":"","overlay-color":"","overlay-opacity":"","overlay-gradient":""},"tablet":{"background-color":"var(--ast-global-color-4)","background-image":"","background-repeat":"repeat","background-position":"center center","background-size":"auto","background-attachment":"scroll","background-type":"","background-media":"","overlay-type":"","overlay-color":"","overlay-opacity":"","overlay-gradient":""},"mobile":{"background-color":"var(--ast-global-color-4)","background-image":"","background-repeat":"repeat","background-position":"center center","background-size":"auto","background-attachment":"scroll","background-type":"","background-media":"","overlay-type":"","overlay-color":"","overlay-opacity":"","overlay-gradient":""}}},"product_brand":[],"product_cat":[72,41],"product_tag":[],"class_list":{"0":"post-2806","1":"product","2":"type-product","3":"status-publish","4":"has-post-thumbnail","6":"product_cat-cosmetic-packaging","7":"product_cat-perfume-bottles","8":"desktop-align-left","9":"tablet-align-left","10":"mobile-align-left","12":"first","13":"instock","14":"shipping-taxable","15":"product-type-simple"},"acf":[],"jetpack_sharing_enabled":true,"_links":{"self":[{"href":"https:\/\/theperfumebottles.com\/fi\/wp-json\/wp\/v2\/product\/2806","targetHints":{"allow":["GET"]}}],"collection":[{"href":"https:\/\/theperfumebottles.com\/fi\/wp-json\/wp\/v2\/product"}],"about":[{"href":"https:\/\/theperfumebottles.com\/fi\/wp-json\/wp\/v2\/types\/product"}],"replies":[{"embeddable":true,"href":"https:\/\/theperfumebottles.com\/fi\/wp-json\/wp\/v2\/comments?post=2806"}],"wp:featuredmedia":[{"embeddable":true,"href":"https:\/\/theperfumebottles.com\/fi\/wp-json\/wp\/v2\/media\/2808"}],"wp:attachment":[{"href":"https:\/\/theperfumebottles.com\/fi\/wp-json\/wp\/v2\/media?parent=2806"}],"wp:term":[{"taxonomy":"product_brand","embeddable":true,"href":"https:\/\/theperfumebottles.com\/fi\/wp-json\/wp\/v2\/product_brand?post=2806"},{"taxonomy":"product_cat","embeddable":true,"href":"https:\/\/theperfumebottles.com\/fi\/wp-json\/wp\/v2\/product_cat?post=2806"},{"taxonomy":"product_tag","embeddable":true,"href":"https:\/\/theperfumebottles.com\/fi\/wp-json\/wp\/v2\/product_tag?post=2806"}],"curies":[{"name":"wp","href":"https:\/\/api.w.org\/{rel}","templated":true}]}}