{"id":2861,"date":"2025-03-24T07:22:27","date_gmt":"2025-03-24T07:22:27","guid":{"rendered":"https:\/\/theperfumebottles.com\/?post_type=product&#038;p=2861"},"modified":"2025-05-30T15:51:46","modified_gmt":"2025-05-30T07:51:46","slug":"30ml-glass-travel-perfume-bottle-refillable-customizable-luxury","status":"publish","type":"product","link":"https:\/\/theperfumebottles.com\/fi\/tuote\/30ml-glass-travel-perfume-bottle-refillable-customizable-luxury\/","title":{"rendered":"30 ml:n lasinen matkahajuvesipullo, t\u00e4ytett\u00e4v\u00e4 \u2013 muokattavissa oleva ylellisyys"},"content":{"rendered":"<p>T\u00e4m\u00e4 30 ml:n uudelleent\u00e4ytett\u00e4v\u00e4 hajuvesipullo on suunniteltu tuotemerkkej\u00e4 varten, jotka pyrkiv\u00e4t hienostuneeseen rituaalitajuun, ja siin\u00e4 yhdistyv\u00e4t t\u00e4ydellisesti taiteellisen veistoksen esteettiset linjat ja k\u00e4yt\u00e4nn\u00f6llisyys. Niche-tuoksubr\u00e4ndit ja suunnittelijat k\u00e4ytt\u00e4v\u00e4t sit\u00e4 kertoakseen omia tuoksutarinoitaan, ja jokaisesta hajuvesipisarasta tulee ker\u00e4ilykelpoinen taideteos.<\/p>\n<h2>T\u00e4rkeimm\u00e4t tekniset tiedot<\/h2>\n<table style=\"border-collapse: collapse;margin-left: auto;margin-right: auto;width: 80%\" border=\"0\" width=\"80%\" cellspacing=\"0\" cellpadding=\"0\">\n<tbody>\n<tr style=\"height: 13.50pt\">\n<td style=\"height: 13.50pt;width: 99.75pt\" width=\"133\" height=\"18\"><strong>Malli<\/strong><\/td>\n<td style=\"width: 253.50pt\" width=\"338\">PB-BF1101<\/td>\n<\/tr>\n<tr style=\"height: 13.50pt\">\n<td style=\"height: 13.50pt\" height=\"18\"><strong>Materiaali<\/strong><\/td>\n<td>Kristallilasi + metalli\/muovikorkit<\/td>\n<\/tr>\n<tr style=\"height: 13.50pt\">\n<td style=\"height: 13.50pt\" height=\"18\"><strong>Kapasiteetti<\/strong><\/td>\n<td>30ml matkan hajuvesipullo<\/td>\n<\/tr>\n<tr style=\"height: 13.50pt\">\n<td style=\"height: 13.50pt\" height=\"18\"><strong>Mitat<\/strong><\/td>\n<td>45 x 26 x 84 mm (18 mm:n kaliiperi)<\/td>\n<\/tr>\n<tr style=\"height: 13.50pt\">\n<td style=\"height: 13.50pt\" height=\"18\"><strong>V\u00e4rivaihtoehdot<\/strong><\/td>\n<td>Kirkas lasi + kulta\/hopea\/musta yl\u00e4osa<\/td>\n<\/tr>\n<tr style=\"height: 13.50pt\">\n<td style=\"height: 13.50pt\" height=\"18\"><strong>N\u00e4ytteet<\/strong><\/td>\n<td>Saatavana ilmaisia r\u00e4\u00e4t\u00e4l\u00f6it\u00e4vi\u00e4 n\u00e4ytteit\u00e4<\/td>\n<\/tr>\n<tr style=\"height: 13.50pt\">\n<td style=\"height: 13.50pt\" height=\"18\"><strong>Korkin tyyppi<\/strong><\/td>\n<td>Py\u00f6re\u00e4 ruuvikorkillinen sumutin<\/td>\n<\/tr>\n<tr style=\"height: 13.50pt\">\n<td style=\"height: 13.50pt\" height=\"18\"><strong>Mukauttaminen<\/strong><\/td>\n<td>Logopainatus, v\u00e4riruiskut, ODM\/OEM<\/td>\n<\/tr>\n<\/tbody>\n<\/table>\n<h2>Miksi valita n\u00e4m\u00e4 uudelleent\u00e4ytett\u00e4v\u00e4t hajuvesipullot?<\/h2>\n<ul>\n<li><strong>Ihanteellinen matka- ja tukkutilauksiin: <\/strong>Kompakti koko on TSA-m\u00e4\u00e4r\u00e4ysten mukainen, ja irtotilausvaihtoehdot t\u00e4ytt\u00e4v\u00e4t niiden tuotemerkkien tarpeet, jotka etsiv\u00e4t tukkuratkaisua lasisille hajuvesipulloille.<\/li>\n<li><strong>Rajoittamattomat br\u00e4nd\u00e4ysmahdollisuudet: <\/strong>Suunnittele tyhj\u00e4t hajuvesipullot, jotka heijastavat br\u00e4ndisi tarinaa, kaiverretuista logoista kaltevuusviimeistelyyn. Yksityinen muottien kehitt\u00e4minen takaa t\u00e4ydellisen yksinoikeuden.<\/li>\n<li><strong>Ylivoimainen purkauskokemus: <\/strong>Vy\u00f6t\u00e4r\u00f6inen lasinen suihkepullo, johon on yhdistetty metallinen korkki (saatavana kultaisena, hopeisena tai mustana), tuo tuotteeseen ylellisen kosketuksen, joka sopii t\u00e4ydellisesti ylellisiin hajuvesipakkauksiin.<\/li>\n<\/ul>\n<h2>R\u00e4\u00e4t\u00e4l\u00f6intiratkaisut jokaiselle tuotemerkille<\/h2>\n<ul>\n<li>\u200b<strong>Logohakemus<\/strong>: Silkkipaino, kuumaleimaus tai UV-painatus.<\/li>\n<li>\u200b<strong>Korkin materiaalit<\/strong>: Alumiini, muovi tai kest\u00e4v\u00e4 puu.<\/li>\n<li>\u200b<strong>Lasiefektit<\/strong>: Himme\u00e4, asteittainen ombr\u00e9 tai v\u00e4riruiskutettu viimeistely.<\/li>\n<li>\u200b<strong>Edut irtotilauksesta<\/strong>: Kilpailukykyinen hinnoittelu lasipullojen tukkumyynniss\u00e4.<\/li>\n<\/ul>\n<h2>Ihanteellinen:<\/h2>\n<ol>\n<li>Boutique-tuoksumerkit tuovat markkinoille matkakokoisia painoksia.<\/li>\n<li>Ainutlaatuisia hajuvesipakkauksia edellytt\u00e4v\u00e4t yksityiset tuotemerkkihankkeet.<\/li>\n<li>Tuotemerkit, jotka asettavat ymp\u00e4rist\u00f6yst\u00e4v\u00e4lliset uudelleent\u00e4ytett\u00e4v\u00e4t hajuvesipakkaukset etusijalle.<\/li>\n<\/ol>","protected":false},"excerpt":{"rendered":"<p>L\u00f6yd\u00e4 premium 30ml lasinen matkaparfyymipullo, joka on uudelleent\u00e4ytett\u00e4viss\u00e4. Mukautettavat korkit, ergonominen muotoilu, irtotilaukset. Nosta tuoksubr\u00e4nd\u00e4yst\u00e4si jo t\u00e4n\u00e4\u00e4n!<\/p>","protected":false},"featured_media":2862,"comment_status":"open","ping_status":"closed","template":"","meta":{"_acf_changed":false,"site-sidebar-layout":"default","site-content-layout":"","ast-site-content-layout":"default","site-content-style":"default","site-sidebar-style":"default","ast-global-header-display":"","ast-banner-title-visibility":"","ast-main-header-display":"","ast-hfb-above-header-display":"","ast-hfb-below-header-display":"","ast-hfb-mobile-header-display":"","site-post-title":"","ast-breadcrumbs-content":"","ast-featured-img":"","footer-sml-layout":"","ast-disable-related-posts":"","theme-transparent-header-meta":"default","adv-header-id-meta":"","stick-header-meta":"","header-above-stick-meta":"","header-main-stick-meta":"","header-below-stick-meta":"","astra-migrate-meta-layouts":"set","ast-page-background-enabled":"default","ast-page-background-meta":{"desktop":{"background-color":"var(--ast-global-color-5)","background-image":"","background-repeat":"repeat","background-position":"center center","background-size":"auto","background-attachment":"scroll","background-type":"","background-media":"","overlay-type":"","overlay-color":"","overlay-opacity":"","overlay-gradient":""},"tablet":{"background-color":"","background-image":"","background-repeat":"repeat","background-position":"center center","background-size":"auto","background-attachment":"scroll","background-type":"","background-media":"","overlay-type":"","overlay-color":"","overlay-opacity":"","overlay-gradient":""},"mobile":{"background-color":"","background-image":"","background-repeat":"repeat","background-position":"center center","background-size":"auto","background-attachment":"scroll","background-type":"","background-media":"","overlay-type":"","overlay-color":"","overlay-opacity":"","overlay-gradient":""}},"ast-content-background-meta":{"desktop":{"background-color":"var(--ast-global-color-4)","background-image":"","background-repeat":"repeat","background-position":"center center","background-size":"auto","background-attachment":"scroll","background-type":"","background-media":"","overlay-type":"","overlay-color":"","overlay-opacity":"","overlay-gradient":""},"tablet":{"background-color":"var(--ast-global-color-4)","background-image":"","background-repeat":"repeat","background-position":"center center","background-size":"auto","background-attachment":"scroll","background-type":"","background-media":"","overlay-type":"","overlay-color":"","overlay-opacity":"","overlay-gradient":""},"mobile":{"background-color":"var(--ast-global-color-4)","background-image":"","background-repeat":"repeat","background-position":"center center","background-size":"auto","background-attachment":"scroll","background-type":"","background-media":"","overlay-type":"","overlay-color":"","overlay-opacity":"","overlay-gradient":""}}},"product_brand":[],"product_cat":[72,74,41,90],"product_tag":[],"class_list":{"0":"post-2861","1":"product","2":"type-product","3":"status-publish","4":"has-post-thumbnail","6":"product_cat-cosmetic-packaging","7":"product_cat-mini-perfume-bottles","8":"product_cat-perfume-bottles","9":"product_cat-refillable-perfume-bottles","10":"desktop-align-left","11":"tablet-align-left","12":"mobile-align-left","14":"first","15":"instock","16":"shipping-taxable","17":"product-type-simple"},"acf":[],"jetpack_sharing_enabled":true,"_links":{"self":[{"href":"https:\/\/theperfumebottles.com\/fi\/wp-json\/wp\/v2\/product\/2861","targetHints":{"allow":["GET"]}}],"collection":[{"href":"https:\/\/theperfumebottles.com\/fi\/wp-json\/wp\/v2\/product"}],"about":[{"href":"https:\/\/theperfumebottles.com\/fi\/wp-json\/wp\/v2\/types\/product"}],"replies":[{"embeddable":true,"href":"https:\/\/theperfumebottles.com\/fi\/wp-json\/wp\/v2\/comments?post=2861"}],"wp:featuredmedia":[{"embeddable":true,"href":"https:\/\/theperfumebottles.com\/fi\/wp-json\/wp\/v2\/media\/2862"}],"wp:attachment":[{"href":"https:\/\/theperfumebottles.com\/fi\/wp-json\/wp\/v2\/media?parent=2861"}],"wp:term":[{"taxonomy":"product_brand","embeddable":true,"href":"https:\/\/theperfumebottles.com\/fi\/wp-json\/wp\/v2\/product_brand?post=2861"},{"taxonomy":"product_cat","embeddable":true,"href":"https:\/\/theperfumebottles.com\/fi\/wp-json\/wp\/v2\/product_cat?post=2861"},{"taxonomy":"product_tag","embeddable":true,"href":"https:\/\/theperfumebottles.com\/fi\/wp-json\/wp\/v2\/product_tag?post=2861"}],"curies":[{"name":"wp","href":"https:\/\/api.w.org\/{rel}","templated":true}]}}