{"id":2869,"date":"2025-03-24T09:14:20","date_gmt":"2025-03-24T09:14:20","guid":{"rendered":"https:\/\/theperfumebottles.com\/?post_type=product&#038;p=2869"},"modified":"2025-03-25T07:33:20","modified_gmt":"2025-03-25T07:33:20","slug":"30ml-50ml-100ml-custom-fragrance-spray-bottles-blank-perfume-bottles-wholesale","status":"publish","type":"product","link":"https:\/\/theperfumebottles.com\/fi\/tuote\/30ml-50ml-100ml-custom-fragrance-spray-bottles-blank-perfume-bottles-wholesale\/","title":{"rendered":"30ml 50ml 100ml r\u00e4\u00e4t\u00e4l\u00f6idyt tuoksusuihkepullot \u2013 tyhjien hajuvesipullojen tukkumyynti"},"content":{"rendered":"<h2>Nosta tuoksubr\u00e4ndiisi Premium r\u00e4\u00e4t\u00e4l\u00f6it\u00e4vill\u00e4 suihkepulloilla<\/h2>\n<p>Luksusparfyymibr\u00e4ndeille ja tukkukauppiaille, jotka etsiv\u00e4t<strong>tyhj\u00e4t hajuvesipullot<\/strong>\u00a0PB-FZ-sarjamme tarjoaa r\u00e4\u00e4t\u00e4l\u00f6ityj\u00e4 hajuvesipullojen tukkuratkaisuja, joissa yhdistyv\u00e4t ajaton eleganssi ja moderni hienostuneisuus. N\u00e4m\u00e4 kristallinkirkkaasta lasista valmistetut ja metallisilla aksenteilla korostetut tuoksusumutinpullot tarjoavat tuntuman, visuaalisen ja toiminnallisen p\u00e4ivityksen ensiluokkaisille hajuvesille, k\u00f6lnille ja matkakokoisille tuoksuille.<\/p>\n<table style=\"border-collapse: collapse; margin-left: auto; margin-right: auto; width: 162.03pt;\" border=\"0\" width=\"216\" cellspacing=\"0\" cellpadding=\"0\">\n<tbody>\n<tr style=\"height: 13.50pt;\">\n<td style=\"height: 13.50pt; width: 54.00pt;\" width=\"72\" height=\"18\">\n<p><figure id=\"attachment_2871\" aria-describedby=\"caption-attachment-2871\" style=\"width: 300px\" class=\"wp-caption aligncenter\"><img fetchpriority=\"high\" decoding=\"async\" class=\"size-medium wp-image-2871\" src=\"https:\/\/theperfumebottles.com\/wp-content\/uploads\/2025\/03\/fragrance-spray-bottle-FZ0601-300x300.webp\" alt=\"tuoksusuihkepullo\" width=\"300\" height=\"300\" srcset=\"https:\/\/theperfumebottles.com\/wp-content\/uploads\/2025\/03\/fragrance-spray-bottle-FZ0601-300x300.webp 300w, https:\/\/theperfumebottles.com\/wp-content\/uploads\/2025\/03\/fragrance-spray-bottle-FZ0601-150x150.webp 150w, https:\/\/theperfumebottles.com\/wp-content\/uploads\/2025\/03\/fragrance-spray-bottle-FZ0601-768x768.webp 768w, https:\/\/theperfumebottles.com\/wp-content\/uploads\/2025\/03\/fragrance-spray-bottle-FZ0601-12x12.webp 12w, https:\/\/theperfumebottles.com\/wp-content\/uploads\/2025\/03\/fragrance-spray-bottle-FZ0601-600x600.webp 600w, https:\/\/theperfumebottles.com\/wp-content\/uploads\/2025\/03\/fragrance-spray-bottle-FZ0601-100x100.webp 100w, https:\/\/theperfumebottles.com\/wp-content\/uploads\/2025\/03\/fragrance-spray-bottle-FZ0601.webp 1000w\" sizes=\"(max-width: 300px) 100vw, 300px\" \/><figcaption id=\"caption-attachment-2871\" class=\"wp-caption-text\">30 ml<\/figcaption><\/figure><\/td>\n<td style=\"width: 54.00pt;\" width=\"72\">\n<p><figure id=\"attachment_2876\" aria-describedby=\"caption-attachment-2876\" style=\"width: 300px\" class=\"wp-caption aligncenter\"><img decoding=\"async\" class=\"size-medium wp-image-2876\" src=\"https:\/\/theperfumebottles.com\/wp-content\/uploads\/2025\/03\/fragrance-spray-bottle-pbFZ0602-300x300.webp\" alt=\"tuoksusuihkepullo\" width=\"300\" height=\"300\" srcset=\"https:\/\/theperfumebottles.com\/wp-content\/uploads\/2025\/03\/fragrance-spray-bottle-pbFZ0602-300x300.webp 300w, https:\/\/theperfumebottles.com\/wp-content\/uploads\/2025\/03\/fragrance-spray-bottle-pbFZ0602-150x150.webp 150w, https:\/\/theperfumebottles.com\/wp-content\/uploads\/2025\/03\/fragrance-spray-bottle-pbFZ0602-768x768.webp 768w, https:\/\/theperfumebottles.com\/wp-content\/uploads\/2025\/03\/fragrance-spray-bottle-pbFZ0602-12x12.webp 12w, https:\/\/theperfumebottles.com\/wp-content\/uploads\/2025\/03\/fragrance-spray-bottle-pbFZ0602-600x600.webp 600w, https:\/\/theperfumebottles.com\/wp-content\/uploads\/2025\/03\/fragrance-spray-bottle-pbFZ0602-100x100.webp 100w, https:\/\/theperfumebottles.com\/wp-content\/uploads\/2025\/03\/fragrance-spray-bottle-pbFZ0602.webp 1000w\" sizes=\"(max-width: 300px) 100vw, 300px\" \/><figcaption id=\"caption-attachment-2876\" class=\"wp-caption-text\">50 ml<\/figcaption><\/figure><\/td>\n<td style=\"width: 54.00pt;\" width=\"72\">\n<p><figure id=\"attachment_2873\" aria-describedby=\"caption-attachment-2873\" style=\"width: 300px\" class=\"wp-caption aligncenter\"><img decoding=\"async\" class=\"size-medium wp-image-2873\" src=\"https:\/\/theperfumebottles.com\/wp-content\/uploads\/2025\/03\/fragrance-spray-bottle-FZ0603-300x300.webp\" alt=\"tuoksusuihkepullo\" width=\"300\" height=\"300\" srcset=\"https:\/\/theperfumebottles.com\/wp-content\/uploads\/2025\/03\/fragrance-spray-bottle-FZ0603-300x300.webp 300w, https:\/\/theperfumebottles.com\/wp-content\/uploads\/2025\/03\/fragrance-spray-bottle-FZ0603-150x150.webp 150w, https:\/\/theperfumebottles.com\/wp-content\/uploads\/2025\/03\/fragrance-spray-bottle-FZ0603-768x768.webp 768w, https:\/\/theperfumebottles.com\/wp-content\/uploads\/2025\/03\/fragrance-spray-bottle-FZ0603-12x12.webp 12w, https:\/\/theperfumebottles.com\/wp-content\/uploads\/2025\/03\/fragrance-spray-bottle-FZ0603-600x600.webp 600w, https:\/\/theperfumebottles.com\/wp-content\/uploads\/2025\/03\/fragrance-spray-bottle-FZ0603-100x100.webp 100w, https:\/\/theperfumebottles.com\/wp-content\/uploads\/2025\/03\/fragrance-spray-bottle-FZ0603.webp 1000w\" sizes=\"(max-width: 300px) 100vw, 300px\" \/><figcaption id=\"caption-attachment-2873\" class=\"wp-caption-text\">100 ml<\/figcaption><\/figure><\/td>\n<\/tr>\n<\/tbody>\n<\/table>\n<h2>T\u00e4rkeimm\u00e4t tekniset tiedot yhdell\u00e4 silm\u00e4yksell\u00e4<\/h2>\n<div class=\"hyc-common-markdown__table-wrapper\">\n<table>\n<thead>\n<tr>\n<th>Malli<\/th>\n<th>Kapasiteetti<\/th>\n<th>Mitat (mm)<\/th>\n<th>Korkin tyyppi<\/th>\n<th>Mukautetut asetukset<\/th>\n<\/tr>\n<\/thead>\n<tbody>\n<tr>\n<td>PB-FZ0601<\/td>\n<td>30 ml<\/td>\n<td>35x35x80<\/td>\n<td>Py\u00f6re\u00e4 uurrettu metalli<\/td>\n<td>Logo, korkin v\u00e4ri, sis\u00e4inen suihke<\/td>\n<\/tr>\n<tr>\n<td>PB-FZ0602<\/td>\n<td>50 ml<\/td>\n<td>44x44x78<\/td>\n<td>Py\u00f6re\u00e4 uurrettu metalli<\/td>\n<td>Kaiverrettu teksti, himme\u00e4t tehosteet<\/td>\n<\/tr>\n<tr>\n<td>PB-FZ0603<\/td>\n<td>100 ml<\/td>\n<td>46x46x105<\/td>\n<td>Py\u00f6re\u00e4 uurrettu metalli<\/td>\n<td>Gradientti lasi, pakkausten suunnittelu<\/td>\n<\/tr>\n<\/tbody>\n<\/table>\n<\/div>\n<h2>Miksi valita n\u00e4m\u00e4 tuoksusumutepullot?<\/h2>\n<ul>\n<li>\u200b<strong>Premium-materiaalit<\/strong>: Kristallilasi takaa kirkkauden ja kest\u00e4vyyden, kun taas metalliset sumuttimet antavat kunnollisen, ylellisen tunnun.<\/li>\n<li>\u200b<strong>Tukkukauppa-valmis<\/strong>: Joukkotilaukset sis\u00e4lt\u00e4v\u00e4t ilmaisia n\u00e4ytteit\u00e4 ja joustavat MOQ:t, mik\u00e4 on ihanteellinen vaihtoehto aloittaville ja vakiintuneille tuotemerkeille.<\/li>\n<li>\u200b<strong>ODM\/OEM-tuki<\/strong>: S\u00e4ili\u00f6iden, pakkausten ja lis\u00e4varusteiden t\u00e4ysi r\u00e4\u00e4t\u00e4l\u00f6inti br\u00e4ndisi identiteetin mukaisesti.<\/li>\n<\/ul>\n<p>T\u00e4m\u00e4 sarja on ihanteellinen ylellisyytt\u00e4 edustaville hajuvesilinjoille, rajoitetuille painoksille tai matkakokoihin, ja siin\u00e4 yhdistyv\u00e4t toiminnallisuus ja taiteellisuus. Tarvitsitpa sitten tyhji\u00e4 hajuvesipulloja yrityksen sis\u00e4isiin tuoksuihin tai r\u00e4\u00e4t\u00e4l\u00f6ityj\u00e4 hajuvesipulloja tukkumyyntiin maailmanlaajuista jakelua varten, ratkaisumme virtaviivaistavat prosessia suunnittelusta toimitukseen.<\/p>\n<p><strong>Pyyd\u00e4 ilmaisia n\u00e4ytteit\u00e4 jo t\u00e4n\u00e4\u00e4n<\/strong>\u00a0ja koe, miten n\u00e4m\u00e4 pullot voivat kohottaa tuoksusi vieh\u00e4tysvoimaa!<\/p>","protected":false},"excerpt":{"rendered":"<p>Ylellinen mukautettu hajuvesipullojen tukkumyynti metallisilla korkkeilla ja kristallilasilla. Bulk tuoksu spray pullo ratkaisuja tuotemerkkej\u00e4. Ilmaiset n\u00e4ytteet &amp; ODM \/ OEM-tuki.<\/p>","protected":false},"featured_media":2876,"comment_status":"open","ping_status":"closed","template":"","meta":{"_acf_changed":false,"site-sidebar-layout":"default","site-content-layout":"","ast-site-content-layout":"default","site-content-style":"default","site-sidebar-style":"default","ast-global-header-display":"","ast-banner-title-visibility":"","ast-main-header-display":"","ast-hfb-above-header-display":"","ast-hfb-below-header-display":"","ast-hfb-mobile-header-display":"","site-post-title":"","ast-breadcrumbs-content":"","ast-featured-img":"","footer-sml-layout":"","ast-disable-related-posts":"","theme-transparent-header-meta":"default","adv-header-id-meta":"","stick-header-meta":"","header-above-stick-meta":"","header-main-stick-meta":"","header-below-stick-meta":"","astra-migrate-meta-layouts":"set","ast-page-background-enabled":"default","ast-page-background-meta":{"desktop":{"background-color":"var(--ast-global-color-5)","background-image":"","background-repeat":"repeat","background-position":"center center","background-size":"auto","background-attachment":"scroll","background-type":"","background-media":"","overlay-type":"","overlay-color":"","overlay-opacity":"","overlay-gradient":""},"tablet":{"background-color":"","background-image":"","background-repeat":"repeat","background-position":"center center","background-size":"auto","background-attachment":"scroll","background-type":"","background-media":"","overlay-type":"","overlay-color":"","overlay-opacity":"","overlay-gradient":""},"mobile":{"background-color":"","background-image":"","background-repeat":"repeat","background-position":"center center","background-size":"auto","background-attachment":"scroll","background-type":"","background-media":"","overlay-type":"","overlay-color":"","overlay-opacity":"","overlay-gradient":""}},"ast-content-background-meta":{"desktop":{"background-color":"var(--ast-global-color-4)","background-image":"","background-repeat":"repeat","background-position":"center center","background-size":"auto","background-attachment":"scroll","background-type":"","background-media":"","overlay-type":"","overlay-color":"","overlay-opacity":"","overlay-gradient":""},"tablet":{"background-color":"var(--ast-global-color-4)","background-image":"","background-repeat":"repeat","background-position":"center center","background-size":"auto","background-attachment":"scroll","background-type":"","background-media":"","overlay-type":"","overlay-color":"","overlay-opacity":"","overlay-gradient":""},"mobile":{"background-color":"var(--ast-global-color-4)","background-image":"","background-repeat":"repeat","background-position":"center center","background-size":"auto","background-attachment":"scroll","background-type":"","background-media":"","overlay-type":"","overlay-color":"","overlay-opacity":"","overlay-gradient":""}}},"product_brand":[],"product_cat":[72,41],"product_tag":[],"class_list":{"0":"post-2869","1":"product","2":"type-product","3":"status-publish","4":"has-post-thumbnail","6":"product_cat-cosmetic-packaging","7":"product_cat-perfume-bottles","8":"desktop-align-left","9":"tablet-align-left","10":"mobile-align-left","12":"first","13":"instock","14":"shipping-taxable","15":"product-type-simple"},"acf":[],"jetpack_sharing_enabled":true,"_links":{"self":[{"href":"https:\/\/theperfumebottles.com\/fi\/wp-json\/wp\/v2\/product\/2869","targetHints":{"allow":["GET"]}}],"collection":[{"href":"https:\/\/theperfumebottles.com\/fi\/wp-json\/wp\/v2\/product"}],"about":[{"href":"https:\/\/theperfumebottles.com\/fi\/wp-json\/wp\/v2\/types\/product"}],"replies":[{"embeddable":true,"href":"https:\/\/theperfumebottles.com\/fi\/wp-json\/wp\/v2\/comments?post=2869"}],"wp:featuredmedia":[{"embeddable":true,"href":"https:\/\/theperfumebottles.com\/fi\/wp-json\/wp\/v2\/media\/2876"}],"wp:attachment":[{"href":"https:\/\/theperfumebottles.com\/fi\/wp-json\/wp\/v2\/media?parent=2869"}],"wp:term":[{"taxonomy":"product_brand","embeddable":true,"href":"https:\/\/theperfumebottles.com\/fi\/wp-json\/wp\/v2\/product_brand?post=2869"},{"taxonomy":"product_cat","embeddable":true,"href":"https:\/\/theperfumebottles.com\/fi\/wp-json\/wp\/v2\/product_cat?post=2869"},{"taxonomy":"product_tag","embeddable":true,"href":"https:\/\/theperfumebottles.com\/fi\/wp-json\/wp\/v2\/product_tag?post=2869"}],"curies":[{"name":"wp","href":"https:\/\/api.w.org\/{rel}","templated":true}]}}