{"id":2878,"date":"2025-03-25T08:15:36","date_gmt":"2025-03-25T08:15:36","guid":{"rendered":"https:\/\/theperfumebottles.com\/?post_type=product&#038;p=2878"},"modified":"2025-05-27T14:08:59","modified_gmt":"2025-05-27T06:08:59","slug":"unique-cologne-bottles-custom-engraved-perfume-bottles","status":"publish","type":"product","link":"https:\/\/theperfumebottles.com\/fi\/tuote\/unique-cologne-bottles-custom-engraved-perfume-bottles\/","title":{"rendered":"30 ml 50 ml 100 ml ainutlaatuiset k\u00f6lnipullot soikeilla korkeilla"},"content":{"rendered":"<p>Oval Elegance -sarja on suunniteltu korkealaatuisille tuotemerkeille, jotka tavoittelevat ainutlaatuista br\u00e4ndis\u00e4vy\u00e4. Sarjaan kuuluu partavesisuihkupulloja ja yksil\u00f6llisesti kaiverrettuja hajuvesipulloja, joiden muotoilussa yhdistyv\u00e4t k\u00e4yt\u00e4nn\u00f6llisyys ja taiteellisuus. Pullon runko on valmistettu l\u00e4pin\u00e4kyv\u00e4st\u00e4 lasista, ja se tukee tekstuurin, kaiverruksen tai etiketin r\u00e4\u00e4t\u00e4l\u00f6inti\u00e4, mik\u00e4 voi helposti esitell\u00e4 br\u00e4ndin tyylin. Py\u00f6ristetty soikea muoto, jossa on hienoja yksityiskohtia, antaa tuotteelle korkealuokkaisen tekstuurin, joka sopii romanttisille tai klassisille tuoksulinjoille.<\/p>\n<table style=\"border-collapse: collapse;margin-left: auto;margin-right: auto;width: 162.03pt\" border=\"0\" width=\"216\" cellspacing=\"0\" cellpadding=\"0\">\n<tbody>\n<tr style=\"height: 21.00pt\">\n<td style=\"height: 21.00pt;width: 54.00pt\" width=\"72\" height=\"28\">\n<p><figure id=\"attachment_2880\" aria-describedby=\"caption-attachment-2880\" style=\"width: 300px\" class=\"wp-caption aligncenter\"><img fetchpriority=\"high\" decoding=\"async\" class=\"size-medium wp-image-2880\" src=\"https:\/\/theperfumebottles.com\/wp-content\/uploads\/2025\/03\/unique-cologne-bottles-FZ0701-300x300.webp\" alt=\"ainutlaatuiset k\u00f6lnipullot\" width=\"300\" height=\"300\" srcset=\"https:\/\/theperfumebottles.com\/wp-content\/uploads\/2025\/03\/unique-cologne-bottles-FZ0701-300x300.webp 300w, https:\/\/theperfumebottles.com\/wp-content\/uploads\/2025\/03\/unique-cologne-bottles-FZ0701-150x150.webp 150w, https:\/\/theperfumebottles.com\/wp-content\/uploads\/2025\/03\/unique-cologne-bottles-FZ0701-768x768.webp 768w, https:\/\/theperfumebottles.com\/wp-content\/uploads\/2025\/03\/unique-cologne-bottles-FZ0701-12x12.webp 12w, https:\/\/theperfumebottles.com\/wp-content\/uploads\/2025\/03\/unique-cologne-bottles-FZ0701-600x600.webp 600w, https:\/\/theperfumebottles.com\/wp-content\/uploads\/2025\/03\/unique-cologne-bottles-FZ0701-100x100.webp 100w, https:\/\/theperfumebottles.com\/wp-content\/uploads\/2025\/03\/unique-cologne-bottles-FZ0701.webp 1000w\" sizes=\"(max-width: 300px) 100vw, 300px\" \/><figcaption id=\"caption-attachment-2880\" class=\"wp-caption-text\">30 ml<\/figcaption><\/figure><\/td>\n<td style=\"width: 54.00pt\" width=\"72\">\n<p><figure id=\"attachment_2882\" aria-describedby=\"caption-attachment-2882\" style=\"width: 300px\" class=\"wp-caption aligncenter\"><img decoding=\"async\" class=\"size-medium wp-image-2882\" src=\"https:\/\/theperfumebottles.com\/wp-content\/uploads\/2025\/03\/custom-engraved-perfume-bottles-FZ0702-300x300.webp\" alt=\"mittatilausty\u00f6n\u00e4 kaiverretut hajuvesipullot\" width=\"300\" height=\"300\" srcset=\"https:\/\/theperfumebottles.com\/wp-content\/uploads\/2025\/03\/custom-engraved-perfume-bottles-FZ0702-300x300.webp 300w, https:\/\/theperfumebottles.com\/wp-content\/uploads\/2025\/03\/custom-engraved-perfume-bottles-FZ0702-150x150.webp 150w, https:\/\/theperfumebottles.com\/wp-content\/uploads\/2025\/03\/custom-engraved-perfume-bottles-FZ0702-768x768.webp 768w, https:\/\/theperfumebottles.com\/wp-content\/uploads\/2025\/03\/custom-engraved-perfume-bottles-FZ0702-12x12.webp 12w, https:\/\/theperfumebottles.com\/wp-content\/uploads\/2025\/03\/custom-engraved-perfume-bottles-FZ0702-600x600.webp 600w, https:\/\/theperfumebottles.com\/wp-content\/uploads\/2025\/03\/custom-engraved-perfume-bottles-FZ0702-100x100.webp 100w, https:\/\/theperfumebottles.com\/wp-content\/uploads\/2025\/03\/custom-engraved-perfume-bottles-FZ0702.webp 1000w\" sizes=\"(max-width: 300px) 100vw, 300px\" \/><figcaption id=\"caption-attachment-2882\" class=\"wp-caption-text\">50 ml<\/figcaption><\/figure><\/td>\n<td style=\"width: 54.00pt\" width=\"72\">\n<p><figure id=\"attachment_2883\" aria-describedby=\"caption-attachment-2883\" style=\"width: 300px\" class=\"wp-caption aligncenter\"><img decoding=\"async\" class=\"size-medium wp-image-2883\" src=\"https:\/\/theperfumebottles.com\/wp-content\/uploads\/2025\/03\/custom-perfume-bottles-FZ0703-300x300.webp\" alt=\"r\u00e4\u00e4t\u00e4l\u00f6idyt hajuvesipullot\" width=\"300\" height=\"300\" srcset=\"https:\/\/theperfumebottles.com\/wp-content\/uploads\/2025\/03\/custom-perfume-bottles-FZ0703-300x300.webp 300w, https:\/\/theperfumebottles.com\/wp-content\/uploads\/2025\/03\/custom-perfume-bottles-FZ0703-150x150.webp 150w, https:\/\/theperfumebottles.com\/wp-content\/uploads\/2025\/03\/custom-perfume-bottles-FZ0703-768x768.webp 768w, https:\/\/theperfumebottles.com\/wp-content\/uploads\/2025\/03\/custom-perfume-bottles-FZ0703-12x12.webp 12w, https:\/\/theperfumebottles.com\/wp-content\/uploads\/2025\/03\/custom-perfume-bottles-FZ0703-600x600.webp 600w, https:\/\/theperfumebottles.com\/wp-content\/uploads\/2025\/03\/custom-perfume-bottles-FZ0703-100x100.webp 100w, https:\/\/theperfumebottles.com\/wp-content\/uploads\/2025\/03\/custom-perfume-bottles-FZ0703.webp 1024w\" sizes=\"(max-width: 300px) 100vw, 300px\" \/><figcaption id=\"caption-attachment-2883\" class=\"wp-caption-text\">100 ml<\/figcaption><\/figure><\/td>\n<\/tr>\n<\/tbody>\n<\/table>\n<h2>T\u00e4rkeimm\u00e4t tekniset tiedot yhdell\u00e4 silm\u00e4yksell\u00e4<\/h2>\n<div class=\"hyc-common-markdown__table-wrapper\">\n<table>\n<thead>\n<tr>\n<th>Malli<\/th>\n<th>Kapasiteetti<\/th>\n<th>Mitat (mm)<\/th>\n<th>Korkkivaihtoehdot<\/th>\n<th>Mukautettavat ominaisuudet<\/th>\n<\/tr>\n<\/thead>\n<tbody>\n<tr>\n<td>PB-FZ0701<\/td>\n<td>30 ml<\/td>\n<td>29x29x94<\/td>\n<td>Kulta\/hopea<\/td>\n<td>Logokaiverrus, lasin s\u00e4vytys<\/td>\n<\/tr>\n<tr>\n<td>PB-FZ0702<\/td>\n<td>50 ml<\/td>\n<td>38x38x94<\/td>\n<td>Kulta\/hopea<\/td>\n<td>Mattapintaiset pinnat, kaltevuusv\u00e4rit<\/td>\n<\/tr>\n<tr>\n<td>PB-FZ0703<\/td>\n<td>100 ml<\/td>\n<td>48x48x94<\/td>\n<td>Kulta\/hopea<\/td>\n<td>T\u00e4ydellinen ODM \/ OEM, koristeelliset kaulukset<\/td>\n<\/tr>\n<\/tbody>\n<\/table>\n<\/div>\n<h2>Miksi valita meid\u00e4n r\u00e4\u00e4t\u00e4l\u00f6idyt hajuvesipullot?<\/h2>\n<ul>\n<li>\u200b<strong>Ilmaiset n\u00e4ytteet ja irtotilaukset<\/strong>: Testaa laatu ilmaisilla n\u00e4ytteill\u00e4 ja skaalaa luottavaisesti tukkuhinnoittelulla.<\/li>\n<li>\u200b<strong>Matkustusvalmis pakkaus<\/strong>: Kompaktit 30 ml:n pullot ovat TSA-yst\u00e4v\u00e4llisi\u00e4, kun taas suuremmat koot sopivat v\u00e4hitt\u00e4ismyyntin\u00e4yttelyyn.<\/li>\n<li>\u200b<strong>End-to-End-ratkaisut<\/strong>: Hoidamme painatuksen, kaiverruksen ja irtotavaralogistiikan r\u00e4\u00e4t\u00e4l\u00f6idyist\u00e4 hajuvesipulloista merkkitarvikkeisiin.<\/li>\n<\/ul>\n<h2>Nosta tuoksubr\u00e4ndisi tasoa jo t\u00e4n\u00e4\u00e4n<\/h2>\n<p>Oval Elegance -sarja on suunniteltu eleganssia ja toiminnallisuutta arvostaville tuotemerkeille, ja siin\u00e4 yhdistyv\u00e4t lasinen k\u00e4sity\u00f6taito ja joustavat br\u00e4nd\u00e4ysmahdollisuudet. Olitpa sitten startup-yritys tai vakiintunut luksusyritys, lasiset hajuvesipullomme tarjoavat kunnollista laatua ja erottuvaa vetovoimaa.<\/p>\n<p><em>Ota yhteytt\u00e4 tilataksesi ainutlaatuisia k\u00f6lninvesipulloja tai pyyt\u00e4\u00e4ksesi ODM\/OEM-tarjouksia. Muunna tyhj\u00e4t s\u00e4ili\u00f6t unohtumattomiksi tuoksupakkauksiksi!<\/em><\/p>","protected":false},"excerpt":{"rendered":"<p>Erotu kilpailluilla tuoksumarkkinoilla Oval Elegance -sarjan avulla - kokoelma ainutlaatuisia k\u00f6lninvesipulloja ja kaiverrettuja hajuvesipulloja, jotka on suunniteltu edustamaan hienostuneisuutta ja monipuolisuutta.<\/p>","protected":false},"featured_media":2880,"comment_status":"open","ping_status":"closed","template":"","meta":{"_acf_changed":false,"site-sidebar-layout":"default","site-content-layout":"","ast-site-content-layout":"default","site-content-style":"default","site-sidebar-style":"default","ast-global-header-display":"","ast-banner-title-visibility":"","ast-main-header-display":"","ast-hfb-above-header-display":"","ast-hfb-below-header-display":"","ast-hfb-mobile-header-display":"","site-post-title":"","ast-breadcrumbs-content":"","ast-featured-img":"","footer-sml-layout":"","ast-disable-related-posts":"","theme-transparent-header-meta":"default","adv-header-id-meta":"","stick-header-meta":"","header-above-stick-meta":"","header-main-stick-meta":"","header-below-stick-meta":"","astra-migrate-meta-layouts":"set","ast-page-background-enabled":"default","ast-page-background-meta":{"desktop":{"background-color":"var(--ast-global-color-5)","background-image":"","background-repeat":"repeat","background-position":"center center","background-size":"auto","background-attachment":"scroll","background-type":"","background-media":"","overlay-type":"","overlay-color":"","overlay-opacity":"","overlay-gradient":""},"tablet":{"background-color":"","background-image":"","background-repeat":"repeat","background-position":"center center","background-size":"auto","background-attachment":"scroll","background-type":"","background-media":"","overlay-type":"","overlay-color":"","overlay-opacity":"","overlay-gradient":""},"mobile":{"background-color":"","background-image":"","background-repeat":"repeat","background-position":"center center","background-size":"auto","background-attachment":"scroll","background-type":"","background-media":"","overlay-type":"","overlay-color":"","overlay-opacity":"","overlay-gradient":""}},"ast-content-background-meta":{"desktop":{"background-color":"var(--ast-global-color-4)","background-image":"","background-repeat":"repeat","background-position":"center center","background-size":"auto","background-attachment":"scroll","background-type":"","background-media":"","overlay-type":"","overlay-color":"","overlay-opacity":"","overlay-gradient":""},"tablet":{"background-color":"var(--ast-global-color-4)","background-image":"","background-repeat":"repeat","background-position":"center center","background-size":"auto","background-attachment":"scroll","background-type":"","background-media":"","overlay-type":"","overlay-color":"","overlay-opacity":"","overlay-gradient":""},"mobile":{"background-color":"var(--ast-global-color-4)","background-image":"","background-repeat":"repeat","background-position":"center center","background-size":"auto","background-attachment":"scroll","background-type":"","background-media":"","overlay-type":"","overlay-color":"","overlay-opacity":"","overlay-gradient":""}}},"product_brand":[],"product_cat":[72,91,41],"product_tag":[],"class_list":{"0":"post-2878","1":"product","2":"type-product","3":"status-publish","4":"has-post-thumbnail","6":"product_cat-cosmetic-packaging","7":"product_cat-custom-perfume-bottles","8":"product_cat-perfume-bottles","9":"desktop-align-left","10":"tablet-align-left","11":"mobile-align-left","13":"first","14":"instock","15":"shipping-taxable","16":"product-type-simple"},"acf":[],"jetpack_sharing_enabled":true,"_links":{"self":[{"href":"https:\/\/theperfumebottles.com\/fi\/wp-json\/wp\/v2\/product\/2878","targetHints":{"allow":["GET"]}}],"collection":[{"href":"https:\/\/theperfumebottles.com\/fi\/wp-json\/wp\/v2\/product"}],"about":[{"href":"https:\/\/theperfumebottles.com\/fi\/wp-json\/wp\/v2\/types\/product"}],"replies":[{"embeddable":true,"href":"https:\/\/theperfumebottles.com\/fi\/wp-json\/wp\/v2\/comments?post=2878"}],"wp:featuredmedia":[{"embeddable":true,"href":"https:\/\/theperfumebottles.com\/fi\/wp-json\/wp\/v2\/media\/2880"}],"wp:attachment":[{"href":"https:\/\/theperfumebottles.com\/fi\/wp-json\/wp\/v2\/media?parent=2878"}],"wp:term":[{"taxonomy":"product_brand","embeddable":true,"href":"https:\/\/theperfumebottles.com\/fi\/wp-json\/wp\/v2\/product_brand?post=2878"},{"taxonomy":"product_cat","embeddable":true,"href":"https:\/\/theperfumebottles.com\/fi\/wp-json\/wp\/v2\/product_cat?post=2878"},{"taxonomy":"product_tag","embeddable":true,"href":"https:\/\/theperfumebottles.com\/fi\/wp-json\/wp\/v2\/product_tag?post=2878"}],"curies":[{"name":"wp","href":"https:\/\/api.w.org\/{rel}","templated":true}]}}