{"id":2886,"date":"2025-03-25T09:57:46","date_gmt":"2025-03-25T09:57:46","guid":{"rendered":"https:\/\/theperfumebottles.com\/?post_type=product&#038;p=2886"},"modified":"2025-04-18T03:37:48","modified_gmt":"2025-04-18T03:37:48","slug":"small-fragrance-bottles-cologne-spray-bottles","status":"publish","type":"product","link":"https:\/\/theperfumebottles.com\/fi\/tuote\/small-fragrance-bottles-cologne-spray-bottles\/","title":{"rendered":"30 ml 45 ml 50 ml 100 ml pienet tuoksupullot puisilla korkeilla"},"content":{"rendered":"<p>Paranna tuoksuasi, partavesiasi tai hyvinvointilinjaasi Natural Essence -sarjalla - minimalistisella kokoelmalla.\u00a0<em>pieni\u00e4 partavesisuihkupulloja<\/em>\u00a0ja\u00a0<em>tyhj\u00e4t hajuveden lasipullot<\/em>\u00a0suunniteltu k\u00e4sity\u00f6l\u00e4isbr\u00e4ndeille. Kristallinkirkkaasta lasista ja ymp\u00e4rist\u00f6tietoisista puisista tai mattamustista pinnoista valmistetut astiat yhdist\u00e4v\u00e4t modernin tyylikkyyden ja k\u00e4yt\u00e4nn\u00f6llisen monik\u00e4ytt\u00f6isyyden.<\/p>\n<h2>Pienten tuoksupullojen t\u00e4rkeimm\u00e4t tekniset tiedot<\/h2>\n<table style=\"border-collapse: collapse; margin-left: auto; margin-right: auto; width: 100%;\" border=\"0\" width=\"100%\" cellspacing=\"0\" cellpadding=\"0\">\n<tbody>\n<tr style=\"height: 10pt;\">\n<td style=\"height: 10pt; width: 87.75pt;\" width=\"117\" height=\"18\">Malli<\/td>\n<td style=\"width: 54.00pt;\" width=\"72\">Kapasiteetti<\/td>\n<td style=\"width: 184.50pt;\" width=\"246\">Tekniset tiedot<\/td>\n<td style=\"width: 81.00pt;\" width=\"108\">Tiivisteen tyyppi<\/td>\n<td class=\"et2\" style=\"width: 262.50pt;\" width=\"350\">V\u00e4ri<\/td>\n<\/tr>\n<tr style=\"height: 40.50pt;\">\n<td style=\"height: 40.50pt;\" height=\"54\">PB-FZ0801<\/td>\n<td>30 ml<\/td>\n<td>35\u00d735\u00d766 mm, kaliiperi 15 mm.<\/td>\n<td>Spay top<\/td>\n<td class=\"et2\" style=\"width: 262.50pt;\" width=\"350\">Kirkas lasi, p\u00e4hkin\u00e4nruskea, vaalea tammi, mattamusta korkki (muokattavissa).<\/td>\n<\/tr>\n<tr style=\"height: 40.50pt;\">\n<td style=\"height: 40.50pt;\" height=\"54\">PB-FZ0802<\/td>\n<td>30 ml<\/td>\n<td>37\u00d737\u00d765 mm, kaliiperi 15 mm.<\/td>\n<td>Spay top<\/td>\n<td class=\"et2\" style=\"width: 262.50pt;\" width=\"350\">Kirkas lasi, p\u00e4hkin\u00e4nruskea, vaalea tammi, mattamusta korkki (muokattavissa).<\/td>\n<\/tr>\n<tr style=\"height: 40.50pt;\">\n<td style=\"height: 40.50pt;\" height=\"54\">PB-FZ0803<\/td>\n<td>50 ml<\/td>\n<td>32\u00d732\u00d785 mm, kaliiperi 15 mm.<\/td>\n<td>Spay top<\/td>\n<td class=\"et2\" style=\"width: 262.50pt;\" width=\"350\">Kirkas lasi, p\u00e4hkin\u00e4nruskea, vaalea tammi, mattamusta korkki (muokattavissa).<\/td>\n<\/tr>\n<tr style=\"height: 40.50pt;\">\n<td style=\"height: 40.50pt;\" height=\"54\">PB-FZ0804<\/td>\n<td>45ml<\/td>\n<td>37\u00d737\u00d786 mm, kaliiperi 15 mm.<\/td>\n<td>Spay top<\/td>\n<td class=\"et2\" style=\"width: 262.50pt;\" width=\"350\">Kirkas lasi, p\u00e4hkin\u00e4nruskea, vaalea tammi, mattamusta korkki (muokattavissa).<\/td>\n<\/tr>\n<tr style=\"height: 40.50pt;\">\n<td style=\"height: 40.50pt;\" height=\"54\">PB-FZ0805<\/td>\n<td>100 ml<\/td>\n<td>47\u00d747\u00d7103 mm, kaliiperi 15 mm.<\/td>\n<td>Spay top<\/td>\n<td class=\"et2\" style=\"width: 262.50pt;\" width=\"350\">Kirkas lasi, p\u00e4hkin\u00e4nruskea, vaalea tammi, mattamusta korkki (muokattavissa).<\/td>\n<\/tr>\n<\/tbody>\n<\/table>\n<h2>Erehtym\u00e4tt\u00f6m\u00e4sti sinun:<\/h2>\n<ul>\n<li>Muotin rikkovat korkit: Korkit: 3D-tulostetut metallipinnat tai kierr\u00e4tetty korkki.<\/li>\n<li>Bonus: Ilmaiset n\u00e4ytesarjat - koska ansaitset tuntea laadun ennen sitoutumista.<\/li>\n<\/ul>\n<h2>For:<\/h2>\n<ul>\n<li>Hajuvesialkemistit kyll\u00e4styneet yleisiin pulloihin<\/li>\n<li>Sukupuolta h\u00e4m\u00e4rt\u00e4v\u00e4t hygieniamerkit kirjoittavat s\u00e4\u00e4nn\u00f6t uusiksi.<\/li>\n<li>Ekosoturit tekev\u00e4t tankkauksista rituaaleja<\/li>\n<li>Hotellit, jotka haluavat, ett\u00e4 vieraat varastavat mukavuuksia (vakavasti, sit\u00e4 tapahtuu).<\/li>\n<\/ul>","protected":false},"excerpt":{"rendered":"<p>Paranna tuoksuasi, partavesiasi tai hyvinvointilinjaasi Natural Essence -sarjalla - minimalistisella kokoelmalla.\u00a0<em>pieni\u00e4 partavesisuihkupulloja<\/em>\u00a0ja\u00a0<em>tyhj\u00e4t hajuveden lasipullot<\/em>\u00a0suunniteltu k\u00e4sity\u00f6l\u00e4isbr\u00e4ndeille.<\/p>","protected":false},"featured_media":2887,"comment_status":"open","ping_status":"closed","template":"","meta":{"_acf_changed":false,"site-sidebar-layout":"default","site-content-layout":"","ast-site-content-layout":"default","site-content-style":"default","site-sidebar-style":"default","ast-global-header-display":"","ast-banner-title-visibility":"","ast-main-header-display":"","ast-hfb-above-header-display":"","ast-hfb-below-header-display":"","ast-hfb-mobile-header-display":"","site-post-title":"","ast-breadcrumbs-content":"","ast-featured-img":"","footer-sml-layout":"","ast-disable-related-posts":"","theme-transparent-header-meta":"default","adv-header-id-meta":"","stick-header-meta":"","header-above-stick-meta":"","header-main-stick-meta":"","header-below-stick-meta":"","astra-migrate-meta-layouts":"set","ast-page-background-enabled":"default","ast-page-background-meta":{"desktop":{"background-color":"var(--ast-global-color-5)","background-image":"","background-repeat":"repeat","background-position":"center center","background-size":"auto","background-attachment":"scroll","background-type":"","background-media":"","overlay-type":"","overlay-color":"","overlay-opacity":"","overlay-gradient":""},"tablet":{"background-color":"","background-image":"","background-repeat":"repeat","background-position":"center center","background-size":"auto","background-attachment":"scroll","background-type":"","background-media":"","overlay-type":"","overlay-color":"","overlay-opacity":"","overlay-gradient":""},"mobile":{"background-color":"","background-image":"","background-repeat":"repeat","background-position":"center center","background-size":"auto","background-attachment":"scroll","background-type":"","background-media":"","overlay-type":"","overlay-color":"","overlay-opacity":"","overlay-gradient":""}},"ast-content-background-meta":{"desktop":{"background-color":"var(--ast-global-color-4)","background-image":"","background-repeat":"repeat","background-position":"center center","background-size":"auto","background-attachment":"scroll","background-type":"","background-media":"","overlay-type":"","overlay-color":"","overlay-opacity":"","overlay-gradient":""},"tablet":{"background-color":"var(--ast-global-color-4)","background-image":"","background-repeat":"repeat","background-position":"center center","background-size":"auto","background-attachment":"scroll","background-type":"","background-media":"","overlay-type":"","overlay-color":"","overlay-opacity":"","overlay-gradient":""},"mobile":{"background-color":"var(--ast-global-color-4)","background-image":"","background-repeat":"repeat","background-position":"center center","background-size":"auto","background-attachment":"scroll","background-type":"","background-media":"","overlay-type":"","overlay-color":"","overlay-opacity":"","overlay-gradient":""}}},"product_brand":[],"product_cat":[72,91,41],"product_tag":[],"class_list":{"0":"post-2886","1":"product","2":"type-product","3":"status-publish","4":"has-post-thumbnail","6":"product_cat-cosmetic-packaging","7":"product_cat-custom-perfume-bottles","8":"product_cat-perfume-bottles","9":"desktop-align-left","10":"tablet-align-left","11":"mobile-align-left","13":"first","14":"instock","15":"shipping-taxable","16":"product-type-simple"},"acf":[],"jetpack_sharing_enabled":true,"_links":{"self":[{"href":"https:\/\/theperfumebottles.com\/fi\/wp-json\/wp\/v2\/product\/2886","targetHints":{"allow":["GET"]}}],"collection":[{"href":"https:\/\/theperfumebottles.com\/fi\/wp-json\/wp\/v2\/product"}],"about":[{"href":"https:\/\/theperfumebottles.com\/fi\/wp-json\/wp\/v2\/types\/product"}],"replies":[{"embeddable":true,"href":"https:\/\/theperfumebottles.com\/fi\/wp-json\/wp\/v2\/comments?post=2886"}],"wp:featuredmedia":[{"embeddable":true,"href":"https:\/\/theperfumebottles.com\/fi\/wp-json\/wp\/v2\/media\/2887"}],"wp:attachment":[{"href":"https:\/\/theperfumebottles.com\/fi\/wp-json\/wp\/v2\/media?parent=2886"}],"wp:term":[{"taxonomy":"product_brand","embeddable":true,"href":"https:\/\/theperfumebottles.com\/fi\/wp-json\/wp\/v2\/product_brand?post=2886"},{"taxonomy":"product_cat","embeddable":true,"href":"https:\/\/theperfumebottles.com\/fi\/wp-json\/wp\/v2\/product_cat?post=2886"},{"taxonomy":"product_tag","embeddable":true,"href":"https:\/\/theperfumebottles.com\/fi\/wp-json\/wp\/v2\/product_tag?post=2886"}],"curies":[{"name":"wp","href":"https:\/\/api.w.org\/{rel}","templated":true}]}}