{"id":2905,"date":"2025-03-26T08:24:36","date_gmt":"2025-03-26T08:24:36","guid":{"rendered":"https:\/\/theperfumebottles.com\/?post_type=product&#038;p=2905"},"modified":"2025-05-28T18:28:24","modified_gmt":"2025-05-28T10:28:24","slug":"30ml-50ml-100ml-iceberg-unique-perfume-bottles-wholesale","status":"publish","type":"product","link":"https:\/\/theperfumebottles.com\/fi\/tuote\/30ml-50ml-100ml-iceberg-unique-perfume-bottles-wholesale\/","title":{"rendered":"30ml 50ml 100ml Iceberg Ainutlaatuiset hajuvesipullot Tukkumyynti"},"content":{"rendered":"<p>Tuoksuyrityksille ja kauppiaille, jotka etsiv\u00e4t ainutlaatuisia tuoksukorkkeja, jotka yhdist\u00e4v\u00e4t hienostuneisuutta ja joustavuutta, Iceberg-sarja tarjoaa korkealaatuisia lasituoksukorkkeja 30ml, 50ml ja 100ml kokoisina. Suunniteltu tuoksukorkkien massatuotantoomahdollisuuksia varten, n\u00e4m\u00e4 tyhj\u00e4t tuoksukorkit ovat t\u00e4ysin muokattavissa korottaaksesi br\u00e4ndisi identiteetti\u00e4.<\/p>\n<table style=\"border-collapse: collapse;margin-left: auto;margin-right: auto;width: 202.53pt\" border=\"0\" width=\"270\" cellspacing=\"0\" cellpadding=\"0\">\n<tbody>\n<tr style=\"height: 15.00pt\">\n<td style=\"height: 15.00pt;width: 67.50pt\" width=\"90\" height=\"20\">\n<p><figure id=\"attachment_2906\" aria-describedby=\"caption-attachment-2906\" style=\"width: 300px\" class=\"wp-caption aligncenter\"><img fetchpriority=\"high\" decoding=\"async\" class=\"size-medium wp-image-2906\" src=\"https:\/\/theperfumebottles.com\/wp-content\/uploads\/2025\/03\/unique-perfume-bottles-HS0201-300x300.webp\" alt=\"ainutlaatuiset hajuvesipullot\" width=\"300\" height=\"300\" srcset=\"https:\/\/theperfumebottles.com\/wp-content\/uploads\/2025\/03\/unique-perfume-bottles-HS0201-300x300.webp 300w, https:\/\/theperfumebottles.com\/wp-content\/uploads\/2025\/03\/unique-perfume-bottles-HS0201-150x150.webp 150w, https:\/\/theperfumebottles.com\/wp-content\/uploads\/2025\/03\/unique-perfume-bottles-HS0201-768x768.webp 768w, https:\/\/theperfumebottles.com\/wp-content\/uploads\/2025\/03\/unique-perfume-bottles-HS0201-12x12.webp 12w, https:\/\/theperfumebottles.com\/wp-content\/uploads\/2025\/03\/unique-perfume-bottles-HS0201-600x600.webp 600w, https:\/\/theperfumebottles.com\/wp-content\/uploads\/2025\/03\/unique-perfume-bottles-HS0201-100x100.webp 100w, https:\/\/theperfumebottles.com\/wp-content\/uploads\/2025\/03\/unique-perfume-bottles-HS0201.webp 1000w\" sizes=\"(max-width: 300px) 100vw, 300px\" \/><figcaption id=\"caption-attachment-2906\" class=\"wp-caption-text\">30 ml<\/figcaption><\/figure><\/td>\n<td style=\"width: 67.50pt\" width=\"90\">\n<p><figure id=\"attachment_2909\" aria-describedby=\"caption-attachment-2909\" style=\"width: 300px\" class=\"wp-caption aligncenter\"><img decoding=\"async\" class=\"size-medium wp-image-2909\" src=\"https:\/\/theperfumebottles.com\/wp-content\/uploads\/2025\/03\/perfume-bottles-wholesale-HS0202-300x300.webp\" alt=\"hajuvesipullojen tukkumyynti\" width=\"300\" height=\"300\" srcset=\"https:\/\/theperfumebottles.com\/wp-content\/uploads\/2025\/03\/perfume-bottles-wholesale-HS0202-300x300.webp 300w, https:\/\/theperfumebottles.com\/wp-content\/uploads\/2025\/03\/perfume-bottles-wholesale-HS0202-150x150.webp 150w, https:\/\/theperfumebottles.com\/wp-content\/uploads\/2025\/03\/perfume-bottles-wholesale-HS0202-768x768.webp 768w, https:\/\/theperfumebottles.com\/wp-content\/uploads\/2025\/03\/perfume-bottles-wholesale-HS0202-12x12.webp 12w, https:\/\/theperfumebottles.com\/wp-content\/uploads\/2025\/03\/perfume-bottles-wholesale-HS0202-600x600.webp 600w, https:\/\/theperfumebottles.com\/wp-content\/uploads\/2025\/03\/perfume-bottles-wholesale-HS0202-100x100.webp 100w, https:\/\/theperfumebottles.com\/wp-content\/uploads\/2025\/03\/perfume-bottles-wholesale-HS0202.webp 1000w\" sizes=\"(max-width: 300px) 100vw, 300px\" \/><figcaption id=\"caption-attachment-2909\" class=\"wp-caption-text\">50 ml<\/figcaption><\/figure><\/td>\n<td style=\"width: 67.50pt\" width=\"90\">\n<p><figure id=\"attachment_2910\" aria-describedby=\"caption-attachment-2910\" style=\"width: 300px\" class=\"wp-caption aligncenter\"><img decoding=\"async\" class=\"size-medium wp-image-2910\" src=\"https:\/\/theperfumebottles.com\/wp-content\/uploads\/2025\/03\/perfume-bottles-wholesale-HS0203-300x300.webp\" alt=\"hajuvesipullojen tukkumyynti\" width=\"300\" height=\"300\" srcset=\"https:\/\/theperfumebottles.com\/wp-content\/uploads\/2025\/03\/perfume-bottles-wholesale-HS0203-300x300.webp 300w, https:\/\/theperfumebottles.com\/wp-content\/uploads\/2025\/03\/perfume-bottles-wholesale-HS0203-150x150.webp 150w, https:\/\/theperfumebottles.com\/wp-content\/uploads\/2025\/03\/perfume-bottles-wholesale-HS0203-768x768.webp 768w, https:\/\/theperfumebottles.com\/wp-content\/uploads\/2025\/03\/perfume-bottles-wholesale-HS0203-12x12.webp 12w, https:\/\/theperfumebottles.com\/wp-content\/uploads\/2025\/03\/perfume-bottles-wholesale-HS0203-600x600.webp 600w, https:\/\/theperfumebottles.com\/wp-content\/uploads\/2025\/03\/perfume-bottles-wholesale-HS0203-100x100.webp 100w, https:\/\/theperfumebottles.com\/wp-content\/uploads\/2025\/03\/perfume-bottles-wholesale-HS0203.webp 1000w\" sizes=\"(max-width: 300px) 100vw, 300px\" \/><figcaption id=\"caption-attachment-2910\" class=\"wp-caption-text\">100 ml<\/figcaption><\/figure><\/td>\n<\/tr>\n<\/tbody>\n<\/table>\n<h2>Tekniset tiedot<\/h2>\n<div class=\"hyc-common-markdown__table-wrapper\">\n<table>\n<thead>\n<tr>\n<th>Malli<\/th>\n<th>Kapasiteetti<\/th>\n<th>Mitat (K*S)<\/th>\n<th>Materiaali<\/th>\n<th>V\u00e4rivaihtoehdot<\/th>\n<th>Tiivisteen tyyppi<\/th>\n<th>Mukauttaminen<\/th>\n<\/tr>\n<\/thead>\n<tbody>\n<tr>\n<td>PB-HS0201<\/td>\n<td>30 ml<\/td>\n<td>46 * 73 mm<\/td>\n<td>Kristallilasi<\/td>\n<td>Kirkas lasi + matta korkki<\/td>\n<td>Suihkuta yl\u00e4osa<\/td>\n<td>Kansi, painatus, s\u00e4vytys<\/td>\n<\/tr>\n<tr>\n<td>PB-HS0202<\/td>\n<td>50 ml<\/td>\n<td>51 * 80 mm<\/td>\n<td>Kristallilasi<\/td>\n<td>Kirkas lasi + matta korkki<\/td>\n<td>Suihkuta yl\u00e4osa<\/td>\n<td>Muoto, koko, logo<\/td>\n<\/tr>\n<tr>\n<td>PB-HS0203<\/td>\n<td>100 ml<\/td>\n<td>59 * 94 mm<\/td>\n<td>Kristallilasi<\/td>\n<td>Kirkas lasi + matta korkki<\/td>\n<td>Suihkuta yl\u00e4osa<\/td>\n<td>T\u00e4ydellinen tuotemerkint\u00e4<\/td>\n<\/tr>\n<\/tbody>\n<\/table>\n<\/div>\n<h3><strong>Valinnaiset pullonkorkit:<\/strong><\/h3>\n<p><img loading=\"lazy\" decoding=\"async\" class=\"size-medium wp-image-2961 aligncenter\" src=\"https:\/\/theperfumebottles.com\/wp-content\/uploads\/2025\/04\/perfume-bottle-tops-3-300x164.webp\" alt=\"hajuvesipullojen korkit\" width=\"300\" height=\"164\" srcset=\"https:\/\/theperfumebottles.com\/wp-content\/uploads\/2025\/04\/perfume-bottle-tops-3-300x164.webp 300w, https:\/\/theperfumebottles.com\/wp-content\/uploads\/2025\/04\/perfume-bottle-tops-3-18x10.webp 18w, https:\/\/theperfumebottles.com\/wp-content\/uploads\/2025\/04\/perfume-bottle-tops-3-600x329.webp 600w, https:\/\/theperfumebottles.com\/wp-content\/uploads\/2025\/04\/perfume-bottle-tops-3.webp 750w\" sizes=\"(max-width: 300px) 100vw, 300px\" \/><\/p>\n<p><img loading=\"lazy\" decoding=\"async\" class=\"size-medium wp-image-2960\" src=\"https:\/\/theperfumebottles.com\/wp-content\/uploads\/2025\/04\/perfume-bottle-tops-2-300x145.webp\" alt=\"hajuvesipullojen korkit\" width=\"300\" height=\"145\" srcset=\"https:\/\/theperfumebottles.com\/wp-content\/uploads\/2025\/04\/perfume-bottle-tops-2-300x145.webp 300w, https:\/\/theperfumebottles.com\/wp-content\/uploads\/2025\/04\/perfume-bottle-tops-2-18x9.webp 18w, https:\/\/theperfumebottles.com\/wp-content\/uploads\/2025\/04\/perfume-bottle-tops-2-600x290.webp 600w, https:\/\/theperfumebottles.com\/wp-content\/uploads\/2025\/04\/perfume-bottle-tops-2.webp 750w\" sizes=\"(max-width: 300px) 100vw, 300px\" \/><\/p>\n<p><img loading=\"lazy\" decoding=\"async\" class=\"size-medium wp-image-2959 aligncenter\" src=\"https:\/\/theperfumebottles.com\/wp-content\/uploads\/2025\/04\/perfume-bottle-tops-1-300x224.webp\" alt=\"hajuvesipullojen korkit\" width=\"300\" height=\"224\" srcset=\"https:\/\/theperfumebottles.com\/wp-content\/uploads\/2025\/04\/perfume-bottle-tops-1-300x224.webp 300w, https:\/\/theperfumebottles.com\/wp-content\/uploads\/2025\/04\/perfume-bottle-tops-1-16x12.webp 16w, https:\/\/theperfumebottles.com\/wp-content\/uploads\/2025\/04\/perfume-bottle-tops-1-600x447.webp 600w, https:\/\/theperfumebottles.com\/wp-content\/uploads\/2025\/04\/perfume-bottle-tops-1.webp 746w\" sizes=\"(max-width: 300px) 100vw, 300px\" \/><\/p>\n<h2>Miksi valita Iceberg-sarja?<\/h2>\n<ul>\n<li><strong>Taloudellinen ja tehokas:<\/strong> Tarjoaa massapakkaussolmuja vastaamaan aloitteiden br\u00e4ndien ja kypsym\u00e4isten yritysten tarpeita.<\/li>\n<li><strong>Monipuolinen soveltaminen:<\/strong> matkakuuset, p\u00e4ivitt\u00e4isk\u00e4ytt\u00f6inen tuoksu tai korkealaatuinen tuoksu, joustava vastatakseen erilaisiin tuotesarjoihin.<\/li>\n<li><strong>Huolellisesti valittu materiaali:<\/strong> vahingontuottamaton lasi + s\u00e4rkytt\u00e4m\u00e4t\u00f6n p\u00e4\u00e4llyste, kest\u00e4v\u00e4 ja turvallinen.<\/li>\n<\/ul>\n<h2>Mukauttaminen Spotlight<\/h2>\n<ul>\n<li>\u200b<strong>Korkin materiaalit<\/strong>: Matta-, metalli- tai puupintaiset pinnoitteet.<\/li>\n<li>\u200b<strong>Pintak\u00e4sittelyt<\/strong>: Himme\u00e4t kaltevuudet, galvanoidut aksentit tai kiilt\u00e4v\u00e4t suihkeet.<\/li>\n<li>\u200b<strong>Kapasiteetin joustavuus<\/strong>: Ihanteellinen 30 ml:n niche-n\u00e4ytteille tai 100 ml:n lippulaivakokoelmille.<\/li>\n<\/ul>\n<p>Nosta tuoksumallistoasi ainutlaatuisilla hajuvesipulloilla, jotka on suunniteltu kiehtoviksi. Iceberg-sarjassa yhdistyv\u00e4t tyylikkyys ja muunneltavuus, joten se on paras valinta tuotemerkeille, jotka pit\u00e4v\u00e4t ylellisi\u00e4 pakkauksia ja tukkumyynnin tehokkuutta t\u00e4rkein\u00e4.<\/p>\n<p><strong>Ota yhteytt\u00e4 jo t\u00e4n\u00e4\u00e4n ja pyyd\u00e4 n\u00e4ytteit\u00e4 tai keskustele irtotilauksista!<\/strong><\/p>","protected":false},"excerpt":{"rendered":"<p>Tutustu j\u00e4\u00e4vuoren sarjan ainutlaatuisiin hajuvesipulloihin tukkukaupassa! Ensiluokkaista kristallilasia, r\u00e4\u00e4t\u00e4l\u00f6it\u00e4viss\u00e4 olevia malleja ja irtotavarapakkausratkaisuja ylellisille hajuvesibr\u00e4ndeille.<\/p>","protected":false},"featured_media":2909,"comment_status":"open","ping_status":"closed","template":"","meta":{"_acf_changed":false,"site-sidebar-layout":"default","site-content-layout":"","ast-site-content-layout":"default","site-content-style":"default","site-sidebar-style":"default","ast-global-header-display":"","ast-banner-title-visibility":"","ast-main-header-display":"","ast-hfb-above-header-display":"","ast-hfb-below-header-display":"","ast-hfb-mobile-header-display":"","site-post-title":"","ast-breadcrumbs-content":"","ast-featured-img":"","footer-sml-layout":"","ast-disable-related-posts":"","theme-transparent-header-meta":"default","adv-header-id-meta":"","stick-header-meta":"","header-above-stick-meta":"","header-main-stick-meta":"","header-below-stick-meta":"","astra-migrate-meta-layouts":"set","ast-page-background-enabled":"default","ast-page-background-meta":{"desktop":{"background-color":"var(--ast-global-color-5)","background-image":"","background-repeat":"repeat","background-position":"center center","background-size":"auto","background-attachment":"scroll","background-type":"","background-media":"","overlay-type":"","overlay-color":"","overlay-opacity":"","overlay-gradient":""},"tablet":{"background-color":"","background-image":"","background-repeat":"repeat","background-position":"center center","background-size":"auto","background-attachment":"scroll","background-type":"","background-media":"","overlay-type":"","overlay-color":"","overlay-opacity":"","overlay-gradient":""},"mobile":{"background-color":"","background-image":"","background-repeat":"repeat","background-position":"center center","background-size":"auto","background-attachment":"scroll","background-type":"","background-media":"","overlay-type":"","overlay-color":"","overlay-opacity":"","overlay-gradient":""}},"ast-content-background-meta":{"desktop":{"background-color":"var(--ast-global-color-4)","background-image":"","background-repeat":"repeat","background-position":"center center","background-size":"auto","background-attachment":"scroll","background-type":"","background-media":"","overlay-type":"","overlay-color":"","overlay-opacity":"","overlay-gradient":""},"tablet":{"background-color":"var(--ast-global-color-4)","background-image":"","background-repeat":"repeat","background-position":"center center","background-size":"auto","background-attachment":"scroll","background-type":"","background-media":"","overlay-type":"","overlay-color":"","overlay-opacity":"","overlay-gradient":""},"mobile":{"background-color":"var(--ast-global-color-4)","background-image":"","background-repeat":"repeat","background-position":"center center","background-size":"auto","background-attachment":"scroll","background-type":"","background-media":"","overlay-type":"","overlay-color":"","overlay-opacity":"","overlay-gradient":""}}},"product_brand":[],"product_cat":[72,41],"product_tag":[],"class_list":{"0":"post-2905","1":"product","2":"type-product","3":"status-publish","4":"has-post-thumbnail","6":"product_cat-cosmetic-packaging","7":"product_cat-perfume-bottles","8":"desktop-align-left","9":"tablet-align-left","10":"mobile-align-left","12":"first","13":"instock","14":"shipping-taxable","15":"product-type-simple"},"acf":[],"jetpack_sharing_enabled":true,"_links":{"self":[{"href":"https:\/\/theperfumebottles.com\/fi\/wp-json\/wp\/v2\/product\/2905","targetHints":{"allow":["GET"]}}],"collection":[{"href":"https:\/\/theperfumebottles.com\/fi\/wp-json\/wp\/v2\/product"}],"about":[{"href":"https:\/\/theperfumebottles.com\/fi\/wp-json\/wp\/v2\/types\/product"}],"replies":[{"embeddable":true,"href":"https:\/\/theperfumebottles.com\/fi\/wp-json\/wp\/v2\/comments?post=2905"}],"wp:featuredmedia":[{"embeddable":true,"href":"https:\/\/theperfumebottles.com\/fi\/wp-json\/wp\/v2\/media\/2909"}],"wp:attachment":[{"href":"https:\/\/theperfumebottles.com\/fi\/wp-json\/wp\/v2\/media?parent=2905"}],"wp:term":[{"taxonomy":"product_brand","embeddable":true,"href":"https:\/\/theperfumebottles.com\/fi\/wp-json\/wp\/v2\/product_brand?post=2905"},{"taxonomy":"product_cat","embeddable":true,"href":"https:\/\/theperfumebottles.com\/fi\/wp-json\/wp\/v2\/product_cat?post=2905"},{"taxonomy":"product_tag","embeddable":true,"href":"https:\/\/theperfumebottles.com\/fi\/wp-json\/wp\/v2\/product_tag?post=2905"}],"curies":[{"name":"wp","href":"https:\/\/api.w.org\/{rel}","templated":true}]}}