{"id":2915,"date":"2025-03-26T09:33:10","date_gmt":"2025-03-26T09:33:10","guid":{"rendered":"https:\/\/theperfumebottles.com\/?post_type=product&#038;p=2915"},"modified":"2025-05-27T15:12:42","modified_gmt":"2025-05-27T07:12:42","slug":"30ml-50ml-most-beautiful-perfume-bottles-with-ball-tops","status":"publish","type":"product","link":"https:\/\/theperfumebottles.com\/fi\/tuote\/30ml-50ml-most-beautiful-perfume-bottles-with-ball-tops\/","title":{"rendered":"30ml 50ml Kauneimmat hajuvesipullot pallokorkeilla"},"content":{"rendered":"<p>Kauneimmat hajuvesipullomme (mallit PB-GK0301 ja PB-GK0302) on tarkoitettu tuotemerkeille ja j\u00e4lleenmyyjille, jotka haluavat hurmata asiakkaitaan kauniilla hajuvesipulloilla. Ne yhdist\u00e4v\u00e4t eleganssin, kest\u00e4vyyden ja r\u00e4\u00e4t\u00e4l\u00f6it\u00e4vyyden nostaen tuoksu-, k\u00f6lninvesi- tai partavesilinjasi uudelle tasolle. Ensiluokkaista br\u00e4nd\u00e4yst\u00e4 varten suunnitellut lasipullot on suunniteltu esittelem\u00e4\u00e4n tuoksuasi vertaansa vailla olevalla hienostuneisuudella.<\/p>\n<h2>T\u00e4rkeimm\u00e4t tekniset tiedot yhdell\u00e4 silm\u00e4yksell\u00e4<\/h2>\n<div class=\"hyc-common-markdown__table-wrapper\">\n<table>\n<thead>\n<tr>\n<th>\u200b<strong>Malli<\/strong><\/th>\n<th>PB-GK0301<\/th>\n<th>PB-GK0302<\/th>\n<\/tr>\n<\/thead>\n<tbody>\n<tr>\n<td>\u200b<strong>Kapasiteetti<\/strong><\/td>\n<td>50 ml<\/td>\n<td>100 ml<\/td>\n<\/tr>\n<tr>\n<td>\u200b<strong>Mitat<\/strong><\/td>\n<td>39 \u00d7 49 \u00d7 119 mm<\/td>\n<td>45 \u00d7 55 \u00d7 130 mm<\/td>\n<\/tr>\n<tr>\n<td>\u200b<strong>Materiaali<\/strong><\/td>\n<td>Kristallilasi<\/td>\n<td>Kristallilasi<\/td>\n<\/tr>\n<tr>\n<td>\u200b<strong>Korkin v\u00e4rit<\/strong><\/td>\n<td>Sininen\/Valkoinen\/Mukautettu<\/td>\n<td>Sininen\/Valkoinen\/Mukautettu<\/td>\n<\/tr>\n<tr>\n<td>\u200b<strong>Tiivisteen tyyppi<\/strong><\/td>\n<td>Suihkuta yl\u00e4osa<\/td>\n<td>Suihkuta yl\u00e4osa<\/td>\n<\/tr>\n<\/tbody>\n<\/table>\n<\/div>\n<h2>Miksi hajuvesipullomme sopivat br\u00e4ndisi tavoitteisiin<\/h2>\n<ul>\n<li>\u200b<strong>Mukautettu br\u00e4nd\u00e4ys<\/strong>Muunna tyhj\u00e4t hajuvesipullot tyylikk\u00e4iksi kappaleiksi, joissa on logokaiverrus, mukautetut korkkien v\u00e4rit tai r\u00e4\u00e4t\u00e4l\u00f6idyt etiketit.<\/li>\n<li>\u200b<strong>Premium-pakkaus<\/strong>Lasinen runko ja sumutin on suunniteltu ylelliseen estetiikkaan, joten se sopii erinomaisesti korkealaatuisiin tuoksuihin, partavesiin tai k\u00f6lninvesituotteisiin.<\/li>\n<li>\u200b<strong>Irtotavarana tehokkuus<\/strong>Luotettavana valmistajana tarjoamme kilpailukykyiset tukkuhinnat ja turvallisen toimituksen tukeaksemme tukkukauppiaita ja startup-yrityksi\u00e4.<\/li>\n<\/ul>\n<h2>Ihanteellinen:<\/h2>\n<p>\u200b<strong>Luksusbr\u00e4ndit<\/strong>Nosta tasoasi<strong>tuoksu<\/strong>\u00a0linjassa<strong>elegantti pakkaus<\/strong>\u00a0joka heijastaa ensiluokkaista laatua.<br \/>\n<strong>Matkustusyst\u00e4v\u00e4llinen:<\/strong> 50 ml:n hienostunut ja kompakti pullo mahtuu helposti k\u00e4silaukkuun \u2013 elegantti matkalla.<br \/>\n\u200b<strong>Yksityiset tuotemerkit<\/strong>: Luo<strong>ainutlaatuinen<\/strong>\u00a0br\u00e4nd\u00e4ys muokattavissa<strong>Frasco de perfume de vidrio de 50 ml con dosificador.<\/strong>\u00a0niche-markkinoille.<\/p>\n<p><strong>Tule kumppaniksi jo t\u00e4n\u00e4\u00e4n<\/strong><br \/>\nErotu kilpaillulla tuoksuteollisuudella \u200b<strong>kauniita hajuvesipulloja<\/strong>\u00a0suunniteltu tekem\u00e4\u00e4n vaikutuksen. Pyyd\u00e4 n\u00e4ytteit\u00e4 tai keskustele irtotilauksista nyt ja vapauta br\u00e4ndisi potentiaali!<\/p>","protected":false},"excerpt":{"rendered":"<p>L\u00f6yd\u00e4 kauneimmat luksusbr\u00e4ndien hajuvesipullot. Ensiluokkaiset 50 ml:n ja 100 ml:n kristallilasimallit, mukautettavat korkit ja irtopakkausvaihtoehdot.<\/p>","protected":false},"featured_media":2918,"comment_status":"open","ping_status":"closed","template":"","meta":{"_acf_changed":false,"site-sidebar-layout":"default","site-content-layout":"","ast-site-content-layout":"default","site-content-style":"default","site-sidebar-style":"default","ast-global-header-display":"","ast-banner-title-visibility":"","ast-main-header-display":"","ast-hfb-above-header-display":"","ast-hfb-below-header-display":"","ast-hfb-mobile-header-display":"","site-post-title":"","ast-breadcrumbs-content":"","ast-featured-img":"","footer-sml-layout":"","ast-disable-related-posts":"","theme-transparent-header-meta":"default","adv-header-id-meta":"","stick-header-meta":"","header-above-stick-meta":"","header-main-stick-meta":"","header-below-stick-meta":"","astra-migrate-meta-layouts":"set","ast-page-background-enabled":"default","ast-page-background-meta":{"desktop":{"background-color":"var(--ast-global-color-5)","background-image":"","background-repeat":"repeat","background-position":"center center","background-size":"auto","background-attachment":"scroll","background-type":"","background-media":"","overlay-type":"","overlay-color":"","overlay-opacity":"","overlay-gradient":""},"tablet":{"background-color":"","background-image":"","background-repeat":"repeat","background-position":"center center","background-size":"auto","background-attachment":"scroll","background-type":"","background-media":"","overlay-type":"","overlay-color":"","overlay-opacity":"","overlay-gradient":""},"mobile":{"background-color":"","background-image":"","background-repeat":"repeat","background-position":"center center","background-size":"auto","background-attachment":"scroll","background-type":"","background-media":"","overlay-type":"","overlay-color":"","overlay-opacity":"","overlay-gradient":""}},"ast-content-background-meta":{"desktop":{"background-color":"var(--ast-global-color-4)","background-image":"","background-repeat":"repeat","background-position":"center center","background-size":"auto","background-attachment":"scroll","background-type":"","background-media":"","overlay-type":"","overlay-color":"","overlay-opacity":"","overlay-gradient":""},"tablet":{"background-color":"var(--ast-global-color-4)","background-image":"","background-repeat":"repeat","background-position":"center center","background-size":"auto","background-attachment":"scroll","background-type":"","background-media":"","overlay-type":"","overlay-color":"","overlay-opacity":"","overlay-gradient":""},"mobile":{"background-color":"var(--ast-global-color-4)","background-image":"","background-repeat":"repeat","background-position":"center center","background-size":"auto","background-attachment":"scroll","background-type":"","background-media":"","overlay-type":"","overlay-color":"","overlay-opacity":"","overlay-gradient":""}}},"product_brand":[],"product_cat":[72,41],"product_tag":[],"class_list":{"0":"post-2915","1":"product","2":"type-product","3":"status-publish","4":"has-post-thumbnail","6":"product_cat-cosmetic-packaging","7":"product_cat-perfume-bottles","8":"desktop-align-left","9":"tablet-align-left","10":"mobile-align-left","12":"first","13":"instock","14":"shipping-taxable","15":"product-type-simple"},"acf":[],"jetpack_sharing_enabled":true,"_links":{"self":[{"href":"https:\/\/theperfumebottles.com\/fi\/wp-json\/wp\/v2\/product\/2915","targetHints":{"allow":["GET"]}}],"collection":[{"href":"https:\/\/theperfumebottles.com\/fi\/wp-json\/wp\/v2\/product"}],"about":[{"href":"https:\/\/theperfumebottles.com\/fi\/wp-json\/wp\/v2\/types\/product"}],"replies":[{"embeddable":true,"href":"https:\/\/theperfumebottles.com\/fi\/wp-json\/wp\/v2\/comments?post=2915"}],"wp:featuredmedia":[{"embeddable":true,"href":"https:\/\/theperfumebottles.com\/fi\/wp-json\/wp\/v2\/media\/2918"}],"wp:attachment":[{"href":"https:\/\/theperfumebottles.com\/fi\/wp-json\/wp\/v2\/media?parent=2915"}],"wp:term":[{"taxonomy":"product_brand","embeddable":true,"href":"https:\/\/theperfumebottles.com\/fi\/wp-json\/wp\/v2\/product_brand?post=2915"},{"taxonomy":"product_cat","embeddable":true,"href":"https:\/\/theperfumebottles.com\/fi\/wp-json\/wp\/v2\/product_cat?post=2915"},{"taxonomy":"product_tag","embeddable":true,"href":"https:\/\/theperfumebottles.com\/fi\/wp-json\/wp\/v2\/product_tag?post=2915"}],"curies":[{"name":"wp","href":"https:\/\/api.w.org\/{rel}","templated":true}]}}