{"id":2928,"date":"2025-03-27T06:17:19","date_gmt":"2025-03-27T06:17:19","guid":{"rendered":"https:\/\/theperfumebottles.com\/?post_type=product&#038;p=2928"},"modified":"2026-01-06T14:12:06","modified_gmt":"2026-01-06T06:12:06","slug":"luxury-crystal-perfume-bottles-with-marble-caps-30ml-50ml-100ml","status":"publish","type":"product","link":"https:\/\/theperfumebottles.com\/fi\/tuote\/luxury-crystal-perfume-bottles-with-marble-caps-30ml-50ml-100ml\/","title":{"rendered":"Ylelliset kristallihajuvesipullot marmorikorkeilla | 30ml\/50ml\/100ml"},"content":{"rendered":"<h2>Marble Sphere -sarja: Ylelliset kristallihajuvesipullot ensiluokkaiseen tuoksubr\u00e4nd\u00e4ykseen<\/h2>\n<p>Nosta tuoksulinjasi uudelle tasolle Marble Sphere -sarjalla, joka on kokoelma parhaita hajuvesipulloja, jotka yhdist\u00e4v\u00e4t geometrisen tarkkuuden ja taiteellisen eleganssin. N\u00e4m\u00e4 kristalliset hajuvesipullot on suunniteltu ainutlaatuisia pakkausratkaisuja etsiville vaativille tuotemerkeille, ja ne yhdist\u00e4v\u00e4t minimalistisen hienostuneisuuden rohkeisiin muotoiluelementteihin kiehtoen kuluttajia.<\/p>\n<table style=\"border-collapse: collapse;margin-left: auto;margin-right: auto;width: 162.03pt\" border=\"0\" width=\"216\" cellspacing=\"0\" cellpadding=\"0\">\n<tbody>\n<tr style=\"height: 13.50pt\">\n<td style=\"height: 13.50pt;width: 54.00pt\" width=\"72\" height=\"18\">\n<p><figure id=\"attachment_2932\" aria-describedby=\"caption-attachment-2932\" style=\"width: 300px\" class=\"wp-caption aligncenter\"><img fetchpriority=\"high\" decoding=\"async\" class=\"size-medium wp-image-2932\" src=\"https:\/\/theperfumebottles.com\/wp-content\/uploads\/2025\/03\/perfume-bottles-GK0501-300x300.webp\" alt=\"Ylelliset kristallihajuvesipullot marmorikorkeilla\" width=\"300\" height=\"300\" srcset=\"https:\/\/theperfumebottles.com\/wp-content\/uploads\/2025\/03\/perfume-bottles-GK0501-300x300.webp 300w, https:\/\/theperfumebottles.com\/wp-content\/uploads\/2025\/03\/perfume-bottles-GK0501-150x150.webp 150w, https:\/\/theperfumebottles.com\/wp-content\/uploads\/2025\/03\/perfume-bottles-GK0501-768x768.webp 768w, https:\/\/theperfumebottles.com\/wp-content\/uploads\/2025\/03\/perfume-bottles-GK0501-12x12.webp 12w, https:\/\/theperfumebottles.com\/wp-content\/uploads\/2025\/03\/perfume-bottles-GK0501-600x600.webp 600w, https:\/\/theperfumebottles.com\/wp-content\/uploads\/2025\/03\/perfume-bottles-GK0501-100x100.webp 100w, https:\/\/theperfumebottles.com\/wp-content\/uploads\/2025\/03\/perfume-bottles-GK0501.webp 1000w\" sizes=\"(max-width: 300px) 100vw, 300px\" \/><figcaption id=\"caption-attachment-2932\" class=\"wp-caption-text\">30 ml\/PbGK0501<\/figcaption><\/figure><\/td>\n<td style=\"width: 54.00pt\" width=\"72\">\n<p><figure id=\"attachment_2933\" aria-describedby=\"caption-attachment-2933\" style=\"width: 300px\" class=\"wp-caption aligncenter\"><img decoding=\"async\" class=\"size-medium wp-image-2933\" src=\"https:\/\/theperfumebottles.com\/wp-content\/uploads\/2025\/03\/perfume-bottles-GK0502-300x300.webp\" alt=\"Ylelliset kristallihajuvesipullot marmorikorkeilla\" width=\"300\" height=\"300\" srcset=\"https:\/\/theperfumebottles.com\/wp-content\/uploads\/2025\/03\/perfume-bottles-GK0502-300x300.webp 300w, https:\/\/theperfumebottles.com\/wp-content\/uploads\/2025\/03\/perfume-bottles-GK0502-150x150.webp 150w, https:\/\/theperfumebottles.com\/wp-content\/uploads\/2025\/03\/perfume-bottles-GK0502-768x768.webp 768w, https:\/\/theperfumebottles.com\/wp-content\/uploads\/2025\/03\/perfume-bottles-GK0502-12x12.webp 12w, https:\/\/theperfumebottles.com\/wp-content\/uploads\/2025\/03\/perfume-bottles-GK0502-600x600.webp 600w, https:\/\/theperfumebottles.com\/wp-content\/uploads\/2025\/03\/perfume-bottles-GK0502-100x100.webp 100w, https:\/\/theperfumebottles.com\/wp-content\/uploads\/2025\/03\/perfume-bottles-GK0502.webp 1000w\" sizes=\"(max-width: 300px) 100vw, 300px\" \/><figcaption id=\"caption-attachment-2933\" class=\"wp-caption-text\">50 ml\/PbGK0502<\/figcaption><\/figure><\/td>\n<td style=\"width: 54.00pt\" width=\"72\">\n<p><figure id=\"attachment_2934\" aria-describedby=\"caption-attachment-2934\" style=\"width: 300px\" class=\"wp-caption aligncenter\"><img decoding=\"async\" class=\"size-medium wp-image-2934\" src=\"https:\/\/theperfumebottles.com\/wp-content\/uploads\/2025\/03\/perfume-bottles-GK0503-300x300.webp\" alt=\"Ylelliset kristallihajuvesipullot marmorikorkeilla\" width=\"300\" height=\"300\" srcset=\"https:\/\/theperfumebottles.com\/wp-content\/uploads\/2025\/03\/perfume-bottles-GK0503-300x300.webp 300w, https:\/\/theperfumebottles.com\/wp-content\/uploads\/2025\/03\/perfume-bottles-GK0503-150x150.webp 150w, https:\/\/theperfumebottles.com\/wp-content\/uploads\/2025\/03\/perfume-bottles-GK0503-768x768.webp 768w, https:\/\/theperfumebottles.com\/wp-content\/uploads\/2025\/03\/perfume-bottles-GK0503-12x12.webp 12w, https:\/\/theperfumebottles.com\/wp-content\/uploads\/2025\/03\/perfume-bottles-GK0503-600x600.webp 600w, https:\/\/theperfumebottles.com\/wp-content\/uploads\/2025\/03\/perfume-bottles-GK0503-100x100.webp 100w, https:\/\/theperfumebottles.com\/wp-content\/uploads\/2025\/03\/perfume-bottles-GK0503.webp 1000w\" sizes=\"(max-width: 300px) 100vw, 300px\" \/><figcaption id=\"caption-attachment-2934\" class=\"wp-caption-text\">100 ml\/PbGK0503<\/figcaption><\/figure><\/td>\n<\/tr>\n<\/tbody>\n<\/table>\n<h2>T\u00e4rkeimm\u00e4t tekniset tiedot<\/h2>\n<div class=\"hyc-common-markdown__table-wrapper\">\n<table>\n<thead>\n<tr>\n<th>Malli<\/th>\n<th>Kapasiteetti<\/th>\n<th>Mitat<\/th>\n<th>Materiaali<\/th>\n<th>Tiivisteen tyyppi<\/th>\n<\/tr>\n<\/thead>\n<tbody>\n<tr>\n<td>PB-GK0501<\/td>\n<td>30 ml<\/td>\n<td>37 \u00d7 37 \u00d7 76 mm, kaliiperi 15 mm<\/td>\n<td>Kristallilasi<\/td>\n<td>Suihkuta yl\u00e4osa<\/td>\n<\/tr>\n<tr>\n<td>PB-GK0502<\/td>\n<td>50 ml<\/td>\n<td>41 \u00d7 41 \u00d7 85 mm, kaliiperi 15 mm<\/td>\n<td>Kristallilasi<\/td>\n<td>Suihkuta yl\u00e4osa<\/td>\n<\/tr>\n<tr>\n<td>PB-GK0503<\/td>\n<td>100 ml<\/td>\n<td>52 \u00d7 52 \u00d7 130 mm, kaliiperi 15 mm<\/td>\n<td>Kristallilasi<\/td>\n<td>Suihkuta yl\u00e4osa<\/td>\n<\/tr>\n<\/tbody>\n<\/table>\n<\/div>\n<h2>Miksi valita Marble Sphere -sarja?<\/h2>\n<h3>Tuotemerkkien omistajille ja kauppiaille<\/h3>\n<p>N\u00e4m\u00e4 tyhj\u00e4t hajuvesipullot on suunniteltu vastaamaan irtotavaravalmistajien ja niche-br\u00e4ndien vaatimuksiin. 15 mm leve\u00e4 sumutin varmistaa tuoksun tasaisen levi\u00e4misen, ja modulaarinen rakenne tukee r\u00e4\u00e4t\u00e4l\u00f6ityj\u00e4 muutoksia:<\/p>\n<ul>\n<li>\u200b<strong>Pullon muoto<\/strong>: S\u00e4\u00e4d\u00e4 olkap\u00e4\u00e4n tyyli\u00e4, kaulan viimeistely\u00e4 tai pohjan paksuutta.<\/li>\n<li>\u200b<strong>Pintak\u00e4sittelyt<\/strong>Valitse himme\u00e4t tekstuurit, liukuv\u00e4rit tai silkkipainatus.<\/li>\n<li>\u200b<strong>Lippiksen mukauttaminen<\/strong>Matta-\/kiilt\u00e4v\u00e4t pinnat, r\u00e4\u00e4t\u00e4l\u00f6idyt py\u00f6rrekuviot tai br\u00e4nd\u00e4tyt kaiverrukset.<\/li>\n<\/ul>\n<h3>Monipuoliset sovellukset<\/h3>\n<p>T\u00e4ydellinen luksushajuvesien, rajoitetun er\u00e4n k\u00f6lninvesien tai artesaanituoksun\u00e4ytteiden pakkaamiseen. Kristallin ja marmorikuvioisten korkkien yhdistelm\u00e4 varmistaa, ett\u00e4 tuotteesi erottuu edukseen hyllyill\u00e4 ja henkil\u00f6kohtaisissa kokoelmissa.<\/p>\n<h2>Nosta br\u00e4ndisi tasoa vertaansa vailla olevalla ammattitaidolla<\/h2>\n<p>Marble Sphere -sarja ei ole pelk\u00e4st\u00e4\u00e4n s\u00e4ilytysastioita \u2013 se on tarinankerrontaa. Jokainen pullo heijastaa modernin geometrian ja ajattoman taiteen harmoniaa, mik\u00e4 tekee siit\u00e4 v\u00e4ltt\u00e4m\u00e4tt\u00f6m\u00e4n hankinnan br\u00e4ndeille, jotka asettavat br\u00e4ndin erinomaisuuden etusijalle.<\/p>\n<p><strong>Irtotilaukset ja r\u00e4\u00e4t\u00e4l\u00f6idyt tarjoukset saatavilla<\/strong><br \/>\nOta meihin yhteytt\u00e4 jo t\u00e4n\u00e4\u00e4n ja muuta tyhj\u00e4t lasipullosi br\u00e4nd\u00e4tyiksi luksustuotteiksi!<\/p>","protected":false},"excerpt":{"rendered":"<p>Tutustu kristallisiin hajuvesipulloihin, joissa on taiteelliset marmorikorkit. T\u00e4ydellinen ylellisille tuoksumerkeille. Saatavilla my\u00f6s suuria m\u00e4\u00e4ri\u00e4, kolme kokoa ja elegantteja br\u00e4nd\u00e4ysratkaisuja.<\/p>","protected":false},"featured_media":2934,"comment_status":"open","ping_status":"closed","template":"","meta":{"_acf_changed":false,"site-sidebar-layout":"default","site-content-layout":"","ast-site-content-layout":"default","site-content-style":"default","site-sidebar-style":"default","ast-global-header-display":"","ast-banner-title-visibility":"","ast-main-header-display":"","ast-hfb-above-header-display":"","ast-hfb-below-header-display":"","ast-hfb-mobile-header-display":"","site-post-title":"","ast-breadcrumbs-content":"","ast-featured-img":"","footer-sml-layout":"","ast-disable-related-posts":"","theme-transparent-header-meta":"default","adv-header-id-meta":"","stick-header-meta":"","header-above-stick-meta":"","header-main-stick-meta":"","header-below-stick-meta":"","astra-migrate-meta-layouts":"set","ast-page-background-enabled":"default","ast-page-background-meta":{"desktop":{"background-color":"var(--ast-global-color-5)","background-image":"","background-repeat":"repeat","background-position":"center center","background-size":"auto","background-attachment":"scroll","background-type":"","background-media":"","overlay-type":"","overlay-color":"","overlay-opacity":"","overlay-gradient":""},"tablet":{"background-color":"","background-image":"","background-repeat":"repeat","background-position":"center center","background-size":"auto","background-attachment":"scroll","background-type":"","background-media":"","overlay-type":"","overlay-color":"","overlay-opacity":"","overlay-gradient":""},"mobile":{"background-color":"","background-image":"","background-repeat":"repeat","background-position":"center center","background-size":"auto","background-attachment":"scroll","background-type":"","background-media":"","overlay-type":"","overlay-color":"","overlay-opacity":"","overlay-gradient":""}},"ast-content-background-meta":{"desktop":{"background-color":"var(--ast-global-color-4)","background-image":"","background-repeat":"repeat","background-position":"center center","background-size":"auto","background-attachment":"scroll","background-type":"","background-media":"","overlay-type":"","overlay-color":"","overlay-opacity":"","overlay-gradient":""},"tablet":{"background-color":"var(--ast-global-color-4)","background-image":"","background-repeat":"repeat","background-position":"center center","background-size":"auto","background-attachment":"scroll","background-type":"","background-media":"","overlay-type":"","overlay-color":"","overlay-opacity":"","overlay-gradient":""},"mobile":{"background-color":"var(--ast-global-color-4)","background-image":"","background-repeat":"repeat","background-position":"center center","background-size":"auto","background-attachment":"scroll","background-type":"","background-media":"","overlay-type":"","overlay-color":"","overlay-opacity":"","overlay-gradient":""}}},"product_brand":[],"product_cat":[72,91,41],"product_tag":[],"class_list":{"0":"post-2928","1":"product","2":"type-product","3":"status-publish","4":"has-post-thumbnail","6":"product_cat-cosmetic-packaging","7":"product_cat-custom-perfume-bottles","8":"product_cat-perfume-bottles","9":"desktop-align-left","10":"tablet-align-left","11":"mobile-align-left","13":"first","14":"instock","15":"shipping-taxable","16":"product-type-simple"},"acf":[],"jetpack_sharing_enabled":true,"_links":{"self":[{"href":"https:\/\/theperfumebottles.com\/fi\/wp-json\/wp\/v2\/product\/2928","targetHints":{"allow":["GET"]}}],"collection":[{"href":"https:\/\/theperfumebottles.com\/fi\/wp-json\/wp\/v2\/product"}],"about":[{"href":"https:\/\/theperfumebottles.com\/fi\/wp-json\/wp\/v2\/types\/product"}],"replies":[{"embeddable":true,"href":"https:\/\/theperfumebottles.com\/fi\/wp-json\/wp\/v2\/comments?post=2928"}],"wp:featuredmedia":[{"embeddable":true,"href":"https:\/\/theperfumebottles.com\/fi\/wp-json\/wp\/v2\/media\/2934"}],"wp:attachment":[{"href":"https:\/\/theperfumebottles.com\/fi\/wp-json\/wp\/v2\/media?parent=2928"}],"wp:term":[{"taxonomy":"product_brand","embeddable":true,"href":"https:\/\/theperfumebottles.com\/fi\/wp-json\/wp\/v2\/product_brand?post=2928"},{"taxonomy":"product_cat","embeddable":true,"href":"https:\/\/theperfumebottles.com\/fi\/wp-json\/wp\/v2\/product_cat?post=2928"},{"taxonomy":"product_tag","embeddable":true,"href":"https:\/\/theperfumebottles.com\/fi\/wp-json\/wp\/v2\/product_tag?post=2928"}],"curies":[{"name":"wp","href":"https:\/\/api.w.org\/{rel}","templated":true}]}}