{"id":2943,"date":"2025-04-01T07:30:00","date_gmt":"2025-04-01T07:30:00","guid":{"rendered":"https:\/\/theperfumebottles.com\/?post_type=product&#038;p=2943"},"modified":"2025-04-18T01:46:50","modified_gmt":"2025-04-18T01:46:50","slug":"30ml-50ml-100ml-perfume-empty-spray-bottles-with-spherical-caps","status":"publish","type":"product","link":"https:\/\/theperfumebottles.com\/fi\/tuote\/30ml-50ml-100ml-perfume-empty-spray-bottles-with-spherical-caps\/","title":{"rendered":"30 ml 50 ml 100 ml hajuvesipullot, joissa on pallomaiset korkit"},"content":{"rendered":"<p>GK07-hajuvesipullosarjamme on sek\u00e4 taiteellinen ett\u00e4 k\u00e4yt\u00e4nn\u00f6llinen, sopii useille tuotemerkeille, ja r\u00e4\u00e4t\u00e4l\u00f6intivaihtoehdot lis\u00e4\u00e4v\u00e4t tuotemerkin vieh\u00e4tyst\u00e4.<\/p>\n<h2>T\u00e4rkeimm\u00e4t tekniset tiedot<\/h2>\n<div class=\"hyc-common-markdown__table-wrapper\">\n<table>\n<thead>\n<tr>\n<th>Malli<\/th>\n<th>Kapasiteetti<\/th>\n<th>Mitat (K*L)<\/th>\n<th>Korkin v\u00e4rivaihtoehdot<\/th>\n<th>Mukautettavat ominaisuudet<\/th>\n<\/tr>\n<\/thead>\n<tbody>\n<tr>\n<td>PB-GK0701<\/td>\n<td>30 ml<\/td>\n<td>38 * 89 mm<\/td>\n<td>Valkoinen\/Musta\/Sininen<\/td>\n<td>Punainen, violetti, vihre\u00e4 jne.<\/td>\n<\/tr>\n<tr>\n<td>PB-GK0702<\/td>\n<td>50 ml<\/td>\n<td>42 * 98 mm<\/td>\n<td>Valkoinen\/Musta\/Sininen<\/td>\n<td>Kaiverretut logot, liukuv\u00e4rj\u00e4tty lasi<\/td>\n<\/tr>\n<tr>\n<td>PB-GK0703<\/td>\n<td>100 ml<\/td>\n<td>48 * 130 mm<\/td>\n<td>Valkoinen\/Musta\/Sininen<\/td>\n<td>Huurteinen rakenne, marmoriefektit<\/td>\n<\/tr>\n<\/tbody>\n<\/table>\n<\/div>\n<p><em>Kaikissa malleissa on kierrekorkkitiivisteet, 15 mm:n kaliiperi ja py\u00f6re\u00e4t lasimuodot.<\/em><\/p>\n<h2>Ainutlaatuisen br\u00e4nd\u00e4yksen mukauttaminen<\/h2>\n<p>Muunna tyhj\u00e4t hajuvesipullot tarinankerronnan mestariteoksiksi:<\/p>\n<ul>\n<li>\u200b<strong>Kaiverretut yksityiskohdat<\/strong>Lis\u00e4\u00e4 pysyvyytt\u00e4 laserkaiverretuilla logoilla tai kuvioilla.<\/li>\n<li>\u200b<strong>V\u00e4rien joustavuus<\/strong>Valitse rohkea naisten hajuvesipullo tai hienovarainen himme\u00e4 viimeistely.<\/li>\n<li>\u200b<strong>Irtopakkausratkaisut<\/strong>Ihanteellinen tuotemerkeille, jotka tarvitsevat yhten\u00e4isi\u00e4, suuren tilavuuden s\u00e4ili\u00f6it\u00e4.<\/li>\n<\/ul>\n<h2>Miksi valita juuri n\u00e4m\u00e4 hajuvesipullot?<\/h2>\n<p>Luksusbr\u00e4ndeille ja omien merkkien valmistajille suunnitellut sumutinpullot yhdist\u00e4v\u00e4t eleganssin ja k\u00e4yt\u00e4nn\u00f6llisyyden. Kristallinkirkas lasi ja pallomainen korkki tekev\u00e4t pakkauksen avaamisesta entist\u00e4kin miellytt\u00e4v\u00e4mp\u00e4\u00e4, ja r\u00e4\u00e4t\u00e4l\u00f6intivaihtoehdot (kaiverrus, liukuv\u00e4rj\u00e4ys) varmistavat, ett\u00e4 tuoksusi erottuu edukseen.<\/p>\n<p><strong>Ihanteellinen<\/strong>:<\/p>\n<ul>\n<li>Huippuluokan hajuvesibr\u00e4ndit<\/li>\n<li>Niche-k\u00f6lnin tuoksujen luojat<\/li>\n<li>Mukautetut lahjapakkaukset tai rajoitetut er\u00e4t<\/li>\n<\/ul>\n<p><strong>Irtotilaukset ja OEM-tuki<\/strong>Luotettavana lasipakkausten valmistajana tarjoamme kilpailukykyisi\u00e4 tukkuhintoja ja r\u00e4\u00e4t\u00e4l\u00f6ityj\u00e4 br\u00e4nd\u00e4ysratkaisuja. Anna tuoksusi loistaa eleganssia ilment\u00e4viss\u00e4 pulloissa \u2013 ota meihin yhteytt\u00e4 ja valmista omat tyhj\u00e4t hajuvesipullosi jo t\u00e4n\u00e4\u00e4n.<\/p>","protected":false},"excerpt":{"rendered":"<p>Nosta tuoksubr\u00e4nd\u00e4yst\u00e4si uudelle tasolle r\u00e4\u00e4t\u00e4l\u00f6idyill\u00e4 naisten hajuvesipulloilla ja ensiluokkaisilla tyhjill\u00e4 suihkepulloilla. Saatavilla my\u00f6s irtotilauksina, kristallilasipulloina ja kaiverrettuina.<\/p>","protected":false},"featured_media":2945,"comment_status":"open","ping_status":"closed","template":"","meta":{"_acf_changed":false,"site-sidebar-layout":"default","site-content-layout":"","ast-site-content-layout":"default","site-content-style":"default","site-sidebar-style":"default","ast-global-header-display":"","ast-banner-title-visibility":"","ast-main-header-display":"","ast-hfb-above-header-display":"","ast-hfb-below-header-display":"","ast-hfb-mobile-header-display":"","site-post-title":"","ast-breadcrumbs-content":"","ast-featured-img":"","footer-sml-layout":"","ast-disable-related-posts":"","theme-transparent-header-meta":"default","adv-header-id-meta":"","stick-header-meta":"","header-above-stick-meta":"","header-main-stick-meta":"","header-below-stick-meta":"","astra-migrate-meta-layouts":"set","ast-page-background-enabled":"default","ast-page-background-meta":{"desktop":{"background-color":"var(--ast-global-color-5)","background-image":"","background-repeat":"repeat","background-position":"center center","background-size":"auto","background-attachment":"scroll","background-type":"","background-media":"","overlay-type":"","overlay-color":"","overlay-opacity":"","overlay-gradient":""},"tablet":{"background-color":"","background-image":"","background-repeat":"repeat","background-position":"center center","background-size":"auto","background-attachment":"scroll","background-type":"","background-media":"","overlay-type":"","overlay-color":"","overlay-opacity":"","overlay-gradient":""},"mobile":{"background-color":"","background-image":"","background-repeat":"repeat","background-position":"center center","background-size":"auto","background-attachment":"scroll","background-type":"","background-media":"","overlay-type":"","overlay-color":"","overlay-opacity":"","overlay-gradient":""}},"ast-content-background-meta":{"desktop":{"background-color":"var(--ast-global-color-4)","background-image":"","background-repeat":"repeat","background-position":"center center","background-size":"auto","background-attachment":"scroll","background-type":"","background-media":"","overlay-type":"","overlay-color":"","overlay-opacity":"","overlay-gradient":""},"tablet":{"background-color":"var(--ast-global-color-4)","background-image":"","background-repeat":"repeat","background-position":"center center","background-size":"auto","background-attachment":"scroll","background-type":"","background-media":"","overlay-type":"","overlay-color":"","overlay-opacity":"","overlay-gradient":""},"mobile":{"background-color":"var(--ast-global-color-4)","background-image":"","background-repeat":"repeat","background-position":"center center","background-size":"auto","background-attachment":"scroll","background-type":"","background-media":"","overlay-type":"","overlay-color":"","overlay-opacity":"","overlay-gradient":""}}},"product_brand":[],"product_cat":[72,91,41],"product_tag":[],"class_list":{"0":"post-2943","1":"product","2":"type-product","3":"status-publish","4":"has-post-thumbnail","6":"product_cat-cosmetic-packaging","7":"product_cat-custom-perfume-bottles","8":"product_cat-perfume-bottles","9":"desktop-align-left","10":"tablet-align-left","11":"mobile-align-left","13":"first","14":"instock","15":"shipping-taxable","16":"product-type-simple"},"acf":[],"jetpack_sharing_enabled":true,"_links":{"self":[{"href":"https:\/\/theperfumebottles.com\/fi\/wp-json\/wp\/v2\/product\/2943","targetHints":{"allow":["GET"]}}],"collection":[{"href":"https:\/\/theperfumebottles.com\/fi\/wp-json\/wp\/v2\/product"}],"about":[{"href":"https:\/\/theperfumebottles.com\/fi\/wp-json\/wp\/v2\/types\/product"}],"replies":[{"embeddable":true,"href":"https:\/\/theperfumebottles.com\/fi\/wp-json\/wp\/v2\/comments?post=2943"}],"wp:featuredmedia":[{"embeddable":true,"href":"https:\/\/theperfumebottles.com\/fi\/wp-json\/wp\/v2\/media\/2945"}],"wp:attachment":[{"href":"https:\/\/theperfumebottles.com\/fi\/wp-json\/wp\/v2\/media?parent=2943"}],"wp:term":[{"taxonomy":"product_brand","embeddable":true,"href":"https:\/\/theperfumebottles.com\/fi\/wp-json\/wp\/v2\/product_brand?post=2943"},{"taxonomy":"product_cat","embeddable":true,"href":"https:\/\/theperfumebottles.com\/fi\/wp-json\/wp\/v2\/product_cat?post=2943"},{"taxonomy":"product_tag","embeddable":true,"href":"https:\/\/theperfumebottles.com\/fi\/wp-json\/wp\/v2\/product_tag?post=2943"}],"curies":[{"name":"wp","href":"https:\/\/api.w.org\/{rel}","templated":true}]}}