{"id":2963,"date":"2025-04-03T06:36:47","date_gmt":"2025-04-03T06:36:47","guid":{"rendered":"https:\/\/theperfumebottles.com\/?post_type=product&#038;p=2963"},"modified":"2025-05-30T10:52:58","modified_gmt":"2025-05-30T02:52:58","slug":"empty-refillable-perfume-bottles-leakproof-glass-perfume-refillable-bottles","status":"publish","type":"product","link":"https:\/\/theperfumebottles.com\/fi\/tuote\/empty-refillable-perfume-bottles-leakproof-glass-perfume-refillable-bottles\/","title":{"rendered":"2 ml 3 ml 5 ml 10 ml tyhj\u00e4t t\u00e4ytett\u00e4v\u00e4t lasipullot"},"content":{"rendered":"<p>Luomme tyylikk\u00e4it\u00e4, k\u00e4yt\u00e4nn\u00f6llisi\u00e4 ja ymp\u00e4rist\u00f6yst\u00e4v\u00e4llisi\u00e4 uudelleent\u00e4ytett\u00e4vi\u00e4 pulloja kest\u00e4v\u00e4\u00e4n kehitykseen sitoutuneille tuotemerkeille. Olipa kyseess\u00e4 sitten matkakoko, kokeilukoko tai yhteisbr\u00e4nd\u00e4tty versio, t\u00e4m\u00e4 lasinen hajuvesipullo saa tuoksusi loistamaan ja suojelee samalla planeettaa.<\/p>\n<h2>Tekniset tiedot<\/h2>\n<div class=\"hyc-common-markdown__table-wrapper\">\n<table>\n<thead>\n<tr>\n<th>Kapasiteetti<\/th>\n<th>Pullon korkeus<\/th>\n<th>Sis\u00e4halkaisija<\/th>\n<th>Pakkausm\u00e4\u00e4r\u00e4<\/th>\n<th>Pakkauksen koko (cm)<\/th>\n<\/tr>\n<\/thead>\n<tbody>\n<tr>\n<td>2 ml<\/td>\n<td>30 mm<\/td>\n<td>6,5 mm<\/td>\n<td>4,830<\/td>\n<td>45,5x29x29<\/td>\n<\/tr>\n<tr>\n<td>3 ml<\/td>\n<td>40 mm<\/td>\n<td>6,5 mm<\/td>\n<td>3,450<\/td>\n<td>45,5x29x29<\/td>\n<\/tr>\n<tr>\n<td>5 ml<\/td>\n<td>55 mm<\/td>\n<td>6,5 mm<\/td>\n<td>2,760<\/td>\n<td>45,5x29x29<\/td>\n<\/tr>\n<tr>\n<td>10 ml<\/td>\n<td>100 mm<\/td>\n<td>6,5 mm<\/td>\n<td>2,277<\/td>\n<td>49x30x33,5<\/td>\n<\/tr>\n<\/tbody>\n<\/table>\n<\/div>\n<h2>Miksi valita lasiset hajuvesipullomme, jotka on t\u00e4ytett\u00e4v\u00e4?<\/h2>\n<ul>\n<li><strong>Yksi pullo moneen k\u00e4ytt\u00f6\u00f6n:<\/strong> mahtuu hajuvett\u00e4\/k\u00f6lnin\u00f6ljy\u00e4\/eteerist\u00e4 \u00f6ljy\u00e4.<\/li>\n<li><strong>Ymp\u00e4rist\u00f6yst\u00e4v\u00e4llinen ja kustannustehokas:<\/strong> Ymp\u00e4rist\u00f6yst\u00e4v\u00e4llinen kirjanpito: uudelleenk\u00e4ytt\u00f6 v\u00e4hent\u00e4\u00e4 pakkausj\u00e4tett\u00e4 300 %.<\/li>\n<li><strong>Liiketoiminnan etu:<\/strong> Tukkuhinta + maailmanlaajuinen turvallinen toimitus, huolehdi jokaisesta tilauksesta kuin taideteoksesta.<\/li>\n<\/ul>\n<h2>R\u00e4\u00e4t\u00e4l\u00f6inti- ja joukkotilaushy\u00f6dyt<\/h2>\n<ul>\n<li><strong>Mukautusvaihtoehdot:<\/strong> silkkipainatuksen herkk\u00e4 rakenne, laserkaiverruksen hienostunut k\u00e4sity\u00f6taito tai tarraetikettien luova luovuus.<\/li>\n<li><strong>Suuremmalla tilauksella saat enemm\u00e4n vastinetta rahalle:<\/strong> laajamittainen yhteisty\u00f6, paremmat hinnat \u2013 anna jokaisen investoinnin muuttua br\u00e4ndiarvon nousuksi<\/li>\n<li><strong>Maailmanlaajuinen toimitus:<\/strong> Turvallinen ja tiivis pakkaus turvallista kuljetusta varten.<\/li>\n<\/ul>\n<p>Etsitk\u00f6 luotettavaa valmistajaa? Ota meihin yhteytt\u00e4 ja tilaa tyhj\u00e4t, uudelleent\u00e4ytett\u00e4v\u00e4t hajuvesipullot br\u00e4ndisi visioon r\u00e4\u00e4t\u00e4l\u00f6ityn\u00e4!<\/p>","protected":false},"excerpt":{"rendered":"<p>Tutustu ensiluokkaisiin tyhjiin, uudelleent\u00e4ytett\u00e4viss\u00e4 oleviin hajuvesipulloihin, jotka sopivat matkak\u00e4ytt\u00f6\u00f6n ja suuriin tilauksiin. Mittatilausty\u00f6n\u00e4 tehdyt lasiset, uudelleent\u00e4ytett\u00e4v\u00e4t hajuvesipullot vuotamattomalla muotoilulla.<\/p>","protected":false},"featured_media":2966,"comment_status":"open","ping_status":"closed","template":"","meta":{"_acf_changed":false,"site-sidebar-layout":"default","site-content-layout":"","ast-site-content-layout":"default","site-content-style":"default","site-sidebar-style":"default","ast-global-header-display":"","ast-banner-title-visibility":"","ast-main-header-display":"","ast-hfb-above-header-display":"","ast-hfb-below-header-display":"","ast-hfb-mobile-header-display":"","site-post-title":"","ast-breadcrumbs-content":"","ast-featured-img":"","footer-sml-layout":"","ast-disable-related-posts":"","theme-transparent-header-meta":"default","adv-header-id-meta":"","stick-header-meta":"","header-above-stick-meta":"","header-main-stick-meta":"","header-below-stick-meta":"","astra-migrate-meta-layouts":"set","ast-page-background-enabled":"default","ast-page-background-meta":{"desktop":{"background-color":"var(--ast-global-color-5)","background-image":"","background-repeat":"repeat","background-position":"center center","background-size":"auto","background-attachment":"scroll","background-type":"","background-media":"","overlay-type":"","overlay-color":"","overlay-opacity":"","overlay-gradient":""},"tablet":{"background-color":"","background-image":"","background-repeat":"repeat","background-position":"center center","background-size":"auto","background-attachment":"scroll","background-type":"","background-media":"","overlay-type":"","overlay-color":"","overlay-opacity":"","overlay-gradient":""},"mobile":{"background-color":"","background-image":"","background-repeat":"repeat","background-position":"center center","background-size":"auto","background-attachment":"scroll","background-type":"","background-media":"","overlay-type":"","overlay-color":"","overlay-opacity":"","overlay-gradient":""}},"ast-content-background-meta":{"desktop":{"background-color":"var(--ast-global-color-4)","background-image":"","background-repeat":"repeat","background-position":"center center","background-size":"auto","background-attachment":"scroll","background-type":"","background-media":"","overlay-type":"","overlay-color":"","overlay-opacity":"","overlay-gradient":""},"tablet":{"background-color":"var(--ast-global-color-4)","background-image":"","background-repeat":"repeat","background-position":"center center","background-size":"auto","background-attachment":"scroll","background-type":"","background-media":"","overlay-type":"","overlay-color":"","overlay-opacity":"","overlay-gradient":""},"mobile":{"background-color":"var(--ast-global-color-4)","background-image":"","background-repeat":"repeat","background-position":"center center","background-size":"auto","background-attachment":"scroll","background-type":"","background-media":"","overlay-type":"","overlay-color":"","overlay-opacity":"","overlay-gradient":""}}},"product_brand":[],"product_cat":[72,91,74,41,90],"product_tag":[],"class_list":{"0":"post-2963","1":"product","2":"type-product","3":"status-publish","4":"has-post-thumbnail","6":"product_cat-cosmetic-packaging","7":"product_cat-custom-perfume-bottles","8":"product_cat-mini-perfume-bottles","9":"product_cat-perfume-bottles","10":"product_cat-refillable-perfume-bottles","11":"desktop-align-left","12":"tablet-align-left","13":"mobile-align-left","15":"first","16":"instock","17":"shipping-taxable","18":"product-type-simple"},"acf":[],"jetpack_sharing_enabled":true,"_links":{"self":[{"href":"https:\/\/theperfumebottles.com\/fi\/wp-json\/wp\/v2\/product\/2963","targetHints":{"allow":["GET"]}}],"collection":[{"href":"https:\/\/theperfumebottles.com\/fi\/wp-json\/wp\/v2\/product"}],"about":[{"href":"https:\/\/theperfumebottles.com\/fi\/wp-json\/wp\/v2\/types\/product"}],"replies":[{"embeddable":true,"href":"https:\/\/theperfumebottles.com\/fi\/wp-json\/wp\/v2\/comments?post=2963"}],"wp:featuredmedia":[{"embeddable":true,"href":"https:\/\/theperfumebottles.com\/fi\/wp-json\/wp\/v2\/media\/2966"}],"wp:attachment":[{"href":"https:\/\/theperfumebottles.com\/fi\/wp-json\/wp\/v2\/media?parent=2963"}],"wp:term":[{"taxonomy":"product_brand","embeddable":true,"href":"https:\/\/theperfumebottles.com\/fi\/wp-json\/wp\/v2\/product_brand?post=2963"},{"taxonomy":"product_cat","embeddable":true,"href":"https:\/\/theperfumebottles.com\/fi\/wp-json\/wp\/v2\/product_cat?post=2963"},{"taxonomy":"product_tag","embeddable":true,"href":"https:\/\/theperfumebottles.com\/fi\/wp-json\/wp\/v2\/product_tag?post=2963"}],"curies":[{"name":"wp","href":"https:\/\/api.w.org\/{rel}","templated":true}]}}