{"id":2976,"date":"2025-04-07T08:03:03","date_gmt":"2025-04-07T08:03:03","guid":{"rendered":"https:\/\/theperfumebottles.com\/?post_type=product&#038;p=2976"},"modified":"2025-04-07T08:03:05","modified_gmt":"2025-04-07T08:03:05","slug":"30ml-50ml-100ml-green-perfume-bottles-for-men-ladies","status":"publish","type":"product","link":"https:\/\/theperfumebottles.com\/fi\/tuote\/30ml-50ml-100ml-green-perfume-bottles-for-men-ladies\/","title":{"rendered":"30 ml 50 ml 100 ml vihre\u00e4t hajuvesipullot miehille ja naisille"},"content":{"rendered":"<p>Nosta tuoksulinjasi tasoa ylemm\u00e4s miesten k\u00f6lninvesipullollamme ja naisten vihre\u00e4ll\u00e4 hajuvesipullollamme, jotka on suunniteltu ylellisyytt\u00e4 ja monipuolisuutta ajatellen. Kristallilla ja tunnusomaisella vihre\u00e4ll\u00e4 vuoriaiheisella pohjalla suunnitellut pullot yhdist\u00e4v\u00e4t taiteellisuuden ja toiminnallisuuden \u2013 t\u00e4ydelliset yksil\u00f6llisiin hajuvesipakkauksiin.<\/p>\n<table style=\"border-collapse: collapse; margin-left: auto; margin-right: auto; width: 162.03pt;\" border=\"0\" width=\"216\" cellspacing=\"0\" cellpadding=\"0\">\n<tbody>\n<tr style=\"height: 13.50pt;\">\n<td style=\"height: 13.50pt; width: 54.00pt;\" width=\"72\" height=\"18\">\n<p><figure id=\"attachment_2977\" aria-describedby=\"caption-attachment-2977\" style=\"width: 300px\" class=\"wp-caption aligncenter\"><img fetchpriority=\"high\" decoding=\"async\" class=\"size-medium wp-image-2977\" src=\"https:\/\/theperfumebottles.com\/wp-content\/uploads\/2025\/04\/mens-cologne-green-bottle-HS0301-300x300.webp\" alt=\"miesten k\u00f6lninvesipullo vihre\u00e4\" width=\"300\" height=\"300\" srcset=\"https:\/\/theperfumebottles.com\/wp-content\/uploads\/2025\/04\/mens-cologne-green-bottle-HS0301-300x300.webp 300w, https:\/\/theperfumebottles.com\/wp-content\/uploads\/2025\/04\/mens-cologne-green-bottle-HS0301-150x150.webp 150w, https:\/\/theperfumebottles.com\/wp-content\/uploads\/2025\/04\/mens-cologne-green-bottle-HS0301-768x768.webp 768w, https:\/\/theperfumebottles.com\/wp-content\/uploads\/2025\/04\/mens-cologne-green-bottle-HS0301-12x12.webp 12w, https:\/\/theperfumebottles.com\/wp-content\/uploads\/2025\/04\/mens-cologne-green-bottle-HS0301-600x600.webp 600w, https:\/\/theperfumebottles.com\/wp-content\/uploads\/2025\/04\/mens-cologne-green-bottle-HS0301-100x100.webp 100w, https:\/\/theperfumebottles.com\/wp-content\/uploads\/2025\/04\/mens-cologne-green-bottle-HS0301.webp 1024w\" sizes=\"(max-width: 300px) 100vw, 300px\" \/><figcaption id=\"caption-attachment-2977\" class=\"wp-caption-text\">30 ml HS0301<\/figcaption><\/figure><\/td>\n<td style=\"width: 54.00pt;\" width=\"72\">\n<p><figure id=\"attachment_2980\" aria-describedby=\"caption-attachment-2980\" style=\"width: 300px\" class=\"wp-caption alignnone\"><img decoding=\"async\" class=\"size-medium wp-image-2980\" src=\"https:\/\/theperfumebottles.com\/wp-content\/uploads\/2025\/04\/green-perfume-bottle-for-ladies-HS0302-300x300.webp\" alt=\"vihre\u00e4 hajuvesipullo naisille\" width=\"300\" height=\"300\" srcset=\"https:\/\/theperfumebottles.com\/wp-content\/uploads\/2025\/04\/green-perfume-bottle-for-ladies-HS0302-300x300.webp 300w, https:\/\/theperfumebottles.com\/wp-content\/uploads\/2025\/04\/green-perfume-bottle-for-ladies-HS0302-150x150.webp 150w, https:\/\/theperfumebottles.com\/wp-content\/uploads\/2025\/04\/green-perfume-bottle-for-ladies-HS0302-768x768.webp 768w, https:\/\/theperfumebottles.com\/wp-content\/uploads\/2025\/04\/green-perfume-bottle-for-ladies-HS0302-12x12.webp 12w, https:\/\/theperfumebottles.com\/wp-content\/uploads\/2025\/04\/green-perfume-bottle-for-ladies-HS0302-600x600.webp 600w, https:\/\/theperfumebottles.com\/wp-content\/uploads\/2025\/04\/green-perfume-bottle-for-ladies-HS0302-100x100.webp 100w, https:\/\/theperfumebottles.com\/wp-content\/uploads\/2025\/04\/green-perfume-bottle-for-ladies-HS0302.webp 1024w\" sizes=\"(max-width: 300px) 100vw, 300px\" \/><figcaption id=\"caption-attachment-2980\" class=\"wp-caption-text\">50 ml HS0302<\/figcaption><\/figure><\/td>\n<td style=\"width: 54.00pt;\" width=\"72\">\n<p><figure id=\"attachment_2978\" aria-describedby=\"caption-attachment-2978\" style=\"width: 300px\" class=\"wp-caption aligncenter\"><img decoding=\"async\" class=\"size-medium wp-image-2978\" src=\"https:\/\/theperfumebottles.com\/wp-content\/uploads\/2025\/04\/green-bottle-cologne-mens-HS0303-300x300.webp\" alt=\"vihre\u00e4 pullo miesten k\u00f6lninvesi\" width=\"300\" height=\"300\" srcset=\"https:\/\/theperfumebottles.com\/wp-content\/uploads\/2025\/04\/green-bottle-cologne-mens-HS0303-300x300.webp 300w, https:\/\/theperfumebottles.com\/wp-content\/uploads\/2025\/04\/green-bottle-cologne-mens-HS0303-150x150.webp 150w, https:\/\/theperfumebottles.com\/wp-content\/uploads\/2025\/04\/green-bottle-cologne-mens-HS0303-768x768.webp 768w, https:\/\/theperfumebottles.com\/wp-content\/uploads\/2025\/04\/green-bottle-cologne-mens-HS0303-12x12.webp 12w, https:\/\/theperfumebottles.com\/wp-content\/uploads\/2025\/04\/green-bottle-cologne-mens-HS0303-600x600.webp 600w, https:\/\/theperfumebottles.com\/wp-content\/uploads\/2025\/04\/green-bottle-cologne-mens-HS0303-100x100.webp 100w, https:\/\/theperfumebottles.com\/wp-content\/uploads\/2025\/04\/green-bottle-cologne-mens-HS0303.webp 1024w\" sizes=\"(max-width: 300px) 100vw, 300px\" \/><figcaption id=\"caption-attachment-2978\" class=\"wp-caption-text\">100 ml HS0303<\/figcaption><\/figure><\/td>\n<\/tr>\n<\/tbody>\n<\/table>\n<h2>Tekniset tiedot<\/h2>\n<div class=\"hyc-common-markdown__table-wrapper\">\n<table>\n<thead>\n<tr>\n<th>Malli<\/th>\n<th>Kapasiteetti<\/th>\n<th>Koko (mm)<\/th>\n<th>Materiaali<\/th>\n<th>K\u00e4ytt\u00f6tapaus<\/th>\n<\/tr>\n<\/thead>\n<tbody>\n<tr>\n<td>PB-HS0301<\/td>\n<td>30 ml<\/td>\n<td>46 \u00d7 73<\/td>\n<td>Kristallilasi<\/td>\n<td>Miesten parfyymi, vartalosuihke<\/td>\n<\/tr>\n<tr>\n<td>PB-HS0302<\/td>\n<td>50 ml<\/td>\n<td>51 \u00d7 80<\/td>\n<td>Kristallilasi<\/td>\n<td>Naisten hajuvesi, unisex-tuoksu<\/td>\n<\/tr>\n<tr>\n<td>PB-HS0303<\/td>\n<td>100 ml<\/td>\n<td>59 \u00d7 94<\/td>\n<td>Kristallilasi<\/td>\n<td>Ylelliset lahjapakkaukset, uudelleent\u00e4ytett\u00e4v\u00e4 sumutin<\/td>\n<\/tr>\n<\/tbody>\n<\/table>\n<\/div>\n<h2>Miksi valita n\u00e4m\u00e4 vihre\u00e4t lasipullot?<\/h2>\n<ol>\n<li>\u200b<strong>Luksus kohtaa toiminnallisuuden<\/strong>\n<ul>\n<li>Lasiset hajuvesipullot varmistavat tuoksun eheyden reagoimattoman kristallilasin ansiosta.<\/li>\n<li>Tarkkuussuihkutussumutin tuottaa tasaisen sumutuksen ensiluokkaisiin k\u00e4ytt\u00f6kokemuksiin.<\/li>\n<\/ul>\n<\/li>\n<li>\u200b<strong>Vihre\u00e4n merkin tunnusomainen estetiikka<\/strong>\n<ul>\n<li>Vihre\u00e4n pullon k\u00f6lninvesipullon miesten ostajat rakastavat maanl\u00e4heist\u00e4, hienostunutta pohjaa.<\/li>\n<li>Vihre\u00e4 hajuvesipullo naisille yhdist\u00e4\u00e4 smaragdin s\u00e4vyj\u00e4 minimalistiseen l\u00e4pin\u00e4kyvyyteen.<\/li>\n<\/ul>\n<\/li>\n<li>\u200b<strong>Loputon mukauttaminen<\/strong>\n<ul>\n<li>Luo ainutlaatuisia malleja: muokkaa korkkien v\u00e4rej\u00e4, kaiverra logoja tai valitse tyhji\u00e4 hajuvesipulloja tee-se-itse-br\u00e4ndeille.<\/li>\n<li>Irtotilauksiin sis\u00e4ltyy r\u00e4\u00e4t\u00e4l\u00f6ity hajuvesipakkausten tuki.<\/li>\n<\/ul>\n<\/li>\n<\/ol>\n<h2>Erotu joukosta r\u00e4\u00e4t\u00e4l\u00f6idyll\u00e4 br\u00e4nd\u00e4yksell\u00e4<\/h2>\n<p>Johtavana lasisten hajuvesipullojen valmistajana annamme br\u00e4ndeille mahdollisuuden:<\/p>\n<ul>\n<li>Valitse 30 ml, 50 ml tai 100 ml lasipulloista.<\/li>\n<li>Lis\u00e4\u00e4 korkkeihin matta-\/kiilt\u00e4vi\u00e4 pintoja tai s\u00e4vyt\u00e4 l\u00e4pin\u00e4kyv\u00e4 pohja haluamallasi tavalla.<\/li>\n<li>Luo tili saadaksesi ainutlaatuisen irtohintatarjouksen ja suunnittelukonsultaatioita.<\/li>\n<\/ul>\n<p><strong>Nosta tuoksulinjasi uudelle tasolle jo t\u00e4n\u00e4\u00e4n<\/strong>-muuttavat vihre\u00e4n pullon miesten ja naisten hajuvedet ker\u00e4ilyn arvoiseksi taiteeksi. [Ota yhteytt\u00e4] pyyt\u00e4\u00e4ksesi n\u00e4ytteit\u00e4 tai luodaksesi oman tuotemerkkisi prototyypin!<\/p>","protected":false},"excerpt":{"rendered":"<p>Ensiluokkaiset vihre\u00e4t hajuvesipullot miesten ja naisten tuoksuihin. R\u00e4\u00e4t\u00e4l\u00f6idyt koot, kristallilasia ja ymp\u00e4rist\u00f6yst\u00e4v\u00e4llisi\u00e4 malleja. Ihanteellinen tuotemerkeille, jotka etsiv\u00e4t ylellisi\u00e4 hajuvesipakkauksia.<\/p>","protected":false},"featured_media":2977,"comment_status":"open","ping_status":"closed","template":"","meta":{"_acf_changed":false,"site-sidebar-layout":"default","site-content-layout":"","ast-site-content-layout":"default","site-content-style":"default","site-sidebar-style":"default","ast-global-header-display":"","ast-banner-title-visibility":"","ast-main-header-display":"","ast-hfb-above-header-display":"","ast-hfb-below-header-display":"","ast-hfb-mobile-header-display":"","site-post-title":"","ast-breadcrumbs-content":"","ast-featured-img":"","footer-sml-layout":"","ast-disable-related-posts":"","theme-transparent-header-meta":"default","adv-header-id-meta":"","stick-header-meta":"","header-above-stick-meta":"","header-main-stick-meta":"","header-below-stick-meta":"","astra-migrate-meta-layouts":"set","ast-page-background-enabled":"default","ast-page-background-meta":{"desktop":{"background-color":"var(--ast-global-color-5)","background-image":"","background-repeat":"repeat","background-position":"center center","background-size":"auto","background-attachment":"scroll","background-type":"","background-media":"","overlay-type":"","overlay-color":"","overlay-opacity":"","overlay-gradient":""},"tablet":{"background-color":"","background-image":"","background-repeat":"repeat","background-position":"center center","background-size":"auto","background-attachment":"scroll","background-type":"","background-media":"","overlay-type":"","overlay-color":"","overlay-opacity":"","overlay-gradient":""},"mobile":{"background-color":"","background-image":"","background-repeat":"repeat","background-position":"center center","background-size":"auto","background-attachment":"scroll","background-type":"","background-media":"","overlay-type":"","overlay-color":"","overlay-opacity":"","overlay-gradient":""}},"ast-content-background-meta":{"desktop":{"background-color":"var(--ast-global-color-4)","background-image":"","background-repeat":"repeat","background-position":"center center","background-size":"auto","background-attachment":"scroll","background-type":"","background-media":"","overlay-type":"","overlay-color":"","overlay-opacity":"","overlay-gradient":""},"tablet":{"background-color":"var(--ast-global-color-4)","background-image":"","background-repeat":"repeat","background-position":"center center","background-size":"auto","background-attachment":"scroll","background-type":"","background-media":"","overlay-type":"","overlay-color":"","overlay-opacity":"","overlay-gradient":""},"mobile":{"background-color":"var(--ast-global-color-4)","background-image":"","background-repeat":"repeat","background-position":"center center","background-size":"auto","background-attachment":"scroll","background-type":"","background-media":"","overlay-type":"","overlay-color":"","overlay-opacity":"","overlay-gradient":""}}},"product_brand":[],"product_cat":[72,41],"product_tag":[],"class_list":{"0":"post-2976","1":"product","2":"type-product","3":"status-publish","4":"has-post-thumbnail","6":"product_cat-cosmetic-packaging","7":"product_cat-perfume-bottles","8":"desktop-align-left","9":"tablet-align-left","10":"mobile-align-left","12":"first","13":"instock","14":"shipping-taxable","15":"product-type-simple"},"acf":[],"jetpack_sharing_enabled":true,"_links":{"self":[{"href":"https:\/\/theperfumebottles.com\/fi\/wp-json\/wp\/v2\/product\/2976","targetHints":{"allow":["GET"]}}],"collection":[{"href":"https:\/\/theperfumebottles.com\/fi\/wp-json\/wp\/v2\/product"}],"about":[{"href":"https:\/\/theperfumebottles.com\/fi\/wp-json\/wp\/v2\/types\/product"}],"replies":[{"embeddable":true,"href":"https:\/\/theperfumebottles.com\/fi\/wp-json\/wp\/v2\/comments?post=2976"}],"wp:featuredmedia":[{"embeddable":true,"href":"https:\/\/theperfumebottles.com\/fi\/wp-json\/wp\/v2\/media\/2977"}],"wp:attachment":[{"href":"https:\/\/theperfumebottles.com\/fi\/wp-json\/wp\/v2\/media?parent=2976"}],"wp:term":[{"taxonomy":"product_brand","embeddable":true,"href":"https:\/\/theperfumebottles.com\/fi\/wp-json\/wp\/v2\/product_brand?post=2976"},{"taxonomy":"product_cat","embeddable":true,"href":"https:\/\/theperfumebottles.com\/fi\/wp-json\/wp\/v2\/product_cat?post=2976"},{"taxonomy":"product_tag","embeddable":true,"href":"https:\/\/theperfumebottles.com\/fi\/wp-json\/wp\/v2\/product_tag?post=2976"}],"curies":[{"name":"wp","href":"https:\/\/api.w.org\/{rel}","templated":true}]}}