{"id":3007,"date":"2025-04-09T04:02:22","date_gmt":"2025-04-09T04:02:22","guid":{"rendered":"https:\/\/theperfumebottles.com\/?post_type=product&#038;p=3007"},"modified":"2025-04-17T07:54:20","modified_gmt":"2025-04-17T07:54:20","slug":"30ml-50ml-100ml-red-round-perfume-bottles-with-lava-mountain-base","status":"publish","type":"product","link":"https:\/\/theperfumebottles.com\/fi\/tuote\/30ml-50ml-100ml-red-round-perfume-bottles-with-lava-mountain-base\/","title":{"rendered":"30 ml 50 ml 100 ml punaiset py\u00f6re\u00e4t hajuvesipullot, joissa on Lava Mountain -pohja"},"content":{"rendered":"<p>Merkeille, jotka ovat kyll\u00e4styneet tylsiin hajuvesipulloihin: Tutustu muotoiltuun punaiseen laavapohjaan, joka kuiskaa &#034;luksuskapinallisen&#034;. Valitse 30 ml \/ 50 ml \/ 100 ml kokoja \u2013 jokaisessa on sulan kiven ja kristallin ja lasin kontrasti. Et myy vain tuoksua; myyt tunnelmaa, joka n\u00e4ytt\u00e4\u00e4 upealta Instagramissa marmoristen ty\u00f6tasojen vieress\u00e4.<\/p>\n<table style=\"border-collapse: collapse; margin-left: auto; margin-right: auto; width: 162.03pt;\" border=\"0\" width=\"216\" cellspacing=\"0\" cellpadding=\"0\">\n<tbody>\n<tr style=\"height: 13.50pt;\">\n<td style=\"height: 13.50pt; width: 54.00pt;\" width=\"72\" height=\"18\">\n<p><figure id=\"attachment_3011\" aria-describedby=\"caption-attachment-3011\" style=\"width: 300px\" class=\"wp-caption aligncenter\"><img fetchpriority=\"high\" decoding=\"async\" class=\"size-medium wp-image-3011\" src=\"https:\/\/theperfumebottles.com\/wp-content\/uploads\/2025\/04\/round-perfume-bottle-HS0601-300x300.webp\" alt=\"py\u00f6re\u00e4 hajuvesipullo\" width=\"300\" height=\"300\" srcset=\"https:\/\/theperfumebottles.com\/wp-content\/uploads\/2025\/04\/round-perfume-bottle-HS0601-300x300.webp 300w, https:\/\/theperfumebottles.com\/wp-content\/uploads\/2025\/04\/round-perfume-bottle-HS0601-150x150.webp 150w, https:\/\/theperfumebottles.com\/wp-content\/uploads\/2025\/04\/round-perfume-bottle-HS0601-768x768.webp 768w, https:\/\/theperfumebottles.com\/wp-content\/uploads\/2025\/04\/round-perfume-bottle-HS0601-12x12.webp 12w, https:\/\/theperfumebottles.com\/wp-content\/uploads\/2025\/04\/round-perfume-bottle-HS0601-600x600.webp 600w, https:\/\/theperfumebottles.com\/wp-content\/uploads\/2025\/04\/round-perfume-bottle-HS0601-100x100.webp 100w, https:\/\/theperfumebottles.com\/wp-content\/uploads\/2025\/04\/round-perfume-bottle-HS0601.webp 1024w\" sizes=\"(max-width: 300px) 100vw, 300px\" \/><figcaption id=\"caption-attachment-3011\" class=\"wp-caption-text\">30 ml py\u00f6re\u00e4 hajuvesipullo<\/figcaption><\/figure><\/td>\n<td style=\"width: 54.00pt;\" width=\"72\">\n<p><figure id=\"attachment_3012\" aria-describedby=\"caption-attachment-3012\" style=\"width: 300px\" class=\"wp-caption aligncenter\"><img decoding=\"async\" class=\"size-medium wp-image-3012\" src=\"https:\/\/theperfumebottles.com\/wp-content\/uploads\/2025\/04\/round-perfume-bottle-HS0602-300x300.webp\" alt=\"py\u00f6re\u00e4 hajuvesipullo\" width=\"300\" height=\"300\" srcset=\"https:\/\/theperfumebottles.com\/wp-content\/uploads\/2025\/04\/round-perfume-bottle-HS0602-300x300.webp 300w, https:\/\/theperfumebottles.com\/wp-content\/uploads\/2025\/04\/round-perfume-bottle-HS0602-150x150.webp 150w, https:\/\/theperfumebottles.com\/wp-content\/uploads\/2025\/04\/round-perfume-bottle-HS0602-768x768.webp 768w, https:\/\/theperfumebottles.com\/wp-content\/uploads\/2025\/04\/round-perfume-bottle-HS0602-12x12.webp 12w, https:\/\/theperfumebottles.com\/wp-content\/uploads\/2025\/04\/round-perfume-bottle-HS0602-600x600.webp 600w, https:\/\/theperfumebottles.com\/wp-content\/uploads\/2025\/04\/round-perfume-bottle-HS0602-100x100.webp 100w, https:\/\/theperfumebottles.com\/wp-content\/uploads\/2025\/04\/round-perfume-bottle-HS0602.webp 1024w\" sizes=\"(max-width: 300px) 100vw, 300px\" \/><figcaption id=\"caption-attachment-3012\" class=\"wp-caption-text\">50 ml py\u00f6re\u00e4 hajuvesipullo<\/figcaption><\/figure><\/td>\n<td style=\"width: 54.00pt;\" width=\"72\">\n<p><figure id=\"attachment_3013\" aria-describedby=\"caption-attachment-3013\" style=\"width: 300px\" class=\"wp-caption aligncenter\"><img decoding=\"async\" class=\"size-medium wp-image-3013\" src=\"https:\/\/theperfumebottles.com\/wp-content\/uploads\/2025\/04\/round-perfume-bottle-HS0603-300x300.webp\" alt=\"py\u00f6re\u00e4t hajuvesipullot\" width=\"300\" height=\"300\" srcset=\"https:\/\/theperfumebottles.com\/wp-content\/uploads\/2025\/04\/round-perfume-bottle-HS0603-300x300.webp 300w, https:\/\/theperfumebottles.com\/wp-content\/uploads\/2025\/04\/round-perfume-bottle-HS0603-150x150.webp 150w, https:\/\/theperfumebottles.com\/wp-content\/uploads\/2025\/04\/round-perfume-bottle-HS0603-768x768.webp 768w, https:\/\/theperfumebottles.com\/wp-content\/uploads\/2025\/04\/round-perfume-bottle-HS0603-12x12.webp 12w, https:\/\/theperfumebottles.com\/wp-content\/uploads\/2025\/04\/round-perfume-bottle-HS0603-600x600.webp 600w, https:\/\/theperfumebottles.com\/wp-content\/uploads\/2025\/04\/round-perfume-bottle-HS0603-100x100.webp 100w, https:\/\/theperfumebottles.com\/wp-content\/uploads\/2025\/04\/round-perfume-bottle-HS0603.webp 1024w\" sizes=\"(max-width: 300px) 100vw, 300px\" \/><figcaption id=\"caption-attachment-3013\" class=\"wp-caption-text\">100 ml:n py\u00f6re\u00e4t hajuvesipullot<\/figcaption><\/figure><\/td>\n<\/tr>\n<\/tbody>\n<\/table>\n<h2>T\u00e4rkeimm\u00e4t tekniset tiedot yhdell\u00e4 silm\u00e4yksell\u00e4<\/h2>\n<div class=\"hyc-common-markdown__table-wrapper\">\n<table>\n<thead>\n<tr>\n<th>Malli<\/th>\n<th>Kapasiteetti<\/th>\n<th>Koko (K \u00d7 Halkaisija)<\/th>\n<th>Materiaali<\/th>\n<th>V\u00e4risuunnittelu<\/th>\n<\/tr>\n<\/thead>\n<tbody>\n<tr>\n<td>PB-HS0601<\/td>\n<td>30 ml \/ 1 unssi<\/td>\n<td>73 \u00d7 46 mm<\/td>\n<td>Kristallilasi<\/td>\n<td>L\u00e4pin\u00e4kyv\u00e4 + punainen laavapohja<\/td>\n<\/tr>\n<tr>\n<td>PB-HS0602<\/td>\n<td>50 ml \/ 1,7 unssia<\/td>\n<td>80 \u00d7 51 mm<\/td>\n<td>Kristallilasi<\/td>\n<td>L\u00e4pin\u00e4kyv\u00e4 + punainen laavapohja<\/td>\n<\/tr>\n<tr>\n<td>PB-HS0603<\/td>\n<td>100 ml \/ 3,4 unssia<\/td>\n<td>94 \u00d7 59 mm<\/td>\n<td>Kristallilasi<\/td>\n<td>L\u00e4pin\u00e4kyv\u00e4 + punainen laavapohja<\/td>\n<\/tr>\n<\/tbody>\n<\/table>\n<\/div>\n<p><em>Kaikissa malleissa on punainen metallikorkki ja vakioruiskupumppu. Yhteensopiva useimpien puristusj\u00e4rjestelmien kanssa.<\/em><\/p>\n<h2>Miksi valita Volcano-sarja?<\/h2>\n<h3><strong>Br\u00e4ndiomistajille<\/strong><\/h3>\n<ul>\n<li>\u200b<strong>Erotu joukosta<\/strong>Rohkea punainen laavapohja luo kauniin kontrastin kilpailijoiden vihreiden k\u00f6lnivesipullojen tai minimalististen designien kanssa.<\/li>\n<li>\u200b<strong>Monipuoliset koot<\/strong>Lanseerausn\u00e4ytteet (30 ml), matkakoot (50 ml) tai lippulaivatuotteet (100 ml) yhten\u00e4isess\u00e4 pakkauksessa.<\/li>\n<li>\u200b<strong>Ylellinen tunnelma<\/strong>Paksu lasirakenne ja painotettu jalusta viestiv\u00e4t ensiluokkaisesta laadusta.<\/li>\n<\/ul>\n<h3><strong>Kauppiaille<\/strong><\/h3>\n<ul>\n<li>\u200b<strong>Suuri kysynt\u00e4<\/strong>Punaiset hajuvesipullot ovat trendikk\u00e4it\u00e4 unisex- ja kausituoksuissa.<\/li>\n<li>\u200b<strong>Helppo mukauttaminen<\/strong>Tarjoa asiakkaille UV-painatusta, korkkien v\u00e4rin yhteensovitusta (kulta, hopea, vihre\u00e4) ja irtotavaranalennuksia.<\/li>\n<li>\u200b<strong>Kest\u00e4vyys<\/strong>S\u00e4rkym\u00e4tt\u00f6m\u00e4t lasiset hajuvesipullot v\u00e4hent\u00e4v\u00e4t toimitusriskej\u00e4.<\/li>\n<\/ul>\n<h2>Luo oma nimikkotuoksusi t\u00e4n\u00e4\u00e4n<\/h2>\n<p>Luo tili n\u00e4hd\u00e4ksesi tukkuhinnat, m\u00e4\u00e4r\u00e4tilaustiedot ja 3D-suunnitteluty\u00f6kalut. Tarvitsetpa sitten r\u00e4\u00e4t\u00e4l\u00f6idyn punaisen hajuvesipullon miehille tai naisille yst\u00e4v\u00e4np\u00e4iv\u00e4kokoelmiin, Volcano-sarja mukautuu visioosi.<\/p>\n<p><a href=\"https:\/\/theperfumebottles.com\/fi\/contact\/\"><em>Ota yhteytt\u00e4 valmistajatiimiimme pyyt\u00e4\u00e4ksesi n\u00e4ytteit\u00e4 tai tutustuaksesi omien merkkien hajuvesipakkausratkaisuihin.<\/em><\/a><\/p>","protected":false},"excerpt":{"rendered":"<p>Nosta tuoksubr\u00e4ndisi tasoa uudelle tasolle Volcano-sarjan py\u00f6reill\u00e4 hajuvesipulloilla. Rohkeita miesten k\u00f6lninvesipulloja ja naisten punaisia \u200b\u200bhajuvesipulloja saatavilla 1 oz, 1,7 oz ja 3,4 oz kokoisina.<\/p>","protected":false},"featured_media":3013,"comment_status":"open","ping_status":"closed","template":"","meta":{"_acf_changed":false,"site-sidebar-layout":"default","site-content-layout":"","ast-site-content-layout":"default","site-content-style":"default","site-sidebar-style":"default","ast-global-header-display":"","ast-banner-title-visibility":"","ast-main-header-display":"","ast-hfb-above-header-display":"","ast-hfb-below-header-display":"","ast-hfb-mobile-header-display":"","site-post-title":"","ast-breadcrumbs-content":"","ast-featured-img":"","footer-sml-layout":"","ast-disable-related-posts":"","theme-transparent-header-meta":"default","adv-header-id-meta":"","stick-header-meta":"","header-above-stick-meta":"","header-main-stick-meta":"","header-below-stick-meta":"","astra-migrate-meta-layouts":"set","ast-page-background-enabled":"default","ast-page-background-meta":{"desktop":{"background-color":"var(--ast-global-color-5)","background-image":"","background-repeat":"repeat","background-position":"center center","background-size":"auto","background-attachment":"scroll","background-type":"","background-media":"","overlay-type":"","overlay-color":"","overlay-opacity":"","overlay-gradient":""},"tablet":{"background-color":"","background-image":"","background-repeat":"repeat","background-position":"center center","background-size":"auto","background-attachment":"scroll","background-type":"","background-media":"","overlay-type":"","overlay-color":"","overlay-opacity":"","overlay-gradient":""},"mobile":{"background-color":"","background-image":"","background-repeat":"repeat","background-position":"center center","background-size":"auto","background-attachment":"scroll","background-type":"","background-media":"","overlay-type":"","overlay-color":"","overlay-opacity":"","overlay-gradient":""}},"ast-content-background-meta":{"desktop":{"background-color":"var(--ast-global-color-4)","background-image":"","background-repeat":"repeat","background-position":"center center","background-size":"auto","background-attachment":"scroll","background-type":"","background-media":"","overlay-type":"","overlay-color":"","overlay-opacity":"","overlay-gradient":""},"tablet":{"background-color":"var(--ast-global-color-4)","background-image":"","background-repeat":"repeat","background-position":"center center","background-size":"auto","background-attachment":"scroll","background-type":"","background-media":"","overlay-type":"","overlay-color":"","overlay-opacity":"","overlay-gradient":""},"mobile":{"background-color":"var(--ast-global-color-4)","background-image":"","background-repeat":"repeat","background-position":"center center","background-size":"auto","background-attachment":"scroll","background-type":"","background-media":"","overlay-type":"","overlay-color":"","overlay-opacity":"","overlay-gradient":""}}},"product_brand":[],"product_cat":[72,91,41],"product_tag":[],"class_list":{"0":"post-3007","1":"product","2":"type-product","3":"status-publish","4":"has-post-thumbnail","6":"product_cat-cosmetic-packaging","7":"product_cat-custom-perfume-bottles","8":"product_cat-perfume-bottles","9":"desktop-align-left","10":"tablet-align-left","11":"mobile-align-left","13":"first","14":"instock","15":"shipping-taxable","16":"product-type-simple"},"acf":[],"jetpack_sharing_enabled":true,"_links":{"self":[{"href":"https:\/\/theperfumebottles.com\/fi\/wp-json\/wp\/v2\/product\/3007","targetHints":{"allow":["GET"]}}],"collection":[{"href":"https:\/\/theperfumebottles.com\/fi\/wp-json\/wp\/v2\/product"}],"about":[{"href":"https:\/\/theperfumebottles.com\/fi\/wp-json\/wp\/v2\/types\/product"}],"replies":[{"embeddable":true,"href":"https:\/\/theperfumebottles.com\/fi\/wp-json\/wp\/v2\/comments?post=3007"}],"wp:featuredmedia":[{"embeddable":true,"href":"https:\/\/theperfumebottles.com\/fi\/wp-json\/wp\/v2\/media\/3013"}],"wp:attachment":[{"href":"https:\/\/theperfumebottles.com\/fi\/wp-json\/wp\/v2\/media?parent=3007"}],"wp:term":[{"taxonomy":"product_brand","embeddable":true,"href":"https:\/\/theperfumebottles.com\/fi\/wp-json\/wp\/v2\/product_brand?post=3007"},{"taxonomy":"product_cat","embeddable":true,"href":"https:\/\/theperfumebottles.com\/fi\/wp-json\/wp\/v2\/product_cat?post=3007"},{"taxonomy":"product_tag","embeddable":true,"href":"https:\/\/theperfumebottles.com\/fi\/wp-json\/wp\/v2\/product_tag?post=3007"}],"curies":[{"name":"wp","href":"https:\/\/api.w.org\/{rel}","templated":true}]}}