{"id":3023,"date":"2025-04-10T09:30:17","date_gmt":"2025-04-10T09:30:17","guid":{"rendered":"https:\/\/theperfumebottles.com\/?post_type=product&#038;p=3023"},"modified":"2025-04-15T08:07:15","modified_gmt":"2025-04-15T08:07:15","slug":"1-7-oz-flower-shaped-perfume-bottle-with-crown-cap","status":"publish","type":"product","link":"https:\/\/theperfumebottles.com\/fi\/tuote\/1-7-oz-flower-shaped-perfume-bottle-with-crown-cap\/","title":{"rendered":"Kukanmuotoinen 1,7 unssin hajuvesipullo kruunukorkilla"},"content":{"rendered":"<p>Nosta tuoksubr\u00e4ndisi tasoa \u200bModel PB-YX02:lla \u2013 1,7 unssin hajuvesipullolla, joka on suunniteltu valloittamaan luksusmarkkinoiden suosiota. T\u00e4m\u00e4 kukanmuotoinen hajuvesipullo yhdist\u00e4\u00e4 ajattoman eleganssin ja toiminnallisen innovaation, ja se on suunniteltu tuotemerkkien omistajille ja kauppiaille, jotka etsiv\u00e4t erottuvaa pakkausta.<\/p>\n<h2><strong>Tekniset tiedot<\/strong><\/h2>\n<div class=\"hyc-common-markdown__table-wrapper\">\n<table>\n<thead>\n<tr>\n<th>\u200b<strong>Ominaisuus<\/strong><\/th>\n<th>\u200b<strong>Tiedot<\/strong><\/th>\n<\/tr>\n<\/thead>\n<tbody>\n<tr>\n<td>Malli<\/td>\n<td>PB-YX02<\/td>\n<\/tr>\n<tr>\n<td>Kapasiteetti<\/td>\n<td>50 ml \/ 1,7 unssia<\/td>\n<\/tr>\n<tr>\n<td>Materiaali<\/td>\n<td>Kristallilasi + akryylikorkki<\/td>\n<\/tr>\n<tr>\n<td>Pullon mitat<\/td>\n<td>64 mm (halkaisija) \u00d7 62 mm (korkeus)<\/td>\n<\/tr>\n<tr>\n<td>Ruiskun tyyppi<\/td>\n<td>Kultapintainen hienosumutin<\/td>\n<\/tr>\n<tr>\n<td>V\u00e4rivaihtoehdot<\/td>\n<td>L\u00e4pin\u00e4kyv\u00e4 lasi + kulta\/hopeinen korkki<\/td>\n<\/tr>\n<tr>\n<td>Paras<\/td>\n<td>Naisten hajuvedet, luksuslinjat, lahjapakkaukset<\/td>\n<\/tr>\n<\/tbody>\n<\/table>\n<\/div>\n<hr \/>\n<h2>\u200b<strong>Miksi valita t\u00e4m\u00e4 lasinen hajuvesipullo?<\/strong><\/h2>\n<p>T\u00e4m\u00e4 1,7 unssin hajuvesipullo on suunniteltu yksil\u00f6lliseen tuoksubr\u00e4nd\u00e4ykseen:<\/p>\n<ul>\n<li>\u200b<strong>Tyhj\u00e4t hajuvesipullot<\/strong>\u00a0valmiina ainutlaatuiseen logoosi, v\u00e4riisi tai pakkaussuunnitteluusi.<\/li>\n<li>\u200b<strong>Ensiluokkainen ruiskutusteho<\/strong>\u00a0varmistaa tasaisen tuoksun toimituksen ja parantaa asiakastyytyv\u00e4isyytt\u00e4.<\/li>\n<li>\u200b<strong>Hyllyvalmis vakaus<\/strong>\u00a0painotetulla pohjalla kaatumisen est\u00e4miseksi ja laatikosta purkamisen kokemuksen parantamiseksi.<\/li>\n<\/ul>\n<p>Ihanteellinen<strong>hajuvesien valmistajat<\/strong> Sen kukanmuotoinen lasirunko ja kruunukorkki huokuvat ajatonta eleganssia, ja ne on suunnattu luksusputiikkeihin, lomakokoelmiin tai kukka-aiheisiin lanseerauksiin.<\/p>\n<h2>\u200b<strong>Luo oma tilisi jo t\u00e4n\u00e4\u00e4n<\/strong><\/h2>\n<p>Oletko valmis tilaamaan r\u00e4\u00e4t\u00e4l\u00f6ityj\u00e4 kukanmuotoisia hajuvesipulloja? Ota meihin yhteytt\u00e4 saadaksesi irtohintatarjoukset, ainutlaatuisen suunnittelutuen ja nopean toimituksen maailmanlaajuisesti. Uudista tuoksulinjasi kuninkaallisuutta s\u00e4teilev\u00e4ll\u00e4 pakkauksella.<\/p>","protected":false},"excerpt":{"rendered":"<p>Ensiluokkainen kukan muotoinen hajuvesipullo, jossa on kristallilasia ja kruunukorkki. Nosta tuoksubr\u00e4nd\u00e4yksesi tasoa r\u00e4\u00e4t\u00e4l\u00f6idyill\u00e4 1,7 unssin hajuvesipulloilla luksusmarkkinoille.<\/p>","protected":false},"featured_media":3026,"comment_status":"open","ping_status":"closed","template":"","meta":{"_acf_changed":false,"site-sidebar-layout":"default","site-content-layout":"","ast-site-content-layout":"default","site-content-style":"default","site-sidebar-style":"default","ast-global-header-display":"","ast-banner-title-visibility":"","ast-main-header-display":"","ast-hfb-above-header-display":"","ast-hfb-below-header-display":"","ast-hfb-mobile-header-display":"","site-post-title":"","ast-breadcrumbs-content":"","ast-featured-img":"","footer-sml-layout":"","ast-disable-related-posts":"","theme-transparent-header-meta":"default","adv-header-id-meta":"","stick-header-meta":"","header-above-stick-meta":"","header-main-stick-meta":"","header-below-stick-meta":"","astra-migrate-meta-layouts":"set","ast-page-background-enabled":"default","ast-page-background-meta":{"desktop":{"background-color":"var(--ast-global-color-5)","background-image":"","background-repeat":"repeat","background-position":"center center","background-size":"auto","background-attachment":"scroll","background-type":"","background-media":"","overlay-type":"","overlay-color":"","overlay-opacity":"","overlay-gradient":""},"tablet":{"background-color":"","background-image":"","background-repeat":"repeat","background-position":"center center","background-size":"auto","background-attachment":"scroll","background-type":"","background-media":"","overlay-type":"","overlay-color":"","overlay-opacity":"","overlay-gradient":""},"mobile":{"background-color":"","background-image":"","background-repeat":"repeat","background-position":"center center","background-size":"auto","background-attachment":"scroll","background-type":"","background-media":"","overlay-type":"","overlay-color":"","overlay-opacity":"","overlay-gradient":""}},"ast-content-background-meta":{"desktop":{"background-color":"var(--ast-global-color-4)","background-image":"","background-repeat":"repeat","background-position":"center center","background-size":"auto","background-attachment":"scroll","background-type":"","background-media":"","overlay-type":"","overlay-color":"","overlay-opacity":"","overlay-gradient":""},"tablet":{"background-color":"var(--ast-global-color-4)","background-image":"","background-repeat":"repeat","background-position":"center center","background-size":"auto","background-attachment":"scroll","background-type":"","background-media":"","overlay-type":"","overlay-color":"","overlay-opacity":"","overlay-gradient":""},"mobile":{"background-color":"var(--ast-global-color-4)","background-image":"","background-repeat":"repeat","background-position":"center center","background-size":"auto","background-attachment":"scroll","background-type":"","background-media":"","overlay-type":"","overlay-color":"","overlay-opacity":"","overlay-gradient":""}}},"product_brand":[],"product_cat":[72,91,41],"product_tag":[],"class_list":{"0":"post-3023","1":"product","2":"type-product","3":"status-publish","4":"has-post-thumbnail","6":"product_cat-cosmetic-packaging","7":"product_cat-custom-perfume-bottles","8":"product_cat-perfume-bottles","9":"desktop-align-left","10":"tablet-align-left","11":"mobile-align-left","13":"first","14":"instock","15":"shipping-taxable","16":"product-type-simple"},"acf":[],"jetpack_sharing_enabled":true,"_links":{"self":[{"href":"https:\/\/theperfumebottles.com\/fi\/wp-json\/wp\/v2\/product\/3023","targetHints":{"allow":["GET"]}}],"collection":[{"href":"https:\/\/theperfumebottles.com\/fi\/wp-json\/wp\/v2\/product"}],"about":[{"href":"https:\/\/theperfumebottles.com\/fi\/wp-json\/wp\/v2\/types\/product"}],"replies":[{"embeddable":true,"href":"https:\/\/theperfumebottles.com\/fi\/wp-json\/wp\/v2\/comments?post=3023"}],"wp:featuredmedia":[{"embeddable":true,"href":"https:\/\/theperfumebottles.com\/fi\/wp-json\/wp\/v2\/media\/3026"}],"wp:attachment":[{"href":"https:\/\/theperfumebottles.com\/fi\/wp-json\/wp\/v2\/media?parent=3023"}],"wp:term":[{"taxonomy":"product_brand","embeddable":true,"href":"https:\/\/theperfumebottles.com\/fi\/wp-json\/wp\/v2\/product_brand?post=3023"},{"taxonomy":"product_cat","embeddable":true,"href":"https:\/\/theperfumebottles.com\/fi\/wp-json\/wp\/v2\/product_cat?post=3023"},{"taxonomy":"product_tag","embeddable":true,"href":"https:\/\/theperfumebottles.com\/fi\/wp-json\/wp\/v2\/product_tag?post=3023"}],"curies":[{"name":"wp","href":"https:\/\/api.w.org\/{rel}","templated":true}]}}