{"id":3070,"date":"2025-04-16T05:58:27","date_gmt":"2025-04-16T05:58:27","guid":{"rendered":"https:\/\/theperfumebottles.com\/?post_type=product&#038;p=3070"},"modified":"2025-05-28T19:27:39","modified_gmt":"2025-05-28T11:27:39","slug":"square-100-ml-empty-spray-bottles-custom-perfume-packaging","status":"publish","type":"product","link":"https:\/\/theperfumebottles.com\/fi\/tuote\/square-100-ml-empty-spray-bottles-custom-perfume-packaging\/","title":{"rendered":"roll-on-flaskor grossist"},"content":{"rendered":"<p>YX04-sarjan lasiset hajuvesipullomme yhdist\u00e4v\u00e4t eleganssin ja k\u00e4yt\u00e4nn\u00f6llisyyden. 100 ml:n tyhj\u00e4t suihkepullomme ovat ihanteellinen valinta luksusbr\u00e4ndeille, sill\u00e4 niiden vakaa lasipohja ja ylellinen ulkon\u00e4k\u00f6 suojaavat arvokkaita tuoksuja.<\/p>\n<h2><strong>Tekniset tiedot<\/strong><\/h2>\n<div class=\"hyc-common-markdown__table-wrapper\">\n<table>\n<thead>\n<tr>\n<th>Ominaisuus<\/th>\n<th>Tiedot<\/th>\n<\/tr>\n<\/thead>\n<tbody>\n<tr>\n<td>Malli<\/td>\n<td>MH-YX04<\/td>\n<\/tr>\n<tr>\n<td>Kapasiteetti<\/td>\n<td>100 ml (saatavilla my\u00f6s erikoiskokoja)<\/td>\n<\/tr>\n<tr>\n<td>Materiaali<\/td>\n<td>Kirkas lasi paksulla pohjalla<\/td>\n<\/tr>\n<tr>\n<td>V\u00e4rivaihtoehdot<\/td>\n<td>L\u00e4pin\u00e4kyv\u00e4 runko, musta\/erikoistettu kansi<\/td>\n<\/tr>\n<tr>\n<td>Sertifioinnit<\/td>\n<td>CE, ISO, REACH, BSCI, k\u00e4ytt\u00f6turvallisuustiedote<\/td>\n<\/tr>\n<tr>\n<td>L\u00e4pimenoaika<\/td>\n<td>7-15 p\u00e4iv\u00e4\u00e4 (varastossa), 30-45 p\u00e4iv\u00e4\u00e4 (mukautettuna)<\/td>\n<\/tr>\n<\/tbody>\n<\/table>\n<\/div>\n<h2>Edut:<\/h2>\n<p>Olitpa sitten startup-yritys tai jo vakiintunut br\u00e4ndi, n\u00e4m\u00e4 100 ml:n tyhj\u00e4t suihkepullot ratkaisevat kaksi kriittist\u00e4 tarvetta: asiakkaita ihastuttavan pakkauksen ja aikaa s\u00e4\u00e4st\u00e4v\u00e4n logistiikan. Kovera vy\u00f6t\u00e4r\u00f6 lis\u00e4\u00e4 tyyli\u00e4 peitt\u00e4m\u00e4tt\u00e4 etiketti\u00e4si alleen, ja mukautettavan korkin v\u00e4rin ansiosta voit valita br\u00e4ndityyliisi sopivia br\u00e4nd\u00e4ysaksentteja.<\/p>\n<h2>Ehdotus:<\/h2>\n<p>Koristele tupsuilla tai kultaisilla yksityiskohdilla juhlavana lahjana. Ota meihin yhteytt\u00e4 pyyt\u00e4\u00e4ksesi n\u00e4ytett\u00e4, niin autamme sinua luomaan unohtumattoman tuoksuel\u00e4myksen.<\/p>","protected":false},"excerpt":{"rendered":"<p>Tutustu 100 ml:n tyhjiin hajuvesipulloihimme, joissa on mukautettavat mallit. Irtotilaukset, nopea toimitus ja luotettavat sertifikaatit tuoksuyrityksellesi.<\/p>","protected":false},"featured_media":3072,"comment_status":"open","ping_status":"closed","template":"","meta":{"_acf_changed":false,"site-sidebar-layout":"default","site-content-layout":"","ast-site-content-layout":"default","site-content-style":"default","site-sidebar-style":"default","ast-global-header-display":"","ast-banner-title-visibility":"","ast-main-header-display":"","ast-hfb-above-header-display":"","ast-hfb-below-header-display":"","ast-hfb-mobile-header-display":"","site-post-title":"","ast-breadcrumbs-content":"","ast-featured-img":"","footer-sml-layout":"","ast-disable-related-posts":"","theme-transparent-header-meta":"default","adv-header-id-meta":"","stick-header-meta":"","header-above-stick-meta":"","header-main-stick-meta":"","header-below-stick-meta":"","astra-migrate-meta-layouts":"set","ast-page-background-enabled":"default","ast-page-background-meta":{"desktop":{"background-color":"var(--ast-global-color-5)","background-image":"","background-repeat":"repeat","background-position":"center center","background-size":"auto","background-attachment":"scroll","background-type":"","background-media":"","overlay-type":"","overlay-color":"","overlay-opacity":"","overlay-gradient":""},"tablet":{"background-color":"","background-image":"","background-repeat":"repeat","background-position":"center center","background-size":"auto","background-attachment":"scroll","background-type":"","background-media":"","overlay-type":"","overlay-color":"","overlay-opacity":"","overlay-gradient":""},"mobile":{"background-color":"","background-image":"","background-repeat":"repeat","background-position":"center center","background-size":"auto","background-attachment":"scroll","background-type":"","background-media":"","overlay-type":"","overlay-color":"","overlay-opacity":"","overlay-gradient":""}},"ast-content-background-meta":{"desktop":{"background-color":"var(--ast-global-color-4)","background-image":"","background-repeat":"repeat","background-position":"center center","background-size":"auto","background-attachment":"scroll","background-type":"","background-media":"","overlay-type":"","overlay-color":"","overlay-opacity":"","overlay-gradient":""},"tablet":{"background-color":"var(--ast-global-color-4)","background-image":"","background-repeat":"repeat","background-position":"center center","background-size":"auto","background-attachment":"scroll","background-type":"","background-media":"","overlay-type":"","overlay-color":"","overlay-opacity":"","overlay-gradient":""},"mobile":{"background-color":"var(--ast-global-color-4)","background-image":"","background-repeat":"repeat","background-position":"center center","background-size":"auto","background-attachment":"scroll","background-type":"","background-media":"","overlay-type":"","overlay-color":"","overlay-opacity":"","overlay-gradient":""}}},"product_brand":[],"product_cat":[72,91,41],"product_tag":[],"class_list":{"0":"post-3070","1":"product","2":"type-product","3":"status-publish","4":"has-post-thumbnail","6":"product_cat-cosmetic-packaging","7":"product_cat-custom-perfume-bottles","8":"product_cat-perfume-bottles","9":"desktop-align-left","10":"tablet-align-left","11":"mobile-align-left","13":"first","14":"instock","15":"shipping-taxable","16":"product-type-simple"},"acf":[],"jetpack_sharing_enabled":true,"_links":{"self":[{"href":"https:\/\/theperfumebottles.com\/fi\/wp-json\/wp\/v2\/product\/3070","targetHints":{"allow":["GET"]}}],"collection":[{"href":"https:\/\/theperfumebottles.com\/fi\/wp-json\/wp\/v2\/product"}],"about":[{"href":"https:\/\/theperfumebottles.com\/fi\/wp-json\/wp\/v2\/types\/product"}],"replies":[{"embeddable":true,"href":"https:\/\/theperfumebottles.com\/fi\/wp-json\/wp\/v2\/comments?post=3070"}],"wp:featuredmedia":[{"embeddable":true,"href":"https:\/\/theperfumebottles.com\/fi\/wp-json\/wp\/v2\/media\/3072"}],"wp:attachment":[{"href":"https:\/\/theperfumebottles.com\/fi\/wp-json\/wp\/v2\/media?parent=3070"}],"wp:term":[{"taxonomy":"product_brand","embeddable":true,"href":"https:\/\/theperfumebottles.com\/fi\/wp-json\/wp\/v2\/product_brand?post=3070"},{"taxonomy":"product_cat","embeddable":true,"href":"https:\/\/theperfumebottles.com\/fi\/wp-json\/wp\/v2\/product_cat?post=3070"},{"taxonomy":"product_tag","embeddable":true,"href":"https:\/\/theperfumebottles.com\/fi\/wp-json\/wp\/v2\/product_tag?post=3070"}],"curies":[{"name":"wp","href":"https:\/\/api.w.org\/{rel}","templated":true}]}}