{"id":3081,"date":"2025-04-16T09:14:49","date_gmt":"2025-04-16T09:14:49","guid":{"rendered":"https:\/\/theperfumebottles.com\/?post_type=product&#038;p=3081"},"modified":"2026-04-07T15:47:10","modified_gmt":"2026-04-07T07:47:10","slug":"1-oz-30-ml-perfume-bottle-with-customizable-design","status":"publish","type":"product","link":"https:\/\/theperfumebottles.com\/fi\/tuote\/1-oz-30-ml-perfume-bottle-with-customizable-design\/","title":{"rendered":"1 oz 30 ml hajuvesipullo muokattavalla muotoilulla"},"content":{"rendered":"<p>T\u00e4n\u00e4\u00e4n suosittelemme erinomaista YX06 30 ml:n lasista hajuvesipulloa. 30 ml:n hajuvesipullossa on olennainen muotoiluelementti, jossa k\u00e4ytet\u00e4\u00e4n eritt\u00e4in kirkasta lasia suorakaiteen muotoisena ja hopeisen kromisen suuttimen kanssa, joka luo hienovaraisen ylellisen vaikutelman.<\/p>\n<h2>T\u00e4rkeimm\u00e4t tekniset tiedot<\/h2>\n<div>\n<table class=\"aligncenter\" style=\"border-collapse: collapse; width: 524.27pt;\" border=\"0\" width=\"699\" cellspacing=\"0\" cellpadding=\"0\">\n<tbody>\n<tr style=\"height: 13.50pt;\">\n<td style=\"height: 13.50pt; width: 96.75pt;\" width=\"129\" height=\"18\">Ominaisuus<\/td>\n<td style=\"width: 427.50pt;\" width=\"570\">Tiedot<\/td>\n<\/tr>\n<tr style=\"height: 13.50pt;\">\n<td style=\"height: 13.50pt;\" height=\"18\">Malli<\/td>\n<td>PB-YX06<\/td>\n<\/tr>\n<tr style=\"height: 13.50pt;\">\n<td style=\"height: 13.50pt;\" height=\"18\">Kapasiteetti<\/td>\n<td>30 ml (1 unssi)<\/td>\n<\/tr>\n<tr style=\"height: 13.50pt;\">\n<td style=\"height: 13.50pt;\" height=\"18\">Mitat<\/td>\n<td>37 \u00d7 25 \u00d7 95 mm<\/td>\n<\/tr>\n<tr style=\"height: 13.50pt;\">\n<td style=\"height: 13.50pt;\" height=\"18\">Pintavaihtoehdot<\/td>\n<td>J\u00e4\u00e4lasi, silkkipaino, kuumaleimaus, mukautetut v\u00e4rimallit<\/td>\n<\/tr>\n<tr style=\"height: 13.50pt;\">\n<td style=\"height: 13.50pt;\" height=\"18\">Sertifioinnit<\/td>\n<td>ISO, CE, REACH, BSCI, k\u00e4ytt\u00f6turvallisuustiedote<\/td>\n<\/tr>\n<tr style=\"height: 13.50pt;\">\n<td style=\"height: 13.50pt;\" height=\"18\">Pakkaus<\/td>\n<td>Mukautettavat laatikot tai puiset kuormalavat irtotilauksiin<\/td>\n<\/tr>\n<tr style=\"height: 13.50pt;\">\n<td style=\"height: 13.50pt;\" height=\"18\">L\u00e4pimenoaika<\/td>\n<td>7\u201315 p\u00e4iv\u00e4\u00e4 (varasto); 30\u201345 p\u00e4iv\u00e4\u00e4 (tilausty\u00f6n\u00e4)<\/td>\n<\/tr>\n<\/tbody>\n<\/table>\n<\/div>\n<h2>Tietoja irtotilauksista<\/h2>\n<p>Tarvitsetpa sitten 500 tai 50 000 kappaletta, voimme tarjota joustavia ja monipuolisia pakkausvaihtoehtoja ja varmistaa nopean toimituksen. Varastotuotteet voidaan l\u00e4hett\u00e4\u00e4 1\u20132 viikon kuluessa, ja r\u00e4\u00e4t\u00e4l\u00f6idyt tuotteet toimitetaan yleens\u00e4 30\u201345 p\u00e4iv\u00e4n kuluessa, jotta tilaus valmistuu ajoissa.<\/p>\n<h2>1 oz hajuvesipullojen mukautusehdotuksia<\/h2>\n<ul>\n<li>Neli\u00f6m\u00e4isten mittasuhteiden muunnelmat: Luo uusia tuotemalleja kehitt\u00e4m\u00e4ll\u00e4 pullomuotoja, joihin kuuluu korkeita ja kapeita sek\u00e4 lyhyit\u00e4 ja leveit\u00e4 neli\u00f6m\u00e4isi\u00e4 astioita, jotka s\u00e4ilytt\u00e4v\u00e4t esteettisen arvonsa koko tuotelinjassa.<\/li>\n<li>Magneettinen pullonkorkki: Pullonkorkissa on turvallinen magneettinen tiiviste, joka tarjoaa k\u00e4ytt\u00e4jille yhten\u00e4isen pinnan ja parantaa siten heid\u00e4n vuorovaikutustaan \u200b\u200btuotteen kanssa.<\/li>\n<li>Edistynyt ruiskun mukauttaminen: Suuttimen v\u00e4ri\u00e4 ja muotoa sek\u00e4 ruiskutuskuviota voi muuttaa k\u00e4ytt\u00e4j\u00e4lle haluttujen tulosten saavuttamiseksi.<\/li>\n<\/ul>","protected":false},"excerpt":{"rendered":"<p>Tutustu tyylikk\u00e4isiin 30 ml:n hajuvesipulloihin (1 oz) mukautettavilla malleilla, tukkumyyntivaihtoehdoilla ja nopealla toimituksella. T\u00e4ydellinen hajuvesibr\u00e4ndeille ja -toimittajille.<\/p>","protected":false},"featured_media":3082,"comment_status":"open","ping_status":"closed","template":"","meta":{"_acf_changed":false,"site-sidebar-layout":"default","site-content-layout":"","ast-site-content-layout":"default","site-content-style":"default","site-sidebar-style":"default","ast-global-header-display":"","ast-banner-title-visibility":"","ast-main-header-display":"","ast-hfb-above-header-display":"","ast-hfb-below-header-display":"","ast-hfb-mobile-header-display":"","site-post-title":"","ast-breadcrumbs-content":"","ast-featured-img":"","footer-sml-layout":"","ast-disable-related-posts":"","theme-transparent-header-meta":"default","adv-header-id-meta":"","stick-header-meta":"","header-above-stick-meta":"","header-main-stick-meta":"","header-below-stick-meta":"","astra-migrate-meta-layouts":"set","ast-page-background-enabled":"default","ast-page-background-meta":{"desktop":{"background-color":"var(--ast-global-color-5)","background-image":"","background-repeat":"repeat","background-position":"center center","background-size":"auto","background-attachment":"scroll","background-type":"","background-media":"","overlay-type":"","overlay-color":"","overlay-opacity":"","overlay-gradient":""},"tablet":{"background-color":"","background-image":"","background-repeat":"repeat","background-position":"center center","background-size":"auto","background-attachment":"scroll","background-type":"","background-media":"","overlay-type":"","overlay-color":"","overlay-opacity":"","overlay-gradient":""},"mobile":{"background-color":"","background-image":"","background-repeat":"repeat","background-position":"center center","background-size":"auto","background-attachment":"scroll","background-type":"","background-media":"","overlay-type":"","overlay-color":"","overlay-opacity":"","overlay-gradient":""}},"ast-content-background-meta":{"desktop":{"background-color":"var(--ast-global-color-4)","background-image":"","background-repeat":"repeat","background-position":"center center","background-size":"auto","background-attachment":"scroll","background-type":"","background-media":"","overlay-type":"","overlay-color":"","overlay-opacity":"","overlay-gradient":""},"tablet":{"background-color":"var(--ast-global-color-4)","background-image":"","background-repeat":"repeat","background-position":"center center","background-size":"auto","background-attachment":"scroll","background-type":"","background-media":"","overlay-type":"","overlay-color":"","overlay-opacity":"","overlay-gradient":""},"mobile":{"background-color":"var(--ast-global-color-4)","background-image":"","background-repeat":"repeat","background-position":"center center","background-size":"auto","background-attachment":"scroll","background-type":"","background-media":"","overlay-type":"","overlay-color":"","overlay-opacity":"","overlay-gradient":""}}},"product_brand":[],"product_cat":[91,72,41],"product_tag":[],"class_list":{"0":"post-3081","1":"product","2":"type-product","3":"status-publish","4":"has-post-thumbnail","6":"product_cat-custom-perfume-bottles","7":"product_cat-cosmetic-packaging","8":"product_cat-perfume-bottles","9":"desktop-align-left","10":"tablet-align-left","11":"mobile-align-left","13":"first","14":"instock","15":"shipping-taxable","16":"product-type-simple"},"acf":[],"jetpack_sharing_enabled":true,"_links":{"self":[{"href":"https:\/\/theperfumebottles.com\/fi\/wp-json\/wp\/v2\/product\/3081","targetHints":{"allow":["GET"]}}],"collection":[{"href":"https:\/\/theperfumebottles.com\/fi\/wp-json\/wp\/v2\/product"}],"about":[{"href":"https:\/\/theperfumebottles.com\/fi\/wp-json\/wp\/v2\/types\/product"}],"replies":[{"embeddable":true,"href":"https:\/\/theperfumebottles.com\/fi\/wp-json\/wp\/v2\/comments?post=3081"}],"wp:featuredmedia":[{"embeddable":true,"href":"https:\/\/theperfumebottles.com\/fi\/wp-json\/wp\/v2\/media\/3082"}],"wp:attachment":[{"href":"https:\/\/theperfumebottles.com\/fi\/wp-json\/wp\/v2\/media?parent=3081"}],"wp:term":[{"taxonomy":"product_brand","embeddable":true,"href":"https:\/\/theperfumebottles.com\/fi\/wp-json\/wp\/v2\/product_brand?post=3081"},{"taxonomy":"product_cat","embeddable":true,"href":"https:\/\/theperfumebottles.com\/fi\/wp-json\/wp\/v2\/product_cat?post=3081"},{"taxonomy":"product_tag","embeddable":true,"href":"https:\/\/theperfumebottles.com\/fi\/wp-json\/wp\/v2\/product_tag?post=3081"}],"curies":[{"name":"wp","href":"https:\/\/api.w.org\/{rel}","templated":true}]}}