{"id":3099,"date":"2025-04-18T07:05:07","date_gmt":"2025-04-18T07:05:07","guid":{"rendered":"https:\/\/theperfumebottles.com\/?post_type=product&#038;p=3099"},"modified":"2025-05-28T19:24:10","modified_gmt":"2025-05-28T11:24:10","slug":"custom-100ml-cool-perfume-bottles-aftershave-bottles-for-wholesale","status":"publish","type":"product","link":"https:\/\/theperfumebottles.com\/fi\/tuote\/custom-100ml-cool-perfume-bottles-aftershave-bottles-for-wholesale\/","title":{"rendered":"Tukkumyynniss\u00e4 r\u00e4\u00e4t\u00e4l\u00f6idyt 100 ml:n hienot hajuvesipullot ja partavesipullot"},"content":{"rendered":"<p>Neli\u00f6m\u00e4iset kylm\u00e4t hajutiskit yhdist\u00e4v\u00e4t ter\u00e4v\u00e4t reunat ja virtaviivaiset metalliset koristelut\u2014kultaiset korkit kontrastoidaan sileill\u00e4 lasikauloilla, luoden valonheijastavaa draamaa, joka edustaa edell\u00e4k\u00e4vij\u00e4taiteilua.<\/p>\n<h2><strong>Tekniset tiedot<\/strong><\/h2>\n<table>\n<thead>\n<tr>\n<th><strong>Ominaisuus<\/strong><\/th>\n<th><strong>Tiedot<\/strong><\/th>\n<\/tr>\n<\/thead>\n<tbody>\n<tr>\n<td><strong>Malli<\/strong><\/td>\n<td>PB-YX08<\/td>\n<\/tr>\n<tr>\n<td><strong>Muoto<\/strong><\/td>\n<td>Suorakulmainen<\/td>\n<\/tr>\n<tr>\n<td><strong>Kapasiteetti<\/strong><\/td>\n<td>100ml (3.4oz)<\/td>\n<\/tr>\n<tr>\n<td><strong>Top<\/strong><\/td>\n<td>Pallomainen korkki, jossa on suihkusuutin<\/td>\n<\/tr>\n<tr>\n<td><strong>Mitat<\/strong><\/td>\n<td>55mm (L) \u00d7 30mm (S) \u00d7 118mm (K)<\/td>\n<\/tr>\n<tr>\n<td><strong>Pintavaihtoehdot<\/strong><\/td>\n<td>Hiekkapuhallus, silkkipaino, kultaus, ruiskutus, kohokuviointi, kiillotus, tarrat<\/td>\n<\/tr>\n<tr>\n<td><strong>Sertifioinnit<\/strong><\/td>\n<td>CE, ISO, BSCI, REACH<\/td>\n<\/tr>\n<tr>\n<td><strong>Pakkausvaihtoehdot<\/strong><\/td>\n<td>Puinen kuormalava, kartonkipakkaukset tai mukautettu pakkaus<\/td>\n<\/tr>\n<\/tbody>\n<\/table>\n<h2>Pakkausvinkkej\u00e4:<\/h2>\n<p>Er\u00e4s tuotemerkki k\u00e4ytti t\u00e4t\u00e4 pulloa uuden partaveden pakkauksena. Lis\u00e4\u00e4m\u00e4ll\u00e4 mattamustan viimeistelyn ja kultaisen kohokuvioinnin he loivat tyylikk\u00e4\u00e4n ja s\u00e4rmikk\u00e4\u00e4n estetiikan, joka lis\u00e4si heid\u00e4n n\u00e4kyvyytt\u00e4\u00e4n verkkohauissa. N\u00e4iden pullojen kest\u00e4vyyden ja CE-sertifioinnin ansiosta ne p\u00e4\u00e4siv\u00e4t nopeasti Euroopan markkinoille.<\/p>","protected":false},"excerpt":{"rendered":"<p>Tutustu 100 ml:n viileisiin hajuvesipulloihin ja partavesipulloihin tuoksuliiketoimintaasi varten. Mukauta malleja, nopeita tukkutilauksia ja maailmanlaajuisia sertifikaatteja.<\/p>","protected":false},"featured_media":3101,"comment_status":"open","ping_status":"closed","template":"","meta":{"_acf_changed":false,"site-sidebar-layout":"default","site-content-layout":"","ast-site-content-layout":"default","site-content-style":"default","site-sidebar-style":"default","ast-global-header-display":"","ast-banner-title-visibility":"","ast-main-header-display":"","ast-hfb-above-header-display":"","ast-hfb-below-header-display":"","ast-hfb-mobile-header-display":"","site-post-title":"","ast-breadcrumbs-content":"","ast-featured-img":"","footer-sml-layout":"","ast-disable-related-posts":"","theme-transparent-header-meta":"default","adv-header-id-meta":"","stick-header-meta":"","header-above-stick-meta":"","header-main-stick-meta":"","header-below-stick-meta":"","astra-migrate-meta-layouts":"set","ast-page-background-enabled":"default","ast-page-background-meta":{"desktop":{"background-color":"var(--ast-global-color-5)","background-image":"","background-repeat":"repeat","background-position":"center center","background-size":"auto","background-attachment":"scroll","background-type":"","background-media":"","overlay-type":"","overlay-color":"","overlay-opacity":"","overlay-gradient":""},"tablet":{"background-color":"","background-image":"","background-repeat":"repeat","background-position":"center center","background-size":"auto","background-attachment":"scroll","background-type":"","background-media":"","overlay-type":"","overlay-color":"","overlay-opacity":"","overlay-gradient":""},"mobile":{"background-color":"","background-image":"","background-repeat":"repeat","background-position":"center center","background-size":"auto","background-attachment":"scroll","background-type":"","background-media":"","overlay-type":"","overlay-color":"","overlay-opacity":"","overlay-gradient":""}},"ast-content-background-meta":{"desktop":{"background-color":"var(--ast-global-color-4)","background-image":"","background-repeat":"repeat","background-position":"center center","background-size":"auto","background-attachment":"scroll","background-type":"","background-media":"","overlay-type":"","overlay-color":"","overlay-opacity":"","overlay-gradient":""},"tablet":{"background-color":"var(--ast-global-color-4)","background-image":"","background-repeat":"repeat","background-position":"center center","background-size":"auto","background-attachment":"scroll","background-type":"","background-media":"","overlay-type":"","overlay-color":"","overlay-opacity":"","overlay-gradient":""},"mobile":{"background-color":"var(--ast-global-color-4)","background-image":"","background-repeat":"repeat","background-position":"center center","background-size":"auto","background-attachment":"scroll","background-type":"","background-media":"","overlay-type":"","overlay-color":"","overlay-opacity":"","overlay-gradient":""}}},"product_brand":[],"product_cat":[72,91],"product_tag":[],"class_list":{"0":"post-3099","1":"product","2":"type-product","3":"status-publish","4":"has-post-thumbnail","6":"product_cat-cosmetic-packaging","7":"product_cat-custom-perfume-bottles","8":"desktop-align-left","9":"tablet-align-left","10":"mobile-align-left","12":"first","13":"instock","14":"shipping-taxable","15":"product-type-simple"},"acf":[],"jetpack_sharing_enabled":true,"_links":{"self":[{"href":"https:\/\/theperfumebottles.com\/fi\/wp-json\/wp\/v2\/product\/3099","targetHints":{"allow":["GET"]}}],"collection":[{"href":"https:\/\/theperfumebottles.com\/fi\/wp-json\/wp\/v2\/product"}],"about":[{"href":"https:\/\/theperfumebottles.com\/fi\/wp-json\/wp\/v2\/types\/product"}],"replies":[{"embeddable":true,"href":"https:\/\/theperfumebottles.com\/fi\/wp-json\/wp\/v2\/comments?post=3099"}],"wp:featuredmedia":[{"embeddable":true,"href":"https:\/\/theperfumebottles.com\/fi\/wp-json\/wp\/v2\/media\/3101"}],"wp:attachment":[{"href":"https:\/\/theperfumebottles.com\/fi\/wp-json\/wp\/v2\/media?parent=3099"}],"wp:term":[{"taxonomy":"product_brand","embeddable":true,"href":"https:\/\/theperfumebottles.com\/fi\/wp-json\/wp\/v2\/product_brand?post=3099"},{"taxonomy":"product_cat","embeddable":true,"href":"https:\/\/theperfumebottles.com\/fi\/wp-json\/wp\/v2\/product_cat?post=3099"},{"taxonomy":"product_tag","embeddable":true,"href":"https:\/\/theperfumebottles.com\/fi\/wp-json\/wp\/v2\/product_tag?post=3099"}],"curies":[{"name":"wp","href":"https:\/\/api.w.org\/{rel}","templated":true}]}}