{"id":3112,"date":"2025-04-21T07:10:15","date_gmt":"2025-04-21T07:10:15","guid":{"rendered":"https:\/\/theperfumebottles.com\/?post_type=product&#038;p=3112"},"modified":"2025-05-26T15:53:47","modified_gmt":"2025-05-26T07:53:47","slug":"customizable-50ml-100ml-big-flat-perfume-bottles","status":"publish","type":"product","link":"https:\/\/theperfumebottles.com\/fi\/tuote\/customizable-50ml-100ml-big-flat-perfume-bottles\/","title":{"rendered":"Mukautettavat 50 ml:n ja 100 ml:n suuret ja litte\u00e4t hajuvesipullot"},"content":{"rendered":"<p>Hajuvesipullomme PB-YX11 on tyylik\u00e4s ja yksinkertainen, sill\u00e4 siin\u00e4 on s\u00e4\u00e4nn\u00f6llinen suorakulmainen muoto, py\u00f6ristetyt kulmat, selke\u00e4t \u00e4\u00e4riviivat ja sile\u00e4t kokonaislinjat. L\u00e4pin\u00e4kyv\u00e4ss\u00e4 lasissa on sile\u00e4 pinta ja l\u00e4pin\u00e4kyv\u00e4 rakenne. Korkki on UV-pinnoitettu kullalla ja hopealla, ja yl\u00e4osa on koristeltu py\u00f6re\u00e4ll\u00e4 koristeella, mik\u00e4 antaa yleisen yksinkertaisen ja hienon modernin tyylin.<\/p>\n<table style=\"border-collapse: collapse;margin-left: auto;margin-right: auto;width: 108.03pt\" border=\"0\" width=\"144\" cellspacing=\"0\" cellpadding=\"0\">\n<tbody>\n<tr style=\"height: 13.50pt\">\n<td style=\"height: 13.50pt;width: 54.00pt\" width=\"72\" height=\"18\">\n<p><figure id=\"attachment_3117\" aria-describedby=\"caption-attachment-3117\" style=\"width: 300px\" class=\"wp-caption aligncenter\"><img fetchpriority=\"high\" decoding=\"async\" class=\"wp-image-3117 size-medium\" src=\"https:\/\/theperfumebottles.com\/wp-content\/uploads\/2025\/04\/flat-perfume-bottle-YX1101-300x300.webp\" alt=\"litte\u00e4 hajuvesipullo\" width=\"300\" height=\"300\" srcset=\"https:\/\/theperfumebottles.com\/wp-content\/uploads\/2025\/04\/flat-perfume-bottle-YX1101-300x300.webp 300w, https:\/\/theperfumebottles.com\/wp-content\/uploads\/2025\/04\/flat-perfume-bottle-YX1101-150x150.webp 150w, https:\/\/theperfumebottles.com\/wp-content\/uploads\/2025\/04\/flat-perfume-bottle-YX1101-768x768.webp 768w, https:\/\/theperfumebottles.com\/wp-content\/uploads\/2025\/04\/flat-perfume-bottle-YX1101-12x12.webp 12w, https:\/\/theperfumebottles.com\/wp-content\/uploads\/2025\/04\/flat-perfume-bottle-YX1101-600x600.webp 600w, https:\/\/theperfumebottles.com\/wp-content\/uploads\/2025\/04\/flat-perfume-bottle-YX1101-100x100.webp 100w, https:\/\/theperfumebottles.com\/wp-content\/uploads\/2025\/04\/flat-perfume-bottle-YX1101.webp 1000w\" sizes=\"(max-width: 300px) 100vw, 300px\" \/><figcaption id=\"caption-attachment-3117\" class=\"wp-caption-text\">50ml litte\u00e4 hajuvesipullo<\/figcaption><\/figure><\/td>\n<td style=\"width: 54.00pt\" width=\"72\">\n<p><figure id=\"attachment_3113\" aria-describedby=\"caption-attachment-3113\" style=\"width: 300px\" class=\"wp-caption aligncenter\"><img decoding=\"async\" class=\"size-medium wp-image-3113\" src=\"https:\/\/theperfumebottles.com\/wp-content\/uploads\/2025\/04\/flat-perfume-bottle-YX1102-300x300.webp\" alt=\"litte\u00e4 hajuvesipullo\" width=\"300\" height=\"300\" srcset=\"https:\/\/theperfumebottles.com\/wp-content\/uploads\/2025\/04\/flat-perfume-bottle-YX1102-300x300.webp 300w, https:\/\/theperfumebottles.com\/wp-content\/uploads\/2025\/04\/flat-perfume-bottle-YX1102-150x150.webp 150w, https:\/\/theperfumebottles.com\/wp-content\/uploads\/2025\/04\/flat-perfume-bottle-YX1102-768x768.webp 768w, https:\/\/theperfumebottles.com\/wp-content\/uploads\/2025\/04\/flat-perfume-bottle-YX1102-12x12.webp 12w, https:\/\/theperfumebottles.com\/wp-content\/uploads\/2025\/04\/flat-perfume-bottle-YX1102-600x600.webp 600w, https:\/\/theperfumebottles.com\/wp-content\/uploads\/2025\/04\/flat-perfume-bottle-YX1102-100x100.webp 100w, https:\/\/theperfumebottles.com\/wp-content\/uploads\/2025\/04\/flat-perfume-bottle-YX1102.webp 1000w\" sizes=\"(max-width: 300px) 100vw, 300px\" \/><figcaption id=\"caption-attachment-3113\" class=\"wp-caption-text\">100ml litte\u00e4 hajuvesipullo<\/figcaption><\/figure><\/td>\n<\/tr>\n<\/tbody>\n<\/table>\n<h2>Tekniset tiedot<\/h2>\n<table width=\"80%\">\n<tbody>\n<tr>\n<td width=\"131\">Tekniset tiedot<\/td>\n<td width=\"249\">PB-YX1101<\/td>\n<td width=\"293\">PB-YX1102<\/td>\n<\/tr>\n<tr>\n<td>Kapasiteetti<\/td>\n<td>50 ml<\/td>\n<td>100 ml<\/td>\n<\/tr>\n<tr>\n<td>Mitat<\/td>\n<td>62mm * 22mm * 88mm, 15 mm<\/td>\n<td>74mm * 26mm * 110mm, kaliiperi 15 mm.<\/td>\n<\/tr>\n<tr>\n<td>Kaliiperi<\/td>\n<td>15 mm<\/td>\n<td>15 mm<\/td>\n<\/tr>\n<tr>\n<td>Lasin v\u00e4ri<\/td>\n<td>L\u00e4pin\u00e4kyv\u00e4, muokattavissa<\/td>\n<td>L\u00e4pin\u00e4kyv\u00e4, muokattavissa<\/td>\n<\/tr>\n<tr>\n<td>Korkin v\u00e4rit<\/td>\n<td>Kulta, hopea, muokattavissa<\/td>\n<td>Kulta, hopea, muokattavissa<\/td>\n<\/tr>\n<\/tbody>\n<\/table>\n<h2>Tapaustutkimus<\/h2>\n<p>Tunnettu k\u00f6lninvesimerkki valitsi PB-YX1102-mallimme uuden hajuvesens\u00e4 pakkaukseksi. He muokkasivat pullon korkin ja lasin v\u00e4rin tyylikk\u00e4\u00e4sti himme\u00e4ksi, mik\u00e4 sai heid\u00e4n hajuvetens\u00e4 erottumaan hyllyss\u00e4 ja lis\u00e4\u00e4m\u00e4\u00e4n myynti\u00e4.<\/p>\n<h2>Pakkausvinkkej\u00e4<\/h2>\n<p>Parhaan tuloksen saat k\u00e4ytt\u00e4m\u00e4ll\u00e4 s\u00e4vytetty\u00e4 lasia ja laadukkaita paperilaatikoita, joihin on painettu yrityksesi logo. T\u00e4m\u00e4 ei ainoastaan suojaa hajuvett\u00e4, vaan my\u00f6s parantaa asiakkaan kokemusta hajuveden purkamisesta.<\/p>","protected":false},"excerpt":{"rendered":"<p>Tutustu litte\u00e4\u00e4n hajuvesipulloon ja isoon hajuvesipulloon. T\u00e4ydellinen tuotemerkkisi ainutlaatuiselle tuoksulle tyylikk\u00e4\u00e4ss\u00e4 lasissa erilaisilla mukautetuilla vaihtoehdoilla.<\/p>","protected":false},"featured_media":3113,"comment_status":"open","ping_status":"closed","template":"","meta":{"_acf_changed":false,"site-sidebar-layout":"default","site-content-layout":"","ast-site-content-layout":"default","site-content-style":"default","site-sidebar-style":"default","ast-global-header-display":"","ast-banner-title-visibility":"","ast-main-header-display":"","ast-hfb-above-header-display":"","ast-hfb-below-header-display":"","ast-hfb-mobile-header-display":"","site-post-title":"","ast-breadcrumbs-content":"","ast-featured-img":"","footer-sml-layout":"","ast-disable-related-posts":"","theme-transparent-header-meta":"default","adv-header-id-meta":"","stick-header-meta":"","header-above-stick-meta":"","header-main-stick-meta":"","header-below-stick-meta":"","astra-migrate-meta-layouts":"set","ast-page-background-enabled":"default","ast-page-background-meta":{"desktop":{"background-color":"var(--ast-global-color-5)","background-image":"","background-repeat":"repeat","background-position":"center center","background-size":"auto","background-attachment":"scroll","background-type":"","background-media":"","overlay-type":"","overlay-color":"","overlay-opacity":"","overlay-gradient":""},"tablet":{"background-color":"","background-image":"","background-repeat":"repeat","background-position":"center center","background-size":"auto","background-attachment":"scroll","background-type":"","background-media":"","overlay-type":"","overlay-color":"","overlay-opacity":"","overlay-gradient":""},"mobile":{"background-color":"","background-image":"","background-repeat":"repeat","background-position":"center center","background-size":"auto","background-attachment":"scroll","background-type":"","background-media":"","overlay-type":"","overlay-color":"","overlay-opacity":"","overlay-gradient":""}},"ast-content-background-meta":{"desktop":{"background-color":"var(--ast-global-color-4)","background-image":"","background-repeat":"repeat","background-position":"center center","background-size":"auto","background-attachment":"scroll","background-type":"","background-media":"","overlay-type":"","overlay-color":"","overlay-opacity":"","overlay-gradient":""},"tablet":{"background-color":"var(--ast-global-color-4)","background-image":"","background-repeat":"repeat","background-position":"center center","background-size":"auto","background-attachment":"scroll","background-type":"","background-media":"","overlay-type":"","overlay-color":"","overlay-opacity":"","overlay-gradient":""},"mobile":{"background-color":"var(--ast-global-color-4)","background-image":"","background-repeat":"repeat","background-position":"center center","background-size":"auto","background-attachment":"scroll","background-type":"","background-media":"","overlay-type":"","overlay-color":"","overlay-opacity":"","overlay-gradient":""}}},"product_brand":[],"product_cat":[91,41],"product_tag":[],"class_list":{"0":"post-3112","1":"product","2":"type-product","3":"status-publish","4":"has-post-thumbnail","6":"product_cat-custom-perfume-bottles","7":"product_cat-perfume-bottles","8":"desktop-align-left","9":"tablet-align-left","10":"mobile-align-left","12":"first","13":"instock","14":"shipping-taxable","15":"product-type-simple"},"acf":[],"jetpack_sharing_enabled":true,"_links":{"self":[{"href":"https:\/\/theperfumebottles.com\/fi\/wp-json\/wp\/v2\/product\/3112","targetHints":{"allow":["GET"]}}],"collection":[{"href":"https:\/\/theperfumebottles.com\/fi\/wp-json\/wp\/v2\/product"}],"about":[{"href":"https:\/\/theperfumebottles.com\/fi\/wp-json\/wp\/v2\/types\/product"}],"replies":[{"embeddable":true,"href":"https:\/\/theperfumebottles.com\/fi\/wp-json\/wp\/v2\/comments?post=3112"}],"wp:featuredmedia":[{"embeddable":true,"href":"https:\/\/theperfumebottles.com\/fi\/wp-json\/wp\/v2\/media\/3113"}],"wp:attachment":[{"href":"https:\/\/theperfumebottles.com\/fi\/wp-json\/wp\/v2\/media?parent=3112"}],"wp:term":[{"taxonomy":"product_brand","embeddable":true,"href":"https:\/\/theperfumebottles.com\/fi\/wp-json\/wp\/v2\/product_brand?post=3112"},{"taxonomy":"product_cat","embeddable":true,"href":"https:\/\/theperfumebottles.com\/fi\/wp-json\/wp\/v2\/product_cat?post=3112"},{"taxonomy":"product_tag","embeddable":true,"href":"https:\/\/theperfumebottles.com\/fi\/wp-json\/wp\/v2\/product_tag?post=3112"}],"curies":[{"name":"wp","href":"https:\/\/api.w.org\/{rel}","templated":true}]}}