{"id":3131,"date":"2025-04-22T07:53:22","date_gmt":"2025-04-22T07:53:22","guid":{"rendered":"https:\/\/theperfumebottles.com\/?post_type=product&#038;p=3131"},"modified":"2025-05-22T13:14:17","modified_gmt":"2025-05-22T05:14:17","slug":"vintage-perfume-bottle-with-pump-design-crystal-perfume-bottles-for-wholesale","status":"publish","type":"product","link":"https:\/\/theperfumebottles.com\/fi\/tuote\/vintage-perfume-bottle-with-pump-design-crystal-perfume-bottles-for-wholesale\/","title":{"rendered":"Vintage-hajuvesipullo pumpulla | Kristallihajuvesipullot tukkumyyntiin"},"content":{"rendered":"<p>PB-YX14-sarjan kristalliparfyymipakkauksissa on kahdeksankulmainen pohja ja olkap\u00e4\u00e4t. Pullossa on kahdeksankulmainen \u00e4\u00e4riviiva, jossa on sile\u00e4t ja tyylikk\u00e4\u00e4t linjat ja kolmiulotteinen tunne. Olitpa tekem\u00e4ss\u00e4 uutta tuotesarjaa tai p\u00e4ivitt\u00e4m\u00e4ss\u00e4 olemassa olevaa, PB-YX14-kristalliparfyymipullomme saa varmasti kuluttajat s\u00e4teilem\u00e4\u00e4n.<\/p>\n<figure id=\"attachment_3138\" aria-describedby=\"caption-attachment-3138\" style=\"width: 500px\" class=\"wp-caption aligncenter\"><img fetchpriority=\"high\" decoding=\"async\" class=\"wp-image-3138\" src=\"https:\/\/theperfumebottles.com\/wp-content\/uploads\/2025\/04\/vintage-perfume-bottle-with-pump-yx14.webp\" alt=\"vintage-hajuvesipullo pumpulla\" width=\"500\" height=\"500\" srcset=\"https:\/\/theperfumebottles.com\/wp-content\/uploads\/2025\/04\/vintage-perfume-bottle-with-pump-yx14.webp 1000w, https:\/\/theperfumebottles.com\/wp-content\/uploads\/2025\/04\/vintage-perfume-bottle-with-pump-yx14-300x300.webp 300w, https:\/\/theperfumebottles.com\/wp-content\/uploads\/2025\/04\/vintage-perfume-bottle-with-pump-yx14-150x150.webp 150w, https:\/\/theperfumebottles.com\/wp-content\/uploads\/2025\/04\/vintage-perfume-bottle-with-pump-yx14-768x768.webp 768w, https:\/\/theperfumebottles.com\/wp-content\/uploads\/2025\/04\/vintage-perfume-bottle-with-pump-yx14-12x12.webp 12w, https:\/\/theperfumebottles.com\/wp-content\/uploads\/2025\/04\/vintage-perfume-bottle-with-pump-yx14-600x600.webp 600w, https:\/\/theperfumebottles.com\/wp-content\/uploads\/2025\/04\/vintage-perfume-bottle-with-pump-yx14-100x100.webp 100w\" sizes=\"(max-width: 500px) 100vw, 500px\" \/><figcaption id=\"caption-attachment-3138\" class=\"wp-caption-text\">vintage hajuvesipullo pumpulla<\/figcaption><\/figure>\n<h2>T\u00e4rkeimm\u00e4t tekniset tiedot<\/h2>\n<figure id=\"attachment_3133\" aria-describedby=\"caption-attachment-3133\" style=\"width: 500px\" class=\"wp-caption aligncenter\"><img decoding=\"async\" class=\"wp-image-3133\" src=\"https:\/\/theperfumebottles.com\/wp-content\/uploads\/2025\/04\/crystal-perfume-bottles-sizes-yx14.webp\" alt=\"kristalli hajuvesipulloja\" width=\"500\" height=\"500\" srcset=\"https:\/\/theperfumebottles.com\/wp-content\/uploads\/2025\/04\/crystal-perfume-bottles-sizes-yx14.webp 1000w, https:\/\/theperfumebottles.com\/wp-content\/uploads\/2025\/04\/crystal-perfume-bottles-sizes-yx14-300x300.webp 300w, https:\/\/theperfumebottles.com\/wp-content\/uploads\/2025\/04\/crystal-perfume-bottles-sizes-yx14-150x150.webp 150w, https:\/\/theperfumebottles.com\/wp-content\/uploads\/2025\/04\/crystal-perfume-bottles-sizes-yx14-768x768.webp 768w, https:\/\/theperfumebottles.com\/wp-content\/uploads\/2025\/04\/crystal-perfume-bottles-sizes-yx14-12x12.webp 12w, https:\/\/theperfumebottles.com\/wp-content\/uploads\/2025\/04\/crystal-perfume-bottles-sizes-yx14-600x600.webp 600w, https:\/\/theperfumebottles.com\/wp-content\/uploads\/2025\/04\/crystal-perfume-bottles-sizes-yx14-100x100.webp 100w\" sizes=\"(max-width: 500px) 100vw, 500px\" \/><figcaption id=\"caption-attachment-3133\" class=\"wp-caption-text\">PB-YX14 kristalli hajuvesipullot<\/figcaption><\/figure>\n<table>\n<thead>\n<tr>\n<th>Malli<\/th>\n<th>Kapasiteetti<\/th>\n<th>Ulottuvuus<\/th>\n<th>Kaliiperi<\/th>\n<th>Lasin v\u00e4ri<\/th>\n<th>Pumpun v\u00e4rit<\/th>\n<\/tr>\n<\/thead>\n<tbody>\n<tr>\n<td>PB-YX1401<\/td>\n<td>50 ml<\/td>\n<td>49*49*80 mm<\/td>\n<td>15 mm<\/td>\n<td>L\u00e4pin\u00e4kyv\u00e4<\/td>\n<td>Kulta, hopea<\/td>\n<\/tr>\n<tr>\n<td>PB-YX1402<\/td>\n<td>100 ml<\/td>\n<td>58*58*101 mm<\/td>\n<td>15 mm<\/td>\n<td>L\u00e4pin\u00e4kyv\u00e4<\/td>\n<td>Kulta, hopea<\/td>\n<\/tr>\n<\/tbody>\n<\/table>\n<h2>Pakkausvinkkej\u00e4<\/h2>\n<p>Yksi asiakkaistamme vaihtoi myydyimm\u00e4n hajuvesens\u00e4 PB-YX1401-vintage-parfyymipulloon, jossa on pumppumuotoilu, r\u00e4\u00e4t\u00e4l\u00f6i v\u00e4rillisen lasin ja tupsut ja n\u00e4ki myynnin kasvavan 30%. Tyylik\u00e4s muotoilu ei ainoastaan lis\u00e4\u00e4 tuotteen houkuttelevuutta vaan my\u00f6s parantaa asiakastyytyv\u00e4isyytt\u00e4.<\/p>\n<figure id=\"attachment_3134\" aria-describedby=\"caption-attachment-3134\" style=\"width: 500px\" class=\"wp-caption aligncenter\"><img decoding=\"async\" class=\"wp-image-3134\" src=\"https:\/\/theperfumebottles.com\/wp-content\/uploads\/2025\/04\/crystal-perfume-bottles-yx14-pb.webp\" alt=\"kristalli hajuvesipulloja\" width=\"500\" height=\"500\" srcset=\"https:\/\/theperfumebottles.com\/wp-content\/uploads\/2025\/04\/crystal-perfume-bottles-yx14-pb.webp 1000w, https:\/\/theperfumebottles.com\/wp-content\/uploads\/2025\/04\/crystal-perfume-bottles-yx14-pb-300x300.webp 300w, https:\/\/theperfumebottles.com\/wp-content\/uploads\/2025\/04\/crystal-perfume-bottles-yx14-pb-150x150.webp 150w, https:\/\/theperfumebottles.com\/wp-content\/uploads\/2025\/04\/crystal-perfume-bottles-yx14-pb-768x768.webp 768w, https:\/\/theperfumebottles.com\/wp-content\/uploads\/2025\/04\/crystal-perfume-bottles-yx14-pb-12x12.webp 12w, https:\/\/theperfumebottles.com\/wp-content\/uploads\/2025\/04\/crystal-perfume-bottles-yx14-pb-600x600.webp 600w, https:\/\/theperfumebottles.com\/wp-content\/uploads\/2025\/04\/crystal-perfume-bottles-yx14-pb-100x100.webp 100w\" sizes=\"(max-width: 500px) 100vw, 500px\" \/><figcaption id=\"caption-attachment-3134\" class=\"wp-caption-text\">kristalli hajuvesipulloja<\/figcaption><\/figure>\n<p>Valitse r\u00e4\u00e4t\u00e4l\u00f6idyt pakkauspalvelumme, mukaan lukien puiset kuormalavat, pahvilaatikot tai molempien yhdistelm\u00e4. N\u00e4in varmistetaan, ett\u00e4 tuotteesi saapuvat turvallisesti perille ja ovat n\u00e4ytt\u00e4v\u00e4ss\u00e4 paketissa.<\/p>","protected":false},"excerpt":{"rendered":"<p>Tutustu vintage-hajuvesipulloon, jossa on pumppumuotoilu, tyylikkyys ja kest\u00e4vyys. Kristalliparfyymipullomme voidaan r\u00e4\u00e4t\u00e4l\u00f6id\u00e4 vastaamaan hajuvesiliiketoimintasi tarpeita.<\/p>","protected":false},"featured_media":3135,"comment_status":"open","ping_status":"closed","template":"","meta":{"_acf_changed":false,"site-sidebar-layout":"default","site-content-layout":"","ast-site-content-layout":"default","site-content-style":"default","site-sidebar-style":"default","ast-global-header-display":"","ast-banner-title-visibility":"","ast-main-header-display":"","ast-hfb-above-header-display":"","ast-hfb-below-header-display":"","ast-hfb-mobile-header-display":"","site-post-title":"","ast-breadcrumbs-content":"","ast-featured-img":"","footer-sml-layout":"","ast-disable-related-posts":"","theme-transparent-header-meta":"default","adv-header-id-meta":"","stick-header-meta":"","header-above-stick-meta":"","header-main-stick-meta":"","header-below-stick-meta":"","astra-migrate-meta-layouts":"set","ast-page-background-enabled":"default","ast-page-background-meta":{"desktop":{"background-color":"var(--ast-global-color-5)","background-image":"","background-repeat":"repeat","background-position":"center center","background-size":"auto","background-attachment":"scroll","background-type":"","background-media":"","overlay-type":"","overlay-color":"","overlay-opacity":"","overlay-gradient":""},"tablet":{"background-color":"","background-image":"","background-repeat":"repeat","background-position":"center center","background-size":"auto","background-attachment":"scroll","background-type":"","background-media":"","overlay-type":"","overlay-color":"","overlay-opacity":"","overlay-gradient":""},"mobile":{"background-color":"","background-image":"","background-repeat":"repeat","background-position":"center center","background-size":"auto","background-attachment":"scroll","background-type":"","background-media":"","overlay-type":"","overlay-color":"","overlay-opacity":"","overlay-gradient":""}},"ast-content-background-meta":{"desktop":{"background-color":"var(--ast-global-color-4)","background-image":"","background-repeat":"repeat","background-position":"center center","background-size":"auto","background-attachment":"scroll","background-type":"","background-media":"","overlay-type":"","overlay-color":"","overlay-opacity":"","overlay-gradient":""},"tablet":{"background-color":"var(--ast-global-color-4)","background-image":"","background-repeat":"repeat","background-position":"center center","background-size":"auto","background-attachment":"scroll","background-type":"","background-media":"","overlay-type":"","overlay-color":"","overlay-opacity":"","overlay-gradient":""},"mobile":{"background-color":"var(--ast-global-color-4)","background-image":"","background-repeat":"repeat","background-position":"center center","background-size":"auto","background-attachment":"scroll","background-type":"","background-media":"","overlay-type":"","overlay-color":"","overlay-opacity":"","overlay-gradient":""}}},"product_brand":[],"product_cat":[72,91,73,41],"product_tag":[],"class_list":{"0":"post-3131","1":"product","2":"type-product","3":"status-publish","4":"has-post-thumbnail","6":"product_cat-cosmetic-packaging","7":"product_cat-custom-perfume-bottles","8":"product_cat-vintage-perfume-bottles","9":"product_cat-perfume-bottles","10":"desktop-align-left","11":"tablet-align-left","12":"mobile-align-left","14":"first","15":"instock","16":"shipping-taxable","17":"product-type-simple"},"acf":[],"jetpack_sharing_enabled":true,"_links":{"self":[{"href":"https:\/\/theperfumebottles.com\/fi\/wp-json\/wp\/v2\/product\/3131","targetHints":{"allow":["GET"]}}],"collection":[{"href":"https:\/\/theperfumebottles.com\/fi\/wp-json\/wp\/v2\/product"}],"about":[{"href":"https:\/\/theperfumebottles.com\/fi\/wp-json\/wp\/v2\/types\/product"}],"replies":[{"embeddable":true,"href":"https:\/\/theperfumebottles.com\/fi\/wp-json\/wp\/v2\/comments?post=3131"}],"wp:featuredmedia":[{"embeddable":true,"href":"https:\/\/theperfumebottles.com\/fi\/wp-json\/wp\/v2\/media\/3135"}],"wp:attachment":[{"href":"https:\/\/theperfumebottles.com\/fi\/wp-json\/wp\/v2\/media?parent=3131"}],"wp:term":[{"taxonomy":"product_brand","embeddable":true,"href":"https:\/\/theperfumebottles.com\/fi\/wp-json\/wp\/v2\/product_brand?post=3131"},{"taxonomy":"product_cat","embeddable":true,"href":"https:\/\/theperfumebottles.com\/fi\/wp-json\/wp\/v2\/product_cat?post=3131"},{"taxonomy":"product_tag","embeddable":true,"href":"https:\/\/theperfumebottles.com\/fi\/wp-json\/wp\/v2\/product_tag?post=3131"}],"curies":[{"name":"wp","href":"https:\/\/api.w.org\/{rel}","templated":true}]}}