{"id":3145,"date":"2025-04-24T05:57:06","date_gmt":"2025-04-24T05:57:06","guid":{"rendered":"https:\/\/theperfumebottles.com\/?post_type=product&#038;p=3145"},"modified":"2026-04-06T15:10:24","modified_gmt":"2026-04-06T07:10:24","slug":"crimped-fancy-perfume-bottles-wholesale","status":"publish","type":"product","link":"https:\/\/theperfumebottles.com\/fi\/tuote\/crimped-fancy-perfume-bottles-wholesale\/","title":{"rendered":"50 ml 100 ml puristettuja hienoja hajuvesipulloja tukkumyyntiin"},"content":{"rendered":"<p>N\u00e4iss\u00e4 hienoissa tukkumyyntiin tarkoitetuissa hajuvesipulloissa on vahva neli\u00f6nmuotoinen pylv\u00e4smuotoilu, jonka rakennusmateriaalina on l\u00e4pin\u00e4kyv\u00e4 lasi. Sivuja koristavat pystysuorat urat ja syv\u00e4 U-muotoinen paneeli, kun taas korkit on valmistettu py\u00f6re\u00e4st\u00e4, kiilt\u00e4v\u00e4st\u00e4 kultaisesta tai hopeanv\u00e4risest\u00e4 metallista.<\/p>\n<figure id=\"attachment_3146\" aria-describedby=\"caption-attachment-3146\" style=\"width: 500px\" class=\"wp-caption aligncenter\"><img fetchpriority=\"high\" decoding=\"async\" class=\"wp-image-3146\" src=\"https:\/\/theperfumebottles.com\/wp-content\/uploads\/2025\/04\/crimp-perfume-bottles-yx16-pb.webp\" alt=\"puristushajuvesipullot\" width=\"500\" height=\"500\" srcset=\"https:\/\/theperfumebottles.com\/wp-content\/uploads\/2025\/04\/crimp-perfume-bottles-yx16-pb.webp 1000w, https:\/\/theperfumebottles.com\/wp-content\/uploads\/2025\/04\/crimp-perfume-bottles-yx16-pb-300x300.webp 300w, https:\/\/theperfumebottles.com\/wp-content\/uploads\/2025\/04\/crimp-perfume-bottles-yx16-pb-150x150.webp 150w, https:\/\/theperfumebottles.com\/wp-content\/uploads\/2025\/04\/crimp-perfume-bottles-yx16-pb-768x768.webp 768w, https:\/\/theperfumebottles.com\/wp-content\/uploads\/2025\/04\/crimp-perfume-bottles-yx16-pb-12x12.webp 12w, https:\/\/theperfumebottles.com\/wp-content\/uploads\/2025\/04\/crimp-perfume-bottles-yx16-pb-600x600.webp 600w, https:\/\/theperfumebottles.com\/wp-content\/uploads\/2025\/04\/crimp-perfume-bottles-yx16-pb-100x100.webp 100w\" sizes=\"(max-width: 500px) 100vw, 500px\" \/><figcaption id=\"caption-attachment-3146\" class=\"wp-caption-text\">hienojen hajuvesipullojen tukkumyynti<\/figcaption><\/figure>\n<h2>T\u00e4rkeimm\u00e4t tekniset tiedot<\/h2>\n<figure id=\"attachment_3148\" aria-describedby=\"caption-attachment-3148\" style=\"width: 500px\" class=\"wp-caption aligncenter\"><img decoding=\"async\" class=\"wp-image-3148\" src=\"https:\/\/theperfumebottles.com\/wp-content\/uploads\/2025\/04\/fancy-perfume-bottles-wholesale-yx16-shape.webp\" alt=\"hienojen hajuvesipullojen tukkumyynti\" width=\"500\" height=\"500\" srcset=\"https:\/\/theperfumebottles.com\/wp-content\/uploads\/2025\/04\/fancy-perfume-bottles-wholesale-yx16-shape.webp 1000w, https:\/\/theperfumebottles.com\/wp-content\/uploads\/2025\/04\/fancy-perfume-bottles-wholesale-yx16-shape-300x300.webp 300w, https:\/\/theperfumebottles.com\/wp-content\/uploads\/2025\/04\/fancy-perfume-bottles-wholesale-yx16-shape-150x150.webp 150w, https:\/\/theperfumebottles.com\/wp-content\/uploads\/2025\/04\/fancy-perfume-bottles-wholesale-yx16-shape-768x768.webp 768w, https:\/\/theperfumebottles.com\/wp-content\/uploads\/2025\/04\/fancy-perfume-bottles-wholesale-yx16-shape-12x12.webp 12w, https:\/\/theperfumebottles.com\/wp-content\/uploads\/2025\/04\/fancy-perfume-bottles-wholesale-yx16-shape-600x600.webp 600w, https:\/\/theperfumebottles.com\/wp-content\/uploads\/2025\/04\/fancy-perfume-bottles-wholesale-yx16-shape-100x100.webp 100w\" sizes=\"(max-width: 500px) 100vw, 500px\" \/><figcaption id=\"caption-attachment-3148\" class=\"wp-caption-text\">hajuvesipullo, jossa on rypytetty kaula<\/figcaption><\/figure>\n<table>\n<thead>\n<tr>\n<th>Tekniset tiedot<\/th>\n<th>PB-YX1601<\/th>\n<th>PB-YX1602<\/th>\n<\/tr>\n<\/thead>\n<tbody>\n<tr>\n<td>Kapasiteetti<\/td>\n<td>50 ml<\/td>\n<td>100 ml<\/td>\n<\/tr>\n<tr>\n<td>Ulottuvuus<\/td>\n<td>38 * 38 * 80 mm<\/td>\n<td>38 * 38 * 116 mm<\/td>\n<\/tr>\n<tr>\n<td>Kaliiperi<\/td>\n<td>15 mm<\/td>\n<td>15 mm<\/td>\n<\/tr>\n<tr>\n<td>Lasin v\u00e4ri<\/td>\n<td>L\u00e4pin\u00e4kyv\u00e4<\/td>\n<td>L\u00e4pin\u00e4kyv\u00e4<\/td>\n<\/tr>\n<tr>\n<td>Pumppu<\/td>\n<td>Kulta, hopea, musta<\/td>\n<td>Kulta, hopea, musta<\/td>\n<\/tr>\n<tr>\n<td>Tiivisteen tyyppi<\/td>\n<td>Puristuskaula<\/td>\n<td>Puristuskaula<\/td>\n<\/tr>\n<\/tbody>\n<\/table>\n<h2>Menestystarina: Tilausty\u00f6n\u00e4 tehty eurooppalaiselta luksusmuotimerkilt\u00e4<\/h2>\n<p>Italialainen muotitalo valitsi neli\u00f6nmuotoiset rypytetyt hajuvesipullomme yhdess\u00e4 erityisen hajuvesiluomuksensa kanssa, jossa oli 18 karaatin kullattu korkki ja savunharmaa lasirunko. R\u00e4\u00e4t\u00e4l\u00f6ity hajuvesipullon design saavutti suurta menestyst\u00e4, koska sen ylellinen ulkon\u00e4k\u00f6 nosti sen myynti\u00e4 40 % aiempiin tuotelinjoihin verrattuna. Sen omaleimainen muoto puolestaan \u200b\u200bnousi keskeiseksi design-elementiksi, joka tuotti 300 % enemm\u00e4n kiinnostusta sosiaalisessa mediassa ennen tuotteen myyntiin tuloa. T\u00e4m\u00e4n menestyksen pohjalta br\u00e4ndi teki 250 000 pullon lis\u00e4tilauksen uutta unisex-tuoksulinjaansa ja rajoitetun er\u00e4n taiteilijayhteisty\u00f6tuotteitaan varten.<\/p>\n<h2>Crimp-hajuvesipullon mukautusehdotuksia<\/h2>\n<ul>\n<li>Korkin materiaali ja viimeistely: Tarjoamme erilaisia \u200b\u200bmetallikorkkivaihtoehtoja, joissa on nelj\u00e4 erilaista viimeistelytyyli\u00e4, mukaan lukien matta ja kiilt\u00e4v\u00e4 sek\u00e4 vasarakuvioitu ja kristallilla p\u00e4\u00e4llystetty.<\/li>\n<li>Tekstuuri- ja kuviovariaatiot: K\u00e4ytt\u00e4j\u00e4t voivat luoda erilaisia \u200b\u200bsivupaneelien malleja kolmella eri suunnitteluvaihtoehdolla, joihin kuuluvat viistetyt mallit ja geometriset kuviot sek\u00e4 sile\u00e4n etuosan ja teksturoitujen sivuelementtien yhdistelm\u00e4.<\/li>\n<li>U-urakuviot: K\u00e4ytt\u00e4j\u00e4t voivat luoda mukautettuja U-urakuvioita kolmella saatavilla olevalla suunnitteluvaihtoehdolla, joihin kuuluvat V-muotoiset kuviot, aaltoilevat muodot ja br\u00e4ndins\u00e4 k\u00e4ytt\u00e4m\u00e4t geometriset kuviot.<\/li>\n<\/ul>","protected":false},"excerpt":{"rendered":"<p>Korkealaatuiset, hienostuneet hajuvesipullot tukkumyynnist\u00e4, teksturoitu lasipinta. Puristusliitokset takaavat turvallisen sulkemisen. Saatavilla my\u00f6s suoraan tehtaalta.<\/p>","protected":false},"featured_media":3147,"comment_status":"open","ping_status":"closed","template":"","meta":{"_acf_changed":false,"site-sidebar-layout":"default","site-content-layout":"","ast-site-content-layout":"default","site-content-style":"default","site-sidebar-style":"default","ast-global-header-display":"","ast-banner-title-visibility":"","ast-main-header-display":"","ast-hfb-above-header-display":"","ast-hfb-below-header-display":"","ast-hfb-mobile-header-display":"","site-post-title":"","ast-breadcrumbs-content":"","ast-featured-img":"","footer-sml-layout":"","ast-disable-related-posts":"","theme-transparent-header-meta":"default","adv-header-id-meta":"","stick-header-meta":"","header-above-stick-meta":"","header-main-stick-meta":"","header-below-stick-meta":"","astra-migrate-meta-layouts":"set","ast-page-background-enabled":"default","ast-page-background-meta":{"desktop":{"background-color":"var(--ast-global-color-5)","background-image":"","background-repeat":"repeat","background-position":"center center","background-size":"auto","background-attachment":"scroll","background-type":"","background-media":"","overlay-type":"","overlay-color":"","overlay-opacity":"","overlay-gradient":""},"tablet":{"background-color":"","background-image":"","background-repeat":"repeat","background-position":"center center","background-size":"auto","background-attachment":"scroll","background-type":"","background-media":"","overlay-type":"","overlay-color":"","overlay-opacity":"","overlay-gradient":""},"mobile":{"background-color":"","background-image":"","background-repeat":"repeat","background-position":"center center","background-size":"auto","background-attachment":"scroll","background-type":"","background-media":"","overlay-type":"","overlay-color":"","overlay-opacity":"","overlay-gradient":""}},"ast-content-background-meta":{"desktop":{"background-color":"var(--ast-global-color-4)","background-image":"","background-repeat":"repeat","background-position":"center center","background-size":"auto","background-attachment":"scroll","background-type":"","background-media":"","overlay-type":"","overlay-color":"","overlay-opacity":"","overlay-gradient":""},"tablet":{"background-color":"var(--ast-global-color-4)","background-image":"","background-repeat":"repeat","background-position":"center center","background-size":"auto","background-attachment":"scroll","background-type":"","background-media":"","overlay-type":"","overlay-color":"","overlay-opacity":"","overlay-gradient":""},"mobile":{"background-color":"var(--ast-global-color-4)","background-image":"","background-repeat":"repeat","background-position":"center center","background-size":"auto","background-attachment":"scroll","background-type":"","background-media":"","overlay-type":"","overlay-color":"","overlay-opacity":"","overlay-gradient":""}}},"product_brand":[],"product_cat":[91,72,41],"product_tag":[],"class_list":{"0":"post-3145","1":"product","2":"type-product","3":"status-publish","4":"has-post-thumbnail","6":"product_cat-custom-perfume-bottles","7":"product_cat-cosmetic-packaging","8":"product_cat-perfume-bottles","9":"desktop-align-left","10":"tablet-align-left","11":"mobile-align-left","13":"first","14":"instock","15":"shipping-taxable","16":"product-type-simple"},"acf":[],"jetpack_sharing_enabled":true,"_links":{"self":[{"href":"https:\/\/theperfumebottles.com\/fi\/wp-json\/wp\/v2\/product\/3145","targetHints":{"allow":["GET"]}}],"collection":[{"href":"https:\/\/theperfumebottles.com\/fi\/wp-json\/wp\/v2\/product"}],"about":[{"href":"https:\/\/theperfumebottles.com\/fi\/wp-json\/wp\/v2\/types\/product"}],"replies":[{"embeddable":true,"href":"https:\/\/theperfumebottles.com\/fi\/wp-json\/wp\/v2\/comments?post=3145"}],"wp:featuredmedia":[{"embeddable":true,"href":"https:\/\/theperfumebottles.com\/fi\/wp-json\/wp\/v2\/media\/3147"}],"wp:attachment":[{"href":"https:\/\/theperfumebottles.com\/fi\/wp-json\/wp\/v2\/media?parent=3145"}],"wp:term":[{"taxonomy":"product_brand","embeddable":true,"href":"https:\/\/theperfumebottles.com\/fi\/wp-json\/wp\/v2\/product_brand?post=3145"},{"taxonomy":"product_cat","embeddable":true,"href":"https:\/\/theperfumebottles.com\/fi\/wp-json\/wp\/v2\/product_cat?post=3145"},{"taxonomy":"product_tag","embeddable":true,"href":"https:\/\/theperfumebottles.com\/fi\/wp-json\/wp\/v2\/product_tag?post=3145"}],"curies":[{"name":"wp","href":"https:\/\/api.w.org\/{rel}","templated":true}]}}